{"id":572,"date":"2019-11-12T11:11:42","date_gmt":"2019-11-12T11:11:42","guid":{"rendered":"http:\/\/www2.unifap.br\/letraslibras\/?page_id=572"},"modified":"2025-02-07T00:03:22","modified_gmt":"2025-02-07T00:03:22","slug":"projeto-pedagogico-do-curso-de-licenciatura-em-letras-libras","status":"publish","type":"page","link":"https:\/\/www2.unifap.br\/letraslibras\/coordenacao\/projeto-pedagogico-do-curso-de-licenciatura-em-letras-libras\/","title":{"rendered":"Projeto Pedag\u00f3gico do Curso de Licenciatura em Letras Libras Portugu\u00eas"},"content":{"rendered":"<p style=\"text-align: center\">O <strong>Projeto Pedag\u00f3gico do<\/strong>&nbsp;<b>Curso<\/b>&nbsp;(<b>PPC<\/b>) \u00e9 um documento norteador da a\u00e7\u00e3o educativa do <b>curso<\/b> e explicita os fundamentos pol\u00edticos, filos\u00f3ficos, te\u00f3rico-metodol\u00f3gicos, os objetivos, o tipo de organiza\u00e7\u00e3o, bem como as formas de implementa\u00e7\u00e3o e avalia\u00e7\u00e3o do curso. A proposta curricular apresentada no PPC segue a premissa de que as transforma\u00e7\u00f5es que t\u00eam ocorrido na sociedade brasileira, no mercado de trabalho e nas condi\u00e7\u00f5es de exerc\u00edcio profissional requerem do egresso do Curso de Licenciatura em Letras Libras Portugu\u00eas uma compreens\u00e3o hol\u00edstica das m\u00faltiplas e complexas dimens\u00f5es que perpassam sua compet\u00eancia, compreendendo os aspectos \u00e9ticos, human\u00edsticos e profissionais de sua forma\u00e7\u00e3o, de forma integral, aut\u00f4noma e contextualizada aos planos de ensino, pesquisa e extens\u00e3o, bem como os planos pol\u00edticos e sociais, cient\u00edficos e tecnol\u00f3gicos, culturais e educacionais.<\/p>\n<p><strong>PROJETO PEDAG\u00d3GICO (2024)<\/strong><\/p>\n<p><a href=\"http:\/\/www2.unifap.br\/letraslibras\/files\/2024\/11\/PPC-APROVADO-2024.pdf\">PPC Letras Libras Portugu\u00eas<\/a><\/p>\n<p><a href=\"http:\/\/www2.unifap.br\/letraslibras\/files\/2024\/11\/MATRIZ-SEMESTRAL.pdf\">Matriz semestralizada<\/a><\/p>\n<p><a href=\"http:\/\/www2.unifap.br\/letraslibras\/files\/2024\/11\/FLUXOGRAMA.pdf\">Fluxograma do curso<\/a><\/p>\n<p><a href=\"http:\/\/www2.unifap.br\/letraslibras\/files\/2024\/11\/EMENTARIO.pdf\">Ement\u00e1rio<\/a><\/p>\n<p><a href=\"http:\/\/www2.unifap.br\/letraslibras\/files\/2025\/02\/RES.3._2025_-_CONSU_-_Aprovao_do_PPC_-_Lic._em_Letras_Libras_-_Portugus.pdf\">Resolu\u00e7\u00e3o de aprova\u00e7\u00e3o do PPC 2024<\/a><\/p>\n<p><strong>PROJETO PEDAG\u00d3GICO (2014)<\/strong><\/p>\n<p><a href=\"http:\/\/www2.unifap.br\/letraslibras\/files\/2024\/03\/PPC-DE-LIBRAS-ANO-2013.pdf\">PPC Letras Libras Portugu\u00eas<\/a><\/p>\n<p><a href=\"http:\/\/www2.unifap.br\/letraslibras\/files\/2024\/03\/MATRIZ-CURRICULAR-DO-CURSO.pdf\">Matriz Curricular do Curso<\/a><\/p>\n","protected":false},"excerpt":{"rendered":"<p>O Projeto Pedag\u00f3gico do&nbsp;Curso&nbsp;(PPC) \u00e9 um documento norteador da a\u00e7\u00e3o educativa do curso e explicita os fundamentos pol\u00edticos, filos\u00f3ficos, te\u00f3rico-metodol\u00f3gicos, os objetivos, o tipo de organiza\u00e7\u00e3o, bem como as formas de implementa\u00e7\u00e3o e avalia\u00e7\u00e3o do curso. A proposta curricular apresentada no PPC segue a premissa de que as transforma\u00e7\u00f5es que&#8230; <a class=\"continue-reading-link\" href=\"https:\/\/www2.unifap.br\/letraslibras\/coordenacao\/projeto-pedagogico-do-curso-de-licenciatura-em-letras-libras\/\"> Continue reading <span class=\"meta-nav\">&rarr; <\/span><\/a><\/p>\n","protected":false},"author":3453,"featured_media":0,"parent":367,"menu_order":0,"comment_status":"closed","ping_status":"closed","template":"","meta":{"inline_featured_image":false,"ngg_post_thumbnail":0,"footnotes":""},"class_list":["post-572","page","type-page","status-publish","hentry"],"_links":{"self":[{"href":"https:\/\/www2.unifap.br\/letraslibras\/wp-json\/wp\/v2\/pages\/572","targetHints":{"allow":["GET"]}}],"collection":[{"href":"https:\/\/www2.unifap.br\/letraslibras\/wp-json\/wp\/v2\/pages"}],"about":[{"href":"https:\/\/www2.unifap.br\/letraslibras\/wp-json\/wp\/v2\/types\/page"}],"author":[{"embeddable":true,"href":"https:\/\/www2.unifap.br\/letraslibras\/wp-json\/wp\/v2\/users\/3453"}],"replies":[{"embeddable":true,"href":"https:\/\/www2.unifap.br\/letraslibras\/wp-json\/wp\/v2\/comments?post=572"}],"version-history":[{"count":15,"href":"https:\/\/www2.unifap.br\/letraslibras\/wp-json\/wp\/v2\/pages\/572\/revisions"}],"predecessor-version":[{"id":2582,"href":"https:\/\/www2.unifap.br\/letraslibras\/wp-json\/wp\/v2\/pages\/572\/revisions\/2582"}],"up":[{"embeddable":true,"href":"https:\/\/www2.unifap.br\/letraslibras\/wp-json\/wp\/v2\/pages\/367"}],"wp:attachment":[{"href":"https:\/\/www2.unifap.br\/letraslibras\/wp-json\/wp\/v2\/media?parent=572"}],"curies":[{"name":"wp","href":"https:\/\/api.w.org\/{rel}","templated":true}]}}