{"id":699,"date":"2019-11-21T13:06:33","date_gmt":"2019-11-21T13:06:33","guid":{"rendered":"http:\/\/www2.unifap.br\/letraslibras\/?page_id=699"},"modified":"2019-11-21T13:10:53","modified_gmt":"2019-11-21T13:10:53","slug":"extensao","status":"publish","type":"page","link":"https:\/\/www2.unifap.br\/letraslibras\/projetos\/extensao\/","title":{"rendered":"Projetos de Extens\u00e3o"},"content":{"rendered":"<p><a href=\"http:\/\/www2.unifap.br\/letraslibras\/files\/2019\/11\/audiencia-publica-libras.pdf\">Audi\u00eancia P\u00fablica de Libras<\/a><\/p>\n<p><a href=\"http:\/\/www2.unifap.br\/letraslibras\/files\/2019\/11\/Forma\u00e7\u00e3o-em-educa\u00e7\u00e3o-especial-2017.pdf\">Forma\u00e7\u00e3o em educa\u00e7\u00e3o especial 2017<\/a><\/p>\n<p><a href=\"http:\/\/www2.unifap.br\/letraslibras\/files\/2019\/11\/Forum-Internacional.pdf\">F\u00f3rum Internacional<\/a><\/p>\n<p><a href=\"http:\/\/www2.unifap.br\/letraslibras\/files\/2019\/11\/Libras-na-escola.pdf\">Libras na escola<\/a> <a href=\"http:\/\/www2.unifap.br\/letraslibras\/files\/2019\/11\/roda-de-conversa-2017.pdf\">roda de conversa 2017<\/a><\/p>\n<p><a href=\"http:\/\/www2.unifap.br\/letraslibras\/files\/2019\/11\/roda-de-conversa-2019.pdf\">Roda de conversa 2019<\/a><\/p>\n<p><a href=\"http:\/\/www2.unifap.br\/letraslibras\/files\/2019\/11\/violencia-contra-a-mulher-2017-2018.pdf\">Viol\u00eancia contra a mulher 2017-2018<\/a><\/p>\n","protected":false},"excerpt":{"rendered":"<p>Audi\u00eancia P\u00fablica de Libras Forma\u00e7\u00e3o em educa\u00e7\u00e3o especial 2017 F\u00f3rum Internacional Libras na escola roda de conversa 2017 Roda de conversa 2019 Viol\u00eancia contra a mulher 2017-2018<\/p>\n","protected":false},"author":3453,"featured_media":0,"parent":546,"menu_order":0,"comment_status":"closed","ping_status":"closed","template":"","meta":{"inline_featured_image":false,"ngg_post_thumbnail":0,"footnotes":""},"class_list":["post-699","page","type-page","status-publish","hentry"],"_links":{"self":[{"href":"https:\/\/www2.unifap.br\/letraslibras\/wp-json\/wp\/v2\/pages\/699","targetHints":{"allow":["GET"]}}],"collection":[{"href":"https:\/\/www2.unifap.br\/letraslibras\/wp-json\/wp\/v2\/pages"}],"about":[{"href":"https:\/\/www2.unifap.br\/letraslibras\/wp-json\/wp\/v2\/types\/page"}],"author":[{"embeddable":true,"href":"https:\/\/www2.unifap.br\/letraslibras\/wp-json\/wp\/v2\/users\/3453"}],"replies":[{"embeddable":true,"href":"https:\/\/www2.unifap.br\/letraslibras\/wp-json\/wp\/v2\/comments?post=699"}],"version-history":[{"count":4,"href":"https:\/\/www2.unifap.br\/letraslibras\/wp-json\/wp\/v2\/pages\/699\/revisions"}],"predecessor-version":[{"id":711,"href":"https:\/\/www2.unifap.br\/letraslibras\/wp-json\/wp\/v2\/pages\/699\/revisions\/711"}],"up":[{"embeddable":true,"href":"https:\/\/www2.unifap.br\/letraslibras\/wp-json\/wp\/v2\/pages\/546"}],"wp:attachment":[{"href":"https:\/\/www2.unifap.br\/letraslibras\/wp-json\/wp\/v2\/media?parent=699"}],"curies":[{"name":"wp","href":"https:\/\/api.w.org\/{rel}","templated":true}]}}