{"id":788,"date":"2020-03-09T15:04:01","date_gmt":"2020-03-09T15:04:01","guid":{"rendered":"http:\/\/www2.unifap.br\/letraslibras\/?page_id=788"},"modified":"2025-02-07T00:04:34","modified_gmt":"2025-02-07T00:04:34","slug":"agenda-de-reunioes","status":"publish","type":"page","link":"https:\/\/www2.unifap.br\/letraslibras\/coordenacao\/agenda-de-reunioes\/","title":{"rendered":"Agenda de reuni\u00f5es de colegiado e NDE"},"content":{"rendered":"<header>\n<h1><span style=\"font-size: 16px;color: #333333\">Nesta p\u00e1gina ser\u00e3o apresentadas as agendas e convoca\u00e7\u00f5es &nbsp;de reuni\u00f5es e eventos que se relacionam ao Colegiado do Curso de Letras Libras Portugu\u00eas.<\/span><\/h1>\n<\/header>\n<p><b>&nbsp; &nbsp; &nbsp; &nbsp; &nbsp; &nbsp; &nbsp; &nbsp; &nbsp; &nbsp; &nbsp; &nbsp; &nbsp; &nbsp; &nbsp; &nbsp; &nbsp; &nbsp; &nbsp; &nbsp; &nbsp; &nbsp; &nbsp; CRONOGRAMA DE REUNI\u00d5ES COLEGIADO 2024 \u2013 mar\u00e7o a novembro&nbsp;<\/b><\/p>\n<p align=\"center\">12\/03\/2024 &#8211; TER\u00c7A-FEIRA&nbsp; &#8212;&#8211;&nbsp; 10:00h \u00e0s 12:00h&nbsp; &nbsp; DEPLA<\/p>\n<p align=\"center\">16\/04\/2024 &#8211; TER\u00c7A-FEIRA&nbsp; &#8212;- 10:00h \u00e0s 12:00h&nbsp; &nbsp; &nbsp; DEPLA<\/p>\n<p align=\"center\">09\/05\/2024 &#8211; QUINTA-FEIRA&nbsp; &nbsp;&#8212;&#8211; 10:00h \u00e0s 12:00h&nbsp; &nbsp; &nbsp; &nbsp; Sala 3&nbsp;<\/p>\n<p align=\"center\">16\/07\/2024 &#8211; TER\u00c7A-FEIRA&nbsp; &#8212; 9:00 \u00e0s 11:00&nbsp; &nbsp; &nbsp; &nbsp; &nbsp; Sala 8&nbsp;<\/p>\n<p align=\"center\">22\/08\/2024 &#8211; QUINTA-FEIRA &#8212; 10:00 \u00e0s 11:30&nbsp; Sala 8<\/p>\n<p align=\"center\">30\/09 &#8211; SEGUNDA-FEIRA &#8212;- 10:00 \u00e0s 11:30&nbsp; Sala 8<\/p>\n<p align=\"center\">29\/10 &#8211; TER\u00c7A-FEIRA &#8212; 10:00 \u00e0s 11:30&nbsp; &nbsp;Sala 10<\/p>\n<p align=\"center\">19\/11 &#8211; QUARTA-FEIRA &#8212; 19:00 \u00e0s 20:30&nbsp; &nbsp;Sala 11<\/p>\n<p align=\"center\">16\/01\/25 &#8211; QUINTA-FEIRA &#8212; 10h \u00e0s 12h&nbsp; Sala 09<\/p>\n<p align=\"center\">12\/02\/25 &#8211; QUARTA-FEIRA &#8212; 10h \u00e0s 12h&nbsp; Sala 3<\/p>\n<p align=\"center\"><b> &nbsp; &nbsp; CRONOGRAMA DE REUNI\u00d5ES NDE 2024 \u2013 mar\u00e7o a novembro&nbsp;<\/b><\/p>\n<p align=\"center\">12\/03\/2024 &#8211; ter\u00e7a-feira &#8212; 9h&nbsp; (Sala de reuni\u00f5es dos professores)<\/p>\n<p align=\"center\">02\/05\/2024 &#8211; quinta-feira &#8212;- 11h (Sala de reuni\u00f5es dos professores)<\/p>\n<p align=\"center\">24\/09\/2024 &#8212;- 10h (Sala de reuni\u00f5es dos professores)<\/p>\n<p align=\"center\">22\/11\/2024 &#8212;&#8211; 9h (Sala de reuni\u00f5es dos professores)<\/p>\n<div>\n<p align=\"right\">*As datas das reuni\u00f5es acima indicadas poder\u00e3o sofrer altera\u00e7\u00f5es conforme demandas do curso.<\/p>\n<\/div>\n<p align=\"right\">Coordena\u00e7\u00e3o do Curso<\/p>\n<p align=\"center\">&nbsp;<\/p>\n<p align=\"center\">&nbsp;<\/p>\n<p align=\"center\">&nbsp;<\/p>\n<p align=\"center\">&nbsp;<\/p>\n<div>\n<table style=\"height: 255px\" border=\"0\" width=\"1401\" cellspacing=\"0\" cellpadding=\"0\">\n<thead>\n<tr>\n<td colspan=\"3\" valign=\"top\" width=\"641\">&nbsp;<\/td>\n<\/tr>\n<\/thead>\n<tbody>\n<tr>\n<td colspan=\"3\" valign=\"top\" width=\"641\">&nbsp;<\/td>\n<\/tr>\n<tr>\n<td valign=\"top\" width=\"214\">&nbsp;<\/td>\n<td valign=\"top\" width=\"214\">&nbsp;<\/td>\n<td valign=\"top\" width=\"214\">&nbsp;<\/td>\n<\/tr>\n<tr>\n<td valign=\"top\" width=\"214\">&nbsp;<\/td>\n<td valign=\"top\" width=\"214\">&nbsp;<\/td>\n<td valign=\"top\" width=\"214\">&nbsp;<\/td>\n<\/tr>\n<tr>\n<td valign=\"top\" width=\"214\">&nbsp;<\/td>\n<td valign=\"top\" width=\"214\">&nbsp;<\/td>\n<td valign=\"top\" width=\"214\">&nbsp;<\/td>\n<\/tr>\n<tr>\n<td valign=\"top\" width=\"214\">&nbsp;<\/td>\n<td valign=\"top\" width=\"214\">&nbsp;<\/td>\n<td valign=\"top\" width=\"214\">&nbsp;<\/td>\n<\/tr>\n<tr>\n<td valign=\"top\" width=\"214\">&nbsp;<\/td>\n<td valign=\"top\" width=\"214\">&nbsp;<\/td>\n<td valign=\"top\" width=\"214\">&nbsp;<\/td>\n<\/tr>\n<\/tbody>\n<\/table>\n<\/div>\n<p align=\"right\">&nbsp;<\/p>\n","protected":false},"excerpt":{"rendered":"<p>Nesta p\u00e1gina ser\u00e3o apresentadas as agendas e convoca\u00e7\u00f5es &nbsp;de reuni\u00f5es e eventos que se relacionam ao Colegiado do Curso de Letras Libras Portugu\u00eas. &nbsp; &nbsp; &nbsp; &nbsp; &nbsp; &nbsp; &nbsp; &nbsp; &nbsp; &nbsp; &nbsp; &nbsp; &nbsp; &nbsp; &nbsp; &nbsp; &nbsp; &nbsp; &nbsp; &nbsp; &nbsp; &nbsp; &nbsp; CRONOGRAMA DE REUNI\u00d5ES COLEGIADO&#8230; <a class=\"continue-reading-link\" href=\"https:\/\/www2.unifap.br\/letraslibras\/coordenacao\/agenda-de-reunioes\/\"> Continue reading <span class=\"meta-nav\">&rarr; <\/span><\/a><\/p>\n","protected":false},"author":3453,"featured_media":0,"parent":367,"menu_order":0,"comment_status":"closed","ping_status":"closed","template":"","meta":{"inline_featured_image":false,"ngg_post_thumbnail":0,"footnotes":""},"class_list":["post-788","page","type-page","status-publish","hentry"],"_links":{"self":[{"href":"https:\/\/www2.unifap.br\/letraslibras\/wp-json\/wp\/v2\/pages\/788","targetHints":{"allow":["GET"]}}],"collection":[{"href":"https:\/\/www2.unifap.br\/letraslibras\/wp-json\/wp\/v2\/pages"}],"about":[{"href":"https:\/\/www2.unifap.br\/letraslibras\/wp-json\/wp\/v2\/types\/page"}],"author":[{"embeddable":true,"href":"https:\/\/www2.unifap.br\/letraslibras\/wp-json\/wp\/v2\/users\/3453"}],"replies":[{"embeddable":true,"href":"https:\/\/www2.unifap.br\/letraslibras\/wp-json\/wp\/v2\/comments?post=788"}],"version-history":[{"count":32,"href":"https:\/\/www2.unifap.br\/letraslibras\/wp-json\/wp\/v2\/pages\/788\/revisions"}],"predecessor-version":[{"id":2583,"href":"https:\/\/www2.unifap.br\/letraslibras\/wp-json\/wp\/v2\/pages\/788\/revisions\/2583"}],"up":[{"embeddable":true,"href":"https:\/\/www2.unifap.br\/letraslibras\/wp-json\/wp\/v2\/pages\/367"}],"wp:attachment":[{"href":"https:\/\/www2.unifap.br\/letraslibras\/wp-json\/wp\/v2\/media?parent=788"}],"curies":[{"name":"wp","href":"https:\/\/api.w.org\/{rel}","templated":true}]}}