{"id":17,"date":"2025-09-14T11:40:52","date_gmt":"2025-09-14T14:40:52","guid":{"rendered":"https:\/\/www2.unifap.br\/lgpd\/?page_id=17"},"modified":"2025-09-14T12:53:22","modified_gmt":"2025-09-14T15:53:22","slug":"legislacao","status":"publish","type":"page","link":"https:\/\/www2.unifap.br\/lgpd\/legislacao\/","title":{"rendered":"Legisla\u00e7\u00e3o"},"content":{"rendered":"<p>Em Constru\u00e7ao&#8230;&#8230;<\/p>\n","protected":false},"excerpt":{"rendered":"<p>Em Constru\u00e7ao&#8230;&#8230;<\/p>\n","protected":false},"author":527,"featured_media":0,"parent":0,"menu_order":0,"comment_status":"closed","ping_status":"closed","template":"","meta":{"inline_featured_image":false,"footnotes":""},"class_list":["post-17","page","type-page","status-publish","hentry","entry"],"_links":{"self":[{"href":"https:\/\/www2.unifap.br\/lgpd\/wp-json\/wp\/v2\/pages\/17","targetHints":{"allow":["GET"]}}],"collection":[{"href":"https:\/\/www2.unifap.br\/lgpd\/wp-json\/wp\/v2\/pages"}],"about":[{"href":"https:\/\/www2.unifap.br\/lgpd\/wp-json\/wp\/v2\/types\/page"}],"author":[{"embeddable":true,"href":"https:\/\/www2.unifap.br\/lgpd\/wp-json\/wp\/v2\/users\/527"}],"replies":[{"embeddable":true,"href":"https:\/\/www2.unifap.br\/lgpd\/wp-json\/wp\/v2\/comments?post=17"}],"version-history":[{"count":2,"href":"https:\/\/www2.unifap.br\/lgpd\/wp-json\/wp\/v2\/pages\/17\/revisions"}],"predecessor-version":[{"id":78,"href":"https:\/\/www2.unifap.br\/lgpd\/wp-json\/wp\/v2\/pages\/17\/revisions\/78"}],"wp:attachment":[{"href":"https:\/\/www2.unifap.br\/lgpd\/wp-json\/wp\/v2\/media?parent=17"}],"curies":[{"name":"wp","href":"https:\/\/api.w.org\/{rel}","templated":true}]}}