{"id":26,"date":"2025-09-14T11:43:58","date_gmt":"2025-09-14T14:43:58","guid":{"rendered":"https:\/\/www2.unifap.br\/lgpd\/?page_id=26"},"modified":"2026-02-05T17:53:44","modified_gmt":"2026-02-05T20:53:44","slug":"encarregado-dpo","status":"publish","type":"page","link":"https:\/\/www2.unifap.br\/lgpd\/encarregado-dpo\/","title":{"rendered":"Encarregado &#8211; DPO"},"content":{"rendered":"\t\t<div data-elementor-type=\"wp-page\" data-elementor-id=\"26\" class=\"elementor elementor-26\">\n\t\t\t\t<div class=\"elementor-element elementor-element-3a906f9 e-flex e-con-boxed e-con e-parent\" data-id=\"3a906f9\" data-element_type=\"container\" data-e-type=\"container\">\n\t\t\t\t\t<div class=\"e-con-inner\">\n\t\t<div class=\"elementor-element elementor-element-71a3e1f e-con-full e-flex e-con e-child\" data-id=\"71a3e1f\" data-element_type=\"container\" data-e-type=\"container\">\n\t\t\t\t<div class=\"elementor-element elementor-element-7a2562dc elementor-widget elementor-widget-text-editor\" data-id=\"7a2562dc\" data-element_type=\"widget\" data-e-type=\"widget\" data-widget_type=\"text-editor.default\">\n\t\t\t\t\t\t\t\t\t<h1>Encarregado de Prote\u00e7\u00e3o de Dados (DPO) da UNIFAP<\/h1><p>Em cumprimento \u00e0 Lei Geral de Prote\u00e7\u00e3o de Dados Pessoais (LGPD), Lei n\u00ba 13.709\/2018, e refor\u00e7ando o compromisso da Universidade Federal do Amap\u00e1 (UNIFAP) com a privacidade e a seguran\u00e7a das informa\u00e7\u00f5es de sua comunidade, apresentamos o nosso <b>Encarregado de Prote\u00e7\u00e3o de Dados Pessoais (DPO)<\/b>.<\/p><p>O Encarregado, tamb\u00e9m conhecido como DPO (Data Protection Officer), \u00e9 o profissional respons\u00e1vel por atuar como um canal de comunica\u00e7\u00e3o entre a UNIFAP, os titulares dos dados e a Autoridade Nacional de Prote\u00e7\u00e3o de Dados (ANPD). Sua fun\u00e7\u00e3o \u00e9 estrat\u00e9gica e essencial para garantir a conformidade da institui\u00e7\u00e3o com a LGPD e promover uma cultura de prote\u00e7\u00e3o de dados em todos os n\u00edveis.<\/p><p>Na UNIFAP, o papel de Encarregado de Prote\u00e7\u00e3o de Dados \u00e9 desempenhado por:<\/p><p><b>Eziquiel da Luz Silva<\/b><\/p><p>Sua nomea\u00e7\u00e3o foi formalizada pela <strong><a href=\"http:\/\/www2.unifap.br\/lgpd\/files\/2026\/02\/Portaria_Encarregado_pela_Protecao_de_Dados.pdf\" target=\"_blank\" rel=\"noopener\">Portaria n\u00ba 0970\/2025<\/a><\/strong><\/p><p><b>Forma\u00e7\u00e3o e Experi\u00eancia: <\/b>Eziquiel da Luz Silva \u00e9 servidor p\u00fablico federal, atuando como T\u00e9cnico em Tecnologia da Informa\u00e7\u00e3o. Possui forma\u00e7\u00e3o em Sistemas para Internet e \u00e9 Bacharel em Direito. \u00c9 especialista em Direito \u00e0 Prote\u00e7\u00e3o, Uso e Seguran\u00e7a de Dados, e atualmente \u00e9 mestrando em Pol\u00edticas P\u00fablicas pela UFC. Essa s\u00f3lida forma\u00e7\u00e3o multidisciplinar, combinando tecnologia e direito, \u00e9 fundamental para as atribui\u00e7\u00f5es complexas da prote\u00e7\u00e3o de dados na UNIFAP.<\/p><p><b>Principais Atribui\u00e7\u00f5es do DPO:<\/b><\/p><ul><li><b>Orientar:<\/b> Prestar orienta\u00e7\u00f5es aos colaboradores da UNIFAP sobre as pr\u00e1ticas a serem tomadas em rela\u00e7\u00e3o \u00e0 prote\u00e7\u00e3o de dados pessoais.<\/li><li><b>Atender:<\/b> Receber e processar as comunica\u00e7\u00f5es dos titulares de dados, esclarecendo d\u00favidas e providenciando as requisi\u00e7\u00f5es referentes aos seus dados pessoais.<\/li><li><b>Colaborar:<\/b> Atuar em conjunto com a Autoridade Nacional de Prote\u00e7\u00e3o de Dados (ANPD) em assuntos relacionados \u00e0 LGPD.<\/li><li><b>Monitorar:<\/b> Monitorar a conformidade da UNIFAP com as diretrizes da LGPD e as pol\u00edticas internas de privacidade.<\/li><\/ul><p><b>Contato com o DPO:<\/b><\/p><p>Para quaisquer d\u00favidas, solicita\u00e7\u00f5es relacionadas aos seus dados pessoais ou outras quest\u00f5es sobre a LGPD na UNIFAP, entre em contato com o nosso Encarregado de Prote\u00e7\u00e3o de Dados Pessoais atrav\u00e9s do e-mail:<\/p><p><b>encarregado.lgpd@unifap.br<\/b><\/p><p>A UNIFAP reitera seu compromisso com a prote\u00e7\u00e3o dos seus dados pessoais e com a transpar\u00eancia em todos os processos de tratamento de informa\u00e7\u00f5es.<\/p>\t\t\t\t\t\t\t\t<\/div>\n\t\t\t\t<\/div>\n\t\t<div class=\"elementor-element elementor-element-fb6e376 e-con-full e-flex e-con e-child\" data-id=\"fb6e376\" data-element_type=\"container\" data-e-type=\"container\">\n\t\t\t\t<div class=\"elementor-element elementor-element-a0ab182 elementor-widget elementor-widget-image\" data-id=\"a0ab182\" data-element_type=\"widget\" data-e-type=\"widget\" data-widget_type=\"image.default\">\n\t\t\t\t\t\t\t\t\t\t\t\t<figure class=\"wp-caption\">\n\t\t\t\t\t\t\t\t\t\t<img fetchpriority=\"high\" decoding=\"async\" width=\"768\" height=\"1024\" src=\"https:\/\/www2.unifap.br\/lgpd\/files\/2025\/09\/eziquiel-da-luz-silva-DPO-UNIFAP-768x1024.jpg\" class=\"attachment-large size-large wp-image-83\" alt=\"\" srcset=\"https:\/\/www2.unifap.br\/lgpd\/files\/2025\/09\/eziquiel-da-luz-silva-DPO-UNIFAP-768x1024.jpg 768w, https:\/\/www2.unifap.br\/lgpd\/files\/2025\/09\/eziquiel-da-luz-silva-DPO-UNIFAP-225x300.jpg 225w, https:\/\/www2.unifap.br\/lgpd\/files\/2025\/09\/eziquiel-da-luz-silva-DPO-UNIFAP-1152x1536.jpg 1152w, https:\/\/www2.unifap.br\/lgpd\/files\/2025\/09\/eziquiel-da-luz-silva-DPO-UNIFAP-1536x2048.jpg 1536w, https:\/\/www2.unifap.br\/lgpd\/files\/2025\/09\/eziquiel-da-luz-silva-DPO-UNIFAP-scaled.jpg 1920w\" sizes=\"(max-width: 768px) 100vw, 768px\" \/>\t\t\t\t\t\t\t\t\t\t\t<figcaption class=\"widget-image-caption wp-caption-text\">Encarregado de Prote\u00e7\u00e3o de Dados Pessoais (DPO).<\/figcaption>\n\t\t\t\t\t\t\t\t\t\t<\/figure>\n\t\t\t\t\t\t\t\t\t<\/div>\n\t\t\t\t<\/div>\n\t\t\t\t\t<\/div>\n\t\t\t\t<\/div>\n\t\t<div class=\"elementor-element elementor-element-124c3bf e-flex e-con-boxed e-con e-parent\" data-id=\"124c3bf\" data-element_type=\"container\" data-e-type=\"container\">\n\t\t\t\t\t<div class=\"e-con-inner\">\n\t\t\t\t\t<\/div>\n\t\t\t\t<\/div>\n\t\t\t\t<\/div>\n\t\t","protected":false},"excerpt":{"rendered":"<p>Encarregado de Prote\u00e7\u00e3o de Dados (DPO) da UNIFAP Em cumprimento \u00e0 Lei Geral de Prote\u00e7\u00e3o de Dados Pessoais (LGPD), Lei n\u00ba 13.709\/2018, e refor\u00e7ando o compromisso da Universidade Federal do Amap\u00e1 (UNIFAP) com a privacidade e a seguran\u00e7a das informa\u00e7\u00f5es de sua comunidade, apresentamos o nosso Encarregado de Prote\u00e7\u00e3o de Dados Pessoais (DPO). O Encarregado,&#8230;<\/p>\n","protected":false},"author":527,"featured_media":0,"parent":0,"menu_order":0,"comment_status":"closed","ping_status":"closed","template":"","meta":{"inline_featured_image":false,"footnotes":""},"class_list":["post-26","page","type-page","status-publish","hentry","entry"],"_links":{"self":[{"href":"https:\/\/www2.unifap.br\/lgpd\/wp-json\/wp\/v2\/pages\/26","targetHints":{"allow":["GET"]}}],"collection":[{"href":"https:\/\/www2.unifap.br\/lgpd\/wp-json\/wp\/v2\/pages"}],"about":[{"href":"https:\/\/www2.unifap.br\/lgpd\/wp-json\/wp\/v2\/types\/page"}],"author":[{"embeddable":true,"href":"https:\/\/www2.unifap.br\/lgpd\/wp-json\/wp\/v2\/users\/527"}],"replies":[{"embeddable":true,"href":"https:\/\/www2.unifap.br\/lgpd\/wp-json\/wp\/v2\/comments?post=26"}],"version-history":[{"count":23,"href":"https:\/\/www2.unifap.br\/lgpd\/wp-json\/wp\/v2\/pages\/26\/revisions"}],"predecessor-version":[{"id":280,"href":"https:\/\/www2.unifap.br\/lgpd\/wp-json\/wp\/v2\/pages\/26\/revisions\/280"}],"wp:attachment":[{"href":"https:\/\/www2.unifap.br\/lgpd\/wp-json\/wp\/v2\/media?parent=26"}],"curies":[{"name":"wp","href":"https:\/\/api.w.org\/{rel}","templated":true}]}}