{"id":7,"date":"2025-09-14T11:37:19","date_gmt":"2025-09-14T14:37:19","guid":{"rendered":"https:\/\/www2.unifap.br\/lgpd\/?page_id=7"},"modified":"2026-01-21T17:23:12","modified_gmt":"2026-01-21T20:23:12","slug":"sobre-a-lgpd","status":"publish","type":"page","link":"https:\/\/www2.unifap.br\/lgpd\/sobre-a-lgpd\/","title":{"rendered":"Sobre a LGPD"},"content":{"rendered":"\t\t<div data-elementor-type=\"wp-page\" data-elementor-id=\"7\" class=\"elementor elementor-7\">\n\t\t\t\t<div class=\"elementor-element elementor-element-9ea234d e-con-full e-flex e-con e-parent\" data-id=\"9ea234d\" data-element_type=\"container\" data-e-type=\"container\">\n\t\t\t\t<div class=\"elementor-element elementor-element-e64b3a2 elementor-widget elementor-widget-image\" data-id=\"e64b3a2\" data-element_type=\"widget\" data-e-type=\"widget\" data-widget_type=\"image.default\">\n\t\t\t\t\t\t\t\t\t\t\t\t\t\t\t<img fetchpriority=\"high\" decoding=\"async\" width=\"1600\" height=\"900\" src=\"https:\/\/www2.unifap.br\/lgpd\/files\/2026\/01\/o-que-e-lgpd.jpeg\" class=\"attachment-full size-full wp-image-183\" alt=\"\" srcset=\"https:\/\/www2.unifap.br\/lgpd\/files\/2026\/01\/o-que-e-lgpd.jpeg 1600w, https:\/\/www2.unifap.br\/lgpd\/files\/2026\/01\/o-que-e-lgpd-300x169.jpeg 300w, https:\/\/www2.unifap.br\/lgpd\/files\/2026\/01\/o-que-e-lgpd-1024x576.jpeg 1024w, https:\/\/www2.unifap.br\/lgpd\/files\/2026\/01\/o-que-e-lgpd-768x432.jpeg 768w, https:\/\/www2.unifap.br\/lgpd\/files\/2026\/01\/o-que-e-lgpd-1536x864.jpeg 1536w, https:\/\/www2.unifap.br\/lgpd\/files\/2026\/01\/o-que-e-lgpd-800x450.jpeg 800w\" sizes=\"(max-width: 1600px) 100vw, 1600px\" \/>\t\t\t\t\t\t\t\t\t\t\t\t\t\t\t<\/div>\n\t\t\t\t<\/div>\n\t\t<div class=\"elementor-element elementor-element-6c17512 e-flex e-con-boxed e-con e-parent\" data-id=\"6c17512\" data-element_type=\"container\" data-e-type=\"container\">\n\t\t\t\t\t<div class=\"e-con-inner\">\n\t\t\t\t<div class=\"elementor-element elementor-element-2999e8f elementor-widget elementor-widget-heading\" data-id=\"2999e8f\" data-element_type=\"widget\" data-e-type=\"widget\" data-widget_type=\"heading.default\">\n\t\t\t\t\t<h1 class=\"elementor-heading-title elementor-size-default\">A LGPD na UNIFAP: Compromisso com a Prote\u00e7\u00e3o de Dados<\/h1>\t\t\t\t<\/div>\n\t\t\t\t<div class=\"elementor-element elementor-element-d940b38 elementor-widget elementor-widget-text-editor\" data-id=\"d940b38\" data-element_type=\"widget\" data-e-type=\"widget\" data-widget_type=\"text-editor.default\">\n\t\t\t\t\t\t\t\t\t<p>A Universidade Federal do Amap\u00e1 (UNIFAP), em alinhamento com seu compromisso de transpar\u00eancia e respeito aos direitos fundamentais de sua comunidade, iniciou seu processo de adequa\u00e7\u00e3o \u00e0 <b>Lei Geral de Prote\u00e7\u00e3o de Dados Pessoais (LGPD)<\/b>, Lei n\u00ba 13.709, de 14 de agosto de 2018.<\/p><p>A LGPD estabelece um novo marco legal para a prote\u00e7\u00e3o de dados pessoais no Brasil, garantindo maior controle aos titulares sobre suas informa\u00e7\u00f5es e definindo regras claras para todos os agentes de tratamento. Como uma institui\u00e7\u00e3o de ensino superior de direito p\u00fablico, a UNIFAP det\u00e9m um vasto conjunto de dados pessoais de professores, t\u00e9cnicos administrativos, discentes e da comunidade em geral. A correta salvaguarda dessas informa\u00e7\u00f5es \u00e9, portanto, uma responsabilidade primordial e um dever legal da universidade.<\/p><p>Diante da necessidade de se adequar a este novo regramento, a UNIFAP instituiu uma comiss\u00e3o de implementa\u00e7\u00e3o da pol\u00edtica de prote\u00e7\u00e3o de dados. A comiss\u00e3o foi formalizada pela Portaria n\u00ba 0965\/2025, de 29\/05\/2025. A implementa\u00e7\u00e3o da LGPD na UNIFAP n\u00e3o \u00e9 apenas uma obriga\u00e7\u00e3o legal, mas um passo fundamental para fortalecer a confian\u00e7a de toda a comunidade acad\u00eamica. O trabalho da comiss\u00e3o se baseia em uma metodologia que inclui:<\/p><ul><li><p><b>Inicia\u00e7\u00e3o e Planejamento:<\/b> Compreender as informa\u00e7\u00f5es essenciais e definir o escopo do trabalho, incluindo a nomea\u00e7\u00e3o do Encarregado de Prote\u00e7\u00e3o de Dados e a an\u00e1lise da maturidade da institui\u00e7\u00e3o.<\/p><\/li><li><p><b>Constru\u00e7\u00e3o e Execu\u00e7\u00e3o:<\/b> Desenvolver e implementar pol\u00edticas, como a de Privacidade, e pr\u00e1ticas para a prote\u00e7\u00e3o dos dados. Isso inclui a cria\u00e7\u00e3o de um invent\u00e1rio de dados pessoais, a adequa\u00e7\u00e3o de contratos e a promo\u00e7\u00e3o de uma cultura de seguran\u00e7a e privacidade desde a concep\u00e7\u00e3o (privacy by design).<\/p><\/li><li><p><b>Monitoramento:<\/b> Acompanhar de forma cont\u00ednua a conformidade com a LGPD, utilizando indicadores de desempenho, gerenciando incidentes e reportando resultados \u00e0 alta administra\u00e7\u00e3o.<\/p><\/li><\/ul><p>A Finalidade \u00e9 garantir os direitos dos titulares e proteger os dados salvaguardados pela institui\u00e7\u00e3o em seus processos e servi\u00e7os, tornando o tratamento de dados pessoais transparente e seguro para todos.<\/p>\t\t\t\t\t\t\t\t<\/div>\n\t\t\t\t\t<\/div>\n\t\t\t\t<\/div>\n\t\t<div class=\"elementor-element elementor-element-133d7b8 e-flex e-con-boxed e-con e-parent\" data-id=\"133d7b8\" data-element_type=\"container\" data-e-type=\"container\">\n\t\t\t\t\t<div class=\"e-con-inner\">\n\t\t\t\t<div class=\"elementor-element elementor-element-6ebf95c elementor-widget elementor-widget-heading\" data-id=\"6ebf95c\" data-element_type=\"widget\" data-e-type=\"widget\" data-widget_type=\"heading.default\">\n\t\t\t\t\t<h2 class=\"elementor-heading-title elementor-size-default\">Linha de tempo adequa\u00e7\u00e3o LGPD<\/h2>\t\t\t\t<\/div>\n\t\t\t\t<div class=\"elementor-element elementor-element-0260f9f elementor-widget elementor-widget-eael-post-timeline\" data-id=\"0260f9f\" data-element_type=\"widget\" data-e-type=\"widget\" data-widget_type=\"eael-post-timeline.default\">\n\t\t\t\t\t<div id=\"eael-post-timeline-0260f9f\" class=\"eael-post-timeline timeline-layout-default eael-post-timeline-arrow-\">\n            <div class=\"eael-post-timeline eael-post-appender eael-post-appender-0260f9f\"><article class=\"eael-timeline-post eael-timeline-column\">\n    <div class=\"eael-timeline-bullet\"><\/div>\n    <div class=\"eael-timeline-post-inner\">\n        <a class=\"eael-timeline-post-link\" href=\"https:\/\/www2.unifap.br\/lgpd\/2026\/01\/21\/unifap-aprova-politica-de-privacidade-e-protecao-de-dados-pessoais-portaria-no-0202-2026\/\" title=\"UNIFAP Aprova Pol\u00edtica de Privacidade e Prote\u00e7\u00e3o de Dados Pessoais (Portaria n\u00ba 0202\/2026)\">\n            <time datetime=\"21 de janeiro de 2026\">21 de janeiro de 2026<\/time>\n            <div class=\"eael-timeline-post-image  attachment-full size-full\" style=\"background-image: url(https:\/\/www2.unifap.br\/lgpd\/files\/2026\/01\/LGPD-UNIFAP.jpeg);\"><\/div><div class=\"eael-timeline-post-excerpt\"><p>A Reitoria da Universidade Federal do Amap\u00e1 deu um passo...<\/p><\/div><div class=\"eael-timeline-post-title\">\n                    <h2 class=\"eael-timeline-post-title-text\">UNIFAP Aprova Pol\u00edtica de Privacidade e Prote\u00e7\u00e3o de Dados Pessoais (Portaria n\u00ba 0202\/2026)<\/h2>\n                <\/div><\/a>\n    <\/div>\n<\/article><article class=\"eael-timeline-post eael-timeline-column\">\n    <div class=\"eael-timeline-bullet\"><\/div>\n    <div class=\"eael-timeline-post-inner\">\n        <a class=\"eael-timeline-post-link\" href=\"https:\/\/www2.unifap.br\/lgpd\/2025\/05\/29\/portaria-no-0970-2025-designar-_-_encarregado-de-dados-pessoais_eziquiel-da-luz\/\" title=\"PORTARIA N\u00ba 0970\/2025 &#8211; Designar _ _Encarregado de Dados Pessoais_EZIQUIEL DA LUZ\">\n            <time datetime=\"29 de maio de 2025\">29 de maio de 2025<\/time>\n            <div class=\"eael-timeline-post-image  attachment-full size-full\" style=\"background-image: url(https:\/\/www2.unifap.br\/lgpd\/files\/2025\/05\/LGPD-PORTARIA-0970_2025.jpeg);\"><\/div><div class=\"eael-timeline-post-excerpt\"><p>Em cumprimento \u00e0 Lei Geral de Prote\u00e7\u00e3o de Dados Pessoais...<\/p><\/div><div class=\"eael-timeline-post-title\">\n                    <h2 class=\"eael-timeline-post-title-text\">PORTARIA N\u00ba 0970\/2025 &#8211; Designar _ _Encarregado de Dados Pessoais_EZIQUIEL DA LUZ<\/h2>\n                <\/div><\/a>\n    <\/div>\n<\/article><article class=\"eael-timeline-post eael-timeline-column\">\n    <div class=\"eael-timeline-bullet\"><\/div>\n    <div class=\"eael-timeline-post-inner\">\n        <a class=\"eael-timeline-post-link\" href=\"https:\/\/www2.unifap.br\/lgpd\/2025\/05\/29\/portaria-no-0965-2025-comissao-de-implantacao-da-politica-da-lgpd\/\" title=\"PORTARIA N\u00ba 0965\/2025 &#8211; Comiss\u00e3o de implanta\u00e7\u00e3o da pol\u00edtica da LGPD\">\n            <time datetime=\"29 de maio de 2025\">29 de maio de 2025<\/time>\n            <div class=\"eael-timeline-post-image  attachment-full size-full\" style=\"background-image: url(https:\/\/www2.unifap.br\/lgpd\/files\/2025\/05\/LGPD-PORTARIA-0965.jpeg);\"><\/div><div class=\"eael-timeline-post-excerpt\"><p>A Portaria n\u00ba 0965\/2025 da Universidade Federal do Amap\u00e1 (UNIFAP)...<\/p><\/div><div class=\"eael-timeline-post-title\">\n                    <h2 class=\"eael-timeline-post-title-text\">PORTARIA N\u00ba 0965\/2025 &#8211; Comiss\u00e3o de implanta\u00e7\u00e3o da pol\u00edtica da LGPD<\/h2>\n                <\/div><\/a>\n    <\/div>\n<\/article><article class=\"eael-timeline-post eael-timeline-column\">\n    <div class=\"eael-timeline-bullet\"><\/div>\n    <div class=\"eael-timeline-post-inner\">\n        <a class=\"eael-timeline-post-link\" href=\"https:\/\/www2.unifap.br\/lgpd\/2023\/10\/20\/portaria-no-1850-2023-elaboracao-da-politica-institucional-de-protecao-de-dados-da-unifap\/\" title=\"PORTARIA N\u00ba 1850\/2023 &#8211; elabora\u00e7\u00e3o da Pol\u00edtica Institucional de Prote\u00e7\u00e3o de Dados da UNIFAP\">\n            <time datetime=\"20 de outubro de 2023\">20 de outubro de 2023<\/time>\n            <div class=\"eael-timeline-post-image  attachment-full size-full\" style=\"background-image: url(https:\/\/www2.unifap.br\/lgpd\/files\/2023\/10\/LGPD-PORTARIA-1853_2023.jpeg);\"><\/div><div class=\"eael-timeline-post-excerpt\"><p>A elabora\u00e7\u00e3o da Pol\u00edtica Institucional de Prote\u00e7\u00e3o de Dados da...<\/p><\/div><div class=\"eael-timeline-post-title\">\n                    <h2 class=\"eael-timeline-post-title-text\">PORTARIA N\u00ba 1850\/2023 &#8211; elabora\u00e7\u00e3o da Pol\u00edtica Institucional de Prote\u00e7\u00e3o de Dados da UNIFAP<\/h2>\n                <\/div><\/a>\n    <\/div>\n<\/article><article class=\"eael-timeline-post eael-timeline-column\">\n    <div class=\"eael-timeline-bullet\"><\/div>\n    <div class=\"eael-timeline-post-inner\">\n        <a class=\"eael-timeline-post-link\" href=\"https:\/\/www2.unifap.br\/lgpd\/2022\/04\/07\/portaria-no-0353-2022-nomeacao-dpo\/\" title=\"PORTARIA n\u00ba 0353\/2022 &#8211; Nomea\u00e7\u00e3o DPO\">\n            <time datetime=\"7 de abril de 2022\">7 de abril de 2022<\/time>\n            <div class=\"eael-timeline-post-image  attachment-full size-full\" style=\"background-image: url(https:\/\/www2.unifap.br\/lgpd\/files\/2022\/04\/PORTARIA-No-0353-2022.jpeg);\"><\/div><div class=\"eael-timeline-post-excerpt\"><p>Este processo tratou da designa\u00e7\u00e3o de um servidor t\u00e9cnico-administrativo como...<\/p><\/div><div class=\"eael-timeline-post-title\">\n                    <h2 class=\"eael-timeline-post-title-text\">PORTARIA n\u00ba 0353\/2022 &#8211; Nomea\u00e7\u00e3o DPO<\/h2>\n                <\/div><\/a>\n    <\/div>\n<\/article><article class=\"eael-timeline-post eael-timeline-column\">\n    <div class=\"eael-timeline-bullet\"><\/div>\n    <div class=\"eael-timeline-post-inner\">\n        <a class=\"eael-timeline-post-link\" href=\"https:\/\/www2.unifap.br\/lgpd\/2021\/10\/22\/comissao-especifica-para-propor-o-plano-de-conformidade-as-disposicoes-da-lgpd-portaria-no-1328-2021\/\" title=\"Comiss\u00e3o Espec\u00edfica para Propor o Plano de Conformidade \u00e0s Disposi\u00e7\u00f5es da LGPD -Portaria n\u00ba 1328\/2021\">\n            <time datetime=\"22 de outubro de 2021\">22 de outubro de 2021<\/time>\n            <div class=\"eael-timeline-post-image  attachment-full size-full\" style=\"background-image: url(https:\/\/www2.unifap.br\/lgpd\/files\/2025\/09\/cropped-cropped-Gemini_Generated_unifap-lgpd.png);\"><\/div><div class=\"eael-timeline-post-excerpt\"><p>Comiss\u00e3o Espec\u00edfica para Propor o Plano de Conformidade \u00e0s Disposi\u00e7\u00f5es...<\/p><\/div><div class=\"eael-timeline-post-title\">\n                    <h2 class=\"eael-timeline-post-title-text\">Comiss\u00e3o Espec\u00edfica para Propor o Plano de Conformidade \u00e0s Disposi\u00e7\u00f5es da LGPD -Portaria n\u00ba 1328\/2021<\/h2>\n                <\/div><\/a>\n    <\/div>\n<\/article><\/div>\n\t\t<\/div>\t\t\t\t<\/div>\n\t\t\t\t\t<\/div>\n\t\t\t\t<\/div>\n\t\t\t\t<\/div>\n\t\t","protected":false},"excerpt":{"rendered":"<p>A LGPD na UNIFAP: Compromisso com a Prote\u00e7\u00e3o de Dados A Universidade Federal do Amap\u00e1 (UNIFAP), em alinhamento com seu compromisso de transpar\u00eancia e respeito aos direitos fundamentais de sua comunidade, iniciou seu processo de adequa\u00e7\u00e3o \u00e0 Lei Geral de Prote\u00e7\u00e3o de Dados Pessoais (LGPD), Lei n\u00ba 13.709, de 14 de agosto de 2018. A&#8230;<\/p>\n","protected":false},"author":527,"featured_media":52,"parent":0,"menu_order":0,"comment_status":"closed","ping_status":"closed","template":"","meta":{"inline_featured_image":false,"footnotes":""},"class_list":["post-7","page","type-page","status-publish","has-post-thumbnail","hentry","entry","has-media"],"_links":{"self":[{"href":"https:\/\/www2.unifap.br\/lgpd\/wp-json\/wp\/v2\/pages\/7","targetHints":{"allow":["GET"]}}],"collection":[{"href":"https:\/\/www2.unifap.br\/lgpd\/wp-json\/wp\/v2\/pages"}],"about":[{"href":"https:\/\/www2.unifap.br\/lgpd\/wp-json\/wp\/v2\/types\/page"}],"author":[{"embeddable":true,"href":"https:\/\/www2.unifap.br\/lgpd\/wp-json\/wp\/v2\/users\/527"}],"replies":[{"embeddable":true,"href":"https:\/\/www2.unifap.br\/lgpd\/wp-json\/wp\/v2\/comments?post=7"}],"version-history":[{"count":33,"href":"https:\/\/www2.unifap.br\/lgpd\/wp-json\/wp\/v2\/pages\/7\/revisions"}],"predecessor-version":[{"id":216,"href":"https:\/\/www2.unifap.br\/lgpd\/wp-json\/wp\/v2\/pages\/7\/revisions\/216"}],"wp:featuredmedia":[{"embeddable":true,"href":"https:\/\/www2.unifap.br\/lgpd\/wp-json\/wp\/v2\/media\/52"}],"wp:attachment":[{"href":"https:\/\/www2.unifap.br\/lgpd\/wp-json\/wp\/v2\/media?parent=7"}],"curies":[{"name":"wp","href":"https:\/\/api.w.org\/{rel}","templated":true}]}}