{"id":271,"date":"2024-04-17T12:21:55","date_gmt":"2024-04-17T15:21:55","guid":{"rendered":"https:\/\/www2.unifap.br\/lmqc\/?page_id=271"},"modified":"2024-09-06T10:28:24","modified_gmt":"2024-09-06T13:28:24","slug":"databases","status":"publish","type":"page","link":"https:\/\/www2.unifap.br\/lmqc\/databases\/","title":{"rendered":"DATABASES"},"content":{"rendered":"\t\t<div data-elementor-type=\"wp-page\" data-elementor-id=\"271\" class=\"elementor elementor-271\">\n\t\t\t\t<div class=\"elementor-element elementor-element-9654716 e-flex e-con-boxed e-con e-parent\" data-id=\"9654716\" data-element_type=\"container\" data-e-type=\"container\">\n\t\t\t\t\t<div class=\"e-con-inner\">\n\t\t\t\t<div class=\"elementor-element elementor-element-e46689c elementor-widget elementor-widget-image\" data-id=\"e46689c\" data-element_type=\"widget\" data-e-type=\"widget\" data-widget_type=\"image.default\">\n\t\t\t\t<div class=\"elementor-widget-container\">\n\t\t\t\t\t\t\t\t\t\t\t\t\t\t\t<img fetchpriority=\"high\" decoding=\"async\" width=\"1024\" height=\"135\" src=\"https:\/\/www2.unifap.br\/lmqc\/files\/2024\/04\/Banner_Database-1024x135.png\" class=\"attachment-large size-large wp-image-279\" alt=\"\" srcset=\"https:\/\/www2.unifap.br\/lmqc\/files\/2024\/04\/Banner_Database-1024x135.png 1024w, https:\/\/www2.unifap.br\/lmqc\/files\/2024\/04\/Banner_Database-300x40.png 300w, https:\/\/www2.unifap.br\/lmqc\/files\/2024\/04\/Banner_Database-768x101.png 768w, https:\/\/www2.unifap.br\/lmqc\/files\/2024\/04\/Banner_Database.png 1200w\" sizes=\"(max-width: 1024px) 100vw, 1024px\" \/>\t\t\t\t\t\t\t\t\t\t\t\t\t\t\t<\/div>\n\t\t\t\t<\/div>\n\t\t\t\t\t<\/div>\n\t\t\t\t<\/div>\n\t\t<div class=\"elementor-element elementor-element-955f4af e-flex e-con-boxed e-con e-parent\" data-id=\"955f4af\" data-element_type=\"container\" data-e-type=\"container\">\n\t\t\t\t\t<div class=\"e-con-inner\">\n\t\t\t\t<div class=\"elementor-element elementor-element-72a45fe elementor-widget elementor-widget-text-editor\" data-id=\"72a45fe\" data-element_type=\"widget\" data-e-type=\"widget\" data-widget_type=\"text-editor.default\">\n\t\t\t\t<div class=\"elementor-widget-container\">\n\t\t\t\t\t\t\t\t\t<p>Dr. Cleydson Breno e Dr. Mark Kimani da Universidade Federal do Amap\u00e1, Brasil, e da Universidade de Embu, Qu\u00eania, respectivamente, uniram for\u00e7as em um esfor\u00e7o colaborativo.<\/p>\n<h1>&nbsp; &nbsp; &nbsp; &nbsp; &nbsp; &nbsp; &nbsp; &nbsp; &nbsp; &nbsp; &nbsp; &nbsp; &nbsp; &nbsp; &nbsp; &nbsp; &nbsp; &nbsp; &nbsp; &nbsp; &nbsp; &nbsp; &nbsp; &nbsp; &nbsp; &nbsp; &nbsp; SUA MISS\u00c3O?<br><br><\/h1>\n<p>a) Pesquisa de potenciais medicamentos atrav\u00e9s da abordagem quimioinform\u00e1tica \u2013 uma abordagem poderosa que integra qu\u00edmica, biologia e ci\u00eancia da computa\u00e7\u00e3o para pesquisa de descoberta de medicamentos.<br>b) Motivar jovens investigadores a mergulharem na rica biodiversidade das suas regi\u00f5es, em busca de compostos bioativos ocultos com potenciais aplica\u00e7\u00f5es terap\u00eauticas.<br>c) Equipar os futuros cientistas com habilidades valiosas em t\u00e9cnicas de quimiobioinform\u00e1tica<\/p>\t\t\t\t\t\t\t\t<\/div>\n\t\t\t\t<\/div>\n\t\t\t\t\t<\/div>\n\t\t\t\t<\/div>\n\t\t<div class=\"elementor-element elementor-element-9bd6afb e-flex e-con-boxed e-con e-parent\" data-id=\"9bd6afb\" data-element_type=\"container\" data-e-type=\"container\">\n\t\t\t\t\t<div class=\"e-con-inner\">\n\t\t\t\t<div class=\"elementor-element elementor-element-f20d73b elementor-widget elementor-widget-text-editor\" data-id=\"f20d73b\" data-element_type=\"widget\" data-e-type=\"widget\" data-widget_type=\"text-editor.default\">\n\t\t\t\t<div class=\"elementor-widget-container\">\n\t\t\t\t\t\t\t\t\t<p style=\"text-align: justify\">A sua emocionante iniciativa rendeu at\u00e9 agora as seguintes bases de dados qu\u00edmicos:<\/p><p>1. <b>Banco de dados de Diterpen\u00f3ides Entkauranos de Ocorr\u00eancia Natural<\/b>: Este valioso recurso cataloga uma ampla gama de diterpen\u00f3ides entkauranos, uma classe fascinante de compostos org\u00e2nicos. Os diterpen\u00f3ides ent-kaurano s\u00e3o conhecidos por suas atividades biol\u00f3gicas impressionantes, o que os torna candidatos promissores para a descoberta de medicamentos. Para obter informa\u00e7\u00f5es detalhadas sobre esta interessante classe de compostos, consulte <a href=\"https:\/\/www.mdpi.com\/1424-8247\/17\/4\/510\">https:\/\/doi.org\/10.3390\/ph17040510<\/a><\/p><p>2<b>. Banco de Dados de Compostos de Zanthoxylum<\/b>: Este banco de dados especializado concentra-se no perfil qu\u00edmico exclusivo do g\u00eanero Zanthoxylum. As plantas Zanthoxylum t\u00eam sido utilizadas na medicina tradicional h\u00e1 s\u00e9culos, e esta base de dados revela uma riqueza de informa\u00e7\u00f5es sobre o potencial farmac\u00eautico dos seus fitoqu\u00edmicos. Consulte <a href=\"https:\/\/www.sciencedirect.com\/science\/article\/abs\/pii\/S0254629923005422?via%3Dihub\">https:\/\/doi.org\/10.1016\/j.sajb.2023.09.009<\/a> para obter mais detalhes<\/p><p>3. <b>Banco de dados fitoqu\u00edmicos de esp\u00e9cies de Croton<\/b>: Este banco de dados investiga a composi\u00e7\u00e3o qu\u00edmica das esp\u00e9cies de Croton, plantas conhecidas por sua abund\u00e2ncia de metab\u00f3litos secund\u00e1rios, como diterpenos, triterpenos, alcaloides e flavonoides. Esses compostos exibem uma ampla gama de atividades biol\u00f3gicas, incluindo propriedades antimicrobianas, anti-inflamat\u00f3rias, antioxidantes e anticancer\u00edgenas.\u00a0<u style=\"font-family: var( --e-global-typography-secondary-font-family ), Sans-serif;font-weight: var( --e-global-typography-secondary-font-weight );background-color: var(--ast-global-color-5);color: var(--ast-global-color-3);font-size: 1rem;text-align: start\">(DOI ser\u00e1 adicionado em breve)<\/u><\/p><p>4<b>. Banco de Dados de Compostos de Esp\u00e9cies de Vernonia<\/b>: Este recurso lan\u00e7a luz sobre a rica tape\u00e7aria de compostos encontrados no g\u00eanero Vernonia. Estas plantas s\u00e3o um tesouro de produtos naturais bioativos com aplica\u00e7\u00f5es promissoras na descoberta de medicamentos.\u00a0<u style=\"font-family: var( --e-global-typography-secondary-font-family ), Sans-serif;font-weight: var( --e-global-typography-secondary-font-weight );background-color: var(--ast-global-color-5);color: var(--ast-global-color-3);font-size: 1rem;text-align: start\">(DOI ser\u00e1 adicionado em breve)<\/u><\/p><p>5. <b>Banco de dados de Compostos do G\u00eanero Vepris<\/b>: Este banco de dados expande nossa base de conhecimento explorando a composi\u00e7\u00e3o qu\u00edmica das esp\u00e9cies de Vepris. As plantas deste g\u00eanero s\u00e3o conhecidas por seus diversos perfis qu\u00edmicos, incluindo uma variedade de alcaloides \u00fanicos com aplica\u00e7\u00f5es potenciais no desenvolvimento de medicamentos. Consulte <a href=\"https:\/\/www.sciencedirect.com\/science\/article\/abs\/pii\/S0254629923001771?via%3Dihub\">https:\/\/doi.org\/10.1016\/j.sajb.2023.03.057<\/a> para obter mais detalhes.<\/p>\t\t\t\t\t\t\t\t<\/div>\n\t\t\t\t<\/div>\n\t\t\t\t\t<\/div>\n\t\t\t\t<\/div>\n\t\t<div class=\"elementor-element elementor-element-bc12bf1 e-flex e-con-boxed e-con e-parent\" data-id=\"bc12bf1\" data-element_type=\"container\" data-e-type=\"container\">\n\t\t\t\t\t<div class=\"e-con-inner\">\n\t\t\t\t<div class=\"elementor-element elementor-element-4335463 elementor-widget elementor-widget-text-editor\" data-id=\"4335463\" data-element_type=\"widget\" data-e-type=\"widget\" data-widget_type=\"text-editor.default\">\n\t\t\t\t<div class=\"elementor-widget-container\">\n\t\t\t\t\t\t\t\t\t<p>Estas bases de dados representam um avan\u00e7o significativo na nossa explora\u00e7\u00e3o do vasto potencial da natureza para a sa\u00fade humana. Eles n\u00e3o s\u00f3 fornecem recursos valiosos para a comunidade cient\u00edfica, mas tamb\u00e9m servem como um farol de inspira\u00e7\u00e3o para a pr\u00f3xima gera\u00e7\u00e3o de pioneiros cient\u00edficos.<\/p>\t\t\t\t\t\t\t\t<\/div>\n\t\t\t\t<\/div>\n\t\t\t\t\t<\/div>\n\t\t\t\t<\/div>\n\t\t<div class=\"elementor-element elementor-element-57da48a e-flex e-con-boxed e-con e-parent\" data-id=\"57da48a\" data-element_type=\"container\" data-e-type=\"container\">\n\t\t\t\t\t<div class=\"e-con-inner\">\n\t\t<div class=\"elementor-element elementor-element-4dece3e e-con-full e-flex e-con e-child\" data-id=\"4dece3e\" data-element_type=\"container\" data-e-type=\"container\">\n\t\t\t\t<div class=\"elementor-element elementor-element-e0575b4 elementor-view-default elementor-widget elementor-widget-icon\" data-id=\"e0575b4\" data-element_type=\"widget\" data-e-type=\"widget\" data-widget_type=\"icon.default\">\n\t\t\t\t<div class=\"elementor-widget-container\">\n\t\t\t\t\t\t\t<div class=\"elementor-icon-wrapper\">\n\t\t\t<a class=\"elementor-icon elementor-animation-pulse\" href=\"https:\/\/www2.unifap.br\/lmqc\/databaseenglish\/\">\n\t\t\t<svg aria-hidden=\"true\" class=\"e-font-icon-svg e-fas-language\" viewBox=\"0 0 640 512\" xmlns=\"http:\/\/www.w3.org\/2000\/svg\"><path d=\"M152.1 236.2c-3.5-12.1-7.8-33.2-7.8-33.2h-.5s-4.3 21.1-7.8 33.2l-11.1 37.5H163zM616 96H336v320h280c13.3 0 24-10.7 24-24V120c0-13.3-10.7-24-24-24zm-24 120c0 6.6-5.4 12-12 12h-11.4c-6.9 23.6-21.7 47.4-42.7 69.9 8.4 6.4 17.1 12.5 26.1 18 5.5 3.4 7.3 10.5 4.1 16.2l-7.9 13.9c-3.4 5.9-10.9 7.8-16.7 4.3-12.6-7.8-24.5-16.1-35.4-24.9-10.9 8.7-22.7 17.1-35.4 24.9-5.8 3.5-13.3 1.6-16.7-4.3l-7.9-13.9c-3.2-5.6-1.4-12.8 4.2-16.2 9.3-5.7 18-11.7 26.1-18-7.9-8.4-14.9-17-21-25.7-4-5.7-2.2-13.6 3.7-17.1l6.5-3.9 7.3-4.3c5.4-3.2 12.4-1.7 16 3.4 5 7 10.8 14 17.4 20.9 13.5-14.2 23.8-28.9 30-43.2H412c-6.6 0-12-5.4-12-12v-16c0-6.6 5.4-12 12-12h64v-16c0-6.6 5.4-12 12-12h16c6.6 0 12 5.4 12 12v16h64c6.6 0 12 5.4 12 12zM0 120v272c0 13.3 10.7 24 24 24h280V96H24c-13.3 0-24 10.7-24 24zm58.9 216.1L116.4 167c1.7-4.9 6.2-8.1 11.4-8.1h32.5c5.1 0 9.7 3.3 11.4 8.1l57.5 169.1c2.6 7.8-3.1 15.9-11.4 15.9h-22.9a12 12 0 0 1-11.5-8.6l-9.4-31.9h-60.2l-9.1 31.8c-1.5 5.1-6.2 8.7-11.5 8.7H70.3c-8.2 0-14-8.1-11.4-15.9z\"><\/path><\/svg>\t\t\t<\/a>\n\t\t<\/div>\n\t\t\t\t\t\t<\/div>\n\t\t\t\t<\/div>\n\t\t\t\t<div class=\"elementor-element elementor-element-90605c9 elementor-widget elementor-widget-heading\" data-id=\"90605c9\" data-element_type=\"widget\" data-e-type=\"widget\" data-widget_type=\"heading.default\">\n\t\t\t\t<div class=\"elementor-widget-container\">\n\t\t\t\t\t<h2 class=\"elementor-heading-title elementor-size-default\">English<\/h2>\t\t\t\t<\/div>\n\t\t\t\t<\/div>\n\t\t\t\t<\/div>\n\t\t<div class=\"elementor-element elementor-element-681218e e-con-full e-flex e-con e-child\" data-id=\"681218e\" data-element_type=\"container\" data-e-type=\"container\">\n\t\t\t\t<div class=\"elementor-element elementor-element-b7c3f4a elementor-view-default elementor-widget elementor-widget-icon\" data-id=\"b7c3f4a\" data-element_type=\"widget\" data-e-type=\"widget\" data-widget_type=\"icon.default\">\n\t\t\t\t<div class=\"elementor-widget-container\">\n\t\t\t\t\t\t\t<div class=\"elementor-icon-wrapper\">\n\t\t\t<a class=\"elementor-icon elementor-animation-pulse\" href=\"https:\/\/www2.unifap.br\/lmqc\/databasespanish\/\">\n\t\t\t<svg aria-hidden=\"true\" class=\"e-font-icon-svg e-fas-language\" viewBox=\"0 0 640 512\" xmlns=\"http:\/\/www.w3.org\/2000\/svg\"><path d=\"M152.1 236.2c-3.5-12.1-7.8-33.2-7.8-33.2h-.5s-4.3 21.1-7.8 33.2l-11.1 37.5H163zM616 96H336v320h280c13.3 0 24-10.7 24-24V120c0-13.3-10.7-24-24-24zm-24 120c0 6.6-5.4 12-12 12h-11.4c-6.9 23.6-21.7 47.4-42.7 69.9 8.4 6.4 17.1 12.5 26.1 18 5.5 3.4 7.3 10.5 4.1 16.2l-7.9 13.9c-3.4 5.9-10.9 7.8-16.7 4.3-12.6-7.8-24.5-16.1-35.4-24.9-10.9 8.7-22.7 17.1-35.4 24.9-5.8 3.5-13.3 1.6-16.7-4.3l-7.9-13.9c-3.2-5.6-1.4-12.8 4.2-16.2 9.3-5.7 18-11.7 26.1-18-7.9-8.4-14.9-17-21-25.7-4-5.7-2.2-13.6 3.7-17.1l6.5-3.9 7.3-4.3c5.4-3.2 12.4-1.7 16 3.4 5 7 10.8 14 17.4 20.9 13.5-14.2 23.8-28.9 30-43.2H412c-6.6 0-12-5.4-12-12v-16c0-6.6 5.4-12 12-12h64v-16c0-6.6 5.4-12 12-12h16c6.6 0 12 5.4 12 12v16h64c6.6 0 12 5.4 12 12zM0 120v272c0 13.3 10.7 24 24 24h280V96H24c-13.3 0-24 10.7-24 24zm58.9 216.1L116.4 167c1.7-4.9 6.2-8.1 11.4-8.1h32.5c5.1 0 9.7 3.3 11.4 8.1l57.5 169.1c2.6 7.8-3.1 15.9-11.4 15.9h-22.9a12 12 0 0 1-11.5-8.6l-9.4-31.9h-60.2l-9.1 31.8c-1.5 5.1-6.2 8.7-11.5 8.7H70.3c-8.2 0-14-8.1-11.4-15.9z\"><\/path><\/svg>\t\t\t<\/a>\n\t\t<\/div>\n\t\t\t\t\t\t<\/div>\n\t\t\t\t<\/div>\n\t\t\t\t<div class=\"elementor-element elementor-element-91aa3b7 elementor-widget elementor-widget-heading\" data-id=\"91aa3b7\" data-element_type=\"widget\" data-e-type=\"widget\" data-widget_type=\"heading.default\">\n\t\t\t\t<div class=\"elementor-widget-container\">\n\t\t\t\t\t<h2 class=\"elementor-heading-title elementor-size-default\">Espa\u00f1ol<\/h2>\t\t\t\t<\/div>\n\t\t\t\t<\/div>\n\t\t\t\t<\/div>\n\t\t\t\t\t<\/div>\n\t\t\t\t<\/div>\n\t\t\t\t<\/div>\n\t\t","protected":false},"excerpt":{"rendered":"<p>\/*! elementor &#8211; v3.21.0 &#8211; 26-05-2024 *\/ .elementor-widget-image{text-align:center}.elementor-widget-image a{display:inline-block}.elementor-widget-image a img[src$=&#8221;.svg&#8221;]{width:48px}.elementor-widget-image img{vertical-align:middle;display:inline-block} Dr. Cleydson Breno e Dr. Mark Kimani da Universidade Federal do Amap\u00e1, Brasil, e da Universidade de Embu, Qu\u00eania, respectivamente, uniram for\u00e7as em um esfor\u00e7o colaborativo. &nbsp; &nbsp; &nbsp; &nbsp; &nbsp; &nbsp; &nbsp; &nbsp; &nbsp; &nbsp; &nbsp; &nbsp; &nbsp; &nbsp; &nbsp; &nbsp; &nbsp;&#8230;<\/p>\n","protected":false},"author":3813,"featured_media":0,"parent":0,"menu_order":0,"comment_status":"closed","ping_status":"closed","template":"elementor_header_footer","meta":{"inline_featured_image":false,"site-sidebar-layout":"no-sidebar","site-content-layout":"","ast-site-content-layout":"full-width-container","site-content-style":"default","site-sidebar-style":"default","ast-global-header-display":"","ast-banner-title-visibility":"","ast-main-header-display":"","ast-hfb-above-header-display":"","ast-hfb-below-header-display":"","ast-hfb-mobile-header-display":"","site-post-title":"disabled","ast-breadcrumbs-content":"","ast-featured-img":"disabled","footer-sml-layout":"","theme-transparent-header-meta":"default","adv-header-id-meta":"","stick-header-meta":"","header-above-stick-meta":"","header-main-stick-meta":"","header-below-stick-meta":"","astra-migrate-meta-layouts":"set","ast-page-background-enabled":"default","ast-page-background-meta":{"desktop":{"background-color":"var(--ast-global-color-4)","background-image":"","background-repeat":"repeat","background-position":"center center","background-size":"auto","background-attachment":"scroll","background-type":"","background-media":"","overlay-type":"","overlay-color":"","overlay-opacity":"","overlay-gradient":""},"tablet":{"background-color":"","background-image":"","background-repeat":"repeat","background-position":"center center","background-size":"auto","background-attachment":"scroll","background-type":"","background-media":"","overlay-type":"","overlay-color":"","overlay-opacity":"","overlay-gradient":""},"mobile":{"background-color":"","background-image":"","background-repeat":"repeat","background-position":"center center","background-size":"auto","background-attachment":"scroll","background-type":"","background-media":"","overlay-type":"","overlay-color":"","overlay-opacity":"","overlay-gradient":""}},"ast-content-background-meta":{"desktop":{"background-color":"var(--ast-global-color-5)","background-image":"","background-repeat":"repeat","background-position":"center center","background-size":"auto","background-attachment":"scroll","background-type":"","background-media":"","overlay-type":"","overlay-color":"","overlay-opacity":"","overlay-gradient":""},"tablet":{"background-color":"var(--ast-global-color-5)","background-image":"","background-repeat":"repeat","background-position":"center center","background-size":"auto","background-attachment":"scroll","background-type":"","background-media":"","overlay-type":"","overlay-color":"","overlay-opacity":"","overlay-gradient":""},"mobile":{"background-color":"var(--ast-global-color-5)","background-image":"","background-repeat":"repeat","background-position":"center center","background-size":"auto","background-attachment":"scroll","background-type":"","background-media":"","overlay-type":"","overlay-color":"","overlay-opacity":"","overlay-gradient":""}},"footnotes":""},"class_list":["post-271","page","type-page","status-publish","hentry"],"_links":{"self":[{"href":"https:\/\/www2.unifap.br\/lmqc\/wp-json\/wp\/v2\/pages\/271","targetHints":{"allow":["GET"]}}],"collection":[{"href":"https:\/\/www2.unifap.br\/lmqc\/wp-json\/wp\/v2\/pages"}],"about":[{"href":"https:\/\/www2.unifap.br\/lmqc\/wp-json\/wp\/v2\/types\/page"}],"author":[{"embeddable":true,"href":"https:\/\/www2.unifap.br\/lmqc\/wp-json\/wp\/v2\/users\/3813"}],"replies":[{"embeddable":true,"href":"https:\/\/www2.unifap.br\/lmqc\/wp-json\/wp\/v2\/comments?post=271"}],"version-history":[{"count":61,"href":"https:\/\/www2.unifap.br\/lmqc\/wp-json\/wp\/v2\/pages\/271\/revisions"}],"predecessor-version":[{"id":932,"href":"https:\/\/www2.unifap.br\/lmqc\/wp-json\/wp\/v2\/pages\/271\/revisions\/932"}],"wp:attachment":[{"href":"https:\/\/www2.unifap.br\/lmqc\/wp-json\/wp\/v2\/media?parent=271"}],"curies":[{"name":"wp","href":"https:\/\/api.w.org\/{rel}","templated":true}]}}