{"id":58,"date":"2024-03-10T12:09:33","date_gmt":"2024-03-10T15:09:33","guid":{"rendered":"https:\/\/www2.unifap.br\/lmqc\/?page_id=58"},"modified":"2024-09-06T09:36:22","modified_gmt":"2024-09-06T12:36:22","slug":"sobre","status":"publish","type":"page","link":"https:\/\/www2.unifap.br\/lmqc\/sobre\/","title":{"rendered":"SOBRE"},"content":{"rendered":"\t\t<div data-elementor-type=\"wp-page\" data-elementor-id=\"58\" class=\"elementor elementor-58\">\n\t\t\t\t<div class=\"elementor-element elementor-element-9adfb93 e-flex e-con-boxed e-con e-parent\" data-id=\"9adfb93\" data-element_type=\"container\" data-e-type=\"container\">\n\t\t\t\t\t<div class=\"e-con-inner\">\n\t\t\t\t<div class=\"elementor-element elementor-element-0cad6db elementor-widget elementor-widget-image\" data-id=\"0cad6db\" data-element_type=\"widget\" data-e-type=\"widget\" data-widget_type=\"image.default\">\n\t\t\t\t<div class=\"elementor-widget-container\">\n\t\t\t\t\t\t\t\t\t\t\t\t\t\t\t<img fetchpriority=\"high\" decoding=\"async\" width=\"1024\" height=\"135\" src=\"https:\/\/www2.unifap.br\/lmqc\/files\/2024\/04\/Banner_Sobre-1024x135.png\" class=\"attachment-large size-large wp-image-333\" alt=\"\" srcset=\"https:\/\/www2.unifap.br\/lmqc\/files\/2024\/04\/Banner_Sobre-1024x135.png 1024w, https:\/\/www2.unifap.br\/lmqc\/files\/2024\/04\/Banner_Sobre-300x40.png 300w, https:\/\/www2.unifap.br\/lmqc\/files\/2024\/04\/Banner_Sobre-768x101.png 768w, https:\/\/www2.unifap.br\/lmqc\/files\/2024\/04\/Banner_Sobre.png 1200w\" sizes=\"(max-width: 1024px) 100vw, 1024px\" \/>\t\t\t\t\t\t\t\t\t\t\t\t\t\t\t<\/div>\n\t\t\t\t<\/div>\n\t\t\t\t\t<\/div>\n\t\t\t\t<\/div>\n\t\t<div class=\"elementor-element elementor-element-7e2396a e-flex e-con-boxed e-con e-parent\" data-id=\"7e2396a\" data-element_type=\"container\" data-e-type=\"container\">\n\t\t\t\t\t<div class=\"e-con-inner\">\n\t\t\t\t<div class=\"elementor-element elementor-element-3a509d5 elementor-widget elementor-widget-text-editor\" data-id=\"3a509d5\" data-element_type=\"widget\" data-e-type=\"widget\" data-widget_type=\"text-editor.default\">\n\t\t\t\t<div class=\"elementor-widget-container\">\n\t\t\t\t\t\t\t\t\t<p>O Laborat\u00f3rio de Modelagem e Qu\u00edmica Computacional da Universidade Federal do Amap\u00e1 (LMQC\/UNIFAP), vinculado ao Departamento de Ci\u00eancias Biol\u00f3gicas e da Sa\u00fade (DCBS\/UNIFAP), tem como miss\u00e3o promover o avan\u00e7o cient\u00edfico e tecnol\u00f3gico por meio de m\u00e9todos computacionais de ponta. Focado na pesquisa &amp; inova\u00e7\u00e3o, o laborat\u00f3rio realiza estudos de propriedades moleculares, reatividade qu\u00edmica e elucida\u00e7\u00e3o de mecanismos de a\u00e7\u00e3o, contribuindo significativamente para \u00e1reas como qu\u00edmica medicinal, biotecnologia e bioquimioinform\u00e1tica. Al\u00e9m da pesquisa, o laborat\u00f3rio dedica-se \u00e0 forma\u00e7\u00e3o de estudantes de gradua\u00e7\u00e3o e p\u00f3s-gradua\u00e7\u00e3o, oferecendo capacita\u00e7\u00e3o pr\u00e1tica e te\u00f3rica em t\u00e9cnicas avan\u00e7adas de modelagem e simula\u00e7\u00e3o. Com um compromisso firme com a integra\u00e7\u00e3o entre ensino, pesquisa e extens\u00e3o, o laborat\u00f3rio busca impactar positivamente o desenvolvimento cient\u00edfico regional, nacional e internacional, estabelecendo colabora\u00e7\u00f5es que ampliem o alcance de suas descobertas e beneficiem a sociedade.<\/p><p>Os valores fundamentais do Laborat\u00f3rio de Modelagem e Qu\u00edmica Computacional da Universidade Federal do Amap\u00e1 (LMQC\/UNIFAP) refletem seu compromisso com a excel\u00eancia cient\u00edfica, a inova\u00e7\u00e3o e a colabora\u00e7\u00e3o t\u00e9cnico-cient\u00edfica. O grupo de pesquisa &#8220;Qu\u00edmica Computacional Aplicada&#8221; prioriza a integridade e a \u00e9tica em todas as atividades de pesquisa, ensino &amp; extens\u00e3o, buscando sempre a mais alta qualidade em seus resultados cient\u00edfico, educacional e social. Al\u00e9m disso, valoriza-se a diversidade e a inclus\u00e3o, reconhecendo que diferentes perspectivas enriquecem a abordagem cient\u00edfica e educacional. Um ambiente de trabalho colaborativo e respeitoso s\u00e3o promovidos, onde o compartilhamento de conhecimento e a troca de ideias s\u00e3o incentivados em diferentes n\u00edveis de forma\u00e7\u00e3o. O grupo de pesquisa est\u00e1 comprometido com a forma\u00e7\u00e3o e o desenvolvimento de estudantes, oferecendo oportunidades de aprendizado e crescimento profissional. Busca-se, ainda, contribuir de forma significativa para a comunidade acad\u00eamica e para a sociedade em geral, por meio da divulga\u00e7\u00e3o cient\u00edfica e do engajamento com quest\u00f5es relevantes para o desenvolvimento humano e ambiental.<\/p>\t\t\t\t\t\t\t\t<\/div>\n\t\t\t\t<\/div>\n\t\t\t\t<div class=\"elementor-element elementor-element-042566b elementor-widget elementor-widget-heading\" data-id=\"042566b\" data-element_type=\"widget\" data-e-type=\"widget\" data-widget_type=\"heading.default\">\n\t\t\t\t<div class=\"elementor-widget-container\">\n\t\t\t\t\t<h2 class=\"elementor-heading-title elementor-size-default\">LABORAT\u00d3RIO DE MODELAGEM E QU\u00cdMICA COMPUTACIOAL<\/h2>\t\t\t\t<\/div>\n\t\t\t\t<\/div>\n\t\t\t\t\t<\/div>\n\t\t\t\t<\/div>\n\t\t<div class=\"elementor-element elementor-element-fbd5561 e-grid e-con-boxed e-con e-parent\" data-id=\"fbd5561\" data-element_type=\"container\" data-e-type=\"container\">\n\t\t\t\t\t<div class=\"e-con-inner\">\n\t\t\t\t<div class=\"elementor-element elementor-element-6a22ce6 elementor-widget elementor-widget-image\" data-id=\"6a22ce6\" data-element_type=\"widget\" data-e-type=\"widget\" data-widget_type=\"image.default\">\n\t\t\t\t<div class=\"elementor-widget-container\">\n\t\t\t\t\t\t\t\t\t\t\t\t\t\t\t<img decoding=\"async\" width=\"1024\" height=\"768\" src=\"https:\/\/www2.unifap.br\/lmqc\/files\/2024\/09\/laboratorio-1024x768.jpeg\" class=\"attachment-large size-large wp-image-884\" alt=\"\" srcset=\"https:\/\/www2.unifap.br\/lmqc\/files\/2024\/09\/laboratorio-1024x768.jpeg 1024w, https:\/\/www2.unifap.br\/lmqc\/files\/2024\/09\/laboratorio-300x225.jpeg 300w, https:\/\/www2.unifap.br\/lmqc\/files\/2024\/09\/laboratorio-768x576.jpeg 768w, https:\/\/www2.unifap.br\/lmqc\/files\/2024\/09\/laboratorio.jpeg 1280w\" sizes=\"(max-width: 1024px) 100vw, 1024px\" \/>\t\t\t\t\t\t\t\t\t\t\t\t\t\t\t<\/div>\n\t\t\t\t<\/div>\n\t\t\t\t<div class=\"elementor-element elementor-element-2ebc483 elementor-widget elementor-widget-image\" data-id=\"2ebc483\" data-element_type=\"widget\" data-e-type=\"widget\" data-widget_type=\"image.default\">\n\t\t\t\t<div class=\"elementor-widget-container\">\n\t\t\t\t\t\t\t\t\t\t\t\t\t\t\t<img decoding=\"async\" width=\"1024\" height=\"768\" src=\"https:\/\/www2.unifap.br\/lmqc\/files\/2024\/09\/lab2-1024x768.jpeg\" class=\"attachment-large size-large wp-image-885\" alt=\"\" srcset=\"https:\/\/www2.unifap.br\/lmqc\/files\/2024\/09\/lab2-1024x768.jpeg 1024w, https:\/\/www2.unifap.br\/lmqc\/files\/2024\/09\/lab2-300x225.jpeg 300w, https:\/\/www2.unifap.br\/lmqc\/files\/2024\/09\/lab2-768x576.jpeg 768w, https:\/\/www2.unifap.br\/lmqc\/files\/2024\/09\/lab2.jpeg 1280w\" sizes=\"(max-width: 1024px) 100vw, 1024px\" \/>\t\t\t\t\t\t\t\t\t\t\t\t\t\t\t<\/div>\n\t\t\t\t<\/div>\n\t\t\t\t\t<\/div>\n\t\t\t\t<\/div>\n\t\t\t\t<\/div>\n\t\t","protected":false},"excerpt":{"rendered":"<p>\/*! elementor &#8211; v3.21.0 &#8211; 26-05-2024 *\/ .elementor-widget-image{text-align:center}.elementor-widget-image a{display:inline-block}.elementor-widget-image a img[src$=&#8221;.svg&#8221;]{width:48px}.elementor-widget-image img{vertical-align:middle;display:inline-block} O Laborat\u00f3rio de Modelagem e Qu\u00edmica Computacional da Universidade Federal do Amap\u00e1 (LMQC\/UNIFAP), vinculado ao Departamento de Ci\u00eancias Biol\u00f3gicas e da Sa\u00fade (DCBS\/UNIFAP), tem como miss\u00e3o promover o avan\u00e7o cient\u00edfico e tecnol\u00f3gico por meio de m\u00e9todos computacionais de ponta. Focado na pesquisa &amp;&#8230;<\/p>\n","protected":false},"author":3813,"featured_media":0,"parent":0,"menu_order":0,"comment_status":"closed","ping_status":"closed","template":"","meta":{"inline_featured_image":false,"site-sidebar-layout":"no-sidebar","site-content-layout":"","ast-site-content-layout":"full-width-container","site-content-style":"default","site-sidebar-style":"default","ast-global-header-display":"","ast-banner-title-visibility":"","ast-main-header-display":"","ast-hfb-above-header-display":"","ast-hfb-below-header-display":"","ast-hfb-mobile-header-display":"","site-post-title":"disabled","ast-breadcrumbs-content":"","ast-featured-img":"disabled","footer-sml-layout":"","theme-transparent-header-meta":"","adv-header-id-meta":"","stick-header-meta":"","header-above-stick-meta":"","header-main-stick-meta":"","header-below-stick-meta":"","astra-migrate-meta-layouts":"default","ast-page-background-enabled":"default","ast-page-background-meta":{"desktop":{"background-color":"var(--ast-global-color-4)","background-image":"","background-repeat":"repeat","background-position":"center center","background-size":"auto","background-attachment":"scroll","background-type":"","background-media":"","overlay-type":"","overlay-color":"","overlay-opacity":"","overlay-gradient":""},"tablet":{"background-color":"","background-image":"","background-repeat":"repeat","background-position":"center center","background-size":"auto","background-attachment":"scroll","background-type":"","background-media":"","overlay-type":"","overlay-color":"","overlay-opacity":"","overlay-gradient":""},"mobile":{"background-color":"","background-image":"","background-repeat":"repeat","background-position":"center center","background-size":"auto","background-attachment":"scroll","background-type":"","background-media":"","overlay-type":"","overlay-color":"","overlay-opacity":"","overlay-gradient":""}},"ast-content-background-meta":{"desktop":{"background-color":"var(--ast-global-color-5)","background-image":"","background-repeat":"repeat","background-position":"center center","background-size":"auto","background-attachment":"scroll","background-type":"","background-media":"","overlay-type":"","overlay-color":"","overlay-opacity":"","overlay-gradient":""},"tablet":{"background-color":"var(--ast-global-color-5)","background-image":"","background-repeat":"repeat","background-position":"center center","background-size":"auto","background-attachment":"scroll","background-type":"","background-media":"","overlay-type":"","overlay-color":"","overlay-opacity":"","overlay-gradient":""},"mobile":{"background-color":"var(--ast-global-color-5)","background-image":"","background-repeat":"repeat","background-position":"center center","background-size":"auto","background-attachment":"scroll","background-type":"","background-media":"","overlay-type":"","overlay-color":"","overlay-opacity":"","overlay-gradient":""}},"footnotes":""},"class_list":["post-58","page","type-page","status-publish","hentry"],"_links":{"self":[{"href":"https:\/\/www2.unifap.br\/lmqc\/wp-json\/wp\/v2\/pages\/58","targetHints":{"allow":["GET"]}}],"collection":[{"href":"https:\/\/www2.unifap.br\/lmqc\/wp-json\/wp\/v2\/pages"}],"about":[{"href":"https:\/\/www2.unifap.br\/lmqc\/wp-json\/wp\/v2\/types\/page"}],"author":[{"embeddable":true,"href":"https:\/\/www2.unifap.br\/lmqc\/wp-json\/wp\/v2\/users\/3813"}],"replies":[{"embeddable":true,"href":"https:\/\/www2.unifap.br\/lmqc\/wp-json\/wp\/v2\/comments?post=58"}],"version-history":[{"count":16,"href":"https:\/\/www2.unifap.br\/lmqc\/wp-json\/wp\/v2\/pages\/58\/revisions"}],"predecessor-version":[{"id":888,"href":"https:\/\/www2.unifap.br\/lmqc\/wp-json\/wp\/v2\/pages\/58\/revisions\/888"}],"wp:attachment":[{"href":"https:\/\/www2.unifap.br\/lmqc\/wp-json\/wp\/v2\/media?parent=58"}],"curies":[{"name":"wp","href":"https:\/\/api.w.org\/{rel}","templated":true}]}}