{"id":917,"date":"2024-09-06T10:21:33","date_gmt":"2024-09-06T13:21:33","guid":{"rendered":"https:\/\/www2.unifap.br\/lmqc\/?page_id=917"},"modified":"2024-09-06T10:26:48","modified_gmt":"2024-09-06T13:26:48","slug":"databasespanish","status":"publish","type":"page","link":"https:\/\/www2.unifap.br\/lmqc\/databasespanish\/","title":{"rendered":"DATABASESPANISH"},"content":{"rendered":"\t\t<div data-elementor-type=\"wp-page\" data-elementor-id=\"917\" class=\"elementor elementor-917\">\n\t\t\t\t<div class=\"elementor-element elementor-element-f24e3d9 e-flex e-con-boxed e-con e-parent\" data-id=\"f24e3d9\" data-element_type=\"container\" data-e-type=\"container\">\n\t\t\t\t\t<div class=\"e-con-inner\">\n\t\t\t\t<div class=\"elementor-element elementor-element-7755ccf elementor-widget elementor-widget-text-editor\" data-id=\"7755ccf\" data-element_type=\"widget\" data-e-type=\"widget\" data-widget_type=\"text-editor.default\">\n\t\t\t\t<div class=\"elementor-widget-container\">\n\t\t\t\t\t\t\t\t\t<p>El Dr. Cleydson Breno y el Dr. Mark Kimani de la Universidad Federal de Amap\u00e1, Brasil, y la Universidad de Embu, Kenia, respectivamente, unieron fuerzas en un esfuerzo de colaboraci\u00f3n.<\/p><h1 style=\"text-align: center\">\u00a0 \u00bfTUA MISI\u00d3N?<\/h1><p>a) B\u00fasqueda de medicamentos potenciales a trav\u00e9s del enfoque quimioinform\u00e1tico, un enfoque poderoso que integra la qu\u00edmica, la biolog\u00eda y la inform\u00e1tica para la investigaci\u00f3n del descubrimiento de f\u00e1rmacos.<br \/>b) Motivar a los j\u00f3venes investigadores a profundizar en la rica biodiversidad de sus regiones, en busca de compuestos bioactivos ocultos con potenciales aplicaciones terap\u00e9uticas.<br \/>c) Dotar a los futuros cient\u00edficos de valiosas habilidades en t\u00e9cnicas de quimiobioinform\u00e1tica.<\/p><p>Su interesante iniciativa ha producido hasta ahora las siguientes bases de datos qu\u00edmicos:<\/p><p>1. Base de datos de diterpenoides de entkaurano naturales: este valioso recurso cataloga una amplia gama de diterpenoides de entkaurano, una clase fascinante de compuestos org\u00e1nicos. Los diterpenoides ent-kaurane son conocidos por sus impresionantes actividades biol\u00f3gicas, lo que los convierte en candidatos prometedores para el descubrimiento de f\u00e1rmacos. Para obtener informaci\u00f3n detallada sobre esta interesante clase de compuestos, consulte <a href=\"https:\/\/www.mdpi.com\/1424-8247\/17\/4\/510\">https:\/\/doi.org\/10.3390\/ph17040510<\/a><\/p><p>2. Base de datos de compuestos Zanthoxylum: esta base de datos especializada se centra en el perfil qu\u00edmico \u00fanico del g\u00e9nero Zanthoxylum. Las plantas de Zanthoxylum se han utilizado en la medicina tradicional durante siglos y esta base de datos revela una gran cantidad de informaci\u00f3n sobre el potencial farmac\u00e9utico de sus fitoqu\u00edmicos. Consulte <a href=\"https:\/\/www.sciencedirect.com\/science\/article\/abs\/pii\/S0254629923005422?via%3Dihub\">https:\/\/doi.org\/10.1016\/j.sajb.2023.09.009<\/a> para obtener m\u00e1s detalles.<\/p><p>3. Base de datos fitoqu\u00edmicos de especies de Croton: esta base de datos investiga la composici\u00f3n qu\u00edmica de las especies de Croton, plantas conocidas por su abundancia de metabolitos secundarios como diterpenos, triterpenos, alcaloides y flavonoides. Estos compuestos exhiben una amplia gama de actividades biol\u00f3gicas, incluidas propiedades antimicrobianas, antiinflamatorias, antioxidantes y anticancer\u00edgenas. (El DOI se agregar\u00e1 pronto)<\/p><p>4. Base de datos de compuestos de especies de Vernonia: este recurso arroja luz sobre la rica variedad de compuestos que se encuentran en el g\u00e9nero Vernonia. Estas plantas son un tesoro de productos naturales bioactivos con aplicaciones prometedoras en el descubrimiento de f\u00e1rmacos. (El DOI se agregar\u00e1 pronto)<\/p><p>5. Base de datos de compuestos del g\u00e9nero Vepris: esta base de datos ampl\u00eda nuestra base de conocimientos al explorar la composici\u00f3n qu\u00edmica de las especies de Vepris. Las plantas de este g\u00e9nero son conocidas por sus diversos perfiles qu\u00edmicos, incluida una variedad de alcaloides \u00fanicos con aplicaciones potenciales en el desarrollo de f\u00e1rmacos. Consulte <a href=\"https:\/\/www.sciencedirect.com\/science\/article\/abs\/pii\/S0254629923001771?via%3Dihub\">https:\/\/doi.org\/10.1016\/j.sajb.2023.03.057<\/a> para obtener m\u00e1s detalles.<\/p><p>Estas bases de datos representan un avance significativo en nuestra exploraci\u00f3n del vasto potencial de la naturaleza para la salud humana. No s\u00f3lo proporcionan recursos valiosos a la comunidad cient\u00edfica, sino que tambi\u00e9n sirven como un faro de inspiraci\u00f3n para la pr\u00f3xima generaci\u00f3n de pioneros cient\u00edficos.<\/p>\t\t\t\t\t\t\t\t<\/div>\n\t\t\t\t<\/div>\n\t\t\t\t\t<\/div>\n\t\t\t\t<\/div>\n\t\t\t\t<\/div>\n\t\t","protected":false},"excerpt":{"rendered":"<p>El Dr. Cleydson Breno y el Dr. Mark Kimani de la Universidad Federal de Amap\u00e1, Brasil, y la Universidad de Embu, Kenia, respectivamente, unieron fuerzas en un esfuerzo de colaboraci\u00f3n. \u00a0 \u00bfTUA MISI\u00d3N? a) B\u00fasqueda de medicamentos potenciales a trav\u00e9s del enfoque quimioinform\u00e1tico, un enfoque poderoso que integra la qu\u00edmica, la biolog\u00eda y la inform\u00e1tica&#8230;<\/p>\n","protected":false},"author":3813,"featured_media":0,"parent":0,"menu_order":0,"comment_status":"closed","ping_status":"closed","template":"","meta":{"inline_featured_image":false,"site-sidebar-layout":"no-sidebar","site-content-layout":"","ast-site-content-layout":"full-width-container","site-content-style":"default","site-sidebar-style":"default","ast-global-header-display":"","ast-banner-title-visibility":"","ast-main-header-display":"","ast-hfb-above-header-display":"","ast-hfb-below-header-display":"","ast-hfb-mobile-header-display":"","site-post-title":"disabled","ast-breadcrumbs-content":"","ast-featured-img":"disabled","footer-sml-layout":"","theme-transparent-header-meta":"","adv-header-id-meta":"","stick-header-meta":"","header-above-stick-meta":"","header-main-stick-meta":"","header-below-stick-meta":"","astra-migrate-meta-layouts":"default","ast-page-background-enabled":"default","ast-page-background-meta":{"desktop":{"background-color":"var(--ast-global-color-4)","background-image":"","background-repeat":"repeat","background-position":"center center","background-size":"auto","background-attachment":"scroll","background-type":"","background-media":"","overlay-type":"","overlay-color":"","overlay-opacity":"","overlay-gradient":""},"tablet":{"background-color":"","background-image":"","background-repeat":"repeat","background-position":"center center","background-size":"auto","background-attachment":"scroll","background-type":"","background-media":"","overlay-type":"","overlay-color":"","overlay-opacity":"","overlay-gradient":""},"mobile":{"background-color":"","background-image":"","background-repeat":"repeat","background-position":"center center","background-size":"auto","background-attachment":"scroll","background-type":"","background-media":"","overlay-type":"","overlay-color":"","overlay-opacity":"","overlay-gradient":""}},"ast-content-background-meta":{"desktop":{"background-color":"var(--ast-global-color-5)","background-image":"","background-repeat":"repeat","background-position":"center center","background-size":"auto","background-attachment":"scroll","background-type":"","background-media":"","overlay-type":"","overlay-color":"","overlay-opacity":"","overlay-gradient":""},"tablet":{"background-color":"var(--ast-global-color-5)","background-image":"","background-repeat":"repeat","background-position":"center center","background-size":"auto","background-attachment":"scroll","background-type":"","background-media":"","overlay-type":"","overlay-color":"","overlay-opacity":"","overlay-gradient":""},"mobile":{"background-color":"var(--ast-global-color-5)","background-image":"","background-repeat":"repeat","background-position":"center center","background-size":"auto","background-attachment":"scroll","background-type":"","background-media":"","overlay-type":"","overlay-color":"","overlay-opacity":"","overlay-gradient":""}},"footnotes":""},"class_list":["post-917","page","type-page","status-publish","hentry"],"_links":{"self":[{"href":"https:\/\/www2.unifap.br\/lmqc\/wp-json\/wp\/v2\/pages\/917","targetHints":{"allow":["GET"]}}],"collection":[{"href":"https:\/\/www2.unifap.br\/lmqc\/wp-json\/wp\/v2\/pages"}],"about":[{"href":"https:\/\/www2.unifap.br\/lmqc\/wp-json\/wp\/v2\/types\/page"}],"author":[{"embeddable":true,"href":"https:\/\/www2.unifap.br\/lmqc\/wp-json\/wp\/v2\/users\/3813"}],"replies":[{"embeddable":true,"href":"https:\/\/www2.unifap.br\/lmqc\/wp-json\/wp\/v2\/comments?post=917"}],"version-history":[{"count":9,"href":"https:\/\/www2.unifap.br\/lmqc\/wp-json\/wp\/v2\/pages\/917\/revisions"}],"predecessor-version":[{"id":926,"href":"https:\/\/www2.unifap.br\/lmqc\/wp-json\/wp\/v2\/pages\/917\/revisions\/926"}],"wp:attachment":[{"href":"https:\/\/www2.unifap.br\/lmqc\/wp-json\/wp\/v2\/media?parent=917"}],"curies":[{"name":"wp","href":"https:\/\/api.w.org\/{rel}","templated":true}]}}