{"id":1111,"date":"2016-10-26T11:58:23","date_gmt":"2016-10-26T11:58:23","guid":{"rendered":"http:\/\/www2.unifap.br\/matematica\/?page_id=1111"},"modified":"2025-01-04T19:36:53","modified_gmt":"2025-01-04T19:36:53","slug":"conteudos-programaticos-das-disciplinas","status":"publish","type":"page","link":"https:\/\/www2.unifap.br\/matematica\/?page_id=1111","title":{"rendered":"Ementas da Grade Antiga at\u00e9 2006"},"content":{"rendered":"<p style=\"text-align: center\">&nbsp;MATRIZ CURRICULAR &#8211; GRADE ANTIGA (ANTES DE 2007)<\/p>\n<p style=\"text-align: left\">BLOCO I<\/p>\n<ul>\n<li style=\"text-align: left\"><a href=\"http:\/\/www2.unifap.br\/matematica\/files\/2016\/10\/Fundamentos-da-matematica-elementar-I.pdf\">FUNDAMENTOS DE MATEM\u00c1TICA ELEMENTAR I<\/a><\/li>\n<li style=\"text-align: left\"><a href=\"http:\/\/www2.unifap.br\/matematica\/files\/2016\/10\/Fundamentos-da-matematica-elementar-II.pdf\">FUNDAMENTOS DE MATEM\u00c1TICA ELEMENTAR II<\/a><\/li>\n<li style=\"text-align: left\"><a href=\"http:\/\/www2.unifap.br\/matematica\/files\/2016\/10\/Pesquisa-Bibliog.-e-Red.-Sobre-o-ensino-de-Matematica.pdf\">PESQUISA BIBLIOGR\u00c1FICA E REDA\u00c7\u00c3O SOBRE O ENSINO DA MATEM\u00c1TICA<\/a><\/li>\n<li style=\"text-align: left\"><a href=\"http:\/\/www2.unifap.br\/matematica\/files\/2016\/10\/Introdu\u00e7\u00e3o-a-Educa\u00e7\u00e3o.pdf\">INTRODU\u00c7\u00c3O \u00c0 EDUCA\u00c7\u00c3O<\/a><\/li>\n<li style=\"text-align: left\"><a href=\"http:\/\/www2.unifap.br\/matematica\/files\/2016\/10\/Introdu\u00e7ao-a-filosofia.pdf\">INTRODU\u00c7\u00c3O \u00c0 FILOSOFIA<\/a><\/li>\n<li style=\"text-align: left\"><a href=\"http:\/\/www2.unifap.br\/matematica\/files\/2016\/10\/Matrizes-Vetores-e-Geometria-Analitica.pdf\">MATRIZ, VETORES E GEOMETRIA ANAL\u00cdTICA<\/a><\/li>\n<li style=\"text-align: left\">EDUCA\u00c7\u00c3O F\u00cdSICA &nbsp;I<\/li>\n<\/ul>\n<p>BLOCO II<\/p>\n<ul>\n<li><a href=\"http:\/\/www2.unifap.br\/matematica\/files\/2016\/10\/Calculo-I.pdf\">CALCULO I<\/a>&nbsp;(PR\u00c9-REQUISITO: FUNDAMENTOS A MATEM\u00c1TICA ELEMENTAR I)<\/li>\n<li style=\"text-align: left\"><a href=\"http:\/\/www2.unifap.br\/matematica\/files\/2016\/10\/Fundamentos-da-matematica-Elementar-III.pdf\">FUNDAMENTOS DE MATEM\u00c1TICA ELEMENTAR III<\/a><\/li>\n<li><a href=\"http:\/\/www2.unifap.br\/matematica\/files\/2016\/10\/Logica-Matematica.pdf\">LOGICA MATEM\u00c1TICA<\/a>&nbsp;(PR\u00c9-REQUISITO: FUNDAMENTOS A MATEM\u00c1TICA ELEMENTAR I e II)<\/li>\n<li>PSICOLOGIA DA EDUCA\u00c7\u00c3O<\/li>\n<li><a href=\"http:\/\/www2.unifap.br\/matematica\/files\/2016\/10\/Lingua-Portuguesa-e-Comunica\u00e7\u00e3o.pdf\">L\u00cdNGUA PORTUGUESA E COMUNICA\u00c7\u00c3O<\/a><\/li>\n<li>EDUCA\u00c7\u00c3O F\u00cdSICA II<\/li>\n<\/ul>\n<p>BLOCO III<\/p>\n<ul>\n<li><a href=\"http:\/\/www2.unifap.br\/matematica\/files\/2016\/10\/Calculo-II.pdf\">CALCULO II<\/a>&nbsp;(PR\u00c9-REQUISITO: CALCULO I)<\/li>\n<li><a href=\"http:\/\/www2.unifap.br\/matematica\/files\/2016\/10\/Algebra-Linear.pdf\">\u00c1LGEBRA LINEAR<\/a>&nbsp;(PR\u00c9-REQUISITO: M. VETORES E GEOMETRIA ANAL\u00cdTICA)<\/li>\n<li><a href=\"http:\/\/www2.unifap.br\/matematica\/files\/2016\/10\/Fisica-Teorica-I.pdf\">F\u00cdSICA TE\u00d3RICA<\/a>&nbsp;(PR\u00c9-REQUISITO: CALCULO I)<\/li>\n<li><a href=\"http:\/\/www2.unifap.br\/matematica\/files\/2016\/10\/Fisica-Experimental-I.pdf\">F\u00cdSICA EXPERIMENTAL I<\/a><\/li>\n<li><a href=\"http:\/\/www2.unifap.br\/matematica\/files\/2016\/10\/Estrutura-e-funcionamento-do-ensino-de-1\u00b0-e-2\u00b0-Graus.pdf\">ESTRUTURA E FUNCIONAMENTO DE ENSINO DE 1\u00b0 E 2\u00b0 GRAUS<\/a><\/li>\n<\/ul>\n<p>BLOCO IV<\/p>\n<ul>\n<li><a href=\"http:\/\/www2.unifap.br\/matematica\/files\/2016\/10\/Equa\u00e7\u00f5es-Diferenciais-e-Ordinarias.pdf\">EQUA\u00c7\u00d5ES DIFERENCIAIS E ORDIN\u00c1RIAS<\/a><\/li>\n<li><a href=\"http:\/\/www2.unifap.br\/matematica\/files\/2016\/10\/Fisica-Teorica-II.pdf\">F\u00cdSICA TE\u00d3RICA II<\/a><\/li>\n<li><a href=\"http:\/\/www2.unifap.br\/matematica\/files\/2016\/10\/Fisica-Experimental-II.pdf\">F\u00cdSICA EXPERIMENTAL II<\/a><\/li>\n<li><a href=\"http:\/\/www2.unifap.br\/matematica\/files\/2016\/10\/Didatica-Geral.pdf\">DID\u00c1TICA GERAL<\/a><\/li>\n<li>INTRODU\u00c7\u00c3O \u00c0 \u00c1LGEBRA<\/li>\n<\/ul>\n<p>BLOCO V<\/p>\n<ul>\n<li><a href=\"http:\/\/www2.unifap.br\/matematica\/files\/2016\/10\/Algebra.pdf\">\u00c1LGEBRA<\/a> (PR\u00c9-REQUISITO: INTRODU\u00c7\u00c3O \u00c0 \u00c1LGEBRA)<\/li>\n<li><a href=\"http:\/\/www2.unifap.br\/matematica\/files\/2016\/10\/Calculo-III.pdf\">CALCULO III<\/a> (PR\u00c9-REQUISITO: CALCULO II e MVGA)<\/li>\n<li><a href=\"http:\/\/www2.unifap.br\/matematica\/files\/2016\/10\/Desenho-Geometrico.pdf\">DESENHO GEOM\u00c9TRICO<\/a><\/li>\n<li><a href=\"http:\/\/www2.unifap.br\/matematica\/files\/2016\/10\/Introdu\u00e7\u00e3o-a-sociologia.pdf\">INTRODU\u00c7\u00c3O A SOCIOLOGIA<\/a><\/li>\n<li>TRABALHO DE CONCLUS\u00c3O DE CURSO<\/li>\n<\/ul>\n<p>BLOCO VI<\/p>\n<ul>\n<li>\u00c1LGEBRA PARA O ENSINO DE 1\u00b0 E 2\u00b0 GRAUS (PR\u00c9-REQUISITO: DID\u00c1TICA GERAL)<\/li>\n<li><a href=\"http:\/\/www2.unifap.br\/matematica\/files\/2016\/10\/Teoria-dos-Numeros.pdf\">TEORIA DOS N\u00daMEROS<\/a>&nbsp;(PR\u00c9-REQUISITO: INTRODU\u00c7\u00c3O \u00c0 \u00c1LGEBRA)<\/li>\n<li><a href=\"http:\/\/www2.unifap.br\/matematica\/files\/2016\/10\/Geometria-Descritiva.pdf\">GEOMETRIA DESCRITIVA<\/a>&nbsp;(PR\u00c9-REQUISITO: DESENHO GEOM\u00c9TRICO)<\/li>\n<li><a href=\"http:\/\/www2.unifap.br\/matematica\/files\/2016\/10\/Probabilidade-e-Estatistica.pdf\">PROBABILIDADE E ESTAT\u00cdSTICA<\/a><\/li>\n<li><a href=\"http:\/\/www2.unifap.br\/matematica\/files\/2016\/10\/Instrumenta\u00e7\u00e3o-para-o-ensino-da-matematica.pdf\">INSTRUMENTA\u00c7\u00c3O PARA O ENSINO DE MATEM\u00c1TICA<\/a>&nbsp;(PR\u00c9-REQUISITO: DID\u00c1TICA GERAL)<\/li>\n<\/ul>\n<p>BLOCO VII<\/p>\n<ul>\n<li><a href=\"http:\/\/www2.unifap.br\/matematica\/files\/2016\/10\/Geometria-Para-o-ensino-de-1\u00b0-e-2\u00b0-Grau.pdf\">GEOMETRIA PARA O ENSINO DE 1\u00b0 e 2\u00b0 GRAUS<\/a> (PR\u00c9-REQUISITO: FUND. DE MATEM. ELEMENTAR II E DID\u00c1TICA GERAL)<\/li>\n<li><a href=\"http:\/\/www2.unifap.br\/matematica\/files\/2016\/10\/Calculo-Numerico.pdf\">CALCULO NUM\u00c9RICO<\/a>&nbsp;(PR\u00c9-REQUISITO: CALCULO II)<\/li>\n<li><a href=\"http:\/\/www2.unifap.br\/matematica\/files\/2016\/10\/Introdu\u00e7ao-a-computa\u00e7\u00e3o.pdf\">INTRODU\u00c7\u00c3O \u00c0 COMPUTA\u00c7\u00c3O<\/a><\/li>\n<li><a href=\"http:\/\/www2.unifap.br\/matematica\/files\/2016\/10\/Historia-da-Matematica.pdf\">HIST\u00d3RIA DA MATEM\u00c1TICA<\/a><\/li>\n<\/ul>\n<p>BLOCO VIII<\/p>\n<ul>\n<li><a href=\"http:\/\/www2.unifap.br\/matematica\/files\/2016\/10\/Topicos-de-matematica-Financeira.pdf\">T\u00d3PICOS DE MATEM\u00c1TICA FINANCEIRA<\/a><\/li>\n<li><a href=\"http:\/\/www2.unifap.br\/matematica\/files\/2016\/10\/Estudos-Sobre-Recursos-Regionais.pdf\">ESTUDOS SOBRE RECURSOS REGIONAIS<\/a><\/li>\n<li><a href=\"http:\/\/www2.unifap.br\/matematica\/files\/2016\/10\/Aplica\u00e7\u00e3o-da-Informatica-ao-Ensino.pdf\">APLICA\u00c7\u00c3O DA INFORM\u00c1TICA AO ENSINO <\/a>(PR\u00c9-REQUISITO: INTRODU\u00c7\u00c3O \u00c0 COMPUTA\u00c7\u00c3O)<\/li>\n<li><a href=\"http:\/\/www2.unifap.br\/matematica\/files\/2016\/10\/Pratica-de-ensino-da-matematica.pdf\">PR\u00c1TICA DE ENSINO DA MATEM\u00c1TICA<\/a> (PR\u00c9-REQUISITO: DID\u00c1TICA GERAL)<\/li>\n<\/ul>\n<p>BLOCO IX<\/p>\n<ul>\n<li>ESTAGIO SUPERVISIONADO<\/li>\n<li>ATIVIDADES COMPLEMENTARES (AACC)<\/li>\n<\/ul>\n","protected":false},"excerpt":{"rendered":"<p>&nbsp;MATRIZ CURRICULAR &#8211; GRADE ANTIGA (ANTES DE 2007) BLOCO I FUNDAMENTOS DE MATEM\u00c1TICA ELEMENTAR I FUNDAMENTOS DE MATEM\u00c1TICA ELEMENTAR II PESQUISA BIBLIOGR\u00c1FICA E REDA\u00c7\u00c3O SOBRE O ENSINO DA MATEM\u00c1TICA INTRODU\u00c7\u00c3O \u00c0 EDUCA\u00c7\u00c3O INTRODU\u00c7\u00c3O \u00c0 FILOSOFIA MATRIZ, VETORES E GEOMETRIA ANAL\u00cdTICA EDUCA\u00c7\u00c3O F\u00cdSICA &nbsp;I BLOCO II CALCULO I&nbsp;(PR\u00c9-REQUISITO: FUNDAMENTOS A MATEM\u00c1TICA ELEMENTAR I) FUNDAMENTOS DE MATEM\u00c1TICA&#8230;<\/p>\n","protected":false},"author":926,"featured_media":0,"parent":9,"menu_order":4,"comment_status":"open","ping_status":"open","template":"","meta":{"inline_featured_image":false,"site-sidebar-layout":"default","site-content-layout":"","ast-site-content-layout":"default","site-content-style":"default","site-sidebar-style":"default","ast-global-header-display":"","ast-banner-title-visibility":"","ast-main-header-display":"","ast-hfb-above-header-display":"","ast-hfb-below-header-display":"","ast-hfb-mobile-header-display":"","site-post-title":"","ast-breadcrumbs-content":"","ast-featured-img":"","footer-sml-layout":"","theme-transparent-header-meta":"default","adv-header-id-meta":"","stick-header-meta":"","header-above-stick-meta":"","header-main-stick-meta":"","header-below-stick-meta":"","astra-migrate-meta-layouts":"set","ast-page-background-enabled":"default","ast-page-background-meta":{"desktop":{"background-color":"var(--ast-global-color-4)","background-image":"","background-repeat":"repeat","background-position":"center center","background-size":"auto","background-attachment":"scroll","background-type":"","background-media":"","overlay-type":"","overlay-color":"","overlay-opacity":"","overlay-gradient":""},"tablet":{"background-color":"","background-image":"","background-repeat":"repeat","background-position":"center center","background-size":"auto","background-attachment":"scroll","background-type":"","background-media":"","overlay-type":"","overlay-color":"","overlay-opacity":"","overlay-gradient":""},"mobile":{"background-color":"","background-image":"","background-repeat":"repeat","background-position":"center center","background-size":"auto","background-attachment":"scroll","background-type":"","background-media":"","overlay-type":"","overlay-color":"","overlay-opacity":"","overlay-gradient":""}},"ast-content-background-meta":{"desktop":{"background-color":"var(--ast-global-color-5)","background-image":"","background-repeat":"repeat","background-position":"center center","background-size":"auto","background-attachment":"scroll","background-type":"","background-media":"","overlay-type":"","overlay-color":"","overlay-opacity":"","overlay-gradient":""},"tablet":{"background-color":"var(--ast-global-color-5)","background-image":"","background-repeat":"repeat","background-position":"center center","background-size":"auto","background-attachment":"scroll","background-type":"","background-media":"","overlay-type":"","overlay-color":"","overlay-opacity":"","overlay-gradient":""},"mobile":{"background-color":"var(--ast-global-color-5)","background-image":"","background-repeat":"repeat","background-position":"center center","background-size":"auto","background-attachment":"scroll","background-type":"","background-media":"","overlay-type":"","overlay-color":"","overlay-opacity":"","overlay-gradient":""}},"ngg_post_thumbnail":0,"footnotes":""},"class_list":["post-1111","page","type-page","status-publish","hentry"],"_links":{"self":[{"href":"https:\/\/www2.unifap.br\/matematica\/index.php?rest_route=\/wp\/v2\/pages\/1111","targetHints":{"allow":["GET"]}}],"collection":[{"href":"https:\/\/www2.unifap.br\/matematica\/index.php?rest_route=\/wp\/v2\/pages"}],"about":[{"href":"https:\/\/www2.unifap.br\/matematica\/index.php?rest_route=\/wp\/v2\/types\/page"}],"author":[{"embeddable":true,"href":"https:\/\/www2.unifap.br\/matematica\/index.php?rest_route=\/wp\/v2\/users\/926"}],"replies":[{"embeddable":true,"href":"https:\/\/www2.unifap.br\/matematica\/index.php?rest_route=%2Fwp%2Fv2%2Fcomments&post=1111"}],"version-history":[{"count":34,"href":"https:\/\/www2.unifap.br\/matematica\/index.php?rest_route=\/wp\/v2\/pages\/1111\/revisions"}],"predecessor-version":[{"id":5928,"href":"https:\/\/www2.unifap.br\/matematica\/index.php?rest_route=\/wp\/v2\/pages\/1111\/revisions\/5928"}],"up":[{"embeddable":true,"href":"https:\/\/www2.unifap.br\/matematica\/index.php?rest_route=\/wp\/v2\/pages\/9"}],"wp:attachment":[{"href":"https:\/\/www2.unifap.br\/matematica\/index.php?rest_route=%2Fwp%2Fv2%2Fmedia&parent=1111"}],"curies":[{"name":"wp","href":"https:\/\/api.w.org\/{rel}","templated":true}]}}