{"id":1512,"date":"2017-01-17T12:43:34","date_gmt":"2017-01-17T12:43:34","guid":{"rendered":"http:\/\/www2.unifap.br\/matematica\/?page_id=1512"},"modified":"2017-07-28T13:28:33","modified_gmt":"2017-07-28T13:28:33","slug":"tcc-2014","status":"publish","type":"page","link":"https:\/\/www2.unifap.br\/matematica\/?page_id=1512","title":{"rendered":"TCC 2014"},"content":{"rendered":"<p><a href=\"http:\/\/www2.unifap.br\/matematica\/files\/2017\/01\/DECLARA\u00c7\u00c3O-DE-BANCA-DE-TCC-2014.pdf\">DECLARA\u00c7\u00c3O DE BANCA DE TCC 2014<\/a><\/p>\n<table border=\"1\" cellspacing=\"0\" cellpadding=\"0\">\n<tbody>\n<tr>\n<td colspan=\"2\" valign=\"bottom\" width=\"288\">\n<p align=\"center\"><b>PER\u00cdODO<\/b><\/p>\n<\/td>\n<td colspan=\"2\" valign=\"bottom\" width=\"288\">\n<p align=\"center\"><b>2014<\/b><\/p>\n<\/td>\n<\/tr>\n<tr>\n<td width=\"144\">\n<p align=\"center\"><b>Professor<\/b><\/p>\n<\/td>\n<td width=\"144\">\n<p align=\"center\"><b>Aluno<\/b><\/p>\n<\/td>\n<td width=\"144\">\n<p align=\"center\"><b>T\u00edtulo<\/b><\/p>\n<\/td>\n<td width=\"144\">\n<p align=\"center\"><b>Banca Avaliadora<\/b><\/p>\n<\/td>\n<\/tr>\n<tr>\n<td width=\"144\">Jefferson Ferreira Mesquita<\/td>\n<td width=\"144\">Alex Mesquita dos Santos de Souza<\/td>\n<td width=\"144\">\n<p align=\"center\"><a href=\"http:\/\/www2.unifap.br\/matematica\/files\/2017\/01\/ALEX-MESQUITA-DOS-SANTOS-DE-SOUSA-tcc-FINAL.pdf\">Distribui\u00e7\u00e3o de Frequ\u00eancia: um Estudo de Caso da Cesta B\u00e1sica na Cidade de Macap\u00e1-AP<\/a><\/p>\n<\/td>\n<td width=\"144\">Jefferson Ferreira Mesquita<\/p>\n<p>Jo\u00e3o Socorro Pinheiro Ferreira<\/p>\n<p>S\u00e9rgio Barbosa de Miranda<\/td>\n<\/tr>\n<tr>\n<td width=\"144\">Guzman Eul\u00e1lio Isla Chamilco<\/td>\n<td width=\"144\">Ang\u00e9lica Figueiredo Vilhena<\/td>\n<td width=\"144\">\n<p align=\"center\"><a href=\"http:\/\/www2.unifap.br\/matematica\/files\/2017\/01\/tcc-ang\u00e9lica-original.pdf\">Modelagem Matem\u00e1tica de um Sistema Presa Predador<\/a><\/p>\n<\/td>\n<td width=\"144\">Guzman Eul\u00e1lio Isla Chamilco<\/p>\n<p>Jos\u00e9 Walter C\u00e1rdenas Sotil<\/p>\n<p>Erasmo Senger<\/td>\n<\/tr>\n<tr>\n<td width=\"144\">Jo\u00e3o Socorro Pinheiro Ferreira<\/td>\n<td width=\"144\">Benedito Antonio da Luz Lobato<\/td>\n<td width=\"144\">\n<p align=\"center\"><a href=\"http:\/\/www2.unifap.br\/matematica\/files\/2017\/01\/TCC-de-Antonio-Benedito-Lobato-2002391341.pdf\">Registros Matem\u00e1ticos a Partir de um Projeto de Consci\u00eancia e Comportamentos Ecol\u00f3gicos na Escola Estadual Maria Ivone de Menezes, em Macap\u00e1-AP<\/a><\/p>\n<\/td>\n<td width=\"144\">Jo\u00e3o Socorro Pinheiro Ferreira<\/p>\n<p>Edivaldo Pinto dos Santos<\/p>\n<p>M\u00e1rcio Aldo Lobato Bahia<\/td>\n<\/tr>\n<tr>\n<td width=\"144\">Jos\u00e9 Walter C\u00e1rdenas Sotil<\/td>\n<td width=\"144\">Clesio Santos de Souza<\/p>\n<p>J\u00e1derson Quaresma Pelaes<\/td>\n<td width=\"144\">\n<p align=\"center\"><a href=\"http:\/\/www2.unifap.br\/matematica\/files\/2017\/01\/TCC-2014-clesio-santos.pdf\">N\u00fameros Pseudoprimos<\/a><\/p>\n<\/td>\n<td width=\"144\">Jos\u00e9 Walter C\u00e1rdenas Sotil<\/p>\n<p>Guzman Eul\u00e1lio Isla Chamilco<\/p>\n<p>Erasmo Senger<\/td>\n<\/tr>\n<tr>\n<td width=\"144\">Jos\u00e9 Walter C\u00e1rdenas Sotil<\/td>\n<td width=\"144\">Karen Carmo dos Santos<\/p>\n<p>Karliany da Concei\u00e7\u00e3o Silva<\/td>\n<td width=\"144\">\n<p align=\"center\"><a href=\"http:\/\/www2.unifap.br\/matematica\/files\/2017\/01\/TCC-2014-karen-carmo.pdf\">Aplica\u00e7\u00f5es da \u00c1lgebra Linear e a Teoria Especial da Relatividade<\/a><\/p>\n<\/td>\n<td width=\"144\">Jos\u00e9 Walter C\u00e1rdenas Sotil<\/p>\n<p>Guzman Eul\u00e1lio Isla Chamilco<\/p>\n<p>Jo\u00e3o Socorro Pinheiro Ferreira<\/td>\n<\/tr>\n<tr>\n<td width=\"144\">Guzman Eul\u00e1lio Isla Chamilco<\/td>\n<td width=\"144\">Leidecley Maciel da Silva<\/p>\n<p>Samuel Campos<\/td>\n<td width=\"144\">\n<p align=\"center\"><a href=\"http:\/\/www2.unifap.br\/matematica\/files\/2017\/01\/TCC-2014-samuel-e-cley.pdf\">Estudo da Teoria do C\u00e1lculo Variacional e Suas Aplica\u00e7\u00f5es<\/a><\/p>\n<\/td>\n<td width=\"144\">Guzman Eul\u00e1lio Isla Chamilco<\/p>\n<p>Jos\u00e9 Walter C\u00e1rdenas Sotil<\/p>\n<p>Marcel Lucas Pican\u00e7o Nascimento<\/td>\n<\/tr>\n<tr>\n<td width=\"144\">Jo\u00e3o Socorro Pinheiro Ferreira<\/td>\n<td width=\"144\">Raimundo Santos Freitas Filho<\/td>\n<td width=\"144\">\n<p align=\"center\"><a href=\"http:\/\/www2.unifap.br\/matematica\/files\/2017\/01\/tcc.2014-raimundo-dos-santos.pdf\">Abordagem Te\u00f3rica e Aplicacional das Integrais Duplas<\/a><\/p>\n<\/td>\n<td width=\"144\">Jo\u00e3o Socorro Pinheiro Ferreira<\/p>\n<p>Guzman Eul\u00e1lio Isla Chamilco<\/p>\n<p>Jos\u00e9 Walter C\u00e1rdenas Sotil<\/td>\n<\/tr>\n<tr>\n<td width=\"144\">Elizabeth Gomes Souza<\/td>\n<td width=\"144\">Ruthilene Bastos Cabral Malcher<\/td>\n<td width=\"144\">\n<p align=\"center\"><a href=\"http:\/\/www2.unifap.br\/matematica\/files\/2017\/01\/tcc-2014-ruthlene-cabral-PERFIL-DOS-INGRESSOS-DO-CURSO-DE-MATEM\u00c1TICA.pdf\">O Perfil dos Ingressos do Curso de Licenciatura Plena em Matem\u00e1tica da Universidade do Amap\u00e1 do Ano 2013<\/a><\/p>\n<\/td>\n<td width=\"144\">Elizabeth Gomes Souza<\/p>\n<p>M\u00e1rcio Aldo Lobato Bahia<\/p>\n<p>Edivaldo Pinto dos Santos<\/td>\n<\/tr>\n<tr>\n<td width=\"144\">Jos\u00e9 Walter C\u00e1rdenas Sotil<\/td>\n<td width=\"144\">Tiago da Costa Gouveia<\/td>\n<td width=\"144\">\n<p align=\"center\"><a href=\"http:\/\/www2.unifap.br\/matematica\/files\/2017\/01\/tcc-2014-Tiago-da-costa-gouveia.pdf\">Polin\u00f4mios de Hermite: Uma Aplica\u00e7\u00e3o na Mec\u00e2nica Qu\u00e2ntica<\/a><\/p>\n<\/td>\n<td width=\"144\">Jos\u00e9 Walter C\u00e1rdenas Sotil<\/p>\n<p>Guzman Eul\u00e1lio Isla Chamilco<\/p>\n<p>Marcel Lucas Pican\u00e7o Nascimento<\/td>\n<\/tr>\n<\/tbody>\n<\/table>\n","protected":false},"excerpt":{"rendered":"<p>DECLARA\u00c7\u00c3O DE BANCA DE TCC 2014 PER\u00cdODO 2014 Professor Aluno T\u00edtulo Banca Avaliadora Jefferson Ferreira Mesquita Alex Mesquita dos Santos de Souza Distribui\u00e7\u00e3o de Frequ\u00eancia: um Estudo de Caso da Cesta B\u00e1sica na Cidade de Macap\u00e1-AP Jefferson Ferreira Mesquita Jo\u00e3o Socorro Pinheiro Ferreira S\u00e9rgio Barbosa de Miranda Guzman Eul\u00e1lio Isla Chamilco Ang\u00e9lica Figueiredo Vilhena Modelagem&#8230;<\/p>\n","protected":false},"author":932,"featured_media":0,"parent":889,"menu_order":5,"comment_status":"open","ping_status":"open","template":"","meta":{"inline_featured_image":false,"site-sidebar-layout":"default","site-content-layout":"","ast-site-content-layout":"default","site-content-style":"default","site-sidebar-style":"default","ast-global-header-display":"","ast-banner-title-visibility":"","ast-main-header-display":"","ast-hfb-above-header-display":"","ast-hfb-below-header-display":"","ast-hfb-mobile-header-display":"","site-post-title":"","ast-breadcrumbs-content":"","ast-featured-img":"","footer-sml-layout":"","theme-transparent-header-meta":"","adv-header-id-meta":"","stick-header-meta":"","header-above-stick-meta":"","header-main-stick-meta":"","header-below-stick-meta":"","astra-migrate-meta-layouts":"default","ast-page-background-enabled":"default","ast-page-background-meta":{"desktop":{"background-color":"var(--ast-global-color-4)","background-image":"","background-repeat":"repeat","background-position":"center center","background-size":"auto","background-attachment":"scroll","background-type":"","background-media":"","overlay-type":"","overlay-color":"","overlay-opacity":"","overlay-gradient":""},"tablet":{"background-color":"","background-image":"","background-repeat":"repeat","background-position":"center center","background-size":"auto","background-attachment":"scroll","background-type":"","background-media":"","overlay-type":"","overlay-color":"","overlay-opacity":"","overlay-gradient":""},"mobile":{"background-color":"","background-image":"","background-repeat":"repeat","background-position":"center center","background-size":"auto","background-attachment":"scroll","background-type":"","background-media":"","overlay-type":"","overlay-color":"","overlay-opacity":"","overlay-gradient":""}},"ast-content-background-meta":{"desktop":{"background-color":"var(--ast-global-color-5)","background-image":"","background-repeat":"repeat","background-position":"center center","background-size":"auto","background-attachment":"scroll","background-type":"","background-media":"","overlay-type":"","overlay-color":"","overlay-opacity":"","overlay-gradient":""},"tablet":{"background-color":"var(--ast-global-color-5)","background-image":"","background-repeat":"repeat","background-position":"center center","background-size":"auto","background-attachment":"scroll","background-type":"","background-media":"","overlay-type":"","overlay-color":"","overlay-opacity":"","overlay-gradient":""},"mobile":{"background-color":"var(--ast-global-color-5)","background-image":"","background-repeat":"repeat","background-position":"center center","background-size":"auto","background-attachment":"scroll","background-type":"","background-media":"","overlay-type":"","overlay-color":"","overlay-opacity":"","overlay-gradient":""}},"ngg_post_thumbnail":0,"footnotes":""},"class_list":["post-1512","page","type-page","status-publish","hentry"],"_links":{"self":[{"href":"https:\/\/www2.unifap.br\/matematica\/index.php?rest_route=\/wp\/v2\/pages\/1512","targetHints":{"allow":["GET"]}}],"collection":[{"href":"https:\/\/www2.unifap.br\/matematica\/index.php?rest_route=\/wp\/v2\/pages"}],"about":[{"href":"https:\/\/www2.unifap.br\/matematica\/index.php?rest_route=\/wp\/v2\/types\/page"}],"author":[{"embeddable":true,"href":"https:\/\/www2.unifap.br\/matematica\/index.php?rest_route=\/wp\/v2\/users\/932"}],"replies":[{"embeddable":true,"href":"https:\/\/www2.unifap.br\/matematica\/index.php?rest_route=%2Fwp%2Fv2%2Fcomments&post=1512"}],"version-history":[{"count":17,"href":"https:\/\/www2.unifap.br\/matematica\/index.php?rest_route=\/wp\/v2\/pages\/1512\/revisions"}],"predecessor-version":[{"id":2032,"href":"https:\/\/www2.unifap.br\/matematica\/index.php?rest_route=\/wp\/v2\/pages\/1512\/revisions\/2032"}],"up":[{"embeddable":true,"href":"https:\/\/www2.unifap.br\/matematica\/index.php?rest_route=\/wp\/v2\/pages\/889"}],"wp:attachment":[{"href":"https:\/\/www2.unifap.br\/matematica\/index.php?rest_route=%2Fwp%2Fv2%2Fmedia&parent=1512"}],"curies":[{"name":"wp","href":"https:\/\/api.w.org\/{rel}","templated":true}]}}