{"id":1540,"date":"2017-01-17T14:17:29","date_gmt":"2017-01-17T14:17:29","guid":{"rendered":"http:\/\/www2.unifap.br\/matematica\/?page_id=1540"},"modified":"2017-07-28T14:16:39","modified_gmt":"2017-07-28T14:16:39","slug":"tcc-2015","status":"publish","type":"page","link":"https:\/\/www2.unifap.br\/matematica\/?page_id=1540","title":{"rendered":"TCC 2015"},"content":{"rendered":"<p><a href=\"http:\/\/www2.unifap.br\/matematica\/files\/2017\/01\/DECLARA\u00c7\u00c3O-DE-BANCA-DE-TCC-2015.pdf\">DECLARA\u00c7\u00c3O DE BANCA DE TCC 2015<\/a><\/p>\n<table border=\"1\" cellspacing=\"0\" cellpadding=\"0\">\n<tbody>\n<tr>\n<td colspan=\"2\" valign=\"bottom\" width=\"288\">\n<p align=\"center\"><b>PER\u00cdODO<\/b><\/p>\n<\/td>\n<td colspan=\"2\" valign=\"bottom\" width=\"288\">\n<p align=\"center\"><b>2015<\/b><\/p>\n<\/td>\n<\/tr>\n<tr>\n<td width=\"144\">\n<p align=\"center\"><b>Professor<\/b><\/p>\n<\/td>\n<td width=\"144\">\n<p align=\"center\"><b>Aluno<\/b><\/p>\n<\/td>\n<td width=\"144\">\n<p align=\"center\"><b>T\u00edtulo<\/b><\/p>\n<\/td>\n<td width=\"144\">\n<p align=\"center\"><b>Banca Avaliadora<\/b><\/p>\n<\/td>\n<\/tr>\n<tr>\n<td width=\"144\">Jo\u00e3o Socorro Pinheiro Ferreira<\/td>\n<td width=\"144\">Adriano Jones S\u00e1 Ara\u00fajo<\/p>\n<p>Reinaldo Silva dos Santos<\/td>\n<td width=\"144\">\n<p align=\"center\"><a href=\"http:\/\/www2.unifap.br\/matematica\/files\/2017\/01\/tcc-2015-Adriano-jones-O-Uso-de-Tecnologias-Digitais-no-Ensino-da-Matem\u00e1tica.pdf\">O Uso de Tecnologias Digitais no Ensino da Matem\u00e1tica<\/a><\/p>\n<\/td>\n<td width=\"144\">Jo\u00e3o Socorro Pinheiro Ferreira<\/p>\n<p>Gilberl\u00e2ndio Jesus Dias<\/p>\n<p>Edivaldo Pinto dos Santos<\/td>\n<\/tr>\n<tr>\n<td width=\"144\">Kelmen da Cruz Barroso<\/td>\n<td width=\"144\">Jo\u00e3o Felipe Fonseca da Silva<\/td>\n<td width=\"144\">\n<p align=\"center\"><a href=\"http:\/\/www2.unifap.br\/matematica\/files\/2017\/01\/Jo\u00e3o-Felipe-Fonseca-da-Silva-TCC-2015-Matem\u00e1tica.pdf\">O teorema de Lax-Milgram e Aplica\u00e7\u00f5es<\/a><\/p>\n<\/td>\n<td width=\"144\">Kelmen da Cruz Barroso<\/p>\n<p>Simone de Almeida Delphim<\/p>\n<p>Marcel Lucas Pican\u00e7o Nascimento<\/td>\n<\/tr>\n<tr>\n<td width=\"144\">Jo\u00e3o Socorro Pinheiro Ferreira<\/td>\n<td width=\"144\">Jos\u00e9 Andson Dias Braga Ribeiro<\/p>\n<p>Marcio Vasconcelos Ferreira<\/td>\n<td width=\"144\">\n<p align=\"center\"><a href=\"http:\/\/www2.unifap.br\/matematica\/files\/2017\/01\/tcc-2015-jos\u00e9-andson-Aplica\u00e7oes-de-logaritimos-para-o-ensino-medio.pdf\">Aplica\u00e7\u00f5es de Logaritmos Para o Ensino M\u00e9dio<\/a><\/p>\n<\/td>\n<td width=\"144\">Jo\u00e3o Socorro Pinheiro Ferreira<\/p>\n<p>Erasmo Senger<\/p>\n<p>Steve Wanderson Calheiros Ara\u00fajo<\/td>\n<\/tr>\n<tr>\n<td width=\"144\">Jos\u00e9 Walter C\u00e1rdenas Soltil<\/td>\n<td width=\"144\">Jos\u00e9 Ivaney Ara\u00fajo da Silva<\/p>\n<p>Solano Nicolas Costa de Carvalho<\/td>\n<td width=\"144\">\n<p align=\"center\"><a href=\"http:\/\/www2.unifap.br\/matematica\/files\/2017\/01\/tcc-2015-jose-ivaney-Representacoes-de-relacoes-matricial-e-por-grafo-direcionado.pdf\">Representa\u00e7\u00e3o de Rela\u00e7\u00f5es: Matricial e Por Grafo Direcionado<\/a><\/p>\n<\/td>\n<td width=\"144\">Jos\u00e9 Walter C\u00e1rdenas Soltil<\/p>\n<p>Erasmo Senger<\/p>\n<p>Guzman Eul\u00e1lio Isla Chamilco<\/td>\n<\/tr>\n<tr>\n<td width=\"144\">Kelmen da Cruz Barroso<\/td>\n<td width=\"144\">Jos\u00e9 Pastana de Oliveira Neto<\/td>\n<td width=\"144\">\n<p align=\"center\"><a href=\"http:\/\/www2.unifap.br\/matematica\/files\/2017\/01\/Jos\u00e9-Pastana-de-Oliveira-Neto-TCC-2015-Matem\u00e1tica-2011.pdf\">Exist\u00eancia de Solu\u00e7\u00e3o Fraca Para um Problema de Dirichlet N\u00e3o-Linear com a Condi\u00e7\u00e3o de Ambrosetti-Rabinow<\/a><\/p>\n<\/td>\n<td width=\"144\">Kelmen da Cruz Barroso<\/p>\n<p>Gilberl\u00e2ndio Jesus Dias<\/p>\n<p>Jos\u00e9 Walter C\u00e1rdenas Sotil<\/td>\n<\/tr>\n<tr>\n<td width=\"144\">Guzman Eul\u00e1lio Isla Chamilco<\/td>\n<td width=\"144\">Junielson Pantoja de Aquino<\/td>\n<td width=\"144\">\n<p align=\"center\"><a href=\"http:\/\/www2.unifap.br\/matematica\/files\/2017\/01\/tcc-2015-junielson-pantoja-TEOREMA-DE-HAHN-BANACH.pdf\">Teorema de Hahn-Banach e Aplica\u00e7\u00f5es<\/a><\/p>\n<\/td>\n<td width=\"144\">Guzman Eul\u00e1lio Isla Chamilco<\/p>\n<p>Gilberl\u00e2ndio Jesus Dias<\/p>\n<p>Jos\u00e9 Walter C\u00e1rdenas Sotil<\/td>\n<\/tr>\n<tr>\n<td width=\"144\">Edivaldo Pinto dos Santos<\/td>\n<td width=\"144\">Thiago Costa da Silva<\/p>\n<p>Wilerson de Almeida Pereira<\/td>\n<td width=\"144\">\n<p align=\"center\"><a href=\"http:\/\/www2.unifap.br\/matematica\/files\/2017\/01\/TCC-2015-thiago-costa.pdf\">Educa\u00e7\u00e3o Financeira Para Alunos do Ensino M\u00e9dio em Macap\u00e1-AP<\/a><\/p>\n<\/td>\n<td width=\"144\">Edivaldo Pinto dos Santos<\/p>\n<p>Jo\u00e3o Socorro Pinheiro Ferreira<\/p>\n<p>Naralina Viana Soares da Silva<\/td>\n<\/tr>\n<tr>\n<td width=\"144\">Guzman Eul\u00e1lio Isla Chamilco<\/td>\n<td width=\"144\">Melquisedeque Pimentel Pacheco<\/p>\n<p>Valdeir Pires Moraes<\/td>\n<td width=\"144\">\n<p align=\"center\"><a href=\"http:\/\/www2.unifap.br\/matematica\/files\/2017\/01\/TCC-2015-valdeir-pires-TEOREMA-DE-LYAPUNOV.pdf\">Teorema de Lyapunov<\/a><\/p>\n<\/td>\n<td width=\"144\">Guzman Eul\u00e1lio Isla Chamilco<\/p>\n<p>Caroline Lima de Souza<\/p>\n<p>Kelmen da Cruz Barroso<\/td>\n<\/tr>\n<tr>\n<td width=\"144\">Kelmen da Cruz Barroso<\/td>\n<td width=\"144\">Welber Aires de Oliveira<\/td>\n<td width=\"144\">\n<p align=\"center\"><a href=\"http:\/\/www2.unifap.br\/matematica\/files\/2017\/01\/tcc-2015-welber-aires.pdf\">T\u00f3picos de An\u00e1lise Funcional e uma Aplica\u00e7\u00e3o do Teorema do Ponto Fixo de Banach<\/a><\/p>\n<\/td>\n<td width=\"144\">Kelmen da Cruz Barroso<\/p>\n<p>Marcel Lucas Pican\u00e7o Nascimento<\/p>\n<p>Guzman Eul\u00e1lio Isla Chamilco<\/td>\n<\/tr>\n<\/tbody>\n<\/table>\n","protected":false},"excerpt":{"rendered":"<p>DECLARA\u00c7\u00c3O DE BANCA DE TCC 2015 PER\u00cdODO 2015 Professor Aluno T\u00edtulo Banca Avaliadora Jo\u00e3o Socorro Pinheiro Ferreira Adriano Jones S\u00e1 Ara\u00fajo Reinaldo Silva dos Santos O Uso de Tecnologias Digitais no Ensino da Matem\u00e1tica Jo\u00e3o Socorro Pinheiro Ferreira Gilberl\u00e2ndio Jesus Dias Edivaldo Pinto dos Santos Kelmen da Cruz Barroso Jo\u00e3o Felipe Fonseca da Silva O&#8230;<\/p>\n","protected":false},"author":932,"featured_media":0,"parent":889,"menu_order":6,"comment_status":"open","ping_status":"open","template":"","meta":{"inline_featured_image":false,"site-sidebar-layout":"default","site-content-layout":"","ast-site-content-layout":"default","site-content-style":"default","site-sidebar-style":"default","ast-global-header-display":"","ast-banner-title-visibility":"","ast-main-header-display":"","ast-hfb-above-header-display":"","ast-hfb-below-header-display":"","ast-hfb-mobile-header-display":"","site-post-title":"","ast-breadcrumbs-content":"","ast-featured-img":"","footer-sml-layout":"","theme-transparent-header-meta":"","adv-header-id-meta":"","stick-header-meta":"","header-above-stick-meta":"","header-main-stick-meta":"","header-below-stick-meta":"","astra-migrate-meta-layouts":"default","ast-page-background-enabled":"default","ast-page-background-meta":{"desktop":{"background-color":"var(--ast-global-color-4)","background-image":"","background-repeat":"repeat","background-position":"center center","background-size":"auto","background-attachment":"scroll","background-type":"","background-media":"","overlay-type":"","overlay-color":"","overlay-opacity":"","overlay-gradient":""},"tablet":{"background-color":"","background-image":"","background-repeat":"repeat","background-position":"center center","background-size":"auto","background-attachment":"scroll","background-type":"","background-media":"","overlay-type":"","overlay-color":"","overlay-opacity":"","overlay-gradient":""},"mobile":{"background-color":"","background-image":"","background-repeat":"repeat","background-position":"center center","background-size":"auto","background-attachment":"scroll","background-type":"","background-media":"","overlay-type":"","overlay-color":"","overlay-opacity":"","overlay-gradient":""}},"ast-content-background-meta":{"desktop":{"background-color":"var(--ast-global-color-5)","background-image":"","background-repeat":"repeat","background-position":"center center","background-size":"auto","background-attachment":"scroll","background-type":"","background-media":"","overlay-type":"","overlay-color":"","overlay-opacity":"","overlay-gradient":""},"tablet":{"background-color":"var(--ast-global-color-5)","background-image":"","background-repeat":"repeat","background-position":"center center","background-size":"auto","background-attachment":"scroll","background-type":"","background-media":"","overlay-type":"","overlay-color":"","overlay-opacity":"","overlay-gradient":""},"mobile":{"background-color":"var(--ast-global-color-5)","background-image":"","background-repeat":"repeat","background-position":"center center","background-size":"auto","background-attachment":"scroll","background-type":"","background-media":"","overlay-type":"","overlay-color":"","overlay-opacity":"","overlay-gradient":""}},"ngg_post_thumbnail":0,"footnotes":""},"class_list":["post-1540","page","type-page","status-publish","hentry"],"_links":{"self":[{"href":"https:\/\/www2.unifap.br\/matematica\/index.php?rest_route=\/wp\/v2\/pages\/1540","targetHints":{"allow":["GET"]}}],"collection":[{"href":"https:\/\/www2.unifap.br\/matematica\/index.php?rest_route=\/wp\/v2\/pages"}],"about":[{"href":"https:\/\/www2.unifap.br\/matematica\/index.php?rest_route=\/wp\/v2\/types\/page"}],"author":[{"embeddable":true,"href":"https:\/\/www2.unifap.br\/matematica\/index.php?rest_route=\/wp\/v2\/users\/932"}],"replies":[{"embeddable":true,"href":"https:\/\/www2.unifap.br\/matematica\/index.php?rest_route=%2Fwp%2Fv2%2Fcomments&post=1540"}],"version-history":[{"count":10,"href":"https:\/\/www2.unifap.br\/matematica\/index.php?rest_route=\/wp\/v2\/pages\/1540\/revisions"}],"predecessor-version":[{"id":2044,"href":"https:\/\/www2.unifap.br\/matematica\/index.php?rest_route=\/wp\/v2\/pages\/1540\/revisions\/2044"}],"up":[{"embeddable":true,"href":"https:\/\/www2.unifap.br\/matematica\/index.php?rest_route=\/wp\/v2\/pages\/889"}],"wp:attachment":[{"href":"https:\/\/www2.unifap.br\/matematica\/index.php?rest_route=%2Fwp%2Fv2%2Fmedia&parent=1540"}],"curies":[{"name":"wp","href":"https:\/\/api.w.org\/{rel}","templated":true}]}}