{"id":1863,"date":"2017-07-03T11:56:28","date_gmt":"2017-07-03T11:56:28","guid":{"rendered":"http:\/\/www2.unifap.br\/matematica\/?page_id=1863"},"modified":"2017-07-03T12:11:23","modified_gmt":"2017-07-03T12:11:23","slug":"tcc-2010","status":"publish","type":"page","link":"https:\/\/www2.unifap.br\/matematica\/?page_id=1863","title":{"rendered":"TCC 2010"},"content":{"rendered":"<p><a href=\"http:\/\/www2.unifap.br\/matematica\/files\/2017\/07\/DECLARA\u00c7\u00c3O-DE-BANCA-DE-TCC-2010.pdf\">DECLARA\u00c7\u00c3O DE BANCA DE TCC 2010<\/a><\/p>\n<table border=\"1\" cellspacing=\"0\" cellpadding=\"0\">\n<tbody>\n<tr>\n<td colspan=\"2\" valign=\"bottom\" width=\"288\">\n<p align=\"center\"><b>PER\u00cdODO<\/b><\/p>\n<\/td>\n<td colspan=\"2\" valign=\"bottom\" width=\"288\">\n<p align=\"center\"><b>2010<\/b><\/p>\n<\/td>\n<\/tr>\n<tr>\n<td width=\"144\">\n<p align=\"center\"><b>Professor<\/b><\/p>\n<\/td>\n<td width=\"144\">\n<p align=\"center\"><b>Aluno<\/b><\/p>\n<\/td>\n<td width=\"144\">\n<p align=\"center\"><b>T\u00edtulo<\/b><\/p>\n<\/td>\n<td width=\"144\">\n<p align=\"center\"><b>Banca Avaliadora<\/b><\/p>\n<\/td>\n<\/tr>\n<tr>\n<td width=\"144\">Jos\u00e9 Walter C\u00e1rdenas Soltil<\/td>\n<td width=\"144\">Alanjocer da Concei\u00e7\u00e3o Lopes<\/p>\n<p>Ricardo Andr\u00e9 Maciel da Cruz<\/td>\n<td width=\"144\">\n<p align=\"center\"><a href=\"http:\/\/www2.unifap.br\/matematica\/files\/2017\/06\/TCC-UNIFAP-Alanjocer-2010.pdf\">M\u00e9todos de Contagem e Aplica\u00e7\u00f5es<\/a><\/p>\n<\/td>\n<td width=\"144\">Jos\u00e9 Walter C\u00e1rdenas Sotil<\/p>\n<p>Guzman Eul\u00e1lio isla Chamilco<\/p>\n<p>V\u00e2nia de F\u00e1tima Lemes de Miranda<\/td>\n<\/tr>\n<tr>\n<td width=\"144\">Steve Wanderson Calheiros de Ara\u00fajo<\/td>\n<td width=\"144\">Ana L\u00facia Sousa Cardoso<\/p>\n<p>Edson de Souza Mira<\/p>\n<p>Nazareno do Socorro Rodrigues dos Santos<\/p>\n<p>Ribamar Bahia da Costa<\/p>\n<p>Rosita Candeira de Oliveira Filha<\/td>\n<td width=\"144\">\n<p align=\"center\"><a href=\"http:\/\/www2.unifap.br\/matematica\/files\/2017\/06\/TCC-EDSON-MIRA-2010.pdf\">Estudo do Desempenho Acad\u00eamico no Curso de Gradua\u00e7\u00e3o em Matem\u00e1tica da Universidade Federal do Amap\u00e1 nos Anos de 2001 e 2006<\/a><\/p>\n<\/td>\n<td width=\"144\"><\/td>\n<\/tr>\n<tr>\n<td width=\"144\">Arthane Menezes Figueiredo<\/td>\n<td width=\"144\">Alex dos Santos da Costa<\/p>\n<p>Diego Borges de Oliveira<\/p>\n<p>Jhonatan Fonseca Amoras<\/td>\n<td width=\"144\">\n<p align=\"center\"><a href=\"http:\/\/www2.unifap.br\/matematica\/files\/2017\/06\/TCC2010-Alex-dos-santos.pdf\">Multiplano como Instrumento de Apropria\u00e7\u00e3o de Equa\u00e7\u00f5es do 1\u00b0 Grau por Alunos Cegos<\/a><\/p>\n<\/td>\n<td width=\"144\"><\/td>\n<\/tr>\n<tr>\n<td width=\"144\">Ana Raquel de Oliveira Costa Possas<\/td>\n<td width=\"144\">Daniel dos Santos Pereira<\/p>\n<p>Elias da Silva Sobrinho<\/td>\n<td width=\"144\">\n<p align=\"center\"><a href=\"http:\/\/www2.unifap.br\/matematica\/files\/2017\/06\/TCC_UNIFAP-2010-Daniel-Pereira.docx\">Utiliza\u00e7\u00e3o do Aplicativo Microsoft Excel no Ensino da Estat\u00edstica<\/a><\/p>\n<\/td>\n<td width=\"144\">Ana Raquel de Oliveira Costa Possas<\/td>\n<\/tr>\n<tr>\n<td width=\"144\">Jos\u00e9 Walter C\u00e1rdenas Sotil<\/td>\n<td width=\"144\">Jakson Ferreira de Ara\u00fajo<\/p>\n<p>Willian do Monte Meireles<\/td>\n<td width=\"144\">\n<p align=\"center\"><a href=\"http:\/\/www2.unifap.br\/matematica\/files\/2017\/06\/JAKSON_FERREIRA_E_WILLIAN_MONTE-2010.pdf\">C\u00f4nicas: Calculo Direto da Excentricidade em Termos dos Coeficientes da Quadr\u00e1tica<\/a><\/p>\n<\/td>\n<td width=\"144\">Jos\u00e9 Walter C\u00e1rdenas Sotil<\/p>\n<p>Guzman Eul\u00e1lio Isla Chamilco<\/p>\n<p>Steve Wanderson Calheiros de Ara\u00fajo<\/td>\n<\/tr>\n<tr>\n<td width=\"144\">Guzman Eul\u00e1lio Isla Chamilco<\/td>\n<td width=\"144\">Josiane Oliveira dos Santos<\/td>\n<td width=\"144\">\n<p align=\"center\"><a href=\"http:\/\/www2.unifap.br\/matematica\/files\/2017\/06\/TCC_JOSIANE-2010.pdf\">\u00c1lgebra no cubo de Rubik<\/a><\/p>\n<\/td>\n<td width=\"144\">Guzman Eul\u00e1lio Isla Chamilco<\/p>\n<p>Jos\u00e9 Walter C\u00e1rdenas Sotil<\/p>\n<p>Marcio Aldo Lobato Bahia<\/td>\n<\/tr>\n<tr>\n<td width=\"144\">Guzman Eul\u00e1lio Isla Chamilco<\/td>\n<td width=\"144\">Orivaldo Nazareno Monteiro de Ataide<\/td>\n<td width=\"144\">\n<p align=\"center\"><a href=\"http:\/\/www2.unifap.br\/matematica\/files\/2017\/06\/TCC-DE-ORIVALDO-NAZARENO-2010.pdf\">Uma Abordagem Alternativa de Pontos, Retas e Pol\u00edgonos na Geometria Anal\u00edtica Plana<\/a><\/p>\n<\/td>\n<td width=\"144\">Guzman Eul\u00e1lio Isla Chamilco<\/p>\n<p>Steve Wanderson Calheiros de Ara\u00fajo<\/p>\n<p>Jos\u00e9 Walter C\u00e1rdenas Sotil<\/td>\n<\/tr>\n<tr>\n<td width=\"144\">Jos\u00e9 Walter C\u00e1rdenas Sotil<\/td>\n<td width=\"144\">Ranon de Souza Gomes<\/td>\n<td width=\"144\">\n<p align=\"center\"><a href=\"http:\/\/www2.unifap.br\/matematica\/files\/2017\/06\/TCC-RANON-2010.pdf\">Modelagem Matem\u00e1tica em Cin\u00e9tica Qu\u00edmica<\/a><\/p>\n<\/td>\n<td width=\"144\">Jos\u00e9 Walter C\u00e1rdenas Sotil<\/p>\n<p>Guzman Eul\u00e1lio Isla Chamilco<\/p>\n<p>Simone de Almeida Delphim Leal<\/td>\n<\/tr>\n<tr>\n<td width=\"144\">Arthane Menezes Figueiredo<\/td>\n<td width=\"144\">Renilda Rodrigues do R\u00eago Silva<\/td>\n<td width=\"144\">\n<p align=\"center\"><a href=\"http:\/\/www2.unifap.br\/matematica\/files\/2017\/06\/TCC_CONCEP.-PROF.-MATEM\u00c1TICA_METODOL.-RENILDA-2010.pdf\">Concep\u00e7\u00f5es de Professores de Matem\u00e1tica e as Metodologias Alternativas Para o Ensino de 5\u00aa a 8\u00aa S\u00e9ries<\/a><\/p>\n<\/td>\n<td width=\"144\">Arthane Menezes Figueiredo<\/p>\n<p>Arlindo Moreira da Silva Filho<\/p>\n<p>Ana Raquel de Oliveira Costa Possas<\/td>\n<\/tr>\n<tr>\n<td width=\"144\">Steve Wanderson Calheiros de Ara\u00fajo<\/td>\n<td width=\"144\">Max de Oliveira Rodrigues<\/p>\n<p>M\u00e1rcio Roberto Sousa Pereira<\/p>\n<p>Delcides Mergulh\u00e3o Brasil<\/td>\n<td width=\"144\">\n<p align=\"center\"><a href=\"http:\/\/www2.unifap.br\/matematica\/files\/2017\/06\/TCC-Teorema-da-Decomposi\u00e7\u00e3o-Prim\u00e1ria.-Max-Oliveira-2010.pdf\">Teorema da Decomposi\u00e7\u00e3o Prim\u00e1ria<\/a><\/p>\n<\/td>\n<td width=\"144\">Steve Wanderson Calheiros de Ara\u00fajo<\/p>\n<p>Simone de Almeida Delphim Leal<\/p>\n<p>Maur\u00edcio Firmino Silva Lima<\/td>\n<\/tr>\n<\/tbody>\n<\/table>\n","protected":false},"excerpt":{"rendered":"<p>DECLARA\u00c7\u00c3O DE BANCA DE TCC 2010 PER\u00cdODO 2010 Professor Aluno T\u00edtulo Banca Avaliadora Jos\u00e9 Walter C\u00e1rdenas Soltil Alanjocer da Concei\u00e7\u00e3o Lopes Ricardo Andr\u00e9 Maciel da Cruz M\u00e9todos de Contagem e Aplica\u00e7\u00f5es Jos\u00e9 Walter C\u00e1rdenas Sotil Guzman Eul\u00e1lio isla Chamilco V\u00e2nia de F\u00e1tima Lemes de Miranda Steve Wanderson Calheiros de Ara\u00fajo Ana L\u00facia Sousa Cardoso Edson&#8230;<\/p>\n","protected":false},"author":844,"featured_media":0,"parent":889,"menu_order":0,"comment_status":"open","ping_status":"open","template":"","meta":{"inline_featured_image":false,"site-sidebar-layout":"default","site-content-layout":"","ast-site-content-layout":"default","site-content-style":"default","site-sidebar-style":"default","ast-global-header-display":"","ast-banner-title-visibility":"","ast-main-header-display":"","ast-hfb-above-header-display":"","ast-hfb-below-header-display":"","ast-hfb-mobile-header-display":"","site-post-title":"","ast-breadcrumbs-content":"","ast-featured-img":"","footer-sml-layout":"","theme-transparent-header-meta":"","adv-header-id-meta":"","stick-header-meta":"","header-above-stick-meta":"","header-main-stick-meta":"","header-below-stick-meta":"","astra-migrate-meta-layouts":"default","ast-page-background-enabled":"default","ast-page-background-meta":{"desktop":{"background-color":"var(--ast-global-color-4)","background-image":"","background-repeat":"repeat","background-position":"center center","background-size":"auto","background-attachment":"scroll","background-type":"","background-media":"","overlay-type":"","overlay-color":"","overlay-opacity":"","overlay-gradient":""},"tablet":{"background-color":"","background-image":"","background-repeat":"repeat","background-position":"center center","background-size":"auto","background-attachment":"scroll","background-type":"","background-media":"","overlay-type":"","overlay-color":"","overlay-opacity":"","overlay-gradient":""},"mobile":{"background-color":"","background-image":"","background-repeat":"repeat","background-position":"center center","background-size":"auto","background-attachment":"scroll","background-type":"","background-media":"","overlay-type":"","overlay-color":"","overlay-opacity":"","overlay-gradient":""}},"ast-content-background-meta":{"desktop":{"background-color":"var(--ast-global-color-5)","background-image":"","background-repeat":"repeat","background-position":"center center","background-size":"auto","background-attachment":"scroll","background-type":"","background-media":"","overlay-type":"","overlay-color":"","overlay-opacity":"","overlay-gradient":""},"tablet":{"background-color":"var(--ast-global-color-5)","background-image":"","background-repeat":"repeat","background-position":"center center","background-size":"auto","background-attachment":"scroll","background-type":"","background-media":"","overlay-type":"","overlay-color":"","overlay-opacity":"","overlay-gradient":""},"mobile":{"background-color":"var(--ast-global-color-5)","background-image":"","background-repeat":"repeat","background-position":"center center","background-size":"auto","background-attachment":"scroll","background-type":"","background-media":"","overlay-type":"","overlay-color":"","overlay-opacity":"","overlay-gradient":""}},"ngg_post_thumbnail":0,"footnotes":""},"class_list":["post-1863","page","type-page","status-publish","hentry"],"_links":{"self":[{"href":"https:\/\/www2.unifap.br\/matematica\/index.php?rest_route=\/wp\/v2\/pages\/1863","targetHints":{"allow":["GET"]}}],"collection":[{"href":"https:\/\/www2.unifap.br\/matematica\/index.php?rest_route=\/wp\/v2\/pages"}],"about":[{"href":"https:\/\/www2.unifap.br\/matematica\/index.php?rest_route=\/wp\/v2\/types\/page"}],"author":[{"embeddable":true,"href":"https:\/\/www2.unifap.br\/matematica\/index.php?rest_route=\/wp\/v2\/users\/844"}],"replies":[{"embeddable":true,"href":"https:\/\/www2.unifap.br\/matematica\/index.php?rest_route=%2Fwp%2Fv2%2Fcomments&post=1863"}],"version-history":[{"count":4,"href":"https:\/\/www2.unifap.br\/matematica\/index.php?rest_route=\/wp\/v2\/pages\/1863\/revisions"}],"predecessor-version":[{"id":1871,"href":"https:\/\/www2.unifap.br\/matematica\/index.php?rest_route=\/wp\/v2\/pages\/1863\/revisions\/1871"}],"up":[{"embeddable":true,"href":"https:\/\/www2.unifap.br\/matematica\/index.php?rest_route=\/wp\/v2\/pages\/889"}],"wp:attachment":[{"href":"https:\/\/www2.unifap.br\/matematica\/index.php?rest_route=%2Fwp%2Fv2%2Fmedia&parent=1863"}],"curies":[{"name":"wp","href":"https:\/\/api.w.org\/{rel}","templated":true}]}}