{"id":1872,"date":"2017-07-03T13:10:37","date_gmt":"2017-07-03T13:10:37","guid":{"rendered":"http:\/\/www2.unifap.br\/matematica\/?page_id=1872"},"modified":"2017-07-03T13:10:37","modified_gmt":"2017-07-03T13:10:37","slug":"tcc-2011","status":"publish","type":"page","link":"https:\/\/www2.unifap.br\/matematica\/?page_id=1872","title":{"rendered":"TCC 2011"},"content":{"rendered":"<p><a href=\"http:\/\/www2.unifap.br\/matematica\/files\/2017\/07\/DECLARA\u00c7\u00c3O-DE-BANCA-DE-TCC-2011.pdf\">DECLARA\u00c7\u00c3O DE BANCA DE TCC 2011<\/a><\/p>\n<table border=\"1\" cellspacing=\"0\" cellpadding=\"0\">\n<tbody>\n<tr>\n<td colspan=\"2\" valign=\"bottom\" width=\"289\">\n<p align=\"center\"><b>PER\u00cdODO<\/b><\/p>\n<\/td>\n<td colspan=\"2\" valign=\"bottom\" width=\"288\">\n<p align=\"center\"><b>2011<\/b><\/p>\n<\/td>\n<\/tr>\n<tr>\n<td width=\"144\">\n<p align=\"center\"><b>Professor<\/b><\/p>\n<\/td>\n<td width=\"144\">\n<p align=\"center\"><b>Aluno<\/b><\/p>\n<\/td>\n<td width=\"144\">\n<p align=\"center\"><b>T\u00edtulo<\/b><\/p>\n<\/td>\n<td width=\"144\">\n<p align=\"center\"><b>Banca Avaliadora<\/b><\/p>\n<\/td>\n<\/tr>\n<tr>\n<td width=\"144\">Guzman Eul\u00e1lio Isla Chamilco<\/td>\n<td width=\"144\">Amaury Oliveira Gemaque<\/p>\n<p>Pedro Miranda Ara\u00fajo<\/td>\n<td width=\"144\">\n<p align=\"center\"><a href=\"http:\/\/www2.unifap.br\/matematica\/files\/2017\/07\/TCC-amaury-oliveira.pdf\">Modelo Matem\u00e1tico da Transmiss\u00e3o de Dengue<\/a><\/p>\n<\/td>\n<td width=\"144\">Guzman Eul\u00e1lio Isla Chamilco<\/p>\n<p>Jos\u00e9 Walter C\u00e1rdenas Soltil<\/p>\n<p>Erasmo Senger<\/td>\n<\/tr>\n<tr>\n<td width=\"144\">Ana Raquel Oliveira da Costa Possas<\/td>\n<td width=\"144\">Armando Lima da Costa<\/p>\n<p>Jucivaldo Santana Ladislau<\/p>\n<p>Paulo Pantoja de Souza<\/td>\n<td width=\"144\">\n<p align=\"center\"><a href=\"http:\/\/www2.unifap.br\/matematica\/files\/2017\/07\/TCC-ARMANDO-JUCIVALDO-PAULO-2011.pdf\">O Projeto Xadrex Vivo da Escola Crian\u00e7as Alegres e Suas Contribui\u00e7\u00f5es na Aprendizagem Matem\u00e1tica dos Alunos de 5\u00aa a 8\u00aa S\u00e9ries do Ensino Fudamental<\/a><\/p>\n<\/td>\n<td width=\"144\">Ana Raquel Oliveira da Costa Possas<\/p>\n<p>Guzman Eul\u00e1lio Isla Chamilco<\/p>\n<p>M\u00e1rcio Aldo Lobato Bahia<\/td>\n<\/tr>\n<tr>\n<td width=\"144\">Wanderson Calheiros de Ara\u00fajo<\/td>\n<td width=\"144\">Bruno de Nazar\u00e9<\/td>\n<td width=\"144\">\n<p align=\"center\"><a href=\"http:\/\/www2.unifap.br\/matematica\/files\/2017\/07\/tcc_bruno2011.pdf\">A Fun\u00e7\u00e3o Zeta de Riemann<\/a><\/p>\n<\/td>\n<td width=\"144\">Wanderson Calheiros de Ara\u00fajo<\/p>\n<p>M\u00e1rcio Aldo Lobato Bahia<\/p>\n<p>Gilberl\u00e2ndio Jesus Dias<\/td>\n<\/tr>\n<tr>\n<td width=\"144\">Arlindo Moreira da Silva Filho<\/td>\n<td width=\"144\">Bruno Ferreira Sanches<\/p>\n<p>Douglas Coutinho de Souza<\/p>\n<p>R\u00f4mulo Narayan Condes Barbosa<\/td>\n<td width=\"144\">\n<p align=\"center\"><a href=\"http:\/\/www2.unifap.br\/matematica\/files\/2017\/07\/TCC-2011-Bruno-ferreira-Geogebra-Uma-ferramenta-INterativa-para-o-ensino-da-Matem\u00e1tica.pdf\">O Ambiente do Software Geogebra: Uma Ferramenta Interativa para o Ensino da Matem\u00e1tica<\/a><\/p>\n<\/td>\n<td width=\"144\">Arlindo Moreira da Silva Filho<\/p>\n<p>Ana Claudia Peixoto de Cristo<\/p>\n<p>Edivaldo Pinto dos Santos<\/td>\n<\/tr>\n<tr>\n<td width=\"144\">Jos\u00e9 Walter C\u00e1rdenas Soltil<\/td>\n<td width=\"144\">Cicero Deybison da Silva Santos<\/p>\n<p>Micael do Pilar Rodrigues<\/td>\n<td width=\"144\">\n<p align=\"center\"><a href=\"http:\/\/www2.unifap.br\/matematica\/files\/2017\/07\/TCC-Cicero-e-Micael-2011.pdf\">O Teorema de Pit\u00e1goras e suas Aplica\u00e7\u00f5es<\/a><\/p>\n<\/td>\n<td width=\"144\">Jos\u00e9 Walter C\u00e1rdenas Soltil<\/p>\n<p>Guzman Eul\u00e1lio Isla Chamilco<\/p>\n<p>Erasmo Senger<\/td>\n<\/tr>\n<tr>\n<td width=\"144\">M\u00e1rcio Aldo Lobato Bahia<\/td>\n<td width=\"144\">Claudia Barrozo Dias<\/p>\n<p>Sim\u00e9ia Barbosa dos Reis<\/td>\n<td width=\"144\">\n<p align=\"center\"><a href=\"http:\/\/www2.unifap.br\/matematica\/files\/2017\/07\/tcc-2011-claudia-dias-Constru\u00e7\u00e3o-dos-N\u00fameros-Naturais-a-partir-dos-Axiomas-de-Peano.pdf\">Constru\u00e7\u00e3o dos N\u00fameros Naturais a Partir dos Axiomas de Peano<\/a><\/p>\n<\/td>\n<td width=\"144\">M\u00e1rcio Aldo Lobato Bahia<\/p>\n<p>Erasmo Senger<\/p>\n<p>Steve Wanderson Calheiros de Ara\u00fajo<\/td>\n<\/tr>\n<tr>\n<td width=\"144\">Jos\u00e9 Walter C\u00e1rdenas Soltil<\/td>\n<td width=\"144\">Daianne de Almeida<\/td>\n<td width=\"144\">\n<p align=\"center\"><a href=\"http:\/\/www2.unifap.br\/matematica\/files\/2017\/07\/TCC-2011-Distribuicao.NB_.Daianne.pdf\">Distribui\u00e7\u00e3o de Newcomb-Benford: Teoria e Aplica\u00e7\u00f5es no PIB da Regi\u00e3o Norte do Brasil, Tributos e Consumo de Energia no Estado do Amap\u00e1<\/a><\/p>\n<\/td>\n<td width=\"144\">Jos\u00e9 Walter C\u00e1rdenas Soltil<\/p>\n<p>Guzman Eul\u00e1lio Isla Chamilco<\/p>\n<p>Erasmo Senger<\/td>\n<\/tr>\n<tr>\n<td width=\"144\">Steve Wanderson Calheiros de Ara\u00fajo<\/td>\n<td width=\"144\">Daniel Freitas Martins dos Santos<\/p>\n<p>Levy da Silva Tavares<\/p>\n<p>M\u00e1rcia Caroline de Souza Jesus<\/td>\n<td width=\"144\">\n<p align=\"center\"><a href=\"http:\/\/www2.unifap.br\/matematica\/files\/2017\/07\/tcc-2011-Daniel-Martins-LaTeX1.pdf\">Teorema do Ponto Fixo de Banach em Espa\u00e7o M\u00e9trico<\/a><\/p>\n<\/td>\n<td width=\"144\">Steve Wanderson Calheiros de Ara\u00fajo<\/p>\n<p>M\u00e1rcio Aldo Lobato Bahia<\/p>\n<p>Steve Wanderson Calheiros de Ara\u00fajo<\/td>\n<\/tr>\n<tr>\n<td width=\"144\">Guzman Eul\u00e1lio Isla Chamilco<\/td>\n<td width=\"144\">Dianne de Ara\u00fajo da Silva<\/p>\n<p>Wilson Vagner da Silva Cardoso<\/td>\n<td width=\"144\">\n<p align=\"center\"><a href=\"http:\/\/www2.unifap.br\/matematica\/files\/2017\/07\/tcc-2011-Dianne-da-Silva.pdf\">A Evolu\u00e7\u00e3o dos Modelos Matem\u00e1ticos Para Din\u00e2micas Populacionais<\/a><\/p>\n<\/td>\n<td width=\"144\">Guzman Eul\u00e1lio Isla Chamilco<\/p>\n<p>Jos\u00e9 Walter C\u00e1rdenas Soltil<\/p>\n<p>Erasmo Senger<\/td>\n<\/tr>\n<tr>\n<td width=\"144\">Jos\u00e9 Walter C\u00e1rdenas Soltil<\/td>\n<td width=\"144\">Diego Flexa dos Santos<\/p>\n<p>S\u00e2mia Costa de Barros<\/td>\n<td width=\"144\">\n<p align=\"center\"><a href=\"http:\/\/www2.unifap.br\/matematica\/files\/2017\/07\/tcc-2011-Diogo-flexa.pdf\">Trabalho Realizado Por Uma For\u00e7a: Uma Aplica\u00e7\u00e3o da Integral de Riemann<\/a><\/p>\n<\/td>\n<td width=\"144\">Jos\u00e9 Walter C\u00e1rdenas Soltil<\/p>\n<p>Guzman Eul\u00e1lio Isla Chamilco<\/p>\n<p>Erasmo Senger<\/td>\n<\/tr>\n<tr>\n<td width=\"144\">Jos\u00e9 Walter C\u00e1rdenas Soltil<\/td>\n<td width=\"144\">Jackson da Silva Santana<\/td>\n<td width=\"144\">\n<p align=\"center\"><a href=\"http:\/\/www2.unifap.br\/matematica\/files\/2017\/07\/tcc-2011-jackson-silva-Programa-Aplusix-com-Aplica\u00e7\u00f5es-em-\u00c1lgebra.pdf\">Programa Aplusix com Aplica\u00e7\u00f5es em \u00c1lgebra<\/a><\/p>\n<\/td>\n<td width=\"144\">Jos\u00e9 Walter C\u00e1rdenas Soltil<\/p>\n<p>Guzman Eul\u00e1lio Isla Chamilco<\/p>\n<p>Jo\u00e3o Socorro Pinheiro Ferreira<\/td>\n<\/tr>\n<tr>\n<td width=\"144\">Jos\u00e9 Walter C\u00e1rdenas Soltil<\/td>\n<td width=\"144\">Jociane Castro da Silva<\/p>\n<p>Quele Daiane Ferreira Rodrigues<\/td>\n<td width=\"144\">\n<p align=\"center\"><a href=\"http:\/\/www2.unifap.br\/matematica\/files\/2017\/07\/tcc-2011-jociane-e-quele.pdf\">Modelo de Turing: An\u00e1lise da Estabilidade dos Modelos de Schnakenberg e de Gierer e Meinhardt<\/a><\/p>\n<\/td>\n<td width=\"144\">Jos\u00e9 Walter C\u00e1rdenas Soltil<\/p>\n<p>Erasmo Senger<\/p>\n<p>Guzman Eul\u00e1lio Isla Chamilco<\/td>\n<\/tr>\n<tr>\n<td width=\"144\">Guzman Eul\u00e1lio Isla Chamilco<\/td>\n<td width=\"144\">Maraisa Priscila Rosa Pacheco<\/p>\n<p>Vanderlei Gomes de Ara\u00fajo<\/td>\n<td width=\"144\">\n<p align=\"center\"><a href=\"http:\/\/www2.unifap.br\/matematica\/files\/2017\/07\/tcc-2011-maraisa-e-vanderlei.pdf\">S\u00e9ries de Fourier em Equa\u00e7\u00f5es Diferenciais Parciais<\/a><\/p>\n<\/td>\n<td width=\"144\">Guzman Eul\u00e1lio Isla Chamilco<\/p>\n<p>Jos\u00e9 Walter C\u00e1rdenas Soltil<\/p>\n<p>Erasmo Senger<\/td>\n<\/tr>\n<tr>\n<td width=\"144\">M\u00e1rcio Aldo Lobato Bahia<\/td>\n<td width=\"144\">M\u00e1rcio Adriani Gon\u00e7alves Ribeiro<\/td>\n<td width=\"144\">\n<p align=\"center\"><a href=\"http:\/\/www2.unifap.br\/matematica\/files\/2017\/07\/tcc-2011-Monog.-M\u00e1rcio-ribeiro.pdf\">Uma Experi\u00eancia do Uso do Racioc\u00ednio L\u00f3gico na Aprendizagem Matem\u00e1tica nas S\u00e9ries Iniciais<\/a><\/p>\n<\/td>\n<td width=\"144\">M\u00e1rcio Aldo Lobato Bahia<\/p>\n<p>V\u00e2nia de F\u00e1tima Lemes de Miranda<\/p>\n<p>Jo\u00e3o Socorro Pinheiro Ferreira<\/td>\n<\/tr>\n<tr>\n<td width=\"144\">Arlindo Moreira da Silva Filho<\/td>\n<td width=\"144\">Maria de F\u00e1tima dos Santos Brito<\/p>\n<p>Rosa Em\u00edlia dos Santos Oliveira<\/p>\n<p>Wesley Furtado Lopes<\/td>\n<td width=\"144\">\n<p align=\"center\"><a href=\"http:\/\/www2.unifap.br\/matematica\/files\/2017\/07\/maria-brito-tcc-2011.pdf\">A Geometria Fractal Presente em Elementos da Natureza: ima Proposta metodol\u00f3gica Numa Abordagem Interdisciplinar<\/a><\/p>\n<\/td>\n<td width=\"144\">Arlindo Moreira da Silva Filho<\/p>\n<p>Ana Claudia<\/p>\n<p>Ana Raquel Possas<\/td>\n<\/tr>\n<tr>\n<td width=\"144\">Erasmo Senger<\/td>\n<td width=\"144\">Patr\u00edcia Uana da Rocha Cambraia<\/p>\n<p>Ronaldo Costa Senger<\/td>\n<td width=\"144\">\n<p align=\"center\"><a href=\"http:\/\/www2.unifap.br\/matematica\/files\/2017\/07\/TCC-2011-PATR\u00cdCIA-e-RONALDO.pdf\">Microsoft Exel Como Did\u00e1tico Para o Aprendizado da Matem\u00e1tica Financeira Aplicada a Juros Compostos<\/a><\/p>\n<\/td>\n<td width=\"144\">Erasmo Senger<\/p>\n<p>M\u00e1rcio Aldo Lobato Bahia<\/p>\n<p>V\u00e2nia de F\u00e1tima Lemes de Miranda<\/td>\n<\/tr>\n<tr>\n<td width=\"144\">Jos\u00e9 Walter C\u00e1rdenas Soltil<\/td>\n<td width=\"144\">M\u00e1rleson R\u00f4ndiner dos Santos Ferreira<\/td>\n<td width=\"144\">\n<p align=\"center\"><a href=\"http:\/\/www2.unifap.br\/matematica\/files\/2017\/07\/tcc-2011-marleson-ferreira-MEF.pdf\">Simula\u00e7\u00f5es Num\u00e9ricas e Estimativas de Erro das Equa\u00e7\u00f5es Diferencias Lineares de 2\u00aa Ordem Pelo M\u00e9todo dos Elementos Finitos<\/a><\/p>\n<\/td>\n<td width=\"144\">Jos\u00e9 Walter C\u00e1rdenas Soltil<\/p>\n<p>Guzman Eul\u00e1lio Isla Chamilco<\/p>\n<p>Erasmo Senger<\/td>\n<\/tr>\n<tr>\n<td width=\"144\">Erasmo Senger<\/td>\n<td width=\"144\">Aldo Cordeiro Pena<\/p>\n<p>Elienai Nascimento da Silva<\/p>\n<p>Erick Luiz Costa<\/p>\n<p>Hilton Bruno Pereira Viana<\/td>\n<td width=\"144\">\n<p align=\"center\"><a href=\"http:\/\/www2.unifap.br\/matematica\/files\/2017\/07\/tcc-2011-Aldo-pena-TEOREMA-FUNDAMENTAL-DO-C\u00c1LCULO.pdf\">Teorema Fundamental do C\u00e1lculo<\/a><\/p>\n<\/td>\n<td width=\"144\">Erasmo Senger<\/td>\n<\/tr>\n<tr>\n<td width=\"144\">Jos\u00e9 Walter C\u00e1rdenas Soltil<\/td>\n<td width=\"144\">Rafaela Penafort Mendes<\/td>\n<td width=\"144\">\n<p align=\"center\"><a href=\"http:\/\/www2.unifap.br\/matematica\/files\/2017\/07\/TCC-2011-RAFAELA-MENDES.pdf\">A solu\u00e7\u00e3o Fundamental de Equa\u00e7\u00f5es Diferenciais Ordin\u00e1rias<\/a><\/p>\n<\/td>\n<td width=\"144\">Jos\u00e9 Walter C\u00e1rdenas Soltil<\/p>\n<p>Guzman Eul\u00e1lio Isla Chamilco<\/p>\n<p>Erasmo Senger<\/td>\n<\/tr>\n<tr>\n<td width=\"144\">Jos\u00e9 Walter C\u00e1rdenas Soltil<\/td>\n<td width=\"144\">Rog\u00e9rio Brasil da Silva<\/td>\n<td width=\"144\">\n<p align=\"center\"><a href=\"http:\/\/www2.unifap.br\/matematica\/files\/2017\/07\/TCC-2011-ROG\u00c9RIO-brasil-BIBLIOTECA.pdf\">M\u00e9todo Diretos e Iterativos na Solu\u00e7\u00e3o de Sistemas de Equa\u00e7\u00f5es Lineares<\/a><\/p>\n<\/td>\n<td width=\"144\">Jos\u00e9 Walter C\u00e1rdenas Soltil<\/p>\n<p>Guzman Eul\u00e1lio Isla Chamilco<\/p>\n<p>Erasmo Senger<\/td>\n<\/tr>\n<tr>\n<td width=\"144\">Guzman Eul\u00e1lio Isla Chamilco<\/td>\n<td width=\"144\">R\u00f4mulo Lima da Gama<\/td>\n<td width=\"144\">\n<p align=\"center\"><a href=\"http:\/\/www2.unifap.br\/matematica\/files\/2017\/07\/inicio-mono-2011-romulo-gama.pdf\">Teorema da Fun\u00e7\u00e3o Inversa e Teorema da Fun\u00e7\u00e3o Impl\u00edcita Teoria e Pr\u00e1tica<\/a><\/p>\n<\/td>\n<td width=\"144\">Guzman Eul\u00e1lio Isla Chamilco<\/p>\n<p>Jos\u00e9 Walter C\u00e1rdenas Soltil<\/p>\n<p>Erasmo Senger<\/td>\n<\/tr>\n<tr>\n<td width=\"144\">Jos\u00e9 Walter C\u00e1rdenas Soltil<\/td>\n<td width=\"144\">Ronald Patric de Souza Rodrigues<\/td>\n<td width=\"144\">\n<p align=\"center\"><a href=\"http:\/\/www2.unifap.br\/matematica\/files\/2017\/07\/tcc-2011-ronald-souza.pdf\">M\u00e9todos Num\u00e9ricos Para Determinar Ra\u00edzes de Fun\u00e7\u00f5es e Vetorias<\/a><\/p>\n<\/td>\n<td width=\"144\">Jos\u00e9 Walter C\u00e1rdenas Soltil<\/p>\n<p>Erasmo Senger<\/p>\n<p>Guzman Eul\u00e1lio Isla Chamilco<\/td>\n<\/tr>\n<tr>\n<td width=\"144\">Jos\u00e9 Walter C\u00e1rdenas Soltil<\/td>\n<td width=\"144\">Sandro Rog\u00e9lio Brabo de Souza<\/p>\n<p>Gabriel de Carvalho Silva<\/p>\n<p>Geinysson Calvo da Silva<\/td>\n<td width=\"144\">\n<p align=\"center\"><a href=\"http:\/\/www2.unifap.br\/matematica\/files\/2017\/07\/tcc-2011-sandro-souza.pdf\">Modelagem Matem\u00e1tica em Economia e Propaganda de Produtos<\/a><\/p>\n<\/td>\n<td width=\"144\">Jos\u00e9 Walter C\u00e1rdenas Soltil<\/p>\n<p>Guzman Eul\u00e1lio Isla Chamilco<\/p>\n<p>Jo\u00e3o Socorro Pinheiro Ferreira<\/td>\n<\/tr>\n<tr>\n<td width=\"144\">Arlindo Moreira da Silva Filho<\/td>\n<td width=\"144\">Jo\u00e3o Denilson de Ara\u00fajo da Silva<\/p>\n<p>M\u00e1rcio dos Santos Salles<\/p>\n<p>Marcondes Marques Ferreira<\/p>\n<p>Sandro Barros da Silva<\/td>\n<td width=\"144\">\n<p align=\"center\"><a href=\"http:\/\/www2.unifap.br\/matematica\/files\/2017\/07\/TCC-2011-jo\u00e3o-araujo-LABORATORIO-MATEMATICA-6-SERIE.pdf\">A Utiliza\u00e7\u00e3o do Laborat\u00f3rio de Matem\u00e1tica na 6\u00aa S\u00e9rie das Escolas P\u00fablicas do Munic\u00edpio de Macap\u00e1<\/a><\/p>\n<\/td>\n<td width=\"144\">&nbsp;<\/td>\n<\/tr>\n<\/tbody>\n<\/table>\n","protected":false},"excerpt":{"rendered":"<p>DECLARA\u00c7\u00c3O DE BANCA DE TCC 2011 PER\u00cdODO 2011 Professor Aluno T\u00edtulo Banca Avaliadora Guzman Eul\u00e1lio Isla Chamilco Amaury Oliveira Gemaque Pedro Miranda Ara\u00fajo Modelo Matem\u00e1tico da Transmiss\u00e3o de Dengue Guzman Eul\u00e1lio Isla Chamilco Jos\u00e9 Walter C\u00e1rdenas Soltil Erasmo Senger Ana Raquel Oliveira da Costa Possas Armando Lima da Costa Jucivaldo Santana Ladislau Paulo Pantoja de&#8230;<\/p>\n","protected":false},"author":844,"featured_media":0,"parent":889,"menu_order":2,"comment_status":"open","ping_status":"open","template":"","meta":{"inline_featured_image":false,"site-sidebar-layout":"default","site-content-layout":"","ast-site-content-layout":"default","site-content-style":"default","site-sidebar-style":"default","ast-global-header-display":"","ast-banner-title-visibility":"","ast-main-header-display":"","ast-hfb-above-header-display":"","ast-hfb-below-header-display":"","ast-hfb-mobile-header-display":"","site-post-title":"","ast-breadcrumbs-content":"","ast-featured-img":"","footer-sml-layout":"","theme-transparent-header-meta":"","adv-header-id-meta":"","stick-header-meta":"","header-above-stick-meta":"","header-main-stick-meta":"","header-below-stick-meta":"","astra-migrate-meta-layouts":"default","ast-page-background-enabled":"default","ast-page-background-meta":{"desktop":{"background-color":"var(--ast-global-color-4)","background-image":"","background-repeat":"repeat","background-position":"center center","background-size":"auto","background-attachment":"scroll","background-type":"","background-media":"","overlay-type":"","overlay-color":"","overlay-opacity":"","overlay-gradient":""},"tablet":{"background-color":"","background-image":"","background-repeat":"repeat","background-position":"center center","background-size":"auto","background-attachment":"scroll","background-type":"","background-media":"","overlay-type":"","overlay-color":"","overlay-opacity":"","overlay-gradient":""},"mobile":{"background-color":"","background-image":"","background-repeat":"repeat","background-position":"center center","background-size":"auto","background-attachment":"scroll","background-type":"","background-media":"","overlay-type":"","overlay-color":"","overlay-opacity":"","overlay-gradient":""}},"ast-content-background-meta":{"desktop":{"background-color":"var(--ast-global-color-5)","background-image":"","background-repeat":"repeat","background-position":"center center","background-size":"auto","background-attachment":"scroll","background-type":"","background-media":"","overlay-type":"","overlay-color":"","overlay-opacity":"","overlay-gradient":""},"tablet":{"background-color":"var(--ast-global-color-5)","background-image":"","background-repeat":"repeat","background-position":"center center","background-size":"auto","background-attachment":"scroll","background-type":"","background-media":"","overlay-type":"","overlay-color":"","overlay-opacity":"","overlay-gradient":""},"mobile":{"background-color":"var(--ast-global-color-5)","background-image":"","background-repeat":"repeat","background-position":"center center","background-size":"auto","background-attachment":"scroll","background-type":"","background-media":"","overlay-type":"","overlay-color":"","overlay-opacity":"","overlay-gradient":""}},"ngg_post_thumbnail":0,"footnotes":""},"class_list":["post-1872","page","type-page","status-publish","hentry"],"_links":{"self":[{"href":"https:\/\/www2.unifap.br\/matematica\/index.php?rest_route=\/wp\/v2\/pages\/1872","targetHints":{"allow":["GET"]}}],"collection":[{"href":"https:\/\/www2.unifap.br\/matematica\/index.php?rest_route=\/wp\/v2\/pages"}],"about":[{"href":"https:\/\/www2.unifap.br\/matematica\/index.php?rest_route=\/wp\/v2\/types\/page"}],"author":[{"embeddable":true,"href":"https:\/\/www2.unifap.br\/matematica\/index.php?rest_route=\/wp\/v2\/users\/844"}],"replies":[{"embeddable":true,"href":"https:\/\/www2.unifap.br\/matematica\/index.php?rest_route=%2Fwp%2Fv2%2Fcomments&post=1872"}],"version-history":[{"count":1,"href":"https:\/\/www2.unifap.br\/matematica\/index.php?rest_route=\/wp\/v2\/pages\/1872\/revisions"}],"predecessor-version":[{"id":1898,"href":"https:\/\/www2.unifap.br\/matematica\/index.php?rest_route=\/wp\/v2\/pages\/1872\/revisions\/1898"}],"up":[{"embeddable":true,"href":"https:\/\/www2.unifap.br\/matematica\/index.php?rest_route=\/wp\/v2\/pages\/889"}],"wp:attachment":[{"href":"https:\/\/www2.unifap.br\/matematica\/index.php?rest_route=%2Fwp%2Fv2%2Fmedia&parent=1872"}],"curies":[{"name":"wp","href":"https:\/\/api.w.org\/{rel}","templated":true}]}}