{"id":1900,"date":"2017-07-04T12:24:37","date_gmt":"2017-07-04T12:24:37","guid":{"rendered":"http:\/\/www2.unifap.br\/matematica\/?page_id=1900"},"modified":"2017-07-04T12:24:37","modified_gmt":"2017-07-04T12:24:37","slug":"tcc-2012","status":"publish","type":"page","link":"https:\/\/www2.unifap.br\/matematica\/?page_id=1900","title":{"rendered":"TCC 2012"},"content":{"rendered":"<p><a href=\"http:\/\/www2.unifap.br\/matematica\/files\/2017\/07\/DECLARA\u00c7\u00c3O-DE-BANCA-DE-TCC-2012.pdf\">DECLARA\u00c7\u00c3O DE BANCA DE TCC 2012<\/a><\/p>\n<table border=\"1\" cellspacing=\"0\" cellpadding=\"0\">\n<tbody>\n<tr>\n<td colspan=\"2\" valign=\"bottom\" width=\"289\">\n<p align=\"center\"><b>PER\u00cdODO<\/b><\/p>\n<\/td>\n<td colspan=\"2\" valign=\"bottom\" width=\"288\">\n<p align=\"center\"><b>2012<\/b><\/p>\n<\/td>\n<\/tr>\n<tr>\n<td width=\"144\">\n<p align=\"center\"><b>Professor<\/b><\/p>\n<\/td>\n<td width=\"144\">\n<p align=\"center\"><b>Aluno<\/b><\/p>\n<\/td>\n<td width=\"144\">\n<p align=\"center\"><b>T\u00edtulo<\/b><\/p>\n<\/td>\n<td width=\"144\">\n<p align=\"center\"><b>Banca Avaliadora<\/b><\/p>\n<\/td>\n<\/tr>\n<tr>\n<td width=\"144\">Guzman Eul\u00e1lio Isla Chamilco<\/td>\n<td width=\"144\">Adalso Costa da Silva<\/p>\n<p>Joel Maia Pereira<\/p>\n<p>Luiz Fernando Lobato Saraiva<\/td>\n<td width=\"144\">\n<p align=\"center\"><a href=\"http:\/\/www2.unifap.br\/matematica\/files\/2017\/07\/tcc-2012-adalso-costa-joel.pdf\">Os Complexos, os Quat\u00e9rnios e os Oct\u00f4nios: os N\u00fameros Imagin\u00e1rios<\/a><\/p>\n<\/td>\n<td width=\"144\">Guzman Eul\u00e1lio Isla Chamilco<\/p>\n<p>Jos\u00e9 Walter C\u00e1rdenas Sotil<\/p>\n<p>Josiane Oliveira dos Santos<\/td>\n<\/tr>\n<tr>\n<td width=\"144\">M\u00e1rcio Aldo Lobato Bahia<\/td>\n<td width=\"144\">Alex Rodrigues de Souza<\/p>\n<p>Jonildo Albuquerque de Jesus<\/p>\n<p>Josu\u00e9 Cardoso Moraes<\/td>\n<td width=\"144\">\n<p align=\"center\"><a href=\"http:\/\/www2.unifap.br\/matematica\/files\/2017\/07\/alex-jonildo-Josu\u00e9-TCC-2012.pdf\">Constru\u00e7\u00e3o dos N\u00fameros inteiros a Partir dos Axiomas de Peano<\/a><\/p>\n<\/td>\n<td width=\"144\">M\u00e1rcio Aldo Lobato Bahia<\/p>\n<p>Erasmo Senger<\/p>\n<p>Jo\u00e3o Socorro Pinheiro Ferreira<\/td>\n<\/tr>\n<tr>\n<td width=\"144\">Guzman Eul\u00e1lio Isla Chamilco<\/td>\n<td width=\"144\">Darlan de Souza Silva<\/p>\n<p>Paulo Afonso Pantoja Borges<\/td>\n<td width=\"144\">\n<p align=\"center\"><a href=\"http:\/\/www2.unifap.br\/matematica\/files\/2017\/07\/tcc-2012-darlan-souza-An\u00e1lise-do-Modelo-Matem\u00e1tico-da-Transmiss\u00e3o-da-Doen\u00e7a-de-Chagas-na-Popula\u00e7\u00e3o-Humana.pdf\">An\u00e1lise do Modelo Matem\u00e1tico da Transmiss\u00e3o da Doen\u00e7a de Chagas na popula\u00e7\u00e3o Humana<\/a><\/p>\n<\/td>\n<td width=\"144\">Guzman Eul\u00e1lio Isla Chamilco<\/p>\n<p>Jos\u00e9 Walter C\u00e1rdenas Sotil<\/p>\n<p>Erasmo Senger<\/td>\n<\/tr>\n<tr>\n<td width=\"144\">Guzman Eul\u00e1lio Isla Chamilco<\/td>\n<td width=\"144\">Everaldo de Ara\u00fajo Ferreira<\/p>\n<p>Everton Willian Souza Martins<\/p>\n<p>Helivaldo da Silva Nunes<\/td>\n<td width=\"144\">\n<p align=\"center\"><a href=\"http:\/\/www2.unifap.br\/matematica\/files\/2017\/07\/TCC-2012-everaldo-ferreira-INTRODU\u00c7\u00c3O-\u00c0-TEORIA-DE-GALOIS-E-EXTENS\u00c3O-DE-CORPOS.pdf\">Introdu\u00e7\u00e3o \u00e0 Teoria de Galois e Extens\u00e3o de Corpos<\/a><\/p>\n<\/td>\n<td width=\"144\">Guzman Eul\u00e1lio Isla Chamilco<\/p>\n<p>Jos\u00e9 Walter C\u00e1rdenas Sotil<\/p>\n<p>Josiane Oliveira dos Santos<\/td>\n<\/tr>\n<tr>\n<td width=\"144\">Jos\u00e9 Walter C\u00e1rdenas Sotil<\/td>\n<td width=\"144\">Honnys Alessandro Tavares Penha<\/td>\n<td width=\"144\">\n<p align=\"center\"><a href=\"http:\/\/www2.unifap.br\/matematica\/files\/2017\/07\/tcc-2012-honnis-alessandro.pdf\">Solu\u00e7\u00e3o de Sistemas e Equa\u00e7\u00f5es Diferenciais Ordin\u00e1rias Lineares Pelo M\u00e9todo dos Autovalores e Autovetores<\/a><\/p>\n<\/td>\n<td width=\"144\">Jos\u00e9 Walter C\u00e1rdenas Sotil<\/p>\n<p>Guzman Eul\u00e1lio Isla Chamilco<\/p>\n<p>Jo\u00e3o Socorro Pinheiro Ferreira<\/td>\n<\/tr>\n<tr>\n<td width=\"144\">Jos\u00e9 Walter C\u00e1rdenas Sotil<\/td>\n<td width=\"144\">Renato Junior Soares de Queiroz<\/td>\n<td width=\"144\">\n<p align=\"center\"><a href=\"http:\/\/www2.unifap.br\/matematica\/files\/2017\/07\/TCC-2012-renato-soares-Simula\u00e7\u00f5es-numericas-num-modelo-simplificado-das-equa\u00e7\u00f5es-de-Aguas-Rasas.pdf\">Simula\u00e7\u00f5es Num\u00e9ricas Num Modelo Simplificado das Equa\u00e7\u00f5es de \u00c1guas Rasas<\/a><\/p>\n<\/td>\n<td width=\"144\">Jos\u00e9 Walter C\u00e1rdenas Sotil<\/p>\n<p>Erasmo Senger<\/p>\n<p>Guzman Eul\u00e1lio Isla Chamilco<\/td>\n<\/tr>\n<tr>\n<td width=\"144\">Guzman Eul\u00e1lio Isla Chamilco<\/td>\n<td width=\"144\">Laudiane Rufino Gomes<\/p>\n<p>M\u00f4nica Cristina dos Reis Pinheiro<\/p>\n<p>Ros\u00e2ngela Leal Feitoza<\/td>\n<td width=\"144\">\n<p align=\"center\"><a href=\"http:\/\/www2.unifap.br\/matematica\/files\/2017\/07\/tcc-2012-laudiane-rufino.pdf\">Estudo dos Poliedros<\/a><\/p>\n<\/td>\n<td width=\"144\">Guzman Eul\u00e1lio Isla Chamilco<\/p>\n<p>Jos\u00e9 Walter C\u00e1rdenas Sotil<\/p>\n<p>Josiane Oliveira dos Santos<\/td>\n<\/tr>\n<tr>\n<td width=\"144\">V\u00e2nia de F\u00e1tima Lemes de Miranda<\/td>\n<td width=\"144\">Jana\u00edna Lima da Silva<\/p>\n<p>Joelma de Figueiredo Soeiro<\/td>\n<td width=\"144\">\n<p align=\"center\"><a href=\"http:\/\/www2.unifap.br\/matematica\/files\/2017\/07\/tcc-2012-janaina-silva-S\u00e9ries-Temporais.pdf\">Modelos de S\u00e9ries Temporais Aplicados ao Consumo de Energia El\u00e9trica do Estado do Amap\u00e1<\/a><\/p>\n<\/td>\n<td width=\"144\">Simone de Almeida Delphim Leal<\/p>\n<p>Jo\u00e3o Socorro Pinheiro Ferreira<\/p>\n<p>Erasmo Senger<\/td>\n<\/tr>\n<tr>\n<td width=\"144\">Gilberl\u00e2ndio Jesus Dias<\/td>\n<td width=\"144\">\u00cdtalo Bruno Mendes Duarte<\/p>\n<p>Jossean Leal da Rocha<\/td>\n<td width=\"144\">\n<p align=\"center\"><a href=\"http:\/\/www2.unifap.br\/matematica\/files\/2017\/07\/TCC-2012-\u00cdtalo-bruno-Jossean.pdf\">Uma Abordagem da Prova do Lema de Ladyzhenskaya &#8211; Solonnikov<\/a><\/p>\n<\/td>\n<td width=\"144\">Gilberl\u00e2ndio Jesus Dias<\/p>\n<p>M\u00e1rcio Aldo Lobato Bahia<\/p>\n<p>Steve Wanderson C. de Ara\u00fajo<\/td>\n<\/tr>\n<tr>\n<td width=\"144\">Guzman Eul\u00e1lio Isla Chamilco<\/td>\n<td width=\"144\">Leomir Braga Monteiro<\/p>\n<p>Rosivan Ferreira e Ferreira<\/td>\n<td width=\"144\">\n<p align=\"center\"><a href=\"http:\/\/www2.unifap.br\/matematica\/files\/2017\/07\/tcc-2012-leomir-braga-monteiro.pdf\">Estudos Te\u00f3ricos dos M\u00e9todos Diretos e Iterativos na Solu\u00e7\u00e3o de Sistemas Lineares<\/a><\/p>\n<\/td>\n<td width=\"144\">Guzman Eul\u00e1lio Isla Chamilco<\/p>\n<p>Jos\u00e9 Walter C\u00e1rdenas Sotil<\/p>\n<p>Erasmo Senger<\/td>\n<\/tr>\n<tr>\n<td width=\"144\">V\u00e2nia de F\u00e1tima Lemes de Miranda<\/td>\n<td width=\"144\">Lorena Souza da Silva<\/td>\n<td width=\"144\">\n<p align=\"center\"><a href=\"http:\/\/www2.unifap.br\/matematica\/files\/2017\/07\/tcc-2012-lorena-silva.pdf\">Aplica\u00e7\u00e3o da Estat\u00edstica Experimental Para Avalia\u00e7\u00e3o da Performance de Alevinos de Quatro Linhagens Distintivas de Til\u00e1pia<\/a><\/p>\n<\/td>\n<td width=\"144\">V\u00e2nia de F\u00e1tima Lemes de Miranda<\/p>\n<p>Jo\u00e3o Socorro Pinheiro Ferreira<\/p>\n<p>M\u00e1rcio Aldo Lobato Bahia<\/td>\n<\/tr>\n<tr>\n<td width=\"144\">Jos\u00e9 Walter C\u00e1rdenas Sotil<\/td>\n<td width=\"144\">Marcelo Frankye Azevedo da Silva<\/td>\n<td width=\"144\">\n<p align=\"center\"><a href=\"http:\/\/www2.unifap.br\/matematica\/files\/2017\/07\/tcc-2012-marcelo-franckie.pdf\">Pr\u00e9-Condicionamento do M\u00e9todo dos Gradientes Conjugados para Sistemas Lineares<\/a><\/p>\n<\/td>\n<td width=\"144\">Jos\u00e9 Walter C\u00e1rdenas Sotil<\/p>\n<p>Erasmo Senger<\/p>\n<p>Guzman Eul\u00e1lio Isla Chamilco<\/td>\n<\/tr>\n<tr>\n<td width=\"144\">M\u00e1rcio Aldo Lobato Bahia<\/td>\n<td width=\"144\">Marcio Mauriti Cardoso Gra\u00e7a<\/p>\n<p>Pablo Ricardo Moraes de Souza<\/p>\n<p>Valdinelson Europa Silva<\/td>\n<td width=\"144\">\n<p align=\"center\"><a href=\"http:\/\/www2.unifap.br\/matematica\/files\/2017\/07\/tcc-2012-marcio-gra\u00e7a-MMC-e-MDC-GENERALIZADOS.pdf\">M\u00ednimo M\u00faltiplo Comum e o M\u00e1ximo Divisor Comum Generalizados<\/a><\/p>\n<\/td>\n<td width=\"144\">M\u00e1rcio Aldo Lobato Bahia<\/p>\n<p>Jo\u00e3o Socorro Pinheiro Ferreira<\/p>\n<p>Erasmo Senger<\/td>\n<\/tr>\n<tr>\n<td width=\"144\">Jos\u00e9 Walter C\u00e1rdenas Sotil<\/td>\n<td width=\"144\">Meyce Pereira da Rocha<\/td>\n<td width=\"144\">\n<p align=\"center\"><a href=\"http:\/\/www2.unifap.br\/matematica\/files\/2017\/07\/tcc-2012-meyce-rocha.pdf\">Assimila\u00e7\u00e3o de Dados no Modelo de Lorenz<\/a><\/p>\n<\/td>\n<td width=\"144\">Jos\u00e9 Walter C\u00e1rdenas Sotil<\/p>\n<p>Erasmo Senger<\/p>\n<p>Guzman Eul\u00e1lio Isla Chamilco<\/td>\n<\/tr>\n<\/tbody>\n<\/table>\n","protected":false},"excerpt":{"rendered":"<p>DECLARA\u00c7\u00c3O DE BANCA DE TCC 2012 PER\u00cdODO 2012 Professor Aluno T\u00edtulo Banca Avaliadora Guzman Eul\u00e1lio Isla Chamilco Adalso Costa da Silva Joel Maia Pereira Luiz Fernando Lobato Saraiva Os Complexos, os Quat\u00e9rnios e os Oct\u00f4nios: os N\u00fameros Imagin\u00e1rios Guzman Eul\u00e1lio Isla Chamilco Jos\u00e9 Walter C\u00e1rdenas Sotil Josiane Oliveira dos Santos M\u00e1rcio Aldo Lobato Bahia Alex&#8230;<\/p>\n","protected":false},"author":844,"featured_media":0,"parent":889,"menu_order":3,"comment_status":"open","ping_status":"open","template":"","meta":{"inline_featured_image":false,"site-sidebar-layout":"default","site-content-layout":"","ast-site-content-layout":"default","site-content-style":"default","site-sidebar-style":"default","ast-global-header-display":"","ast-banner-title-visibility":"","ast-main-header-display":"","ast-hfb-above-header-display":"","ast-hfb-below-header-display":"","ast-hfb-mobile-header-display":"","site-post-title":"","ast-breadcrumbs-content":"","ast-featured-img":"","footer-sml-layout":"","theme-transparent-header-meta":"","adv-header-id-meta":"","stick-header-meta":"","header-above-stick-meta":"","header-main-stick-meta":"","header-below-stick-meta":"","astra-migrate-meta-layouts":"default","ast-page-background-enabled":"default","ast-page-background-meta":{"desktop":{"background-color":"var(--ast-global-color-4)","background-image":"","background-repeat":"repeat","background-position":"center center","background-size":"auto","background-attachment":"scroll","background-type":"","background-media":"","overlay-type":"","overlay-color":"","overlay-opacity":"","overlay-gradient":""},"tablet":{"background-color":"","background-image":"","background-repeat":"repeat","background-position":"center center","background-size":"auto","background-attachment":"scroll","background-type":"","background-media":"","overlay-type":"","overlay-color":"","overlay-opacity":"","overlay-gradient":""},"mobile":{"background-color":"","background-image":"","background-repeat":"repeat","background-position":"center center","background-size":"auto","background-attachment":"scroll","background-type":"","background-media":"","overlay-type":"","overlay-color":"","overlay-opacity":"","overlay-gradient":""}},"ast-content-background-meta":{"desktop":{"background-color":"var(--ast-global-color-5)","background-image":"","background-repeat":"repeat","background-position":"center center","background-size":"auto","background-attachment":"scroll","background-type":"","background-media":"","overlay-type":"","overlay-color":"","overlay-opacity":"","overlay-gradient":""},"tablet":{"background-color":"var(--ast-global-color-5)","background-image":"","background-repeat":"repeat","background-position":"center center","background-size":"auto","background-attachment":"scroll","background-type":"","background-media":"","overlay-type":"","overlay-color":"","overlay-opacity":"","overlay-gradient":""},"mobile":{"background-color":"var(--ast-global-color-5)","background-image":"","background-repeat":"repeat","background-position":"center center","background-size":"auto","background-attachment":"scroll","background-type":"","background-media":"","overlay-type":"","overlay-color":"","overlay-opacity":"","overlay-gradient":""}},"ngg_post_thumbnail":0,"footnotes":""},"class_list":["post-1900","page","type-page","status-publish","hentry"],"_links":{"self":[{"href":"https:\/\/www2.unifap.br\/matematica\/index.php?rest_route=\/wp\/v2\/pages\/1900","targetHints":{"allow":["GET"]}}],"collection":[{"href":"https:\/\/www2.unifap.br\/matematica\/index.php?rest_route=\/wp\/v2\/pages"}],"about":[{"href":"https:\/\/www2.unifap.br\/matematica\/index.php?rest_route=\/wp\/v2\/types\/page"}],"author":[{"embeddable":true,"href":"https:\/\/www2.unifap.br\/matematica\/index.php?rest_route=\/wp\/v2\/users\/844"}],"replies":[{"embeddable":true,"href":"https:\/\/www2.unifap.br\/matematica\/index.php?rest_route=%2Fwp%2Fv2%2Fcomments&post=1900"}],"version-history":[{"count":2,"href":"https:\/\/www2.unifap.br\/matematica\/index.php?rest_route=\/wp\/v2\/pages\/1900\/revisions"}],"predecessor-version":[{"id":1917,"href":"https:\/\/www2.unifap.br\/matematica\/index.php?rest_route=\/wp\/v2\/pages\/1900\/revisions\/1917"}],"up":[{"embeddable":true,"href":"https:\/\/www2.unifap.br\/matematica\/index.php?rest_route=\/wp\/v2\/pages\/889"}],"wp:attachment":[{"href":"https:\/\/www2.unifap.br\/matematica\/index.php?rest_route=%2Fwp%2Fv2%2Fmedia&parent=1900"}],"curies":[{"name":"wp","href":"https:\/\/api.w.org\/{rel}","templated":true}]}}