{"id":1918,"date":"2017-07-04T13:11:29","date_gmt":"2017-07-04T13:11:29","guid":{"rendered":"http:\/\/www2.unifap.br\/matematica\/?page_id=1918"},"modified":"2021-11-09T23:15:05","modified_gmt":"2021-11-09T23:15:05","slug":"tcc-2013","status":"publish","type":"page","link":"https:\/\/www2.unifap.br\/matematica\/?page_id=1918","title":{"rendered":"TCC 2013"},"content":{"rendered":"<p><strong><a href=\"http:\/\/www2.unifap.br\/matematica\/files\/2021\/11\/DECLARA\u00c7\u00c3O-DE-BANCA-DE-TCC-2013-ATUALIZADA.pdf\">DECLARA\u00c7\u00c3O DE BANCA DE TCC 2013<\/a><\/strong><\/p>\n<p>&nbsp;<\/p>\n<table width=\"579\" cellspacing=\"0\" cellpadding=\"2\">\n<colgroup>\n<col width=\"141\">\n<col width=\"140\">\n<col width=\"140\">\n<col width=\"140\"> <\/colgroup>\n<tbody>\n<tr>\n<td colspan=\"2\" width=\"285\">&nbsp;<\/td>\n<td colspan=\"2\" width=\"284\">\n<p align=\"center\"><strong>2013<\/strong><\/p>\n<\/td>\n<\/tr>\n<tr>\n<td width=\"141\">\n<p align=\"center\"><strong>Professor<\/strong><\/p>\n<\/td>\n<td width=\"140\">\n<p align=\"center\"><strong>Aluno<\/strong><\/p>\n<\/td>\n<td width=\"140\">\n<p align=\"center\"><strong>T\u00edtulo<\/strong><\/p>\n<\/td>\n<td width=\"140\">\n<p align=\"center\"><strong>Banca Avaliadora<\/strong><\/p>\n<\/td>\n<\/tr>\n<tr>\n<td width=\"141\"><strong>Guzman Eul\u00e1lio Isla Chamilco<\/strong><\/td>\n<td width=\"140\"><strong>Adriane Santos Bastos<\/strong><\/p>\n<p><strong>Fagner Gomes do Carmo<\/strong><\/td>\n<td width=\"140\">\n<p align=\"center\"><strong><a href=\"http:\/\/www2.unifap.br\/matematica\/files\/2017\/07\/tcc-2013-adriane-bastos-fagner-carmo.pdf\">Teoria da Cat\u00e1strofe e Aplica\u00e7\u00f5es<\/a><\/strong><\/p>\n<\/td>\n<td width=\"140\"><strong>Guzman Eul\u00e1lio Isla Chamilco<\/strong><\/p>\n<p><strong>Jos\u00e9 Walter C\u00e1rdenas Sotil<\/strong><\/p>\n<p><strong>Kelmem da Cruz Barroso<\/strong><\/td>\n<\/tr>\n<tr>\n<td width=\"141\"><strong>Jos\u00e9 Walter C\u00e1rdenas Sotil<\/strong><\/td>\n<td width=\"140\"><strong>Amanda Alves Martins<\/strong><\/p>\n<p><strong>Frank Corr\u00eaa de Oliveira<\/strong><\/td>\n<td width=\"140\">\n<p align=\"center\"><strong><a href=\"http:\/\/www2.unifap.br\/matematica\/files\/2017\/07\/tcc-2013-amanda-martins-Espa%C3%A7os-M%C3%A9tricos-e-Consultas-por-Similaridade-Amanda-Alves.pdf\">Espa\u00e7os M\u00e9tricos e Consultas por Similaridade<\/a><\/strong><\/p>\n<\/td>\n<td width=\"140\"><strong>Jos\u00e9 Walter C\u00e1rdenas Sotil<\/strong><\/p>\n<p><strong>Guzman Eul\u00e1lio Isla Chamilco<\/strong><\/p>\n<p><strong>Jo\u00e3o Socorro Pinheiro Ferreira<\/strong><\/td>\n<\/tr>\n<tr>\n<td width=\"141\"><strong>Jo\u00e3o Socorro Pinheiro Ferreira<\/strong><\/td>\n<td width=\"140\"><strong>\u00c1urea Rodrigues Borges<\/strong><\/td>\n<td width=\"140\">\n<p align=\"center\"><strong><a href=\"http:\/\/www2.unifap.br\/matematica\/files\/2017\/07\/tcc-2013-aurea-borges.pdf\">T\u00f3picos Especiais de Educa\u00e7\u00e3o Matem\u00e1tica Financeira<\/a><\/strong><\/p>\n<\/td>\n<td width=\"140\"><strong>Jo\u00e3o Socorro Pinheiro Ferreira<\/strong><\/p>\n<p><strong>M\u00e1rcio Aldo Lobato Bahia<\/strong><\/p>\n<p><strong>Kelmem da Cruz Barroso<\/strong><\/td>\n<\/tr>\n<tr>\n<td width=\"141\"><strong>Jo\u00e3o Socorro Pinheiro Ferreira<\/strong><\/td>\n<td width=\"140\"><strong>Edelson dos Santos Melo<\/strong><\/p>\n<p><strong>Paulo Izidio dos Santos<\/strong><\/td>\n<td width=\"140\">\n<p align=\"center\"><strong><a href=\"http:\/\/www2.unifap.br\/matematica\/files\/2017\/07\/tcc-2013-edelson-santos-Trabalho-de-Conclus%C3%A3o-de-Curso.pdf\">M\u00e9todos Num\u00e9ricos: Aplica\u00e7\u00f5es em Sistemas Lineares e Aproxima\u00e7\u00f5es de Fun\u00e7\u00f5es<\/a><\/strong><\/p>\n<\/td>\n<td width=\"140\"><strong>Jo\u00e3o Socorro Pinheiro Ferreira<\/strong><\/p>\n<p><strong>Simone de Almeida Delphim Leal<\/strong><\/p>\n<p><strong>Jos\u00e9 Walter C\u00e1rdenas Sotil<\/strong><\/td>\n<\/tr>\n<tr>\n<td width=\"141\"><strong>Guzman Eul\u00e1lio Isla Chamilco<\/strong><\/td>\n<td width=\"140\"><strong>Elias da Costa Ferreira<\/strong><\/td>\n<td width=\"140\">\n<p align=\"center\"><strong><a href=\"http:\/\/www2.unifap.br\/matematica\/files\/2017\/07\/tcc-2013-elias-pereira-tensores-e-aplica%C3%A7oes.pdf\">Tensores e Aplica\u00e7\u00f5es<\/a><\/strong><\/p>\n<\/td>\n<td width=\"140\"><strong>Guzman Eul\u00e1lio Isla Chamilco<\/strong><\/p>\n<p><strong>Elifaleth Rego Sabino<\/strong><\/p>\n<p><strong>Jos\u00e9 Walter C\u00e1rdenas Sotil<\/strong><\/td>\n<\/tr>\n<tr>\n<td width=\"141\"><strong>Jos\u00e9 Walter C\u00e1rdenas Sotil<\/strong><\/td>\n<td width=\"140\"><strong>Carlos Henrique Oliveira da Silva<\/strong><\/p>\n<p><strong>Sueide Maciel Chagas<\/strong><\/td>\n<td width=\"140\">\n<p align=\"center\"><strong><a href=\"http:\/\/www2.unifap.br\/matematica\/files\/2017\/07\/TCC-2013-henrique-chagas.pdf\">Constru\u00e7\u00e3o Geom\u00e9trica dos N\u00fameros Reais<\/a><\/strong><\/p>\n<\/td>\n<td width=\"140\"><strong>Jos\u00e9 Walter C\u00e1rdenas Sotil<\/strong><\/p>\n<p><strong>Guzman Eul\u00e1lio Isla Chamilco<\/strong><\/p>\n<p><strong>Jo\u00e3o Socorro Pinheiro Ferreira<\/strong><\/td>\n<\/tr>\n<tr>\n<td width=\"141\"><strong>Guzman Eul\u00e1lio Isla Chamilco<\/strong><\/td>\n<td width=\"140\"><strong>Joelma do Socorro Miranda do Nascimento<\/strong><\/p>\n<p><strong>Tamires da Silva<\/strong><\/td>\n<td width=\"140\">\n<p align=\"center\"><strong><a href=\"http:\/\/www2.unifap.br\/matematica\/files\/2017\/07\/tcc-2013-joelma-nascimento-M%C3%89TODO-DE-DIFEREN%C3%87AS-FINITAS_-APLICA%C3%87%C3%83O-NA-EQUA%C3%87%C3%83O-DO-CALOR.pdf\">M\u00e9todo de Diferen\u00e7as Finitas: Aplica\u00e7\u00e3o na Equa\u00e7\u00e3o do Calor<\/a><\/strong><\/p>\n<\/td>\n<td width=\"140\"><strong>Guzman Eul\u00e1lio Isla Chamilco<\/strong><\/p>\n<p><strong>Jos\u00e9 Walter C\u00e1rdenas Sotil<\/strong><\/p>\n<p><strong>Gilberl\u00e2ndio Jesus Dias<\/strong><\/td>\n<\/tr>\n<tr>\n<td width=\"141\"><strong>Jo\u00e3o Socorro Pinheiro Ferreira<\/strong><\/td>\n<td width=\"140\"><strong>Kellen Cristiane Silva de Lima<\/strong><\/td>\n<td width=\"140\">\n<p align=\"center\"><strong><a href=\"http:\/\/www2.unifap.br\/matematica\/files\/2017\/07\/tcc-2013-kellen-cristiane.pdf\">Estat\u00edstica B\u00e1sica Aplicada \u00e0 Educa\u00e7\u00e3o: Uma Abordagem Sobre o Ensino e Aprendizagem na Constru\u00e7\u00e3o de \u00c2ngulos<\/a><\/strong><\/p>\n<\/td>\n<td width=\"140\"><strong>Jo\u00e3o Socorro Pinheiro Ferreira<\/strong><\/p>\n<p><strong>Guzman Eul\u00e1lio Isla Chamilco<\/strong><\/p>\n<p><strong>Jos\u00e9 Walter C\u00e1rdenas Sotil<\/strong><\/td>\n<\/tr>\n<tr>\n<td width=\"141\"><strong>Jo\u00e3o Socorro Pinheiro Ferreira<\/strong><\/td>\n<td width=\"140\"><strong>Leandro Lobato Nunes<\/strong><\/p>\n<p><strong>Sidney Ribeiro Costa<\/strong><\/td>\n<td width=\"140\">\n<p align=\"center\"><strong><a href=\"http:\/\/www2.unifap.br\/matematica\/files\/2017\/07\/TCC-2013-LEANDRO-nunes.pdf\">Introdu\u00e7\u00e3o \u00e0 \u00c1lgebra Elementar<\/a><\/strong><\/p>\n<\/td>\n<td width=\"140\"><strong>Jo\u00e3o Socorro Pinheiro Ferreira<\/strong><\/p>\n<p><strong>Erasmo Senger<\/strong><\/p>\n<p><strong>Steve Wanderson Calheiros de Ara\u00fajo<\/strong><\/td>\n<\/tr>\n<tr>\n<td width=\"141\"><strong>Kelmem da Cruz Barroso<\/strong><\/td>\n<td width=\"140\"><strong>Michael Machado de Moraes<\/strong><\/p>\n<p><strong>Adineube Monteiro da Silva<\/strong><\/td>\n<td width=\"140\">\n<p align=\"center\"><strong><a href=\"http:\/\/www2.unifap.br\/matematica\/files\/2017\/07\/TCC-2013-Michael-moraes-Adineube-silva.pdf\">Funcionais Lineares e Operadores Adjuntos, Unit\u00e1rios e Normais<\/a><\/strong><\/p>\n<\/td>\n<td width=\"140\"><strong>Kelmem da Cruz Barroso<\/strong><\/p>\n<p><strong>Simone de Almeida Delphim Leal<\/strong><\/p>\n<p><strong>Elifaleth Rego Sabino<\/strong><\/td>\n<\/tr>\n<tr>\n<td width=\"141\"><strong>Jos\u00e9 Walter C\u00e1rdenas Sotil<\/strong><\/td>\n<td width=\"140\"><strong>Milena Nascimento Lima<\/strong><\/td>\n<td width=\"140\">\n<p align=\"center\"><strong><a href=\"http:\/\/www2.unifap.br\/matematica\/files\/2017\/07\/TCC-2013-milena-nascimento.pdf\">C\u00e1lculo de Momento e Aplica\u00e7\u00f5es<\/a><\/strong><\/p>\n<\/td>\n<td width=\"140\"><strong>Jos\u00e9 Walter C\u00e1rdenas Sotil<\/strong><\/p>\n<p><strong>Guzman Eul\u00e1lio Isla Chamilco<\/strong><\/p>\n<p><strong>Jo\u00e3o Socorro Pinheiro Ferreira<\/strong><\/td>\n<\/tr>\n<tr>\n<td width=\"141\"><strong>Erasmo Senger<\/strong><\/td>\n<td width=\"140\"><strong>Neide Maria Soares Gatinho<\/strong><\/p>\n<p><strong>Osamir Costa de Oliveira<\/strong><\/td>\n<td width=\"140\">\n<p align=\"center\"><strong><a href=\"http:\/\/www2.unifap.br\/matematica\/files\/2017\/07\/TCC-2013-neide-gatinho-osamir-oliveira.pdf\">O Ensino da Matem\u00e1tica Para Surdos na \u00c1rea da Inform\u00e1tica<\/a><\/strong><\/p>\n<\/td>\n<td width=\"140\"><strong>Erasmo Senger<\/strong><\/p>\n<p><strong>Simone de Almeida Delphim Leal<\/strong><\/p>\n<p><strong>Edivaldo Pinto dos Santos<\/strong><\/td>\n<\/tr>\n<tr>\n<td width=\"141\"><strong>M\u00e1rcio Aldo Lobato Bahia<\/strong><\/td>\n<td width=\"140\">&nbsp;<\/p>\n<p><strong>JO\u00c3O ALMEIDA DE ARRUDA<\/strong><\/p>\n<p><strong>Ademilton da Silva Melo<\/strong><\/td>\n<td width=\"140\">\n<p align=\"center\"><a href=\"http:\/\/www2.unifap.br\/matematica\/files\/2021\/11\/TCC-Ademilton-Jo\u00e3o-em-21.02.2013-UNIFAP.pdf\"><strong>C\u00c1LCULO DE APOSENTADORIA E PENS\u00c3O NO SERVI\u00c7O P\u00daBLICO FEDERAL E SEUS ASPECTOS RELEVANTES<\/strong><\/a><\/p>\n<\/td>\n<td width=\"140\"><strong>M\u00e1rcio Aldo Lobato Bahia<\/strong><\/p>\n<p><strong>Steve Wanderson Calheiros de Ara\u00fajo<\/strong><\/p>\n<p><strong>Erasmo Senger<\/strong><\/td>\n<\/tr>\n<\/tbody>\n<\/table>\n<p>&nbsp;<\/p>\n<p>&nbsp;<\/p>\n<p>&nbsp;<\/p>\n","protected":false},"excerpt":{"rendered":"<p>DECLARA\u00c7\u00c3O DE BANCA DE TCC 2013 &nbsp; &nbsp; 2013 Professor Aluno T\u00edtulo Banca Avaliadora Guzman Eul\u00e1lio Isla Chamilco Adriane Santos Bastos Fagner Gomes do Carmo Teoria da Cat\u00e1strofe e Aplica\u00e7\u00f5es Guzman Eul\u00e1lio Isla Chamilco Jos\u00e9 Walter C\u00e1rdenas Sotil Kelmem da Cruz Barroso Jos\u00e9 Walter C\u00e1rdenas Sotil Amanda Alves Martins Frank Corr\u00eaa de Oliveira Espa\u00e7os M\u00e9tricos&#8230;<\/p>\n","protected":false},"author":844,"featured_media":0,"parent":889,"menu_order":4,"comment_status":"open","ping_status":"open","template":"","meta":{"inline_featured_image":false,"site-sidebar-layout":"default","site-content-layout":"","ast-site-content-layout":"default","site-content-style":"default","site-sidebar-style":"default","ast-global-header-display":"","ast-banner-title-visibility":"","ast-main-header-display":"","ast-hfb-above-header-display":"","ast-hfb-below-header-display":"","ast-hfb-mobile-header-display":"","site-post-title":"","ast-breadcrumbs-content":"","ast-featured-img":"","footer-sml-layout":"","theme-transparent-header-meta":"","adv-header-id-meta":"","stick-header-meta":"","header-above-stick-meta":"","header-main-stick-meta":"","header-below-stick-meta":"","astra-migrate-meta-layouts":"default","ast-page-background-enabled":"default","ast-page-background-meta":{"desktop":{"background-color":"var(--ast-global-color-4)","background-image":"","background-repeat":"repeat","background-position":"center center","background-size":"auto","background-attachment":"scroll","background-type":"","background-media":"","overlay-type":"","overlay-color":"","overlay-opacity":"","overlay-gradient":""},"tablet":{"background-color":"","background-image":"","background-repeat":"repeat","background-position":"center center","background-size":"auto","background-attachment":"scroll","background-type":"","background-media":"","overlay-type":"","overlay-color":"","overlay-opacity":"","overlay-gradient":""},"mobile":{"background-color":"","background-image":"","background-repeat":"repeat","background-position":"center center","background-size":"auto","background-attachment":"scroll","background-type":"","background-media":"","overlay-type":"","overlay-color":"","overlay-opacity":"","overlay-gradient":""}},"ast-content-background-meta":{"desktop":{"background-color":"var(--ast-global-color-5)","background-image":"","background-repeat":"repeat","background-position":"center center","background-size":"auto","background-attachment":"scroll","background-type":"","background-media":"","overlay-type":"","overlay-color":"","overlay-opacity":"","overlay-gradient":""},"tablet":{"background-color":"var(--ast-global-color-5)","background-image":"","background-repeat":"repeat","background-position":"center center","background-size":"auto","background-attachment":"scroll","background-type":"","background-media":"","overlay-type":"","overlay-color":"","overlay-opacity":"","overlay-gradient":""},"mobile":{"background-color":"var(--ast-global-color-5)","background-image":"","background-repeat":"repeat","background-position":"center center","background-size":"auto","background-attachment":"scroll","background-type":"","background-media":"","overlay-type":"","overlay-color":"","overlay-opacity":"","overlay-gradient":""}},"ngg_post_thumbnail":0,"footnotes":""},"class_list":["post-1918","page","type-page","status-publish","hentry"],"_links":{"self":[{"href":"https:\/\/www2.unifap.br\/matematica\/index.php?rest_route=\/wp\/v2\/pages\/1918","targetHints":{"allow":["GET"]}}],"collection":[{"href":"https:\/\/www2.unifap.br\/matematica\/index.php?rest_route=\/wp\/v2\/pages"}],"about":[{"href":"https:\/\/www2.unifap.br\/matematica\/index.php?rest_route=\/wp\/v2\/types\/page"}],"author":[{"embeddable":true,"href":"https:\/\/www2.unifap.br\/matematica\/index.php?rest_route=\/wp\/v2\/users\/844"}],"replies":[{"embeddable":true,"href":"https:\/\/www2.unifap.br\/matematica\/index.php?rest_route=%2Fwp%2Fv2%2Fcomments&post=1918"}],"version-history":[{"count":11,"href":"https:\/\/www2.unifap.br\/matematica\/index.php?rest_route=\/wp\/v2\/pages\/1918\/revisions"}],"predecessor-version":[{"id":5326,"href":"https:\/\/www2.unifap.br\/matematica\/index.php?rest_route=\/wp\/v2\/pages\/1918\/revisions\/5326"}],"up":[{"embeddable":true,"href":"https:\/\/www2.unifap.br\/matematica\/index.php?rest_route=\/wp\/v2\/pages\/889"}],"wp:attachment":[{"href":"https:\/\/www2.unifap.br\/matematica\/index.php?rest_route=%2Fwp%2Fv2%2Fmedia&parent=1918"}],"curies":[{"name":"wp","href":"https:\/\/api.w.org\/{rel}","templated":true}]}}