{"id":1935,"date":"2017-07-04T13:54:35","date_gmt":"2017-07-04T13:54:35","guid":{"rendered":"http:\/\/www2.unifap.br\/matematica\/?page_id=1935"},"modified":"2019-03-04T01:45:29","modified_gmt":"2019-03-04T01:45:29","slug":"tcc-2017","status":"publish","type":"page","link":"https:\/\/www2.unifap.br\/matematica\/?page_id=1935","title":{"rendered":"TCC 2017"},"content":{"rendered":"<p><a href=\"http:\/\/www2.unifap.br\/matematica\/graduacao\/tcc\/tcc-2017\/declaracao-de-banca-de-tcc-2017-01\/\" rel=\"attachment wp-att-4512\">DECLARA\u00c7\u00c3O-DE-BANCA-DE-TCC-2017-01<\/a><\/p>\n<table width=\"574\" cellspacing=\"0\" cellpadding=\"8\">\n<tbody>\n<tr valign=\"top\">\n<td colspan=\"2\" bgcolor=\"#bebebe\" width=\"284\" height=\"9\">\n<p style=\"text-align: center\"><strong>PER\u00cdODO<\/strong><\/p>\n<\/td>\n<td colspan=\"3\" bgcolor=\"#bebebe\" width=\"285\">\n<p style=\"text-align: center\"><strong>2017\/02<\/strong><\/p>\n<\/td>\n<\/tr>\n<tr valign=\"top\">\n<td bgcolor=\"#bebebe\" width=\"134\" height=\"2\">\n<p style=\"text-align: center\"><strong>Professor Orientador<\/strong><\/p>\n<\/td>\n<td colspan=\"2\" bgcolor=\"#bebebe\" width=\"134\">\n<p style=\"text-align: center\"><strong>Aluno<\/strong><\/p>\n<\/td>\n<td bgcolor=\"#bebebe\" width=\"134\">\n<p style=\"text-align: center\"><strong>T\u00edtulo<\/strong><\/p>\n<\/td>\n<td bgcolor=\"#bebebe\" width=\"135\">\n<p style=\"text-align: center\"><strong>Banca Avaliadora<\/strong><\/p>\n<\/td>\n<\/tr>\n<tr valign=\"top\">\n<td width=\"134\" height=\"80\">Guzm\u00e1n Eulalio Isla Chamilco<\/td>\n<td colspan=\"2\" width=\"134\">\n<p style=\"text-align: center\">Deidson Vilhena Santos<\/p>\n<\/td>\n<td width=\"134\">S\u00e9ries de Fourier e Aplica\u00e7\u00f5es<\/td>\n<td width=\"135\">Guzm\u00e1n Eulalio Isla Chamilco<\/p>\n<p>R\u00f4mulo Lima da Gama<\/p>\n<p>Solange Regina Cromianski<\/td>\n<\/tr>\n<tr valign=\"top\">\n<td width=\"134\">Kelmem da Cruz Barroso<\/td>\n<td colspan=\"2\" width=\"134\">\n<p style=\"text-align: center\">Rafael do Ros\u00e1rio Pereira<\/p>\n<\/td>\n<td width=\"134\">Desigualdade Entre as M\u00e9dias Aritm\u00e9tica<\/td>\n<td width=\"135\">Kelmem da Cruz Barroso<\/p>\n<p>R\u00f4mulo Lima da Gama<\/p>\n<p>Solange Regina Cromianski<\/td>\n<\/tr>\n<tr valign=\"top\">\n<td width=\"134\" height=\"80\">F\u00e1bio Campos Dias<\/td>\n<td colspan=\"2\" width=\"134\">\n<p style=\"text-align: center\">Caroline da Costa Vieira<\/p>\n<p style=\"text-align: center\">Suelen Fernandes Maciel.<\/p>\n<\/td>\n<td width=\"134\">Equa\u00e7\u00f5es Diferenciais e Aplica\u00e7\u00f5es no Sistema Massa-Mola<\/td>\n<td width=\"135\">F\u00e1bio Campos Dias<\/p>\n<p>Jo\u00e3o do Socorro Pinheiro Ferreira<\/p>\n<p>S\u00e9rgio Barbosa de Miranda<\/td>\n<\/tr>\n<tr valign=\"top\">\n<td width=\"134\" height=\"80\">Elifaleth Rego Sabino<\/td>\n<td colspan=\"2\" width=\"134\">\n<p style=\"text-align: center\">Dion\u00edsio Castor de Melo Cardoso<\/p>\n<p style=\"text-align: center\">Ellen Sanches Lobato<\/p>\n<\/td>\n<td width=\"134\">Uma Abordagem Diferente da Fun\u00e7\u00e3o Quadr\u00e1tica por Resolu\u00e7\u00e3o de Problemas Atrav\u00e9s da Forma Can\u00f4nica numa Turma de 9\u00ba Ano.<\/td>\n<td width=\"135\">Elifaleth Rego Sabino<\/p>\n<p>F\u00e1bio Campos Dias<\/p>\n<p>Jo\u00e3o do Socorro Pinheiro Ferreira<a name=\"_GoBack\"><\/a><\/td>\n<\/tr>\n<tr valign=\"top\">\n<td width=\"134\" height=\"80\">Jo\u00e3o do Socorro Pinheiro Ferreira<\/td>\n<td colspan=\"2\" width=\"134\">\n<p style=\"text-align: center\">Abimael Monteiro da Silva<\/p>\n<p style=\"text-align: center\">Jos\u00e9 Ivan Macedo Dantas<\/p>\n<\/td>\n<td width=\"134\">\n<p align=\"center\">A Geometria Hiperb\u00f3lica de Lobachewsky e Bolyai<\/p>\n<\/td>\n<td width=\"135\">Jo\u00e3o do Socorro Pinheiro Ferreira<\/p>\n<p>Simone de Almeida Delphim Leal<\/p>\n<p>Steve Wanderson Calheiros de Ara\u00fajo<\/td>\n<\/tr>\n<tr valign=\"top\">\n<td width=\"134\" height=\"80\">Jo\u00e3o do Socorro Pinheiro<\/td>\n<td colspan=\"2\" width=\"134\">\n<p style=\"text-align: center\">Paulo Guilherme Dias Ferreira.<\/p>\n<\/td>\n<td width=\"134\">\n<p align=\"center\">Pesquisas em Etnomatem\u00e1tica realizadas no Curso de Lic. Intercultural Ind\u00edgena da UNIFAP<\/p>\n<\/td>\n<td width=\"135\">Jo\u00e3o do Socorro Pinheiro<\/p>\n<p>Eliane Leal Vasquez<\/p>\n<p>Edivaldo Pinto dos Santos<\/td>\n<\/tr>\n<tr valign=\"top\">\n<td width=\"134\" height=\"79\">Jo\u00e3o do Socorro Pinheiro Ferreira<\/td>\n<td colspan=\"2\" width=\"134\">\n<p style=\"text-align: center\">Keila Cristina Ata\u00edde Santana<\/p>\n<p style=\"text-align: center\">Suzileia Araujo Barbosa.<\/p>\n<\/td>\n<td width=\"134\">\n<p align=\"center\">A Estat\u00edstica de Desempenho das Escolas P\u00fablicas e Privadas de Macap\u00e1 nas Provas do Exame Nacional do Ensino M\u00e9dio \u2013 ENEM nos Anos de 2011 a 2015.<\/p>\n<\/td>\n<td width=\"135\">Jo\u00e3o do Socorro Pinheiro Ferreira<\/p>\n<p>Edivaldo Pinto dos Santos<\/p>\n<p>Erasmo Senger<\/td>\n<\/tr>\n<\/tbody>\n<\/table>\n<p><!-- p { margin-bottom: 0.25cm; line-height: 120%; } --><\/p>\n<p><a href=\"http:\/\/www2.unifap.br\/matematica\/files\/2017\/07\/DECLARA\u00c7\u00c3O-DE-BANCA-DE-TCC-2017.pdf\">DECLARA\u00c7\u00c3O DE BANCA DE TCC 2017<\/a><\/p>\n<table width=\"602\" cellspacing=\"0\" cellpadding=\"8\">\n<tbody>\n<tr valign=\"top\">\n<td colspan=\"2\" bgcolor=\"#bebebe\" width=\"284\" height=\"9\"><strong>PER\u00cdODO<\/strong><\/td>\n<td colspan=\"3\" bgcolor=\"#bebebe\" width=\"285\"><strong>2017<\/strong><\/td>\n<\/tr>\n<\/tbody>\n<\/table>\n<table width=\"589\" cellspacing=\"0\" cellpadding=\"8\">\n<tbody>\n<tr>\n<td width=\"129\"><a name=\"_GoBack\"><\/a>Edivaldo Pinto dos Santos<\/td>\n<td width=\"132\">Ant\u00f4nio Roniere AlvesRomildo Bandeira dos Reis<\/p>\n<p>Wladmir Nascimento Feitosa<\/p>\n<p>&nbsp;<\/td>\n<td width=\"131\">\n<p align=\"center\"><a href=\"http:\/\/www2.unifap.br\/matematica\/files\/2017\/07\/tcc-2017-antonio-da-silva.pdf\">Um Estudo do Cubo e Paralelep\u00edpedo com Auxilio de um Software Educativo<\/a><\/p>\n<p>&nbsp;<\/td>\n<td width=\"131\">Edivaldo Pinto dos Santos<\/p>\n<p>Jo\u00e3o Socorro Pinheiro Ferreira<\/p>\n<p>S\u00e9rgio Barbosa de Miranda<\/p>\n<p>&nbsp;<\/td>\n<\/tr>\n<tr>\n<td width=\"129\">Kelmem da Cruz Barroso<\/td>\n<td width=\"132\">Fernan Chagas Moutinho<\/td>\n<td width=\"131\"><a href=\"http:\/\/www2.unifap.br\/matematica\/files\/2017\/07\/TCC-2017-FERNAN-CHAGAS-MOUTINHO.pdf\">Introdu\u00e7\u00e3o as S\u00e9ries de Fourier e ao Problema de Dirichlet Para a Equa\u00e7\u00e3o de Laplace<\/a><\/td>\n<td width=\"131\">Kelmem da Cruz Barroso<\/p>\n<p>Marcel Lucas Pican\u00e7o Nascimento<\/p>\n<p>Gilberl\u00e2ndio Jesus Dias<\/td>\n<\/tr>\n<tr>\n<td width=\"129\">Jo\u00e3o Socorro Pinheiro Ferreira<\/td>\n<td width=\"132\">Adilson Carvalho da SilvaEdem Castor PereiraElias Costa de Freitas<\/p>\n<p>&nbsp;<\/td>\n<td width=\"131\"><a href=\"http:\/\/www2.unifap.br\/matematica\/files\/2017\/07\/tcc-2017-Adilson-Carvalho-da-Silva-Edem-Costa-Pereira-e-Elias-Costa-de-Freitas.pdf\">O Ensino de Mon\u00f4mios e Polin\u00f4mios Por Meio da T\u00e1bua Alg\u00e9brica<\/a><\/td>\n<td width=\"131\">Jo\u00e3o Socorro Pinheiro Ferreira<\/p>\n<p>Edivaldo Pinto dos Santos<\/p>\n<p>Guzman Eul\u00e1lio Isla Chamilco<\/td>\n<\/tr>\n<tr>\n<td width=\"129\">Steve Wanderson Calheiros de Ara\u00fajo<\/td>\n<td width=\"132\">Adriana Natividade FreitasGisele Natividade Freitas<\/td>\n<td width=\"131\"><a href=\"http:\/\/www2.unifap.br\/matematica\/files\/2017\/07\/tcc-2017-Adriana-Natividade-Freitas-e-Gisele-Natividade-Freitas.pdf\">Uma Arbodagem do MDC e MMC dos Inteiros<\/a><\/td>\n<td width=\"131\">Steve Wanderson Calheiros de Ara\u00fajo<\/p>\n<p>Jo\u00e3o Socorro Pinheiro Ferreira<\/p>\n<p>Guzman Eul\u00e1lio Isla Chamilco<\/td>\n<\/tr>\n<tr>\n<td width=\"129\">Edivaldo Pinto dos Santos<\/td>\n<td width=\"132\">Adrielso Costa dos SantosLuiz Douglas Pereira Pimentel<\/td>\n<td width=\"131\"><a href=\"http:\/\/www2.unifap.br\/matematica\/files\/2017\/07\/tcc-2017-Adrielso-Costa-dos-Santos-e-Luiz-Douglas-Pereira-Pimentel.pdf\">Fun\u00e7\u00e3o Afim: Atividades com Aux\u00edlio da Inform\u00e1tica<\/a><\/td>\n<td width=\"131\">Edivaldo Pinto dos Santos<\/p>\n<p>S\u00e9rgio Barbosa de Miranda<\/p>\n<p>Jo\u00e3o Socorro Pinheiro Ferreira<\/td>\n<\/tr>\n<tr>\n<td width=\"129\">Guzman Eul\u00e1lio Isla Chamilco<\/td>\n<td width=\"132\">Alex Modesto Amoras<\/td>\n<td width=\"131\"><a href=\"http:\/\/www2.unifap.br\/matematica\/files\/2017\/07\/tcc-2017-Alex-Modesto-Amoras.pdf\">Estudo da Sequ\u00eancia de Fibonacci Via Teoria de \u00c1lgebra Linear<\/a><\/td>\n<td width=\"131\">Guzman Eul\u00e1lio Isla Chamilco<\/p>\n<p>Jos\u00e9 Walter C\u00e1rdenas Soltil<\/p>\n<p>Jo\u00e3o Socorro Pinheiro Ferreira<\/td>\n<\/tr>\n<tr>\n<td width=\"129\">Elifaleth Rego Sabino<\/td>\n<td width=\"132\">\u00c2ngela Maria dos Santos AzevedoDoval Brasil dos SantosIzaque Medeiros Dias<\/p>\n<p>&nbsp;<\/td>\n<td width=\"131\"><a href=\"http:\/\/www2.unifap.br\/matematica\/files\/2017\/07\/tcc-2017-%C3%82ngela-Maria-dos-Santos-Azevedo-Doval-Brasil-dos-Santos-e-Izaque-Medeiros-Dias.pdf\">A Import\u00e2ncia dos Jogos para o Ensino e Aprendizagem das Quatro Opera\u00e7\u00f5es B\u00e1sicas da Matem\u00e1tica no 6\u00ba Ano do Ensino Fundamental II<\/a><\/td>\n<td width=\"131\">Elifaleth Rego Sabino<\/p>\n<p>Kelmem da Cruz Barroso<\/p>\n<p>Edivaldo Pinto dos Santos<\/td>\n<\/tr>\n<tr>\n<td width=\"129\">Edivaldo Pinto dos Santos<\/td>\n<td width=\"132\">Cleomar da Silva MouraFrancinaldo Franklin da SilvaRomualdo Amorim Ribeiro<\/p>\n<p>&nbsp;<\/td>\n<td width=\"131\"><a href=\"http:\/\/www2.unifap.br\/matematica\/files\/2017\/07\/tcc-2017-Cleomar-da-Silva-Moura-Francinaldo-Franklin-da-Silva-e-Romualdo-Amorim-Ribeiro.pdf\">Uma Proposta de Ensino e Aprendizagem de Produtos Not\u00e1veis com Aux\u00edlio da Inform\u00e1tica<\/a><\/td>\n<td width=\"131\">Edivaldo Pinto dos Santos&nbsp;<\/p>\n<p>Jo\u00e3o Socorro Pinheiro Ferreira<\/p>\n<p>&nbsp;<\/p>\n<p>S\u00e9rgio Barbosa de Miranda<\/td>\n<\/tr>\n<tr>\n<td width=\"129\">Edivaldo Pinto dos Santos<\/td>\n<td width=\"132\">Estefano Raul Marques VilhenaMardoqueu Carneiro de Oliveira<\/td>\n<td width=\"131\"><a href=\"http:\/\/www2.unifap.br\/matematica\/files\/2017\/07\/tcc-2017-Estefano-Raul-Marques-Vilhena-e-Mardoqueu-Carneiro-de-Oliveira.pdf\">Matem\u00e1tica Financeira: O Ensino-Aprendizagem de Juros Compostos com o Auxilio do Spreadsheets<\/a><\/td>\n<td width=\"131\">Edivaldo Pinto dos Santos&nbsp;<\/p>\n<p>S\u00e9rgio Barbosa de Miranda<\/p>\n<p>&nbsp;<\/p>\n<p>Erasmo Senger<\/td>\n<\/tr>\n<tr>\n<td width=\"129\">Kelmem da Cruz Barroso<\/td>\n<td width=\"132\">Joabe de Deus Souza Silva<\/td>\n<td width=\"131\"><a href=\"http:\/\/www2.unifap.br\/matematica\/files\/2017\/07\/tcc-2017-Joabe-de-Deus-Souza-Silva.pdf\">Teorema de Euler e Poliedros de Plat\u00e3o, Pappus-Guldin e Aplica\u00e7\u00f5es<\/a><\/td>\n<td width=\"131\">Kelmem da Cruz Barroso&nbsp;<\/p>\n<p>Guzman Eul\u00e1lio Isla Chamilco<\/p>\n<p>&nbsp;<\/p>\n<p>Caroline Lima de Souza<\/td>\n<\/tr>\n<tr>\n<td width=\"129\">Jo\u00e3o Socorro Pinheiro Ferreira<\/td>\n<td width=\"132\">Ramon Costa Benjamim<\/td>\n<td width=\"131\"><a href=\"http:\/\/www2.unifap.br\/matematica\/files\/2017\/07\/tcc-2017-Ramon-Costa-Benjamim.pdf\">O C\u00e1lculo Moderno na Hist\u00f3ria da Matem\u00e1tica: Um Estudo Sobre Sete Teoremas e Suas Aplica\u00e7\u00f5es<\/a><\/td>\n<td width=\"131\">Jo\u00e3o Socorro Pinheiro Ferreira&nbsp;<\/p>\n<p>Steve Wanderson Calheiros de Ara\u00fajo<\/p>\n<p>Eliane Leal Vasquez<\/td>\n<\/tr>\n<tr>\n<td width=\"129\">Guzman Eul\u00e1lio Isla Chamilco<\/td>\n<td width=\"132\">Yuri Vieira Cordeiro<\/td>\n<td width=\"131\">\n<p align=\"center\"><a href=\"http:\/\/www2.unifap.br\/matematica\/files\/2017\/07\/tcc-2017-Yuri-Vieira-Cordeiro.pdf\">Teoria dos Jogos e o Equil\u00edbrio de Nash<\/a><\/p>\n<p>&nbsp;<\/td>\n<td width=\"131\">Guzman Eul\u00e1lio Isla Chamilco&nbsp;<\/p>\n<p>Kelmem da Cruz Barroso<\/p>\n<p>Gilberl\u00e2ndio Dias Jesus<\/td>\n<\/tr>\n<\/tbody>\n<\/table>\n<p>&nbsp;<\/p>\n<p><!-- p { margin-bottom: 0.25cm; direction: ltr; line-height: 120%; text-align: left; }a:link { color: rgb(0, 0, 255); } --><\/p>\n","protected":false},"excerpt":{"rendered":"<p>DECLARA\u00c7\u00c3O-DE-BANCA-DE-TCC-2017-01 PER\u00cdODO 2017\/02 Professor Orientador Aluno T\u00edtulo Banca Avaliadora Guzm\u00e1n Eulalio Isla Chamilco Deidson Vilhena Santos S\u00e9ries de Fourier e Aplica\u00e7\u00f5es Guzm\u00e1n Eulalio Isla Chamilco R\u00f4mulo Lima da Gama Solange Regina Cromianski Kelmem da Cruz Barroso Rafael do Ros\u00e1rio Pereira Desigualdade Entre as M\u00e9dias Aritm\u00e9tica Kelmem da Cruz Barroso R\u00f4mulo Lima da Gama Solange Regina&#8230;<\/p>\n","protected":false},"author":844,"featured_media":0,"parent":889,"menu_order":8,"comment_status":"open","ping_status":"open","template":"","meta":{"inline_featured_image":false,"site-sidebar-layout":"default","site-content-layout":"","ast-site-content-layout":"default","site-content-style":"default","site-sidebar-style":"default","ast-global-header-display":"","ast-banner-title-visibility":"","ast-main-header-display":"","ast-hfb-above-header-display":"","ast-hfb-below-header-display":"","ast-hfb-mobile-header-display":"","site-post-title":"","ast-breadcrumbs-content":"","ast-featured-img":"","footer-sml-layout":"","theme-transparent-header-meta":"","adv-header-id-meta":"","stick-header-meta":"","header-above-stick-meta":"","header-main-stick-meta":"","header-below-stick-meta":"","astra-migrate-meta-layouts":"default","ast-page-background-enabled":"default","ast-page-background-meta":{"desktop":{"background-color":"var(--ast-global-color-4)","background-image":"","background-repeat":"repeat","background-position":"center center","background-size":"auto","background-attachment":"scroll","background-type":"","background-media":"","overlay-type":"","overlay-color":"","overlay-opacity":"","overlay-gradient":""},"tablet":{"background-color":"","background-image":"","background-repeat":"repeat","background-position":"center center","background-size":"auto","background-attachment":"scroll","background-type":"","background-media":"","overlay-type":"","overlay-color":"","overlay-opacity":"","overlay-gradient":""},"mobile":{"background-color":"","background-image":"","background-repeat":"repeat","background-position":"center center","background-size":"auto","background-attachment":"scroll","background-type":"","background-media":"","overlay-type":"","overlay-color":"","overlay-opacity":"","overlay-gradient":""}},"ast-content-background-meta":{"desktop":{"background-color":"var(--ast-global-color-5)","background-image":"","background-repeat":"repeat","background-position":"center center","background-size":"auto","background-attachment":"scroll","background-type":"","background-media":"","overlay-type":"","overlay-color":"","overlay-opacity":"","overlay-gradient":""},"tablet":{"background-color":"var(--ast-global-color-5)","background-image":"","background-repeat":"repeat","background-position":"center center","background-size":"auto","background-attachment":"scroll","background-type":"","background-media":"","overlay-type":"","overlay-color":"","overlay-opacity":"","overlay-gradient":""},"mobile":{"background-color":"var(--ast-global-color-5)","background-image":"","background-repeat":"repeat","background-position":"center center","background-size":"auto","background-attachment":"scroll","background-type":"","background-media":"","overlay-type":"","overlay-color":"","overlay-opacity":"","overlay-gradient":""}},"ngg_post_thumbnail":0,"footnotes":""},"class_list":["post-1935","page","type-page","status-publish","hentry"],"_links":{"self":[{"href":"https:\/\/www2.unifap.br\/matematica\/index.php?rest_route=\/wp\/v2\/pages\/1935","targetHints":{"allow":["GET"]}}],"collection":[{"href":"https:\/\/www2.unifap.br\/matematica\/index.php?rest_route=\/wp\/v2\/pages"}],"about":[{"href":"https:\/\/www2.unifap.br\/matematica\/index.php?rest_route=\/wp\/v2\/types\/page"}],"author":[{"embeddable":true,"href":"https:\/\/www2.unifap.br\/matematica\/index.php?rest_route=\/wp\/v2\/users\/844"}],"replies":[{"embeddable":true,"href":"https:\/\/www2.unifap.br\/matematica\/index.php?rest_route=%2Fwp%2Fv2%2Fcomments&post=1935"}],"version-history":[{"count":15,"href":"https:\/\/www2.unifap.br\/matematica\/index.php?rest_route=\/wp\/v2\/pages\/1935\/revisions"}],"predecessor-version":[{"id":4513,"href":"https:\/\/www2.unifap.br\/matematica\/index.php?rest_route=\/wp\/v2\/pages\/1935\/revisions\/4513"}],"up":[{"embeddable":true,"href":"https:\/\/www2.unifap.br\/matematica\/index.php?rest_route=\/wp\/v2\/pages\/889"}],"wp:attachment":[{"href":"https:\/\/www2.unifap.br\/matematica\/index.php?rest_route=%2Fwp%2Fv2%2Fmedia&parent=1935"}],"curies":[{"name":"wp","href":"https:\/\/api.w.org\/{rel}","templated":true}]}}