{"id":1964,"date":"2017-07-20T11:38:52","date_gmt":"2017-07-20T11:38:52","guid":{"rendered":"http:\/\/www2.unifap.br\/matematica\/?page_id=1964"},"modified":"2017-07-20T12:26:16","modified_gmt":"2017-07-20T12:26:16","slug":"disciplinas","status":"publish","type":"page","link":"https:\/\/www2.unifap.br\/matematica\/?page_id=1964","title":{"rendered":"Disciplinas"},"content":{"rendered":"<table border=\"1\" cellspacing=\"0\" cellpadding=\"0\">\n<tbody>\n<tr>\n<td colspan=\"2\" valign=\"top\" width=\"577\">\n<p align=\"center\"><strong>1\u00ba Ano<\/strong><\/p>\n<\/td>\n<\/tr>\n<tr>\n<td valign=\"top\" width=\"288\">\n<p align=\"center\"><strong>1\u00ba Per\u00edodo<\/strong><\/p>\n<\/td>\n<td valign=\"top\" width=\"288\">\n<p align=\"center\"><strong>2\u00ba Per\u00edodo<\/strong><\/p>\n<\/td>\n<\/tr>\n<tr>\n<td valign=\"top\" width=\"288\">\n<p align=\"center\">MA 11 \u2013 N\u00fameros e Fun\u00e7\u00f5es Reais<\/p>\n<\/td>\n<td valign=\"top\" width=\"288\">\n<p align=\"center\">MA 13 &#8211; Geometria<\/p>\n<\/td>\n<\/tr>\n<tr>\n<td valign=\"top\" width=\"288\">\n<p align=\"center\">MA 12 \u2013 Matem\u00e1tica Discreta<\/p>\n<\/td>\n<td valign=\"top\" width=\"288\">\n<p align=\"center\">MA 14 &#8211; Aritm\u00e9tica<\/p>\n<\/td>\n<\/tr>\n<tr>\n<td colspan=\"2\" valign=\"top\" width=\"577\">\n<p align=\"center\"><strong>2\u00ba Ano<\/strong><\/p>\n<\/td>\n<\/tr>\n<tr>\n<td valign=\"top\" width=\"288\">\n<p align=\"center\"><strong>Ver\u00e3o<\/strong><\/p>\n<\/td>\n<td valign=\"top\" width=\"288\">\n<p align=\"center\"><strong>1\u00ba Per\u00edodo \u2013 2\u00ba Per\u00edodo<\/strong><\/p>\n<\/td>\n<\/tr>\n<tr>\n<td valign=\"top\" width=\"288\">\n<p align=\"center\">MA 21 \u2013 Resolu\u00e7\u00e3o de Problemas<\/p>\n<\/td>\n<td valign=\"top\" width=\"288\">\n<p align=\"center\">MA 22 \u2013 Fundamentos de C\u00e1lculo<\/p>\n<\/td>\n<\/tr>\n<tr>\n<td valign=\"top\" width=\"288\"><\/td>\n<td valign=\"top\" width=\"288\">\n<p align=\"center\">MA 23 \u2013 Geometria Anal\u00edtica<\/p>\n<\/td>\n<\/tr>\n<tr>\n<td valign=\"top\" width=\"288\"><\/td>\n<td valign=\"top\" width=\"288\">\n<p align=\"center\">Eletiva I<\/p>\n<\/td>\n<\/tr>\n<tr>\n<td valign=\"top\" width=\"288\"><\/td>\n<td valign=\"top\" width=\"288\">\n<p align=\"center\">Eletiva II<\/p>\n<\/td>\n<\/tr>\n<tr>\n<td colspan=\"2\" valign=\"top\" width=\"576\">\n<p align=\"center\"><strong>3\u00ba Ano<\/strong><\/p>\n<\/td>\n<\/tr>\n<tr>\n<td colspan=\"2\" valign=\"top\" width=\"576\">\n<p align=\"center\"><strong>Per\u00edodo de Ver\u00e3o<\/strong><\/p>\n<\/td>\n<\/tr>\n<tr>\n<td colspan=\"2\" valign=\"top\" width=\"576\">\n<p align=\"center\">Finaliza\u00e7\u00e3o da Disserta\u00e7\u00e3o de Mestrado<\/p>\n<\/td>\n<\/tr>\n<\/tbody>\n<\/table>\n<p>&nbsp;<\/p>\n<table border=\"1\" cellspacing=\"0\" cellpadding=\"0\">\n<tbody>\n<tr>\n<td colspan=\"2\" valign=\"top\" width=\"579\">\n<p align=\"center\"><strong>*Eletivas<\/strong><\/p>\n<\/td>\n<\/tr>\n<tr>\n<td valign=\"top\" width=\"288\">\n<p align=\"center\">MA 31 &#8211; T\u00f3picos de Hist\u00f3ria da Matem\u00e1tica<\/p>\n<\/td>\n<td valign=\"top\" width=\"290\">\n<p align=\"center\">MA 32 &#8211; T\u00f3picos de Teoria dos N\u00fameros<\/p>\n<\/td>\n<\/tr>\n<tr>\n<td valign=\"top\" width=\"288\">\n<p align=\"center\">MA 33 &#8211; Introdu\u00e7\u00e3o \u00e0 \u00c1lgebra Linear<\/p>\n<\/td>\n<td valign=\"top\" width=\"290\">\n<p align=\"center\">MA 34 &#8211; T\u00f3picos de C\u00e1lculo Diferencial e Integral<\/p>\n<\/td>\n<\/tr>\n<tr>\n<td valign=\"top\" width=\"288\">\n<p align=\"center\">MA 35 \u2013 Matem\u00e1tica e Atualidade I<\/p>\n<\/td>\n<td valign=\"top\" width=\"290\">\n<p align=\"center\">MA 36 &#8211; Recursos Computacionais no Ensino de Matem\u00e1tica<\/p>\n<\/td>\n<\/tr>\n<tr>\n<td valign=\"top\" width=\"288\">\n<p align=\"center\">MA 37 \u2013 Modelagem Matem\u00e1tica<\/p>\n<\/td>\n<td valign=\"top\" width=\"290\">\n<p align=\"center\">MA 38 \u2013 Polin\u00f4mios e Equa\u00e7\u00f5es Alg\u00e9bricas<\/p>\n<\/td>\n<\/tr>\n<tr>\n<td valign=\"top\" width=\"288\">\n<p align=\"center\">MA 39 \u2013 Geometria Espacial<\/p>\n<\/td>\n<td valign=\"top\" width=\"290\">\n<p align=\"center\">MA 40 \u2013 T\u00f3picos de Matem\u00e1tica<\/p>\n<\/td>\n<\/tr>\n<tr>\n<td valign=\"top\" width=\"288\">\n<p align=\"center\">MA 41 \u2013 Probabilidade e Estat\u00edstica<\/p>\n<\/td>\n<td valign=\"top\" width=\"290\">\n<p align=\"center\">MA 42 \u2013 Avalia\u00e7\u00e3o Educacional<\/p>\n<\/td>\n<\/tr>\n<tr>\n<td valign=\"top\" width=\"288\">\n<p align=\"center\">MA 43 \u2013 C\u00e1lculo Num\u00e9rico<\/p>\n<\/td>\n<td valign=\"top\" width=\"290\">\n<p align=\"center\">MA 44 \u2013 Matem\u00e1tica e Atualidade II<\/p>\n<\/td>\n<\/tr>\n<tr>\n<td valign=\"top\" width=\"288\">\n<p align=\"center\">MA 24 \u2013 Trabalho de Conclus\u00e3o de Curso<\/p>\n<\/td>\n<td valign=\"top\" width=\"290\"><\/td>\n<\/tr>\n<\/tbody>\n<\/table>\n","protected":false},"excerpt":{"rendered":"<p>1\u00ba Ano 1\u00ba Per\u00edodo 2\u00ba Per\u00edodo MA 11 \u2013 N\u00fameros e Fun\u00e7\u00f5es Reais MA 13 &#8211; Geometria MA 12 \u2013 Matem\u00e1tica Discreta MA 14 &#8211; Aritm\u00e9tica 2\u00ba Ano Ver\u00e3o 1\u00ba Per\u00edodo \u2013 2\u00ba Per\u00edodo MA 21 \u2013 Resolu\u00e7\u00e3o de Problemas MA 22 \u2013 Fundamentos de C\u00e1lculo MA 23 \u2013 Geometria Anal\u00edtica Eletiva I Eletiva II&#8230;<\/p>\n","protected":false},"author":1721,"featured_media":0,"parent":1955,"menu_order":4,"comment_status":"open","ping_status":"open","template":"","meta":{"inline_featured_image":false,"site-sidebar-layout":"default","site-content-layout":"","ast-site-content-layout":"default","site-content-style":"default","site-sidebar-style":"default","ast-global-header-display":"","ast-banner-title-visibility":"","ast-main-header-display":"","ast-hfb-above-header-display":"","ast-hfb-below-header-display":"","ast-hfb-mobile-header-display":"","site-post-title":"","ast-breadcrumbs-content":"","ast-featured-img":"","footer-sml-layout":"","theme-transparent-header-meta":"","adv-header-id-meta":"","stick-header-meta":"","header-above-stick-meta":"","header-main-stick-meta":"","header-below-stick-meta":"","astra-migrate-meta-layouts":"default","ast-page-background-enabled":"default","ast-page-background-meta":{"desktop":{"background-color":"var(--ast-global-color-4)","background-image":"","background-repeat":"repeat","background-position":"center center","background-size":"auto","background-attachment":"scroll","background-type":"","background-media":"","overlay-type":"","overlay-color":"","overlay-opacity":"","overlay-gradient":""},"tablet":{"background-color":"","background-image":"","background-repeat":"repeat","background-position":"center center","background-size":"auto","background-attachment":"scroll","background-type":"","background-media":"","overlay-type":"","overlay-color":"","overlay-opacity":"","overlay-gradient":""},"mobile":{"background-color":"","background-image":"","background-repeat":"repeat","background-position":"center center","background-size":"auto","background-attachment":"scroll","background-type":"","background-media":"","overlay-type":"","overlay-color":"","overlay-opacity":"","overlay-gradient":""}},"ast-content-background-meta":{"desktop":{"background-color":"var(--ast-global-color-5)","background-image":"","background-repeat":"repeat","background-position":"center center","background-size":"auto","background-attachment":"scroll","background-type":"","background-media":"","overlay-type":"","overlay-color":"","overlay-opacity":"","overlay-gradient":""},"tablet":{"background-color":"var(--ast-global-color-5)","background-image":"","background-repeat":"repeat","background-position":"center center","background-size":"auto","background-attachment":"scroll","background-type":"","background-media":"","overlay-type":"","overlay-color":"","overlay-opacity":"","overlay-gradient":""},"mobile":{"background-color":"var(--ast-global-color-5)","background-image":"","background-repeat":"repeat","background-position":"center center","background-size":"auto","background-attachment":"scroll","background-type":"","background-media":"","overlay-type":"","overlay-color":"","overlay-opacity":"","overlay-gradient":""}},"ngg_post_thumbnail":0,"footnotes":""},"class_list":["post-1964","page","type-page","status-publish","hentry"],"_links":{"self":[{"href":"https:\/\/www2.unifap.br\/matematica\/index.php?rest_route=\/wp\/v2\/pages\/1964","targetHints":{"allow":["GET"]}}],"collection":[{"href":"https:\/\/www2.unifap.br\/matematica\/index.php?rest_route=\/wp\/v2\/pages"}],"about":[{"href":"https:\/\/www2.unifap.br\/matematica\/index.php?rest_route=\/wp\/v2\/types\/page"}],"author":[{"embeddable":true,"href":"https:\/\/www2.unifap.br\/matematica\/index.php?rest_route=\/wp\/v2\/users\/1721"}],"replies":[{"embeddable":true,"href":"https:\/\/www2.unifap.br\/matematica\/index.php?rest_route=%2Fwp%2Fv2%2Fcomments&post=1964"}],"version-history":[{"count":2,"href":"https:\/\/www2.unifap.br\/matematica\/index.php?rest_route=\/wp\/v2\/pages\/1964\/revisions"}],"predecessor-version":[{"id":1966,"href":"https:\/\/www2.unifap.br\/matematica\/index.php?rest_route=\/wp\/v2\/pages\/1964\/revisions\/1966"}],"up":[{"embeddable":true,"href":"https:\/\/www2.unifap.br\/matematica\/index.php?rest_route=\/wp\/v2\/pages\/1955"}],"wp:attachment":[{"href":"https:\/\/www2.unifap.br\/matematica\/index.php?rest_route=%2Fwp%2Fv2%2Fmedia&parent=1964"}],"curies":[{"name":"wp","href":"https:\/\/api.w.org\/{rel}","templated":true}]}}