{"id":2095,"date":"2017-09-20T12:36:53","date_gmt":"2017-09-20T12:36:53","guid":{"rendered":"http:\/\/www2.unifap.br\/matematica\/?page_id=2095"},"modified":"2017-09-25T19:40:43","modified_gmt":"2017-09-25T19:40:43","slug":"1-apresentacao","status":"publish","type":"page","link":"https:\/\/www2.unifap.br\/matematica\/?page_id=2095","title":{"rendered":"1. Apresenta\u00e7\u00e3o"},"content":{"rendered":"<p><strong>ANAIS DO COL\u00d3QUIO DE MATEM\u00c1TICA DA REGI\u00c3O NORTE<\/strong><\/p>\n<p>O evento foi organizado pela Sociedade Brasileira de Matem\u00e1tica e Universidade Federal do Amap\u00e1. A quarta edi\u00e7\u00e3o realizou-se no per\u00edodo de 07 a 11 de novembro de 2016, na Universidade Federal do Amap\u00e1\/Departamento de Ci\u00eancias Exatas e Tecnol\u00f3gicas, na cidade de Macap\u00e1, na capital do Estado do Amap\u00e1. O evento destinou-se a professores da educa\u00e7\u00e3o b\u00e1sica, professores ou pesquisadores da educa\u00e7\u00e3o superior, estudantes de p\u00f3s-gradua\u00e7\u00e3o e de gradua\u00e7\u00e3o. A execu\u00e7\u00e3o do &#8220;Projeto de Extens\u00e3o: IV Col\u00f3quio de Matem\u00e1tica da Regi\u00e3o Norte&#8221;, n\u00ba\u00a0109\/2016-DEX culminou com a elabora\u00e7\u00e3o dos anais do evento, com fim de documentar as tem\u00e1ticas debatidas nas confer\u00eancias, minicursos ou trabalhos apresentados nas se\u00e7\u00f5es t\u00e9cnicas e p\u00f4steres, respectivamente, nas \u00e1reas de Geometria\/Topologia, \u00c1lgebra\/Teoria dos N\u00fameros, An\u00e1lise\/Equa\u00e7\u00f5es Diferencias, Matem\u00e1tica Aplicada\/Computacional, Otimiza\u00e7\u00e3o, Estat\u00edstica\/Probabilidade e Educa\u00e7\u00e3o\u00a0Matem\u00e1tica.<\/p>\n<p>Apoio:<\/p>\n<p><a href=\"http:\/\/www2.unifap.br\/matematica\/files\/2017\/09\/Apoio-do-IV-CMRN-2016.jpg\"><img decoding=\"async\" class=\"alignnone size-medium wp-image-2165\" alt=\"Apoio do IV CMRN 2016\" src=\"http:\/\/www2.unifap.br\/matematica\/files\/2017\/09\/Apoio-do-IV-CMRN-2016-300x103.jpg\" width=\"300\" height=\"103\" srcset=\"https:\/\/www2.unifap.br\/matematica\/files\/2017\/09\/Apoio-do-IV-CMRN-2016-300x103.jpg 300w, https:\/\/www2.unifap.br\/matematica\/files\/2017\/09\/Apoio-do-IV-CMRN-2016.jpg 305w\" sizes=\"(max-width: 300px) 100vw, 300px\" \/><\/a><\/p>\n","protected":false},"excerpt":{"rendered":"<p>ANAIS DO COL\u00d3QUIO DE MATEM\u00c1TICA DA REGI\u00c3O NORTE O evento foi organizado pela Sociedade Brasileira de Matem\u00e1tica e Universidade Federal do Amap\u00e1. A quarta edi\u00e7\u00e3o realizou-se no per\u00edodo de 07 a 11 de novembro de 2016, na Universidade Federal do Amap\u00e1\/Departamento de Ci\u00eancias Exatas e Tecnol\u00f3gicas, na cidade de Macap\u00e1, na capital do Estado do&#8230;<\/p>\n","protected":false},"author":1721,"featured_media":0,"parent":2093,"menu_order":1,"comment_status":"open","ping_status":"open","template":"","meta":{"inline_featured_image":false,"site-sidebar-layout":"default","site-content-layout":"","ast-site-content-layout":"default","site-content-style":"default","site-sidebar-style":"default","ast-global-header-display":"","ast-banner-title-visibility":"","ast-main-header-display":"","ast-hfb-above-header-display":"","ast-hfb-below-header-display":"","ast-hfb-mobile-header-display":"","site-post-title":"","ast-breadcrumbs-content":"","ast-featured-img":"","footer-sml-layout":"","theme-transparent-header-meta":"","adv-header-id-meta":"","stick-header-meta":"","header-above-stick-meta":"","header-main-stick-meta":"","header-below-stick-meta":"","astra-migrate-meta-layouts":"default","ast-page-background-enabled":"default","ast-page-background-meta":{"desktop":{"background-color":"var(--ast-global-color-4)","background-image":"","background-repeat":"repeat","background-position":"center center","background-size":"auto","background-attachment":"scroll","background-type":"","background-media":"","overlay-type":"","overlay-color":"","overlay-opacity":"","overlay-gradient":""},"tablet":{"background-color":"","background-image":"","background-repeat":"repeat","background-position":"center center","background-size":"auto","background-attachment":"scroll","background-type":"","background-media":"","overlay-type":"","overlay-color":"","overlay-opacity":"","overlay-gradient":""},"mobile":{"background-color":"","background-image":"","background-repeat":"repeat","background-position":"center center","background-size":"auto","background-attachment":"scroll","background-type":"","background-media":"","overlay-type":"","overlay-color":"","overlay-opacity":"","overlay-gradient":""}},"ast-content-background-meta":{"desktop":{"background-color":"var(--ast-global-color-5)","background-image":"","background-repeat":"repeat","background-position":"center center","background-size":"auto","background-attachment":"scroll","background-type":"","background-media":"","overlay-type":"","overlay-color":"","overlay-opacity":"","overlay-gradient":""},"tablet":{"background-color":"var(--ast-global-color-5)","background-image":"","background-repeat":"repeat","background-position":"center center","background-size":"auto","background-attachment":"scroll","background-type":"","background-media":"","overlay-type":"","overlay-color":"","overlay-opacity":"","overlay-gradient":""},"mobile":{"background-color":"var(--ast-global-color-5)","background-image":"","background-repeat":"repeat","background-position":"center center","background-size":"auto","background-attachment":"scroll","background-type":"","background-media":"","overlay-type":"","overlay-color":"","overlay-opacity":"","overlay-gradient":""}},"ngg_post_thumbnail":0,"footnotes":""},"class_list":["post-2095","page","type-page","status-publish","hentry"],"_links":{"self":[{"href":"https:\/\/www2.unifap.br\/matematica\/index.php?rest_route=\/wp\/v2\/pages\/2095","targetHints":{"allow":["GET"]}}],"collection":[{"href":"https:\/\/www2.unifap.br\/matematica\/index.php?rest_route=\/wp\/v2\/pages"}],"about":[{"href":"https:\/\/www2.unifap.br\/matematica\/index.php?rest_route=\/wp\/v2\/types\/page"}],"author":[{"embeddable":true,"href":"https:\/\/www2.unifap.br\/matematica\/index.php?rest_route=\/wp\/v2\/users\/1721"}],"replies":[{"embeddable":true,"href":"https:\/\/www2.unifap.br\/matematica\/index.php?rest_route=%2Fwp%2Fv2%2Fcomments&post=2095"}],"version-history":[{"count":9,"href":"https:\/\/www2.unifap.br\/matematica\/index.php?rest_route=\/wp\/v2\/pages\/2095\/revisions"}],"predecessor-version":[{"id":2283,"href":"https:\/\/www2.unifap.br\/matematica\/index.php?rest_route=\/wp\/v2\/pages\/2095\/revisions\/2283"}],"up":[{"embeddable":true,"href":"https:\/\/www2.unifap.br\/matematica\/index.php?rest_route=\/wp\/v2\/pages\/2093"}],"wp:attachment":[{"href":"https:\/\/www2.unifap.br\/matematica\/index.php?rest_route=%2Fwp%2Fv2%2Fmedia&parent=2095"}],"curies":[{"name":"wp","href":"https:\/\/api.w.org\/{rel}","templated":true}]}}