{"id":2097,"date":"2017-09-20T12:37:31","date_gmt":"2017-09-20T12:37:31","guid":{"rendered":"http:\/\/www2.unifap.br\/matematica\/?page_id=2097"},"modified":"2017-09-25T19:41:21","modified_gmt":"2017-09-25T19:41:21","slug":"2-normas-para-publicacao","status":"publish","type":"page","link":"https:\/\/www2.unifap.br\/matematica\/?page_id=2097","title":{"rendered":"2. Normas para publica\u00e7\u00e3o"},"content":{"rendered":"<p><strong>ANAIS DO COL\u00d3QUIO DE MATEM\u00c1TICA DA REGI\u00c3O NORTE<\/strong><\/p>\n<p>Todas as propostas a serem submetidas devem se enquadrar em um dos seguintes eixos\u00a0tem\u00e1ticos:<\/p>\n<p>T1: Geometria\/Topologia<br \/>\nT2: \u00c1lgebra\/Teoria dos N\u00fameros<br \/>\nT3: An\u00e1lise\/Equa\u00e7\u00f5es Diferenciais<br \/>\nT4: Matem\u00e1tica Aplicada\/Computacional<br \/>\nT5: Otimiza\u00e7\u00e3o<br \/>\nT6: Estat\u00edstica\/Probabilidade<br \/>\nT7: Educa\u00e7\u00e3o Matem\u00e1tica<\/p>\n<p>A submiss\u00e3o das propostas deve ser feita pelo e-mail\u00a0<a href=\"mailto:coloquio4matnorte@outlook.com\">coloquio4matnorte@outlook.com<\/a>,\u00a0\u00a0mediante envio do arquivo conforme os modelos dispon\u00edveis de acordo com as\u00a0modalidades:<\/p>\n<p>Minicurso(MC), P\u00f4ster(PO) ou Se\u00e7\u00f5es T\u00e9cnicas (ST) e em formato PDF. O\u00a0arquivo deve ser salvo com o nome:<\/p>\n<p>Modalidade da proposta_eixo tem\u00e1tico_nome do autor_\u00faltimo sobrenome.pdf.<\/p>\n<p>Exemplo: \u00a0ST_T5_Jos\u00e9_Almeida.pdf<\/p>\n<p><strong>Propostas de Minicursos:\u00a0Envio de 06\/06\/2016 a 18\/09\/2016<\/strong><\/p>\n<p>Cada minicurso ser\u00e1 composto por 3 aulas com dura\u00e7\u00e3o de uma hora e trinta minutos\u00a0distribu\u00eddas no per\u00edodo de 07 a 11 de novembro de 2016 e dever\u00e1 corresponder ao n\u00edvel\u00a0introdut\u00f3rio dos cursos do Col\u00f3quio Brasileiro de Matem\u00e1tica. Os proponentes poder\u00e3o\u00a0ser de qualquer regi\u00e3o do pa\u00eds. As propostas dever\u00e3o ser enviadas para o e-mail:\u00a0<a href=\"mailto:coloquio4matnorte@outlook.com\">coloquio4matnorte@outlook.com<\/a><\/p>\n<p><strong><a href=\"http:\/\/www2.unifap.br\/matematica\/files\/2017\/09\/minicurso-1.zip\">Modelo de proposta de miniscurso<\/a><\/strong><\/p>\n<p>Submiss\u00e3o de Trabalhos:\u00a0Envio de\u00a006\/06\/2016\u00a0a 02\/10\/2016.<\/p>\n<p><strong>Formato P\u00f4ster:<\/strong><\/p>\n<p>Interessados em apresentar trabalho no formato de p\u00f4ster no IV Col\u00f3quio\u00a0<a href=\"https:\/\/www.sbm.org.br\/coloquio-norte-4\/wp-content\/uploads\/sites\/18\/2016\/06\/ModeloPoster.zip\">Modelo de p\u00f4ster<\/a>\u00a0de Matem\u00e1tica da\u00a0Regi\u00e3o Norte est\u00e3o convidados a enviar suas propostas para o e-mail\u00a0<a href=\"mailto:coloquio4matnorte@outlook.com\">coloquio4matnorte@outlook.com<\/a>, com o\u00a0arquivo PDF do p\u00f4ster a ser apresentado\u00a0ou\u00a0um resumo de no m\u00e1ximo uma p\u00e1gina o trabalho\u00a0a ser apresentado.<\/p>\n<p><strong><a href=\"http:\/\/www2.unifap.br\/matematica\/files\/2017\/09\/ModeloPoster.zip\">Modelo de P\u00f4ster<\/a><\/strong><\/p>\n<p><strong><a href=\"http:\/\/www2.unifap.br\/matematica\/files\/2017\/09\/modeloresumoposter.zip\">Modelo de resumo de p\u00f4ster<\/a><\/strong><\/p>\n<p><strong>Se\u00e7\u00f5es T\u00e9cnicas (orais):<\/strong><br \/>\nCada se\u00e7\u00e3o t\u00e9cnica oral ter\u00e1 dura\u00e7\u00e3o de 10 min. Interessados est\u00e3o convidados a enviar suas\u00a0propostas para o e-mail\u00a0<a href=\"mailto:coloquio4matnorte@outlook.com\">coloquio4matnorte@outlook.com<\/a>\u00a0com um resumo de no m\u00e1ximo uma p\u00e1gina do trabalho a\u00a0ser apresentado.<\/p>\n<p><strong><a href=\"http:\/\/www2.unifap.br\/matematica\/files\/2017\/09\/modeloresumosecaotecnica.zip\">Modelo de resumo de se\u00e7\u00e3o t\u00e9cnica<\/a><\/strong><\/p>\n<p>Trabalhos aceitos ser\u00e3o divulgados a partir de dia 15\/10\/2016.<\/p>\n<p>Para que os trabalhos aceitos possam ser apresentados no col\u00f3quio o pagamento das\u00a0inscri\u00e7\u00f5es deve ser feito at\u00e9 o dia 18\/09\/2016.<\/p>\n<p>O pagamento da inscri\u00e7\u00e3o permitir\u00e1 a apresenta\u00e7\u00e3o de at\u00e9 dois trabalhos.<\/p>\n<p>&nbsp;<\/p>\n<p>Fonte: SOCIEDADE BRASILEIRA DE MATEM\u00c1TICA. Instru\u00e7\u00f5es de submiss\u00e3o de trabalhos. Dispon\u00edvel em:\u00a0https:\/\/www.sbm.org.br\/coloquio-norte-4\/cronograma\/,\u00a0Acesso: 20\/09\/2017.<\/p>\n<p>&nbsp;<\/p>\n","protected":false},"excerpt":{"rendered":"<p>ANAIS DO COL\u00d3QUIO DE MATEM\u00c1TICA DA REGI\u00c3O NORTE Todas as propostas a serem submetidas devem se enquadrar em um dos seguintes eixos\u00a0tem\u00e1ticos: T1: Geometria\/Topologia T2: \u00c1lgebra\/Teoria dos N\u00fameros T3: An\u00e1lise\/Equa\u00e7\u00f5es Diferenciais T4: Matem\u00e1tica Aplicada\/Computacional T5: Otimiza\u00e7\u00e3o T6: Estat\u00edstica\/Probabilidade T7: Educa\u00e7\u00e3o Matem\u00e1tica A submiss\u00e3o das propostas deve ser feita pelo e-mail\u00a0coloquio4matnorte@outlook.com,\u00a0\u00a0mediante envio do arquivo conforme os&#8230;<\/p>\n","protected":false},"author":1721,"featured_media":0,"parent":2093,"menu_order":2,"comment_status":"open","ping_status":"open","template":"","meta":{"inline_featured_image":false,"site-sidebar-layout":"default","site-content-layout":"","ast-site-content-layout":"default","site-content-style":"default","site-sidebar-style":"default","ast-global-header-display":"","ast-banner-title-visibility":"","ast-main-header-display":"","ast-hfb-above-header-display":"","ast-hfb-below-header-display":"","ast-hfb-mobile-header-display":"","site-post-title":"","ast-breadcrumbs-content":"","ast-featured-img":"","footer-sml-layout":"","theme-transparent-header-meta":"","adv-header-id-meta":"","stick-header-meta":"","header-above-stick-meta":"","header-main-stick-meta":"","header-below-stick-meta":"","astra-migrate-meta-layouts":"default","ast-page-background-enabled":"default","ast-page-background-meta":{"desktop":{"background-color":"var(--ast-global-color-4)","background-image":"","background-repeat":"repeat","background-position":"center center","background-size":"auto","background-attachment":"scroll","background-type":"","background-media":"","overlay-type":"","overlay-color":"","overlay-opacity":"","overlay-gradient":""},"tablet":{"background-color":"","background-image":"","background-repeat":"repeat","background-position":"center center","background-size":"auto","background-attachment":"scroll","background-type":"","background-media":"","overlay-type":"","overlay-color":"","overlay-opacity":"","overlay-gradient":""},"mobile":{"background-color":"","background-image":"","background-repeat":"repeat","background-position":"center center","background-size":"auto","background-attachment":"scroll","background-type":"","background-media":"","overlay-type":"","overlay-color":"","overlay-opacity":"","overlay-gradient":""}},"ast-content-background-meta":{"desktop":{"background-color":"var(--ast-global-color-5)","background-image":"","background-repeat":"repeat","background-position":"center center","background-size":"auto","background-attachment":"scroll","background-type":"","background-media":"","overlay-type":"","overlay-color":"","overlay-opacity":"","overlay-gradient":""},"tablet":{"background-color":"var(--ast-global-color-5)","background-image":"","background-repeat":"repeat","background-position":"center center","background-size":"auto","background-attachment":"scroll","background-type":"","background-media":"","overlay-type":"","overlay-color":"","overlay-opacity":"","overlay-gradient":""},"mobile":{"background-color":"var(--ast-global-color-5)","background-image":"","background-repeat":"repeat","background-position":"center center","background-size":"auto","background-attachment":"scroll","background-type":"","background-media":"","overlay-type":"","overlay-color":"","overlay-opacity":"","overlay-gradient":""}},"ngg_post_thumbnail":0,"footnotes":""},"class_list":["post-2097","page","type-page","status-publish","hentry"],"_links":{"self":[{"href":"https:\/\/www2.unifap.br\/matematica\/index.php?rest_route=\/wp\/v2\/pages\/2097","targetHints":{"allow":["GET"]}}],"collection":[{"href":"https:\/\/www2.unifap.br\/matematica\/index.php?rest_route=\/wp\/v2\/pages"}],"about":[{"href":"https:\/\/www2.unifap.br\/matematica\/index.php?rest_route=\/wp\/v2\/types\/page"}],"author":[{"embeddable":true,"href":"https:\/\/www2.unifap.br\/matematica\/index.php?rest_route=\/wp\/v2\/users\/1721"}],"replies":[{"embeddable":true,"href":"https:\/\/www2.unifap.br\/matematica\/index.php?rest_route=%2Fwp%2Fv2%2Fcomments&post=2097"}],"version-history":[{"count":5,"href":"https:\/\/www2.unifap.br\/matematica\/index.php?rest_route=\/wp\/v2\/pages\/2097\/revisions"}],"predecessor-version":[{"id":2284,"href":"https:\/\/www2.unifap.br\/matematica\/index.php?rest_route=\/wp\/v2\/pages\/2097\/revisions\/2284"}],"up":[{"embeddable":true,"href":"https:\/\/www2.unifap.br\/matematica\/index.php?rest_route=\/wp\/v2\/pages\/2093"}],"wp:attachment":[{"href":"https:\/\/www2.unifap.br\/matematica\/index.php?rest_route=%2Fwp%2Fv2%2Fmedia&parent=2097"}],"curies":[{"name":"wp","href":"https:\/\/api.w.org\/{rel}","templated":true}]}}