{"id":2192,"date":"2017-09-21T12:09:36","date_gmt":"2017-09-21T12:09:36","guid":{"rendered":"http:\/\/www2.unifap.br\/matematica\/?page_id=2192"},"modified":"2019-06-18T23:09:46","modified_gmt":"2019-06-18T23:09:46","slug":"x-cdtm","status":"publish","type":"page","link":"https:\/\/www2.unifap.br\/matematica\/?page_id=2192","title":{"rendered":"10\u00ba Ciclo de Defesas de TCC&#8217;s de Matem\u00e1tica"},"content":{"rendered":"<p><strong>APRESENTA\u00c7\u00c3O<\/strong><br \/>\nO Colegiado do Curso de Matem\u00e1tica\u00a0promover\u00e1 a d\u00e9cima edi\u00e7\u00e3o do Ciclo de\u00a0Defesas de Trabalho de Conclus\u00e3o de Curso de\u00a0Matem\u00e1tica &#8211; (X CDTM), com o envolvimento\u00a0de orientandos, orientadores, avaliadores e\u00a0ouvintes para divulgar a produ\u00e7\u00e3o cient\u00edfica\u00a0dos acad\u00eamicos do Curso de Licenciatura em\u00a0Matem\u00e1tica de forma sistem\u00e1tica, procurando\u00a0manter uma forma padronizada de defesas de\u00a0TCCs e buscando assim melhorar o\u00a0aproveitamento das atividades e a qualidade\u00a0dos trabalhos.<\/p>\n<p><strong><a href=\"http:\/\/www2.unifap.br\/matematica\/files\/2017\/09\/X-CICLO-DE-DEFESA-DE-TRABALHO-DE-CONCLUS\u00c3O-DE-CURSO1.pdf\">PROGRAMA\u00c7\u00c3O DO X CDTM 2017<\/a><\/strong><\/p>\n<p><strong>Data:<\/strong> 25, 26, 27 e 28 de setembro de 2017<\/p>\n<p><strong>Local:<\/strong> UNIFAP<\/p>\n<p><strong>Contatos:<\/strong><\/p>\n<p><strong>Tel:<\/strong> 3312-1784<br \/>\n<strong>Email:<\/strong> matematica.coord@gmail.com<\/p>\n","protected":false},"excerpt":{"rendered":"<p>APRESENTA\u00c7\u00c3O O Colegiado do Curso de Matem\u00e1tica\u00a0promover\u00e1 a d\u00e9cima edi\u00e7\u00e3o do Ciclo de\u00a0Defesas de Trabalho de Conclus\u00e3o de Curso de\u00a0Matem\u00e1tica &#8211; (X CDTM), com o envolvimento\u00a0de orientandos, orientadores, avaliadores e\u00a0ouvintes para divulgar a produ\u00e7\u00e3o cient\u00edfica\u00a0dos acad\u00eamicos do Curso de Licenciatura em\u00a0Matem\u00e1tica de forma sistem\u00e1tica, procurando\u00a0manter uma forma padronizada de defesas de\u00a0TCCs e buscando assim melhorar&#8230;<\/p>\n","protected":false},"author":2067,"featured_media":0,"parent":308,"menu_order":0,"comment_status":"open","ping_status":"closed","template":"","meta":{"inline_featured_image":false,"site-sidebar-layout":"default","site-content-layout":"","ast-site-content-layout":"default","site-content-style":"default","site-sidebar-style":"default","ast-global-header-display":"","ast-banner-title-visibility":"","ast-main-header-display":"","ast-hfb-above-header-display":"","ast-hfb-below-header-display":"","ast-hfb-mobile-header-display":"","site-post-title":"","ast-breadcrumbs-content":"","ast-featured-img":"","footer-sml-layout":"","theme-transparent-header-meta":"","adv-header-id-meta":"","stick-header-meta":"","header-above-stick-meta":"","header-main-stick-meta":"","header-below-stick-meta":"","astra-migrate-meta-layouts":"default","ast-page-background-enabled":"default","ast-page-background-meta":{"desktop":{"background-color":"var(--ast-global-color-4)","background-image":"","background-repeat":"repeat","background-position":"center center","background-size":"auto","background-attachment":"scroll","background-type":"","background-media":"","overlay-type":"","overlay-color":"","overlay-opacity":"","overlay-gradient":""},"tablet":{"background-color":"","background-image":"","background-repeat":"repeat","background-position":"center center","background-size":"auto","background-attachment":"scroll","background-type":"","background-media":"","overlay-type":"","overlay-color":"","overlay-opacity":"","overlay-gradient":""},"mobile":{"background-color":"","background-image":"","background-repeat":"repeat","background-position":"center center","background-size":"auto","background-attachment":"scroll","background-type":"","background-media":"","overlay-type":"","overlay-color":"","overlay-opacity":"","overlay-gradient":""}},"ast-content-background-meta":{"desktop":{"background-color":"var(--ast-global-color-5)","background-image":"","background-repeat":"repeat","background-position":"center center","background-size":"auto","background-attachment":"scroll","background-type":"","background-media":"","overlay-type":"","overlay-color":"","overlay-opacity":"","overlay-gradient":""},"tablet":{"background-color":"var(--ast-global-color-5)","background-image":"","background-repeat":"repeat","background-position":"center center","background-size":"auto","background-attachment":"scroll","background-type":"","background-media":"","overlay-type":"","overlay-color":"","overlay-opacity":"","overlay-gradient":""},"mobile":{"background-color":"var(--ast-global-color-5)","background-image":"","background-repeat":"repeat","background-position":"center center","background-size":"auto","background-attachment":"scroll","background-type":"","background-media":"","overlay-type":"","overlay-color":"","overlay-opacity":"","overlay-gradient":""}},"ngg_post_thumbnail":0,"footnotes":""},"class_list":["post-2192","page","type-page","status-publish","hentry"],"_links":{"self":[{"href":"https:\/\/www2.unifap.br\/matematica\/index.php?rest_route=\/wp\/v2\/pages\/2192","targetHints":{"allow":["GET"]}}],"collection":[{"href":"https:\/\/www2.unifap.br\/matematica\/index.php?rest_route=\/wp\/v2\/pages"}],"about":[{"href":"https:\/\/www2.unifap.br\/matematica\/index.php?rest_route=\/wp\/v2\/types\/page"}],"author":[{"embeddable":true,"href":"https:\/\/www2.unifap.br\/matematica\/index.php?rest_route=\/wp\/v2\/users\/2067"}],"replies":[{"embeddable":true,"href":"https:\/\/www2.unifap.br\/matematica\/index.php?rest_route=%2Fwp%2Fv2%2Fcomments&post=2192"}],"version-history":[{"count":17,"href":"https:\/\/www2.unifap.br\/matematica\/index.php?rest_route=\/wp\/v2\/pages\/2192\/revisions"}],"predecessor-version":[{"id":4625,"href":"https:\/\/www2.unifap.br\/matematica\/index.php?rest_route=\/wp\/v2\/pages\/2192\/revisions\/4625"}],"up":[{"embeddable":true,"href":"https:\/\/www2.unifap.br\/matematica\/index.php?rest_route=\/wp\/v2\/pages\/308"}],"wp:attachment":[{"href":"https:\/\/www2.unifap.br\/matematica\/index.php?rest_route=%2Fwp%2Fv2%2Fmedia&parent=2192"}],"curies":[{"name":"wp","href":"https:\/\/api.w.org\/{rel}","templated":true}]}}