{"id":2270,"date":"2017-09-24T11:55:56","date_gmt":"2017-09-24T11:55:56","guid":{"rendered":"http:\/\/www2.unifap.br\/matematica\/?page_id=2270"},"modified":"2017-09-24T12:20:44","modified_gmt":"2017-09-24T12:20:44","slug":"i-seminario-de-historia-da-matematica-e-ensino","status":"publish","type":"page","link":"https:\/\/www2.unifap.br\/matematica\/?page_id=2270","title":{"rendered":"I Semin\u00e1rio de Hist\u00f3ria da Matem\u00e1tica e Ensino"},"content":{"rendered":"<p><strong>Organiza\u00e7\u00e3o<\/strong>: Prof\u00aa Dra. Eliane Leal Vasquez (Disciplina: Hist\u00f3ria da Matem\u00e1tica) e os estudantes do Curso de Lic. em Matem\u00e1tica (Turma 13151).<\/p>\n<p><strong>Per\u00edodo<\/strong>: \u00a006 a 08 de mar\u00e7o de 2017.<\/p>\n<p><strong>Local<\/strong>: \u00a0Biblioteca Central da UNIFAP\/Marco Zero do Equador.<\/p>\n<p><strong>Inscri\u00e7\u00e3o<\/strong> (Gratuita): de 13\/02\/2017 \u00e0 03\/03\/2017<\/p>\n<p><strong>Vagas Limitadas<\/strong>: Apenas 50.<\/p>\n<p><strong>Certifica\u00e7\u00e3o<\/strong>: Ser\u00e1 expedido certificado para atividades complementares.<\/p>\n<p><strong>Realiza\u00e7\u00e3o<\/strong>: UNIFAP\/CCM.<\/p>\n<p>&nbsp;<\/p>\n<p>Para efetuar sua inscri\u00e7\u00e3o, clique na imagem ou\u00a0<a href=\"https:\/\/goo.gl\/forms\/Fp9PGlqe6QIEEYGv2\">clique aqui<\/a><\/p>\n<p style=\"text-align: center\"><a href=\"http:\/\/www2.unifap.br\/matematica\/files\/2017\/09\/Cartaz-ISHME-2017-300x191.jpg\"><img fetchpriority=\"high\" decoding=\"async\" class=\"aligncenter size-full wp-image-2271\" alt=\"Cartaz-ISHME-2017-300x191\" src=\"http:\/\/www2.unifap.br\/matematica\/files\/2017\/09\/Cartaz-ISHME-2017-300x191.jpg\" width=\"300\" height=\"191\" \/><\/a><\/p>\n","protected":false},"excerpt":{"rendered":"<p>Organiza\u00e7\u00e3o: Prof\u00aa Dra. Eliane Leal Vasquez (Disciplina: Hist\u00f3ria da Matem\u00e1tica) e os estudantes do Curso de Lic. em Matem\u00e1tica (Turma 13151). Per\u00edodo: \u00a006 a 08 de mar\u00e7o de 2017. Local: \u00a0Biblioteca Central da UNIFAP\/Marco Zero do Equador. Inscri\u00e7\u00e3o (Gratuita): de 13\/02\/2017 \u00e0 03\/03\/2017 Vagas Limitadas: Apenas 50. Certifica\u00e7\u00e3o: Ser\u00e1 expedido certificado para atividades complementares. Realiza\u00e7\u00e3o:&#8230;<\/p>\n","protected":false},"author":1721,"featured_media":0,"parent":308,"menu_order":0,"comment_status":"open","ping_status":"open","template":"","meta":{"inline_featured_image":false,"site-sidebar-layout":"default","site-content-layout":"","ast-site-content-layout":"default","site-content-style":"default","site-sidebar-style":"default","ast-global-header-display":"","ast-banner-title-visibility":"","ast-main-header-display":"","ast-hfb-above-header-display":"","ast-hfb-below-header-display":"","ast-hfb-mobile-header-display":"","site-post-title":"","ast-breadcrumbs-content":"","ast-featured-img":"","footer-sml-layout":"","theme-transparent-header-meta":"","adv-header-id-meta":"","stick-header-meta":"","header-above-stick-meta":"","header-main-stick-meta":"","header-below-stick-meta":"","astra-migrate-meta-layouts":"default","ast-page-background-enabled":"default","ast-page-background-meta":{"desktop":{"background-color":"var(--ast-global-color-4)","background-image":"","background-repeat":"repeat","background-position":"center center","background-size":"auto","background-attachment":"scroll","background-type":"","background-media":"","overlay-type":"","overlay-color":"","overlay-opacity":"","overlay-gradient":""},"tablet":{"background-color":"","background-image":"","background-repeat":"repeat","background-position":"center center","background-size":"auto","background-attachment":"scroll","background-type":"","background-media":"","overlay-type":"","overlay-color":"","overlay-opacity":"","overlay-gradient":""},"mobile":{"background-color":"","background-image":"","background-repeat":"repeat","background-position":"center center","background-size":"auto","background-attachment":"scroll","background-type":"","background-media":"","overlay-type":"","overlay-color":"","overlay-opacity":"","overlay-gradient":""}},"ast-content-background-meta":{"desktop":{"background-color":"var(--ast-global-color-5)","background-image":"","background-repeat":"repeat","background-position":"center center","background-size":"auto","background-attachment":"scroll","background-type":"","background-media":"","overlay-type":"","overlay-color":"","overlay-opacity":"","overlay-gradient":""},"tablet":{"background-color":"var(--ast-global-color-5)","background-image":"","background-repeat":"repeat","background-position":"center center","background-size":"auto","background-attachment":"scroll","background-type":"","background-media":"","overlay-type":"","overlay-color":"","overlay-opacity":"","overlay-gradient":""},"mobile":{"background-color":"var(--ast-global-color-5)","background-image":"","background-repeat":"repeat","background-position":"center center","background-size":"auto","background-attachment":"scroll","background-type":"","background-media":"","overlay-type":"","overlay-color":"","overlay-opacity":"","overlay-gradient":""}},"ngg_post_thumbnail":0,"footnotes":""},"class_list":["post-2270","page","type-page","status-publish","hentry"],"_links":{"self":[{"href":"https:\/\/www2.unifap.br\/matematica\/index.php?rest_route=\/wp\/v2\/pages\/2270","targetHints":{"allow":["GET"]}}],"collection":[{"href":"https:\/\/www2.unifap.br\/matematica\/index.php?rest_route=\/wp\/v2\/pages"}],"about":[{"href":"https:\/\/www2.unifap.br\/matematica\/index.php?rest_route=\/wp\/v2\/types\/page"}],"author":[{"embeddable":true,"href":"https:\/\/www2.unifap.br\/matematica\/index.php?rest_route=\/wp\/v2\/users\/1721"}],"replies":[{"embeddable":true,"href":"https:\/\/www2.unifap.br\/matematica\/index.php?rest_route=%2Fwp%2Fv2%2Fcomments&post=2270"}],"version-history":[{"count":2,"href":"https:\/\/www2.unifap.br\/matematica\/index.php?rest_route=\/wp\/v2\/pages\/2270\/revisions"}],"predecessor-version":[{"id":2282,"href":"https:\/\/www2.unifap.br\/matematica\/index.php?rest_route=\/wp\/v2\/pages\/2270\/revisions\/2282"}],"up":[{"embeddable":true,"href":"https:\/\/www2.unifap.br\/matematica\/index.php?rest_route=\/wp\/v2\/pages\/308"}],"wp:attachment":[{"href":"https:\/\/www2.unifap.br\/matematica\/index.php?rest_route=%2Fwp%2Fv2%2Fmedia&parent=2270"}],"curies":[{"name":"wp","href":"https:\/\/api.w.org\/{rel}","templated":true}]}}