{"id":2763,"date":"2017-11-22T15:36:42","date_gmt":"2017-11-22T15:36:42","guid":{"rendered":"http:\/\/www2.unifap.br\/matematica\/?page_id=2763"},"modified":"2017-11-22T15:36:42","modified_gmt":"2017-11-22T15:36:42","slug":"i-encontro-de-matematica-da-uab-em-macapa","status":"publish","type":"page","link":"https:\/\/www2.unifap.br\/matematica\/?page_id=2763","title":{"rendered":"I Encontro de Matem\u00e1tica da UAB em Macap\u00e1"},"content":{"rendered":"<p><b>PROGRAMA\u00c7\u00c3O DIA 01\/12(Sexta) \u2013 manh\u00e3<\/b><\/p>\n<p><b>7h30min \u2013 Credenciamento<\/b>, Hall de entrada do Centro Cultural Franco Amapaense.<\/p>\n<p><b>8h \u2013 Mesa de Abertura<\/b> \u2013 composi\u00e7\u00e3o<\/p>\n<p>&#8211; Prof\u00ba Esp. Danielsonn Thomptson de Souza Miranda, representante da SEED-AP.<\/p>\n<p>&#8211; Prof\u00ba Esp. Andr\u00e9 Leite, coordenador da UAB no Amap\u00e1.<\/p>\n<p>&#8211; Prof\u00aa Ma Karla Andrade, coordenadora do Polo Universit\u00e1rio Equador de Macap\u00e1-AP.<\/p>\n<p>&#8211; Prof\u00ba Me Marcel Nascimento, coordenador docurso de especializa\u00e7\u00e3o em ensino de matem\u00e1tica para o ensino m\u00e9dio da UAB no Amap\u00e1.<\/p>\n<p>&#8211; Prof\u00aa Dra Simone Delphim, coordenadora do curso de gradua\u00e7\u00e3o em matem\u00e1tica, da UAB no Amap\u00e1.<\/p>\n<p>&#8211; Prof\u00ba Dr Guzm\u00e1n Chamilco, representante do curso de mestrado profissional em matem\u00e1tica \u2013 PROFMAT no Amap\u00e1.<\/p>\n<p><b>9h \u2013 Palestra \u201cA Universidade Aberta do Brasil no Amap\u00e1: a\u00e7\u00f5es e perspectivas\u201d<\/b><\/p>\n<p>Palestrante: Prof\u00ba Esp. Andr\u00e9 Leite, Coordenador da UAB no Amap\u00e1.<\/p>\n<p>10h \u2013 Mesa Tem\u00e1tica: \u201cForma\u00e7\u00e3o de Professores de Matem\u00e1tica: Contribui\u00e7\u00e3o da UAB e da UNIFAP \u00e0 comunidade amapaense\u201d.<\/p>\n<p>Mediadora: Prof\u00aa Dra. Eliane Leal Vasquez, profa da UNIFAP.<\/p>\n<p><b>Debatedores:<\/b><\/p>\n<p>&#8211; Prof\u00aa Dra Simone Delphim, coordenadora do Curso de Gradua\u00e7\u00e3o em Licenciatura em Matem\u00e1tica pela UAB, no Amap\u00e1 e coordenadora do Curso de Gradua\u00e7\u00e3o em Licenciatura em Matem\u00e1tica Presencial da UNIFAP.<\/p>\n<p>&#8211; Prof\u00ba Dr Guzm\u00e1n Chamilco, prof\u00ba do PROFMAT no Amap\u00e1 e prof\u00ba da UNIFAP.<\/p>\n<p>&#8211; Prof\u00ba Me Marcel Nascimento, coordenador do Curso de Especializa\u00e7\u00e3o em Ensino de Matem\u00e1tica para o Ensino M\u00e9dio pela EAD\/UAB no Amap\u00e1 e prof\u00ba da UNIFAP. PROGRAMA\u00c7\u00c3O DIA 01\/12(Sexta) \u2013 tarde<\/p>\n<p><b>14h \u2013 Palestra: \u201dTransformada de Laplace para resolu\u00e7\u00e3o de Equa\u00e7\u00f5es Diferenciais\u201d<\/b><\/p>\n<p>Palestrante: Prof\u00ba Me. Marcel Nascimento \u2013 UNIFAP.<\/p>\n<p><b>15h \u2013 Palestra: \u201cExplorando os conceitos de Fun\u00e7\u00f5es Trigonom\u00e9tricas por meio do software Modellus\u201d. <\/b><\/p>\n<p>Palestrante: Prof\u00ba Me. Claudionor de Oliveira Pastana \u2013 UEAP.<\/p>\n<p><b>15h30 \u2013 Comunica\u00e7\u00e3o Oral de trabalhos de conclus\u00e3o do Curso de Mestrado Profissional em Matem\u00e1tica &#8211; PROFMAT, no Amap\u00e1.<\/b><\/p>\n<p><b>15h30min \u2013 TEMA: \u201cUma Extens\u00e3o do MDCe MMCdos Inteiros aos Comensur\u00e1veis\u201d.<\/b><\/p>\n<p>Facilitador: Me Steve Wanderson Calheiros de Ara\u00fajo<\/p>\n<p>Orientador: Prof\u00ba Dr Gilberl\u00e2ndio Jesus Dias<\/p>\n<p><b>16h30min \u2013 TEMA: \u201cFun\u00e7\u00e3o Afim e Educa\u00e7\u00e3o Financeira: uma Proposta Pedag\u00f3gica para primeiro ano do Ensino M\u00e9dio\u201d.<\/b><\/p>\n<p>Facilitador: Prof\u00aa Ma Fl\u00e1via Hernan Teixeira Borges Monte.<\/p>\n<p>Orientador: Prof\u00ba Dr Guzm\u00e1n Chamilco<\/p>\n<p><b>17h \u2013 TEMA: \u201cA Aprendizagem de Matem\u00e1tica no Ensino Fundamental e seu Reflexo no Ensino M\u00e9dio\u201d. <\/b><\/p>\n<p>Facilitador: Prof\u00ba Me Sandro Henrique Barbosa da Costa<\/p>\n<p>Orientador: Prof\u00ba Dr W\u00e1lter C\u00e1rdenas<\/p>\n<p><b>17h30min \u2013 TEMA: \u201cAbordagens no Ensino das Geometrias\u201d <\/b><\/p>\n<p>Facilitador: Prof\u00aa Ma Val\u00e9ria Costa<\/p>\n<p>Orientador: Prof\u00aa Dra Simone Delphim.<b><\/b><\/p>\n<p><b>PROGRAMA\u00c7\u00c3O DIA 02\/12(S\u00e1bado) manh\u00e3<\/b><\/p>\n<p><b>8h \u00e0s 9h \u2013 Sess\u00e3o de P\u00f4steres: \u201cProdu\u00e7\u00e3o ou adapta\u00e7\u00e3o de material did\u00e1tico de matem\u00e1tica para o ensino m\u00e9dio\u201d.<\/b><\/p>\n<p>Expositores: Estudantes do curso de Especializa\u00e7\u00e3o em Ensino da Matem\u00e1tica para o ensino m\u00e9dio \u2013 matem\u00e1tica na pr\u00e1tica da UAB Amap\u00e1, dos polos equador de Macap\u00e1 e Santana.<\/p>\n<p>Coordenadora: Prof\u00aa Dra Eliane Vasquez<\/p>\n<p><b>9h \u00e0s 12h \u2013 Comunica\u00e7\u00e3o Oral de trabalhos de conclus\u00e3o do Curso de Mestrado Profissional em Matem\u00e1tica \u2013 PROFMAT, no Amap\u00e1.<\/b><\/p>\n<p><b>\u00a09h \u2013 TEMA: \u201cA Multiplica\u00e7\u00e3o atrav\u00e9s dahist\u00f3ria dos povos e a Divis\u00e3o em apenas quatro regras\u201d.<\/b><\/p>\n<p>Facilitadores: Prof\u00ba Me Hilton Bruno Pereira Viana e Prof\u00ba Me Moacy Ara\u00fajo de Oliveira Junior<\/p>\n<p>Orientadores: Prof\u00ba Dr Erasmo Senger e Prof\u00aa Dra Simone Delphim.<\/p>\n<p><b>9h30min \u2013 TEMA: \u201cUma Proposta Pedag\u00f3gica para o Ensino do N\u00famero \u00c1ureo na Educa\u00e7\u00e3o B\u00e1sica atrav\u00e9s das Constru\u00e7\u00f5es Geom\u00e9tricas\u201d.<\/b><\/p>\n<p>Facilitador: Prof\u00aa Ma Maribene Concei\u00e7\u00e3o dos Santos Cavalcante<\/p>\n<p>Orientador: Prof\u00ba Dr Guzm\u00e1n Chamilco.<\/p>\n<p><b>10h30min \u2013 TEMA: \u201cO Teorema Fundamental da \u00c1lgebra\u201d <\/b><\/p>\n<p>Facilitador: Prof\u00ba Me F\u00e1bio Campos Dias<\/p>\n<p><b>11h \u2013 TEMA: \u201cO Uso de Rob\u00f3tica Educacional como Motiva\u00e7\u00e3o a Aprendizagem de Matem\u00e1tica\u201d.<\/b><\/p>\n<p>Facilitador: Prof\u00ba Me Dimitri Alli Mahmud<\/p>\n<p>Orientadora: Prof\u00aa Dra Simone Delphim.<\/p>\n<p><b>\u00a011h30min \u2013 TEMA: \u201cUm Olhar da Etnomatem\u00e1tica na Aplica\u00e7\u00e3o das Fun\u00e7\u00f5es Seno e Cosseno na Previs\u00e3o da Mar\u00e9 na Foz do Rio Ajuruxi esquina com o Rio Amazonas\u201d.<\/b><\/p>\n<p>Facilitador: Prof\u00ba Me. Ronaldo Franck Figueiredo Leite<\/p>\n<p>Orientador: Prof\u00ba Dr Guzm\u00e1n Chamilco<\/p>\n","protected":false},"excerpt":{"rendered":"<p>PROGRAMA\u00c7\u00c3O DIA 01\/12(Sexta) \u2013 manh\u00e3 7h30min \u2013 Credenciamento, Hall de entrada do Centro Cultural Franco Amapaense. 8h \u2013 Mesa de Abertura \u2013 composi\u00e7\u00e3o &#8211; Prof\u00ba Esp. Danielsonn Thomptson de Souza Miranda, representante da SEED-AP. &#8211; Prof\u00ba Esp. Andr\u00e9 Leite, coordenador da UAB no Amap\u00e1. &#8211; Prof\u00aa Ma Karla Andrade, coordenadora do Polo Universit\u00e1rio Equador de&#8230;<\/p>\n","protected":false},"author":1721,"featured_media":0,"parent":308,"menu_order":6,"comment_status":"open","ping_status":"open","template":"","meta":{"inline_featured_image":false,"site-sidebar-layout":"default","site-content-layout":"","ast-site-content-layout":"default","site-content-style":"default","site-sidebar-style":"default","ast-global-header-display":"","ast-banner-title-visibility":"","ast-main-header-display":"","ast-hfb-above-header-display":"","ast-hfb-below-header-display":"","ast-hfb-mobile-header-display":"","site-post-title":"","ast-breadcrumbs-content":"","ast-featured-img":"","footer-sml-layout":"","theme-transparent-header-meta":"","adv-header-id-meta":"","stick-header-meta":"","header-above-stick-meta":"","header-main-stick-meta":"","header-below-stick-meta":"","astra-migrate-meta-layouts":"default","ast-page-background-enabled":"default","ast-page-background-meta":{"desktop":{"background-color":"var(--ast-global-color-4)","background-image":"","background-repeat":"repeat","background-position":"center center","background-size":"auto","background-attachment":"scroll","background-type":"","background-media":"","overlay-type":"","overlay-color":"","overlay-opacity":"","overlay-gradient":""},"tablet":{"background-color":"","background-image":"","background-repeat":"repeat","background-position":"center center","background-size":"auto","background-attachment":"scroll","background-type":"","background-media":"","overlay-type":"","overlay-color":"","overlay-opacity":"","overlay-gradient":""},"mobile":{"background-color":"","background-image":"","background-repeat":"repeat","background-position":"center center","background-size":"auto","background-attachment":"scroll","background-type":"","background-media":"","overlay-type":"","overlay-color":"","overlay-opacity":"","overlay-gradient":""}},"ast-content-background-meta":{"desktop":{"background-color":"var(--ast-global-color-5)","background-image":"","background-repeat":"repeat","background-position":"center center","background-size":"auto","background-attachment":"scroll","background-type":"","background-media":"","overlay-type":"","overlay-color":"","overlay-opacity":"","overlay-gradient":""},"tablet":{"background-color":"var(--ast-global-color-5)","background-image":"","background-repeat":"repeat","background-position":"center center","background-size":"auto","background-attachment":"scroll","background-type":"","background-media":"","overlay-type":"","overlay-color":"","overlay-opacity":"","overlay-gradient":""},"mobile":{"background-color":"var(--ast-global-color-5)","background-image":"","background-repeat":"repeat","background-position":"center center","background-size":"auto","background-attachment":"scroll","background-type":"","background-media":"","overlay-type":"","overlay-color":"","overlay-opacity":"","overlay-gradient":""}},"ngg_post_thumbnail":0,"footnotes":""},"class_list":["post-2763","page","type-page","status-publish","hentry"],"_links":{"self":[{"href":"https:\/\/www2.unifap.br\/matematica\/index.php?rest_route=\/wp\/v2\/pages\/2763","targetHints":{"allow":["GET"]}}],"collection":[{"href":"https:\/\/www2.unifap.br\/matematica\/index.php?rest_route=\/wp\/v2\/pages"}],"about":[{"href":"https:\/\/www2.unifap.br\/matematica\/index.php?rest_route=\/wp\/v2\/types\/page"}],"author":[{"embeddable":true,"href":"https:\/\/www2.unifap.br\/matematica\/index.php?rest_route=\/wp\/v2\/users\/1721"}],"replies":[{"embeddable":true,"href":"https:\/\/www2.unifap.br\/matematica\/index.php?rest_route=%2Fwp%2Fv2%2Fcomments&post=2763"}],"version-history":[{"count":1,"href":"https:\/\/www2.unifap.br\/matematica\/index.php?rest_route=\/wp\/v2\/pages\/2763\/revisions"}],"predecessor-version":[{"id":2764,"href":"https:\/\/www2.unifap.br\/matematica\/index.php?rest_route=\/wp\/v2\/pages\/2763\/revisions\/2764"}],"up":[{"embeddable":true,"href":"https:\/\/www2.unifap.br\/matematica\/index.php?rest_route=\/wp\/v2\/pages\/308"}],"wp:attachment":[{"href":"https:\/\/www2.unifap.br\/matematica\/index.php?rest_route=%2Fwp%2Fv2%2Fmedia&parent=2763"}],"curies":[{"name":"wp","href":"https:\/\/api.w.org\/{rel}","templated":true}]}}