{"id":2943,"date":"2018-02-24T16:42:37","date_gmt":"2018-02-24T16:42:37","guid":{"rendered":"http:\/\/www2.unifap.br\/matematica\/?page_id=2943"},"modified":"2018-06-09T11:24:37","modified_gmt":"2018-06-09T11:24:37","slug":"corpo-docente","status":"publish","type":"page","link":"https:\/\/www2.unifap.br\/matematica\/?page_id=2943","title":{"rendered":"Equipe de Professor Formador"},"content":{"rendered":"<p>M\u00d3DULO I. FORMA\u00c7\u00c3O GERAL<\/p>\n<table width=\"680\" border=\"1\" cellspacing=\"0\" cellpadding=\"0\">\n<tbody>\n<tr>\n<td valign=\"top\" width=\"265\">\n<p align=\"center\">Professor Formador<\/p>\n<\/td>\n<td valign=\"top\" width=\"113\">\n<p align=\"center\">Titula\u00e7\u00e3o<\/p>\n<\/td>\n<td valign=\"top\" width=\"94\">\n<p align=\"center\">Vinculo<\/p>\n<\/td>\n<td valign=\"top\" width=\"208\">\n<p align=\"center\">Curr\u00edculo Lattes<\/p>\n<\/td>\n<\/tr>\n<tr>\n<td valign=\"top\" width=\"265\">\n<p align=\"center\">Adolfo Francesco de Oliveira Colares<\/p>\n<\/td>\n<td valign=\"top\" width=\"113\">\n<p align=\"center\">Mestrado<\/p>\n<\/td>\n<td valign=\"top\" width=\"94\">\n<p align=\"center\">\u00a0UNIFAP<\/p>\n<\/td>\n<td valign=\"top\" width=\"208\">\n<p align=\"center\">\u00a0http:\/\/lattes.cnpq.br\/7694692886453388<\/p>\n<\/td>\n<\/tr>\n<tr>\n<td valign=\"top\" width=\"265\">\n<p align=\"center\">Eliane Leal Vasquez<\/p>\n<\/td>\n<td valign=\"top\" width=\"113\">\n<p align=\"center\">Doutorado<\/p>\n<\/td>\n<td valign=\"top\" width=\"94\">\n<p align=\"center\">UNIFAP<\/p>\n<\/td>\n<td valign=\"top\" width=\"208\">\n<p align=\"center\">http:\/\/lattes.cnpq.br\/2391390992585658<\/p>\n<\/td>\n<\/tr>\n<tr>\n<td valign=\"top\" width=\"265\">\n<p align=\"center\">Roberto da Silva<\/p>\n<\/td>\n<td valign=\"top\" width=\"113\">\n<p align=\"center\">Doutorado<\/p>\n<\/td>\n<td valign=\"top\" width=\"94\">\n<p align=\"center\">USP<\/p>\n<\/td>\n<td valign=\"top\" width=\"208\">\n<p align=\"center\">\u00a0http:\/\/lattes.cnpq.br\/6796429099935802<\/p>\n<\/td>\n<\/tr>\n<tr>\n<td valign=\"top\" width=\"265\">\n<p align=\"center\">Helena Cristina Guimar\u00e3es<\/p>\n<p align=\"center\">Queiroz Sim\u00f5es<\/p>\n<\/td>\n<td valign=\"top\" width=\"113\">\n<p align=\"center\">Doutorado<\/p>\n<\/td>\n<td valign=\"top\" width=\"94\">\n<p align=\"center\">UNIFAP<\/p>\n<\/td>\n<td valign=\"top\" width=\"208\">\n<p align=\"center\">\u00a0<a href=\"http:\/\/lattes.cnpq.br\/5913427639286290\">http:\/\/lattes.cnpq.br\/5913427639286290<\/a><\/p>\n<\/td>\n<\/tr>\n<tr>\n<td valign=\"top\" width=\"265\">\n<p align=\"center\">Claudio M\u00e1rcio Campos<\/p>\n<p align=\"center\">de Mendon\u00e7a<\/p>\n<\/td>\n<td valign=\"top\" width=\"113\">\n<p align=\"center\">Doutorado<\/p>\n<\/td>\n<td valign=\"top\" width=\"94\">\n<p align=\"center\">UNIFAP<\/p>\n<\/td>\n<td valign=\"top\" width=\"208\">\n<p align=\"center\"><a href=\"http:\/\/lattes.cnpq.br\/0548149279978063\">http:\/\/lattes.cnpq.br\/0548149279978063<\/a><\/p>\n<\/td>\n<\/tr>\n<tr>\n<td valign=\"top\" width=\"265\">\n<p align=\"center\">Almiro Alves de Abreu<\/p>\n<\/td>\n<td valign=\"top\" width=\"113\">\n<p align=\"center\">Mestrado<\/p>\n<\/td>\n<td valign=\"top\" width=\"94\">\n<p align=\"center\">UNIFAP<\/p>\n<\/td>\n<td valign=\"top\" width=\"208\">\n<p align=\"center\"><a href=\"http:\/\/lattes.cnpq.br\/7377134509470946\">http:\/\/lattes.cnpq.br\/7377134509470946<\/a><\/p>\n<\/td>\n<\/tr>\n<\/tbody>\n<\/table>\n<p>&nbsp;<\/p>\n<p>M\u00d3DULO II. FORMA\u00c7\u00c3O ESPEC\u00cdFICA<\/p>\n<table width=\"680\" border=\"1\" cellspacing=\"0\" cellpadding=\"0\">\n<tbody>\n<tr>\n<td valign=\"top\" width=\"208\">\n<p align=\"center\">Professor Formador<\/p>\n<\/td>\n<td valign=\"top\" width=\"104\">\n<p align=\"center\">Titula\u00e7\u00e3o<\/p>\n<\/td>\n<td valign=\"top\" width=\"94\">\n<p align=\"center\">Vinculo<\/p>\n<\/td>\n<td valign=\"top\" width=\"274\">\n<p align=\"center\">Curr\u00edculo Lattes<\/p>\n<\/td>\n<\/tr>\n<tr>\n<td valign=\"top\" width=\"208\">\n<p align=\"center\">Roberto da Silva<\/p>\n<\/td>\n<td valign=\"top\" width=\"104\">\n<p align=\"center\">Doutorado<\/p>\n<\/td>\n<td valign=\"top\" width=\"94\">\n<p align=\"center\">USP<\/p>\n<\/td>\n<td valign=\"top\" width=\"274\">\n<p align=\"center\">http:\/\/lattes.cnpq.br\/6796429099935802<\/p>\n<\/td>\n<\/tr>\n<tr>\n<td valign=\"top\" width=\"208\">\n<p align=\"center\">Jos\u00e9 Carlos Cariacas<\/p>\n<p align=\"center\">Rom\u00e3o dos Santos<\/p>\n<\/td>\n<td valign=\"top\" width=\"104\">\n<p align=\"center\">Doutorado<\/p>\n<\/td>\n<td valign=\"top\" width=\"94\">\n<p align=\"center\">UNIFAP<\/p>\n<\/td>\n<td valign=\"top\" width=\"274\">\n<p align=\"center\">http:\/\/lattes.cnpq.br\/0031719315013253<\/p>\n<\/td>\n<\/tr>\n<tr>\n<td valign=\"top\" width=\"208\">\n<p align=\"center\">Alexandre Campos<\/p>\n<\/td>\n<td valign=\"top\" width=\"104\">\n<p align=\"center\">Doutorado<\/p>\n<\/td>\n<td valign=\"top\" width=\"94\">\n<p align=\"center\">UFCG<\/p>\n<\/td>\n<td valign=\"top\" width=\"274\">\n<p align=\"center\">http:\/\/lattes.cnpq.br\/1230944482954054<\/p>\n<\/td>\n<\/tr>\n<tr>\n<td valign=\"top\" width=\"208\">\n<p align=\"center\">Edmar Souza das Neves<\/p>\n<\/td>\n<td valign=\"top\" width=\"104\">\n<p align=\"center\">Doutorado<\/p>\n<\/td>\n<td valign=\"top\" width=\"94\">\n<p align=\"center\">GEA<\/p>\n<\/td>\n<td valign=\"top\" width=\"274\">\n<p align=\"center\">\u00a0http:\/\/lattes.cnpq.br\/9045109595927849<\/p>\n<\/td>\n<\/tr>\n<tr>\n<td valign=\"top\" width=\"208\">\n<p align=\"center\">Maura Leal da Silva<\/p>\n<\/td>\n<td valign=\"top\" width=\"104\">\n<p align=\"center\">Doutorado<\/p>\n<\/td>\n<td valign=\"top\" width=\"94\">\n<p align=\"center\">UNIFAP<\/p>\n<\/td>\n<td valign=\"top\" width=\"274\">\n<p align=\"center\">http:\/\/lattes.cnpq.br\/2236580307920647<\/p>\n<\/td>\n<\/tr>\n<tr>\n<td valign=\"top\" width=\"208\">\n<p align=\"center\">Eliane Leal Vasquez<\/p>\n<\/td>\n<td valign=\"top\" width=\"104\">\n<p align=\"center\">Doutorado<\/p>\n<\/td>\n<td valign=\"top\" width=\"94\">\n<p align=\"center\">UNIFAP<\/p>\n<\/td>\n<td valign=\"top\" width=\"274\">\n<p align=\"center\">http:\/\/lattes.cnpq.br\/2391390992585658<\/p>\n<\/td>\n<\/tr>\n<\/tbody>\n<\/table>\n<p>&nbsp;<\/p>\n<p>M\u00d3DULO III. FORMA\u00c7\u00c3O ESPEC\u00cdFICA E PESQUISA<\/p>\n<table width=\"680\" border=\"1\" cellspacing=\"0\" cellpadding=\"0\">\n<tbody>\n<tr>\n<td valign=\"top\" width=\"208\">\n<p align=\"center\">Professor Formador<\/p>\n<\/td>\n<td valign=\"top\" width=\"104\">\n<p align=\"center\">Titula\u00e7\u00e3o<\/p>\n<\/td>\n<td valign=\"top\" width=\"94\">\n<p align=\"center\">Vinculo<\/p>\n<\/td>\n<td valign=\"top\" width=\"274\">\n<p align=\"center\">Curr\u00edculo Lattes<\/p>\n<\/td>\n<\/tr>\n<tr>\n<td valign=\"top\" width=\"208\">\n<p align=\"center\">Leila do Socorro Rodrigues Feio<\/p>\n<\/td>\n<td valign=\"top\" width=\"104\">\n<p align=\"center\">Doutorado<\/p>\n<\/td>\n<td valign=\"top\" width=\"94\">\n<p align=\"center\">UNIFAP<\/p>\n<\/td>\n<td valign=\"top\" width=\"274\">\n<p align=\"center\">http:\/\/lattes.cnpq.br\/0312002933984435<\/p>\n<\/td>\n<\/tr>\n<tr>\n<td valign=\"top\" width=\"208\">\n<p align=\"center\">Marina Knaip Del\u00f4go<\/p>\n<\/td>\n<td valign=\"top\" width=\"104\">\n<p align=\"center\">Especiali<\/p>\n<p align=\"center\">za\u00e7\u00e3o<\/p>\n<\/td>\n<td valign=\"top\" width=\"94\">\n<p align=\"center\">UNIFAP<\/p>\n<\/td>\n<td valign=\"top\" width=\"274\">\n<p align=\"center\">http:\/\/lattes.cnpq.br\/7577255119622827<\/p>\n<\/td>\n<\/tr>\n<tr>\n<td valign=\"top\" width=\"208\">\n<p align=\"center\">Jo\u00e3o Socorro Pinheiro Ferreira<\/p>\n<\/td>\n<td valign=\"top\" width=\"104\">\n<p align=\"center\">Mestrado<\/p>\n<\/td>\n<td valign=\"top\" width=\"94\">\n<p align=\"center\">UNIFAP<\/p>\n<\/td>\n<td valign=\"top\" width=\"274\">\n<p align=\"center\">http:\/\/lattes.cnpq.br\/2283642558933703<\/p>\n<\/td>\n<\/tr>\n<tr>\n<td valign=\"top\" width=\"208\">\n<p align=\"center\">Mesaque Correia Silva<\/p>\n<\/td>\n<td valign=\"top\" width=\"104\">\n<p align=\"center\">Doutorado<\/p>\n<\/td>\n<td valign=\"top\" width=\"94\">\n<p align=\"center\">UFPI<\/p>\n<\/td>\n<td valign=\"top\" width=\"274\">\n<p align=\"center\">http:\/\/lattes.cnpq.br\/9238847912776777<\/p>\n<\/td>\n<\/tr>\n<tr>\n<td valign=\"top\" width=\"208\">\n<p align=\"center\">Edmar Souza das Neves<\/p>\n<\/td>\n<td valign=\"top\" width=\"104\">\n<p align=\"center\">Doutorado<\/p>\n<\/td>\n<td valign=\"top\" width=\"94\">\n<p align=\"center\">GEA<\/p>\n<\/td>\n<td valign=\"top\" width=\"274\">\n<p align=\"center\">\u00a0http:\/\/lattes.cnpq.br\/9045109595927849<\/p>\n<\/td>\n<\/tr>\n<tr>\n<td valign=\"top\" width=\"208\">\n<p align=\"center\">Jos\u00e9 Carlos Cariacas Rom\u00e3o dos Santos<\/p>\n<\/td>\n<td valign=\"top\" width=\"104\">\n<p align=\"center\">Doutorado<\/p>\n<\/td>\n<td valign=\"top\" width=\"94\">\n<p align=\"center\">UNIFAP<\/p>\n<\/td>\n<td valign=\"top\" width=\"274\">\n<p align=\"center\">http:\/\/lattes.cnpq.br\/0031719315013253<\/p>\n<\/td>\n<\/tr>\n<\/tbody>\n<\/table>\n<p>&nbsp;<\/p>\n<p>Fonte:\u00a0 VASQUEZ, E. L, ABREU, A. A., SANTOS, J. C. C. R. Projeto Pedag\u00f3gico do Curso de Especializa\u00e7\u00e3o em Doc\u00eancia para Educa\u00e7\u00e3o Penitenci\u00e1ria pela Modalidade Educa\u00e7\u00e3o a Dist\u00e2ncia. Macap\u00e1, 2017. p. 33.<\/p>\n<p>&nbsp;<\/p>\n","protected":false},"excerpt":{"rendered":"<p>M\u00d3DULO I. FORMA\u00c7\u00c3O GERAL Professor Formador Titula\u00e7\u00e3o Vinculo Curr\u00edculo Lattes Adolfo Francesco de Oliveira Colares Mestrado \u00a0UNIFAP \u00a0http:\/\/lattes.cnpq.br\/7694692886453388 Eliane Leal Vasquez Doutorado UNIFAP http:\/\/lattes.cnpq.br\/2391390992585658 Roberto da Silva Doutorado USP \u00a0http:\/\/lattes.cnpq.br\/6796429099935802 Helena Cristina Guimar\u00e3es Queiroz Sim\u00f5es Doutorado UNIFAP \u00a0http:\/\/lattes.cnpq.br\/5913427639286290 Claudio M\u00e1rcio Campos de Mendon\u00e7a Doutorado UNIFAP http:\/\/lattes.cnpq.br\/0548149279978063 Almiro Alves de Abreu Mestrado UNIFAP http:\/\/lattes.cnpq.br\/7377134509470946 &nbsp; M\u00d3DULO&#8230;<\/p>\n","protected":false},"author":1721,"featured_media":0,"parent":2596,"menu_order":1,"comment_status":"open","ping_status":"open","template":"","meta":{"inline_featured_image":false,"site-sidebar-layout":"default","site-content-layout":"","ast-site-content-layout":"default","site-content-style":"default","site-sidebar-style":"default","ast-global-header-display":"","ast-banner-title-visibility":"","ast-main-header-display":"","ast-hfb-above-header-display":"","ast-hfb-below-header-display":"","ast-hfb-mobile-header-display":"","site-post-title":"","ast-breadcrumbs-content":"","ast-featured-img":"","footer-sml-layout":"","theme-transparent-header-meta":"","adv-header-id-meta":"","stick-header-meta":"","header-above-stick-meta":"","header-main-stick-meta":"","header-below-stick-meta":"","astra-migrate-meta-layouts":"default","ast-page-background-enabled":"default","ast-page-background-meta":{"desktop":{"background-color":"var(--ast-global-color-4)","background-image":"","background-repeat":"repeat","background-position":"center center","background-size":"auto","background-attachment":"scroll","background-type":"","background-media":"","overlay-type":"","overlay-color":"","overlay-opacity":"","overlay-gradient":""},"tablet":{"background-color":"","background-image":"","background-repeat":"repeat","background-position":"center center","background-size":"auto","background-attachment":"scroll","background-type":"","background-media":"","overlay-type":"","overlay-color":"","overlay-opacity":"","overlay-gradient":""},"mobile":{"background-color":"","background-image":"","background-repeat":"repeat","background-position":"center center","background-size":"auto","background-attachment":"scroll","background-type":"","background-media":"","overlay-type":"","overlay-color":"","overlay-opacity":"","overlay-gradient":""}},"ast-content-background-meta":{"desktop":{"background-color":"var(--ast-global-color-5)","background-image":"","background-repeat":"repeat","background-position":"center center","background-size":"auto","background-attachment":"scroll","background-type":"","background-media":"","overlay-type":"","overlay-color":"","overlay-opacity":"","overlay-gradient":""},"tablet":{"background-color":"var(--ast-global-color-5)","background-image":"","background-repeat":"repeat","background-position":"center center","background-size":"auto","background-attachment":"scroll","background-type":"","background-media":"","overlay-type":"","overlay-color":"","overlay-opacity":"","overlay-gradient":""},"mobile":{"background-color":"var(--ast-global-color-5)","background-image":"","background-repeat":"repeat","background-position":"center center","background-size":"auto","background-attachment":"scroll","background-type":"","background-media":"","overlay-type":"","overlay-color":"","overlay-opacity":"","overlay-gradient":""}},"ngg_post_thumbnail":0,"footnotes":""},"class_list":["post-2943","page","type-page","status-publish","hentry"],"_links":{"self":[{"href":"https:\/\/www2.unifap.br\/matematica\/index.php?rest_route=\/wp\/v2\/pages\/2943","targetHints":{"allow":["GET"]}}],"collection":[{"href":"https:\/\/www2.unifap.br\/matematica\/index.php?rest_route=\/wp\/v2\/pages"}],"about":[{"href":"https:\/\/www2.unifap.br\/matematica\/index.php?rest_route=\/wp\/v2\/types\/page"}],"author":[{"embeddable":true,"href":"https:\/\/www2.unifap.br\/matematica\/index.php?rest_route=\/wp\/v2\/users\/1721"}],"replies":[{"embeddable":true,"href":"https:\/\/www2.unifap.br\/matematica\/index.php?rest_route=%2Fwp%2Fv2%2Fcomments&post=2943"}],"version-history":[{"count":5,"href":"https:\/\/www2.unifap.br\/matematica\/index.php?rest_route=\/wp\/v2\/pages\/2943\/revisions"}],"predecessor-version":[{"id":3510,"href":"https:\/\/www2.unifap.br\/matematica\/index.php?rest_route=\/wp\/v2\/pages\/2943\/revisions\/3510"}],"up":[{"embeddable":true,"href":"https:\/\/www2.unifap.br\/matematica\/index.php?rest_route=\/wp\/v2\/pages\/2596"}],"wp:attachment":[{"href":"https:\/\/www2.unifap.br\/matematica\/index.php?rest_route=%2Fwp%2Fv2%2Fmedia&parent=2943"}],"curies":[{"name":"wp","href":"https:\/\/api.w.org\/{rel}","templated":true}]}}