{"id":2945,"date":"2018-02-24T16:43:25","date_gmt":"2018-02-24T16:43:25","guid":{"rendered":"http:\/\/www2.unifap.br\/matematica\/?page_id=2945"},"modified":"2018-06-09T11:10:13","modified_gmt":"2018-06-09T11:10:13","slug":"matriz-curricular","status":"publish","type":"page","link":"https:\/\/www2.unifap.br\/matematica\/?page_id=2945","title":{"rendered":"Matriz curricular, carga hor\u00e1ria e cr\u00e9dito de disciplina"},"content":{"rendered":"<p>O curso lato sensu \u00e9 ofertado pela modalidade a dist\u00e2ncia, com um total de 655 horas\/aulas. A tabela a seguir indica a sua a matriz curricular:<\/p>\n<p>&nbsp;<\/p>\n<p><b>M\u00d3DULO I: FORMA\u00c7\u00c3O GERAL<\/b><\/p>\n<table border=\"1\" cellspacing=\"0\" cellpadding=\"0\">\n<tbody>\n<tr>\n<td rowspan=\"2\" valign=\"top\" width=\"316\">\n<p align=\"center\">Componente Curricular<\/p>\n<\/td>\n<td colspan=\"3\" valign=\"top\" width=\"183\">\n<p align=\"center\">Carga Hor\u00e1ria<\/p>\n<\/td>\n<td valign=\"top\" width=\"158\">\n<p align=\"center\">Cr\u00e9dito<\/p>\n<\/td>\n<\/tr>\n<tr>\n<td valign=\"top\" width=\"67\">\n<p align=\"center\">Te\u00f3rica<\/p>\n<\/td>\n<td valign=\"top\" width=\"65\">\n<p align=\"center\">Pr\u00e1tica<\/p>\n<\/td>\n<td valign=\"top\" width=\"51\">\n<p align=\"center\">Total<\/p>\n<\/td>\n<td valign=\"top\" width=\"158\">\n<p align=\"center\">Por componente curricular<\/p>\n<\/td>\n<\/tr>\n<tr>\n<td width=\"316\">Introdu\u00e7\u00e3o \u00e0 Ferramenta para EAD<\/td>\n<td width=\"67\">\n<p align=\"center\">15h<\/p>\n<\/td>\n<td valign=\"top\" width=\"65\">\n<p align=\"center\">30<\/p>\n<\/td>\n<td width=\"51\">\n<p align=\"center\">45h<\/p>\n<\/td>\n<td valign=\"top\" width=\"158\">\n<p align=\"center\">3 cr\u00e9ditos<\/p>\n<\/td>\n<\/tr>\n<tr>\n<td width=\"316\">T\u00f3picos de Ci\u00eancia e Educa\u00e7\u00e3o Penitenci\u00e1ria<\/td>\n<td width=\"67\">\n<p align=\"center\">30h<\/p>\n<\/td>\n<td valign=\"top\" width=\"65\">\n<p align=\"center\">&#8212;<\/p>\n<\/td>\n<td width=\"51\">\n<p align=\"center\">30h<\/p>\n<\/td>\n<td valign=\"top\" width=\"158\">\n<p align=\"center\">2 cr\u00e9ditos<\/p>\n<\/td>\n<\/tr>\n<tr>\n<td width=\"316\">T\u00f3picos de Pedagogia Social<\/td>\n<td width=\"67\">\n<p align=\"center\">30h<\/p>\n<\/td>\n<td valign=\"top\" width=\"65\">\n<p align=\"center\">&#8212;<\/p>\n<\/td>\n<td width=\"51\">\n<p align=\"center\">30h<\/p>\n<\/td>\n<td valign=\"top\" width=\"158\">\n<p align=\"center\">2 cr\u00e9ditos<\/p>\n<\/td>\n<\/tr>\n<tr>\n<td width=\"316\">T\u00f3picos de Direitos Humanos e Sociais<\/td>\n<td width=\"67\">\n<p align=\"center\">30h<\/p>\n<\/td>\n<td valign=\"top\" width=\"65\">\n<p align=\"center\">&#8212;<\/p>\n<\/td>\n<td width=\"51\">\n<p align=\"center\">30h<\/p>\n<\/td>\n<td valign=\"top\" width=\"158\">\n<p align=\"center\">2 cr\u00e9ditos<\/p>\n<\/td>\n<\/tr>\n<tr>\n<td width=\"316\">T\u00f3picos de Empreendedorismo<\/td>\n<td width=\"67\">\n<p align=\"center\">30h<\/p>\n<\/td>\n<td valign=\"top\" width=\"65\">\n<p align=\"center\">&#8212;<\/p>\n<\/td>\n<td width=\"51\">\n<p align=\"center\">30h<\/p>\n<\/td>\n<td valign=\"top\" width=\"158\">\n<p align=\"center\">2 cr\u00e9ditos<\/p>\n<\/td>\n<\/tr>\n<tr>\n<td width=\"316\">T\u00f3picos de Legisla\u00e7\u00e3o Educacional e Execu\u00e7\u00e3o Penal<\/td>\n<td width=\"67\">\n<p align=\"center\">30h<\/p>\n<\/td>\n<td valign=\"top\" width=\"65\">\n<p align=\"center\">&#8212;<\/p>\n<\/td>\n<td width=\"51\">\n<p align=\"center\">30h<\/p>\n<\/td>\n<td valign=\"top\" width=\"158\">\n<p align=\"center\">2 cr\u00e9ditos<\/p>\n<\/td>\n<\/tr>\n<\/tbody>\n<\/table>\n<p>&nbsp;<\/p>\n<p><b>M\u00d3DULO II: FORMA\u00c7\u00c3O ESPEC\u00cdFICA<\/b><\/p>\n<table width=\"659\" border=\"1\" cellspacing=\"0\" cellpadding=\"0\">\n<tbody>\n<tr>\n<td rowspan=\"2\" valign=\"top\" width=\"347\">\n<p align=\"center\">Componente Curricular<\/p>\n<\/td>\n<td colspan=\"3\" valign=\"top\" width=\"189\">\n<p align=\"center\">Carga Hor\u00e1ria<\/p>\n<\/td>\n<td valign=\"top\" width=\"123\">\n<p align=\"center\">Cr\u00e9dito<\/p>\n<\/td>\n<\/tr>\n<tr>\n<td valign=\"top\" width=\"67\">\n<p align=\"center\">Te\u00f3rica<\/p>\n<\/td>\n<td valign=\"top\" width=\"65\">\n<p align=\"center\">Pr\u00e1tica<\/p>\n<\/td>\n<td valign=\"top\" width=\"57\">\n<p align=\"center\">Total<\/p>\n<\/td>\n<td valign=\"top\" width=\"123\">\n<p align=\"center\">Por componente curricular<\/p>\n<\/td>\n<\/tr>\n<tr>\n<td valign=\"bottom\" width=\"347\">Educa\u00e7\u00e3o Penitenci\u00e1ria I<\/td>\n<td width=\"67\">\n<p align=\"center\">30h<\/p>\n<\/td>\n<td width=\"65\">\n<p align=\"center\">&#8212;-<\/p>\n<\/td>\n<td width=\"57\">\n<p align=\"center\">30h<\/p>\n<\/td>\n<td valign=\"top\" width=\"123\">\n<p align=\"center\">2 cr\u00e9ditos<\/p>\n<\/td>\n<\/tr>\n<tr>\n<td valign=\"bottom\" width=\"347\">Educa\u00e7\u00e3o Penitenci\u00e1ria II<\/td>\n<td width=\"67\">\n<p align=\"center\">30h<\/p>\n<\/td>\n<td width=\"65\">\n<p align=\"center\">&#8212;-<\/p>\n<\/td>\n<td width=\"57\">\n<p align=\"center\">30h<\/p>\n<\/td>\n<td valign=\"top\" width=\"123\">\n<p align=\"center\">2 cr\u00e9ditos<\/p>\n<\/td>\n<\/tr>\n<tr>\n<td valign=\"bottom\" width=\"347\">Educa\u00e7\u00e3o Penitenci\u00e1ria III<\/td>\n<td width=\"67\">\n<p align=\"center\">30h<\/p>\n<\/td>\n<td width=\"65\">\n<p align=\"center\">&#8212;-<\/p>\n<\/td>\n<td width=\"57\">\n<p align=\"center\">30h<\/p>\n<\/td>\n<td valign=\"top\" width=\"123\">\n<p align=\"center\">2 cr\u00e9ditos<\/p>\n<\/td>\n<\/tr>\n<tr>\n<td valign=\"bottom\" width=\"347\">Pr\u00e1tica Docente I<\/td>\n<td width=\"67\">\n<p align=\"center\">30h<\/p>\n<\/td>\n<td width=\"65\">\n<p align=\"center\">15h<\/p>\n<\/td>\n<td width=\"57\">\n<p align=\"center\">45h<\/p>\n<\/td>\n<td valign=\"top\" width=\"123\">\n<p align=\"center\">3 cr\u00e9ditos<\/p>\n<\/td>\n<\/tr>\n<tr>\n<td valign=\"bottom\" width=\"347\">Pr\u00e1tica Docente II<\/td>\n<td width=\"67\">\n<p align=\"center\">30h<\/p>\n<\/td>\n<td width=\"65\">\n<p align=\"center\">15h<\/p>\n<\/td>\n<td width=\"57\">\n<p align=\"center\">45h<\/p>\n<\/td>\n<td valign=\"top\" width=\"123\">\n<p align=\"center\">3 cr\u00e9ditos<\/p>\n<\/td>\n<\/tr>\n<tr>\n<td valign=\"bottom\" width=\"347\">Pr\u00e1tica Docente III<\/td>\n<td width=\"67\">\n<p align=\"center\">30h<\/p>\n<\/td>\n<td width=\"65\">\n<p align=\"center\">15h<\/p>\n<\/td>\n<td width=\"57\">\n<p align=\"center\">45h<\/p>\n<\/td>\n<td valign=\"top\" width=\"123\">\n<p align=\"center\">3 cr\u00e9ditos<\/p>\n<\/td>\n<\/tr>\n<tr>\n<td colspan=\"5\" valign=\"bottom\" width=\"659\"><b>M\u00d3DULO III: FORMA\u00c7\u00c3O ESPEC\u00cdFICA E PESQUISA<\/b><\/td>\n<\/tr>\n<tr>\n<td rowspan=\"2\" valign=\"top\" width=\"347\"><b>\u00a0<\/b><\/p>\n<p align=\"center\">Componente Curricular<\/p>\n<\/td>\n<td colspan=\"3\" valign=\"top\" width=\"189\">\n<p align=\"center\">Carga Hor\u00e1ria<\/p>\n<\/td>\n<td valign=\"top\" width=\"123\">\n<p align=\"center\">Cr\u00e9dito<b><\/b><\/p>\n<\/td>\n<\/tr>\n<tr>\n<td valign=\"top\" width=\"67\">\n<p align=\"center\">Te\u00f3rica<\/p>\n<\/td>\n<td valign=\"top\" width=\"65\">\n<p align=\"center\">Pr\u00e1tica<\/p>\n<\/td>\n<td valign=\"top\" width=\"57\">\n<p align=\"center\">Total<\/p>\n<\/td>\n<td valign=\"top\" width=\"123\">\n<p align=\"center\">Por componente curricular<b><\/b><\/p>\n<\/td>\n<\/tr>\n<tr>\n<td width=\"347\">Educa\u00e7\u00e3o Inclusiva<\/td>\n<td width=\"67\">\n<p align=\"center\">30h<\/p>\n<\/td>\n<td width=\"65\">\n<p align=\"center\">&#8212;-<\/p>\n<\/td>\n<td width=\"57\">\n<p align=\"center\">30h<\/p>\n<\/td>\n<td valign=\"top\" width=\"123\">\n<p align=\"center\">2 cr\u00e9ditos<\/p>\n<\/td>\n<\/tr>\n<tr>\n<td width=\"347\">Media\u00e7\u00e3o de Conflito na Educa\u00e7\u00e3o Penitenci\u00e1ria<\/td>\n<td width=\"67\">\n<p align=\"center\">30h<\/p>\n<\/td>\n<td width=\"65\">\n<p align=\"center\">15h<\/p>\n<\/td>\n<td width=\"57\">\n<p align=\"center\">45h<\/p>\n<\/td>\n<td valign=\"top\" width=\"123\">\n<p align=\"center\">3 cr\u00e9ditos<\/p>\n<\/td>\n<\/tr>\n<tr>\n<td width=\"347\">Estat\u00edstica Aplicada \u00e0 Educa\u00e7\u00e3o Penitenci\u00e1ria<\/td>\n<td width=\"67\">\n<p align=\"center\">30h<\/p>\n<\/td>\n<td width=\"65\">\n<p align=\"center\">15h<\/p>\n<\/td>\n<td width=\"57\">\n<p align=\"center\">45h<\/p>\n<\/td>\n<td valign=\"top\" width=\"123\">\n<p align=\"center\">3 cr\u00e9ditos<\/p>\n<\/td>\n<\/tr>\n<tr>\n<td width=\"347\">Capta\u00e7\u00e3o de Recurso Financeiros para Projeto<\/td>\n<td width=\"67\">\n<p align=\"center\">30h<\/p>\n<\/td>\n<td width=\"65\">\n<p align=\"center\">15h<\/p>\n<\/td>\n<td width=\"57\">\n<p align=\"center\">45h<\/p>\n<\/td>\n<td valign=\"top\" width=\"123\">\n<p align=\"center\">3 cr\u00e9ditos<\/p>\n<\/td>\n<\/tr>\n<tr>\n<td width=\"347\">Trabalho de Conclus\u00e3o de Curso I<\/td>\n<td width=\"67\">\n<p align=\"center\">30h<\/p>\n<\/td>\n<td width=\"65\">\n<p align=\"center\">&#8212;-<\/p>\n<\/td>\n<td width=\"57\">\n<p align=\"center\">30h<\/p>\n<\/td>\n<td valign=\"top\" width=\"123\">\n<p align=\"center\">2 cr\u00e9ditos<\/p>\n<\/td>\n<\/tr>\n<tr>\n<td width=\"347\">Trabalho de Conclus\u00e3o de Curso II<i><\/i><\/td>\n<td width=\"67\">\n<p align=\"center\">30h<\/p>\n<\/td>\n<td width=\"65\">\n<p align=\"center\">&#8212;-<\/p>\n<\/td>\n<td width=\"57\">\n<p align=\"center\">30h<\/p>\n<\/td>\n<td valign=\"top\" width=\"123\">\n<p align=\"center\">2 cr\u00e9ditos<\/p>\n<\/td>\n<\/tr>\n<tr>\n<td valign=\"bottom\" width=\"347\">Carga Hor\u00e1ria<\/td>\n<td valign=\"bottom\" width=\"67\">\n<p align=\"center\">580h<\/p>\n<\/td>\n<td valign=\"bottom\" width=\"65\">\n<p align=\"center\">75h<\/p>\n<\/td>\n<td valign=\"bottom\" width=\"57\">\n<p align=\"center\">655h<\/p>\n<\/td>\n<td valign=\"top\" width=\"123\">\n<p align=\"center\">43 cr\u00e9ditos<\/p>\n<\/td>\n<\/tr>\n<\/tbody>\n<\/table>\n<p style=\"text-align: justify\" align=\"center\">Fonte:\u00a0 VASQUEZ, E. L, ABREU, A. A., SANTOS, J. C. C. R. Projeto Pedag\u00f3gico do Curso de Especializa\u00e7\u00e3o em Doc\u00eancia para Educa\u00e7\u00e3o Penitenci\u00e1ria pela Modalidade Educa\u00e7\u00e3o a Dist\u00e2ncia. Macap\u00e1, 2017. p. 15.<\/p>\n","protected":false},"excerpt":{"rendered":"<p>O curso lato sensu \u00e9 ofertado pela modalidade a dist\u00e2ncia, com um total de 655 horas\/aulas. A tabela a seguir indica a sua a matriz curricular: &nbsp; M\u00d3DULO I: FORMA\u00c7\u00c3O GERAL Componente Curricular Carga Hor\u00e1ria Cr\u00e9dito Te\u00f3rica Pr\u00e1tica Total Por componente curricular Introdu\u00e7\u00e3o \u00e0 Ferramenta para EAD 15h 30 45h 3 cr\u00e9ditos T\u00f3picos de Ci\u00eancia&#8230;<\/p>\n","protected":false},"author":1721,"featured_media":0,"parent":2596,"menu_order":4,"comment_status":"open","ping_status":"open","template":"","meta":{"inline_featured_image":false,"site-sidebar-layout":"default","site-content-layout":"","ast-site-content-layout":"default","site-content-style":"default","site-sidebar-style":"default","ast-global-header-display":"","ast-banner-title-visibility":"","ast-main-header-display":"","ast-hfb-above-header-display":"","ast-hfb-below-header-display":"","ast-hfb-mobile-header-display":"","site-post-title":"","ast-breadcrumbs-content":"","ast-featured-img":"","footer-sml-layout":"","theme-transparent-header-meta":"","adv-header-id-meta":"","stick-header-meta":"","header-above-stick-meta":"","header-main-stick-meta":"","header-below-stick-meta":"","astra-migrate-meta-layouts":"default","ast-page-background-enabled":"default","ast-page-background-meta":{"desktop":{"background-color":"var(--ast-global-color-4)","background-image":"","background-repeat":"repeat","background-position":"center center","background-size":"auto","background-attachment":"scroll","background-type":"","background-media":"","overlay-type":"","overlay-color":"","overlay-opacity":"","overlay-gradient":""},"tablet":{"background-color":"","background-image":"","background-repeat":"repeat","background-position":"center center","background-size":"auto","background-attachment":"scroll","background-type":"","background-media":"","overlay-type":"","overlay-color":"","overlay-opacity":"","overlay-gradient":""},"mobile":{"background-color":"","background-image":"","background-repeat":"repeat","background-position":"center center","background-size":"auto","background-attachment":"scroll","background-type":"","background-media":"","overlay-type":"","overlay-color":"","overlay-opacity":"","overlay-gradient":""}},"ast-content-background-meta":{"desktop":{"background-color":"var(--ast-global-color-5)","background-image":"","background-repeat":"repeat","background-position":"center center","background-size":"auto","background-attachment":"scroll","background-type":"","background-media":"","overlay-type":"","overlay-color":"","overlay-opacity":"","overlay-gradient":""},"tablet":{"background-color":"var(--ast-global-color-5)","background-image":"","background-repeat":"repeat","background-position":"center center","background-size":"auto","background-attachment":"scroll","background-type":"","background-media":"","overlay-type":"","overlay-color":"","overlay-opacity":"","overlay-gradient":""},"mobile":{"background-color":"var(--ast-global-color-5)","background-image":"","background-repeat":"repeat","background-position":"center center","background-size":"auto","background-attachment":"scroll","background-type":"","background-media":"","overlay-type":"","overlay-color":"","overlay-opacity":"","overlay-gradient":""}},"ngg_post_thumbnail":0,"footnotes":""},"class_list":["post-2945","page","type-page","status-publish","hentry"],"_links":{"self":[{"href":"https:\/\/www2.unifap.br\/matematica\/index.php?rest_route=\/wp\/v2\/pages\/2945","targetHints":{"allow":["GET"]}}],"collection":[{"href":"https:\/\/www2.unifap.br\/matematica\/index.php?rest_route=\/wp\/v2\/pages"}],"about":[{"href":"https:\/\/www2.unifap.br\/matematica\/index.php?rest_route=\/wp\/v2\/types\/page"}],"author":[{"embeddable":true,"href":"https:\/\/www2.unifap.br\/matematica\/index.php?rest_route=\/wp\/v2\/users\/1721"}],"replies":[{"embeddable":true,"href":"https:\/\/www2.unifap.br\/matematica\/index.php?rest_route=%2Fwp%2Fv2%2Fcomments&post=2945"}],"version-history":[{"count":7,"href":"https:\/\/www2.unifap.br\/matematica\/index.php?rest_route=\/wp\/v2\/pages\/2945\/revisions"}],"predecessor-version":[{"id":3500,"href":"https:\/\/www2.unifap.br\/matematica\/index.php?rest_route=\/wp\/v2\/pages\/2945\/revisions\/3500"}],"up":[{"embeddable":true,"href":"https:\/\/www2.unifap.br\/matematica\/index.php?rest_route=\/wp\/v2\/pages\/2596"}],"wp:attachment":[{"href":"https:\/\/www2.unifap.br\/matematica\/index.php?rest_route=%2Fwp%2Fv2%2Fmedia&parent=2945"}],"curies":[{"name":"wp","href":"https:\/\/api.w.org\/{rel}","templated":true}]}}