{"id":298,"date":"2014-01-22T12:25:26","date_gmt":"2014-01-22T12:25:26","guid":{"rendered":"http:\/\/www2.unifap.br\/matematica\/?page_id=298"},"modified":"2018-06-17T13:42:24","modified_gmt":"2018-06-17T13:42:24","slug":"laboratorios","status":"publish","type":"page","link":"https:\/\/www2.unifap.br\/matematica\/?page_id=298","title":{"rendered":"P\u00d3S-GRADUA\u00c7\u00c3O"},"content":{"rendered":"<p style=\"text-align: justify\">O programa de P\u00f3s-Gradua\u00e7\u00e3o oferecido pela Universidade Federal do Amap\u00e1 (UNIFAP) visa melhorar a forma\u00e7\u00e3o dos profissionais da \u00e1rea da Matem\u00e1tica, bem como contribuir para a melhoria do ensino desta disciplina no pa\u00eds. Este programa teve\u00a0in\u00edcio com a implementa\u00e7\u00e3o do Mestrado Profissional em Matem\u00e1tica\u00a0(PROFMAT)\u00a0em rede nacional.<\/p>\n<p style=\"text-align: justify\">O PROFMAT \u00e9 um programa de p\u00f3s-gradua\u00e7\u00e3o <em>stricto sensu<\/em>\u00a0em Matem\u00e1tica, reconhecido pelo Minist\u00e9rio da Educa\u00e7\u00e3o que conduz o profissional ao t\u00edtulo de Mestre. Tem como objetivo proporcionar forma\u00e7\u00e3o matem\u00e1tica aprofundada relevante ao exerc\u00edcio da doc\u00eancia no Ensino B\u00e1sico, visando dar ao egresso a qualifica\u00e7\u00e3o certificada para o exerc\u00edcio da profiss\u00e3o de professor de Matem\u00e1tica. O PROFMAT \u00e9 um curso semipresencial que tem tamb\u00e9m como\u00a0possibilidade o recebimento de bolsa CAPES para professores em exerc\u00edcio na rede p\u00fablica. \u00c9 ministrado por Institui\u00e7\u00f5es de Ensino Superior associadas em uma Rede Nacional, no \u00e2mbito do Sistema Universidade Aberta do Brasil (UAB). \u00c9 coordenado pela Comiss\u00e3o Acad\u00eamica Nacional, que opera sob a \u00e9gide da Diretoria da Sociedade Brasileira de Matem\u00e1tica (SBM).<\/p>\n<p style=\"text-align: justify\">Para mais informa\u00e7\u00f5es sobre o programa, acesse o site da Sociedade Brasileira de Matem\u00e1tica (<a title=\"Sociedade Brasileira de Matem\u00e1tica\" href=\"http:\/\/www.profmat-sbm.org.br\" target=\"_blank\">http:\/\/www.profmat-sbm.org.br<\/a>), onde\u00a0s\u00e3o disponibilizados os editais, assim como o calend\u00e1rio a respeito dos per\u00edodos de inscri\u00e7\u00f5es, dentre outros.<\/p>\n<p style=\"text-align: justify\">Na UNIFAP, esse\u00a0programa \u00e9 coordenado pelo Prof. Dr. Erasmo Senger, cujo e-mail para contatos \u00e9 erasmosenger@yahoo.com.br. Ou se preferir, acesse tamb\u00e9m: <a title=\"Moodle PROFMAT\" href=\"http:\/\/moodle.profmat-sbm.org.br\" target=\"_blank\">moodle.profmat-sbm.org.br<\/a>.<\/p>\n<p style=\"text-align: justify\">\n","protected":false},"excerpt":{"rendered":"<p>O programa de P\u00f3s-Gradua\u00e7\u00e3o oferecido pela Universidade Federal do Amap\u00e1 (UNIFAP) visa melhorar a forma\u00e7\u00e3o dos profissionais da \u00e1rea da Matem\u00e1tica, bem como contribuir para a melhoria do ensino desta disciplina no pa\u00eds. Este programa teve\u00a0in\u00edcio com a implementa\u00e7\u00e3o do Mestrado Profissional em Matem\u00e1tica\u00a0(PROFMAT)\u00a0em rede nacional. O PROFMAT \u00e9 um programa de p\u00f3s-gradua\u00e7\u00e3o stricto sensu\u00a0em&#8230;<\/p>\n","protected":false},"author":363,"featured_media":0,"parent":0,"menu_order":4,"comment_status":"open","ping_status":"closed","template":"","meta":{"inline_featured_image":false,"site-sidebar-layout":"default","site-content-layout":"","ast-site-content-layout":"default","site-content-style":"default","site-sidebar-style":"default","ast-global-header-display":"","ast-banner-title-visibility":"","ast-main-header-display":"","ast-hfb-above-header-display":"","ast-hfb-below-header-display":"","ast-hfb-mobile-header-display":"","site-post-title":"","ast-breadcrumbs-content":"","ast-featured-img":"","footer-sml-layout":"","theme-transparent-header-meta":"","adv-header-id-meta":"","stick-header-meta":"","header-above-stick-meta":"","header-main-stick-meta":"","header-below-stick-meta":"","astra-migrate-meta-layouts":"default","ast-page-background-enabled":"default","ast-page-background-meta":{"desktop":{"background-color":"var(--ast-global-color-4)","background-image":"","background-repeat":"repeat","background-position":"center center","background-size":"auto","background-attachment":"scroll","background-type":"","background-media":"","overlay-type":"","overlay-color":"","overlay-opacity":"","overlay-gradient":""},"tablet":{"background-color":"","background-image":"","background-repeat":"repeat","background-position":"center center","background-size":"auto","background-attachment":"scroll","background-type":"","background-media":"","overlay-type":"","overlay-color":"","overlay-opacity":"","overlay-gradient":""},"mobile":{"background-color":"","background-image":"","background-repeat":"repeat","background-position":"center center","background-size":"auto","background-attachment":"scroll","background-type":"","background-media":"","overlay-type":"","overlay-color":"","overlay-opacity":"","overlay-gradient":""}},"ast-content-background-meta":{"desktop":{"background-color":"var(--ast-global-color-5)","background-image":"","background-repeat":"repeat","background-position":"center center","background-size":"auto","background-attachment":"scroll","background-type":"","background-media":"","overlay-type":"","overlay-color":"","overlay-opacity":"","overlay-gradient":""},"tablet":{"background-color":"var(--ast-global-color-5)","background-image":"","background-repeat":"repeat","background-position":"center center","background-size":"auto","background-attachment":"scroll","background-type":"","background-media":"","overlay-type":"","overlay-color":"","overlay-opacity":"","overlay-gradient":""},"mobile":{"background-color":"var(--ast-global-color-5)","background-image":"","background-repeat":"repeat","background-position":"center center","background-size":"auto","background-attachment":"scroll","background-type":"","background-media":"","overlay-type":"","overlay-color":"","overlay-opacity":"","overlay-gradient":""}},"ngg_post_thumbnail":0,"footnotes":""},"class_list":["post-298","page","type-page","status-publish","hentry"],"_links":{"self":[{"href":"https:\/\/www2.unifap.br\/matematica\/index.php?rest_route=\/wp\/v2\/pages\/298","targetHints":{"allow":["GET"]}}],"collection":[{"href":"https:\/\/www2.unifap.br\/matematica\/index.php?rest_route=\/wp\/v2\/pages"}],"about":[{"href":"https:\/\/www2.unifap.br\/matematica\/index.php?rest_route=\/wp\/v2\/types\/page"}],"author":[{"embeddable":true,"href":"https:\/\/www2.unifap.br\/matematica\/index.php?rest_route=\/wp\/v2\/users\/363"}],"replies":[{"embeddable":true,"href":"https:\/\/www2.unifap.br\/matematica\/index.php?rest_route=%2Fwp%2Fv2%2Fcomments&post=298"}],"version-history":[{"count":15,"href":"https:\/\/www2.unifap.br\/matematica\/index.php?rest_route=\/wp\/v2\/pages\/298\/revisions"}],"predecessor-version":[{"id":3558,"href":"https:\/\/www2.unifap.br\/matematica\/index.php?rest_route=\/wp\/v2\/pages\/298\/revisions\/3558"}],"wp:attachment":[{"href":"https:\/\/www2.unifap.br\/matematica\/index.php?rest_route=%2Fwp%2Fv2%2Fmedia&parent=298"}],"curies":[{"name":"wp","href":"https:\/\/api.w.org\/{rel}","templated":true}]}}