{"id":3043,"date":"2018-04-09T14:19:02","date_gmt":"2018-04-09T14:19:02","guid":{"rendered":"http:\/\/www2.unifap.br\/matematica\/?page_id=3043"},"modified":"2018-04-09T17:11:11","modified_gmt":"2018-04-09T17:11:11","slug":"science-and-knowledge-in-focus","status":"publish","type":"page","link":"https:\/\/www2.unifap.br\/matematica\/?page_id=3043","title":{"rendered":"Science and Knowledge in Focus"},"content":{"rendered":"<p><a href=\"http:\/\/www2.unifap.br\/matematica\/files\/2018\/04\/homepageImage_en_US.jpg\"><img decoding=\"async\" class=\"alignleft size-full wp-image-3044\" alt=\"homepageImage_en_US\" src=\"http:\/\/www2.unifap.br\/matematica\/files\/2018\/04\/homepageImage_en_US.jpg\" width=\"172\" height=\"230\" \/><\/a><\/p>\n<p style=\"text-align: justify\"><strong>Science and Knowledge in Focus <\/strong>\u00e9 uma revista eletr\u00f4nica especializada em Ensino de Ci\u00eancias, cujas pol\u00edticas de se\u00e7\u00f5es tratam sobre (Matem\u00e1tica, Contexto Escolar e Ensino; Povo Ind\u00edgena, Ci\u00eancias e Saber;\u00a0 e ainda a se\u00e7\u00e3o Tem\u00e1tica em Foco).\u00a0\u00a0Esta aberta\u00a0 \u00e0 colabora\u00e7\u00e3o de professores, estudantes, pesquisadores de Cursos de Gradua\u00e7\u00e3o e Programas de P\u00f3s-Gradua\u00e7\u00e3o,\u00a0com objetivo de promover\u00a0 espa\u00e7o para produ\u00e7\u00e3o e difus\u00e3o das ci\u00eancias, saberes e culturas \u00e0 Comunidade\u00a0 Cient\u00edfica, Acad\u00eamica e Externa.<\/p>\n<p style=\"text-align: justify\">Para conhecer\u00a0 a revista, acesse:\u00a0<strong><a href=\"https:\/\/periodicos.unifap.br\/index.php\/scienceinfocus\">https:\/\/periodicos.unifap.br\/index.php\/scienceinfocus<\/a><\/strong><\/p>\n<p>&nbsp;<\/p>\n<p>&nbsp;<\/p>\n<p>&nbsp;<\/p>\n<p>&nbsp;<\/p>\n<p>&nbsp;<\/p>\n<p>&nbsp;<\/p>\n<p>&nbsp;<\/p>\n","protected":false},"excerpt":{"rendered":"<p>Science and Knowledge in Focus \u00e9 uma revista eletr\u00f4nica especializada em Ensino de Ci\u00eancias, cujas pol\u00edticas de se\u00e7\u00f5es tratam sobre (Matem\u00e1tica, Contexto Escolar e Ensino; Povo Ind\u00edgena, Ci\u00eancias e Saber;\u00a0 e ainda a se\u00e7\u00e3o Tem\u00e1tica em Foco).\u00a0\u00a0Esta aberta\u00a0 \u00e0 colabora\u00e7\u00e3o de professores, estudantes, pesquisadores de Cursos de Gradua\u00e7\u00e3o e Programas de P\u00f3s-Gradua\u00e7\u00e3o,\u00a0com objetivo de promover\u00a0&#8230;<\/p>\n","protected":false},"author":1721,"featured_media":0,"parent":306,"menu_order":0,"comment_status":"open","ping_status":"open","template":"","meta":{"inline_featured_image":false,"site-sidebar-layout":"default","site-content-layout":"","ast-site-content-layout":"default","site-content-style":"default","site-sidebar-style":"default","ast-global-header-display":"","ast-banner-title-visibility":"","ast-main-header-display":"","ast-hfb-above-header-display":"","ast-hfb-below-header-display":"","ast-hfb-mobile-header-display":"","site-post-title":"","ast-breadcrumbs-content":"","ast-featured-img":"","footer-sml-layout":"","theme-transparent-header-meta":"","adv-header-id-meta":"","stick-header-meta":"","header-above-stick-meta":"","header-main-stick-meta":"","header-below-stick-meta":"","astra-migrate-meta-layouts":"default","ast-page-background-enabled":"default","ast-page-background-meta":{"desktop":{"background-color":"var(--ast-global-color-4)","background-image":"","background-repeat":"repeat","background-position":"center center","background-size":"auto","background-attachment":"scroll","background-type":"","background-media":"","overlay-type":"","overlay-color":"","overlay-opacity":"","overlay-gradient":""},"tablet":{"background-color":"","background-image":"","background-repeat":"repeat","background-position":"center center","background-size":"auto","background-attachment":"scroll","background-type":"","background-media":"","overlay-type":"","overlay-color":"","overlay-opacity":"","overlay-gradient":""},"mobile":{"background-color":"","background-image":"","background-repeat":"repeat","background-position":"center center","background-size":"auto","background-attachment":"scroll","background-type":"","background-media":"","overlay-type":"","overlay-color":"","overlay-opacity":"","overlay-gradient":""}},"ast-content-background-meta":{"desktop":{"background-color":"var(--ast-global-color-5)","background-image":"","background-repeat":"repeat","background-position":"center center","background-size":"auto","background-attachment":"scroll","background-type":"","background-media":"","overlay-type":"","overlay-color":"","overlay-opacity":"","overlay-gradient":""},"tablet":{"background-color":"var(--ast-global-color-5)","background-image":"","background-repeat":"repeat","background-position":"center center","background-size":"auto","background-attachment":"scroll","background-type":"","background-media":"","overlay-type":"","overlay-color":"","overlay-opacity":"","overlay-gradient":""},"mobile":{"background-color":"var(--ast-global-color-5)","background-image":"","background-repeat":"repeat","background-position":"center center","background-size":"auto","background-attachment":"scroll","background-type":"","background-media":"","overlay-type":"","overlay-color":"","overlay-opacity":"","overlay-gradient":""}},"ngg_post_thumbnail":0,"footnotes":""},"class_list":["post-3043","page","type-page","status-publish","hentry"],"_links":{"self":[{"href":"https:\/\/www2.unifap.br\/matematica\/index.php?rest_route=\/wp\/v2\/pages\/3043","targetHints":{"allow":["GET"]}}],"collection":[{"href":"https:\/\/www2.unifap.br\/matematica\/index.php?rest_route=\/wp\/v2\/pages"}],"about":[{"href":"https:\/\/www2.unifap.br\/matematica\/index.php?rest_route=\/wp\/v2\/types\/page"}],"author":[{"embeddable":true,"href":"https:\/\/www2.unifap.br\/matematica\/index.php?rest_route=\/wp\/v2\/users\/1721"}],"replies":[{"embeddable":true,"href":"https:\/\/www2.unifap.br\/matematica\/index.php?rest_route=%2Fwp%2Fv2%2Fcomments&post=3043"}],"version-history":[{"count":19,"href":"https:\/\/www2.unifap.br\/matematica\/index.php?rest_route=\/wp\/v2\/pages\/3043\/revisions"}],"predecessor-version":[{"id":3065,"href":"https:\/\/www2.unifap.br\/matematica\/index.php?rest_route=\/wp\/v2\/pages\/3043\/revisions\/3065"}],"up":[{"embeddable":true,"href":"https:\/\/www2.unifap.br\/matematica\/index.php?rest_route=\/wp\/v2\/pages\/306"}],"wp:attachment":[{"href":"https:\/\/www2.unifap.br\/matematica\/index.php?rest_route=%2Fwp%2Fv2%2Fmedia&parent=3043"}],"curies":[{"name":"wp","href":"https:\/\/api.w.org\/{rel}","templated":true}]}}