{"id":3070,"date":"2018-04-11T23:45:00","date_gmt":"2018-04-11T23:45:00","guid":{"rendered":"http:\/\/www2.unifap.br\/matematica\/?page_id=3070"},"modified":"2019-03-04T02:03:27","modified_gmt":"2019-03-04T02:03:27","slug":"tcc-2018","status":"publish","type":"page","link":"https:\/\/www2.unifap.br\/matematica\/?page_id=3070","title":{"rendered":"TCC 2018"},"content":{"rendered":"<p><a href=\"http:\/\/www2.unifap.br\/matematica\/graduacao\/tcc\/tcc-2018\/declaracao-de-banca-de-tcc-2017-02\/\" rel=\"attachment wp-att-4514\">DECLARA\u00c7\u00c3O-DE-BANCA-DE-TCC-2017-02<\/a><\/p>\n<table width=\"601\" cellspacing=\"0\" cellpadding=\"8\">\n<tbody>\n<tr valign=\"top\">\n<td colspan=\"2\" bgcolor=\"#bebebe\" width=\"284\" height=\"9\">\n<p align=\"center\"><b>PER\u00cdODO<\/b><\/p>\n<\/td>\n<td colspan=\"2\" bgcolor=\"#bebebe\" width=\"283\">\n<p align=\"center\"><b>2018\/01<\/b><\/p>\n<\/td>\n<\/tr>\n<tr valign=\"top\">\n<td bgcolor=\"#bebebe\" width=\"142\" height=\"2\"><b>Professor Orientador<\/b><\/td>\n<td bgcolor=\"#bebebe\" width=\"126\">\n<p align=\"center\"><b>Aluno<\/b><\/p>\n<\/td>\n<td bgcolor=\"#bebebe\" width=\"134\">\n<p align=\"center\"><b>T\u00edtulo<\/b><\/p>\n<\/td>\n<td bgcolor=\"#bebebe\" width=\"133\"><b>Banca Avaliadora<\/b><\/td>\n<\/tr>\n<tr valign=\"top\">\n<td width=\"142\" height=\"80\">Simone de Almeida Delphim<\/td>\n<td width=\"126\">Marcos Uchoa Pinto<\/td>\n<td width=\"134\">\n<p align=\"center\">Geometria Fractal: Na sala de aula<\/p>\n<\/td>\n<td width=\"133\">Simone de Almeida DelphimJo\u00e3o Socorro FerreiraR\u00f4mulo Lima da Gama<\/td>\n<\/tr>\n<tr valign=\"top\">\n<td width=\"142\">Jo\u00e3o do Socorro Pinheiro Ferreira<\/td>\n<td width=\"126\">Paulo Guilherme Dias Ferreira<\/td>\n<td width=\"134\"><a href=\"http:\/\/www2.unifap.br\/matematica\/files\/2019\/01\/UM-ESTUDO-EXPLORAT\u00d3RIO-SOBRE-DIFERENTES-ABORDAGENS-DE-SOLU\u00c7\u00d5ES-DE-EDOs-Paulo-Guilherme-Dias-Ferreira.pdf\">UM ESTUDO EXPLORAT\u00d3RIO SOBRE DIFERENTES ABORDAGENS DE SOLU\u00c7\u00d5ES DE EDOs &#8211; Paulo Guilherme Dias Ferreira<\/a><\/td>\n<td width=\"133\">Jo\u00e3o do Socorro Pinheiro FerreiraF\u00e1bio Campos DiasR\u00f4mulo Lima da Gama<\/td>\n<\/tr>\n<tr valign=\"top\">\n<td width=\"142\" height=\"80\">Kelmen da Cruz Barroso<\/td>\n<td width=\"126\">Geovan da Luz<\/td>\n<td width=\"134\">\n<p align=\"center\">O Lema de Brezis Lieb<\/p>\n<\/td>\n<td width=\"133\">Kelmen da Cruz BarrosoMarcel Lucas Pican\u00e7o NascimentoGuzm\u00e1n Eul\u00e1lio Isla Chamilco<\/td>\n<\/tr>\n<tr valign=\"top\">\n<td width=\"142\" height=\"79\">Eliane Leal Vasquez<\/td>\n<td width=\"126\">Cristiane Santos dos SantosKaren Vanessa da Silva Pacheco<\/td>\n<td width=\"134\">\n<p align=\"center\"><a href=\"http:\/\/www2.unifap.br\/matematica\/files\/2019\/01\/MODELAGEM-MATEM\u00c1TICA-NA-EDUCA\u00c7\u00c3O-SUPERIOR-IND\u00cdGENA-CRISTIANE-SANTOS-DOS-SANTOS.pdf\">MODELAGEM MATEM\u00c1TICA NA EDUCA\u00c7\u00c3O SUPERIOR IND\u00cdGENA &#8211; CRISTIANE SANTOS DOS SANTOS<\/a><\/p>\n<\/td>\n<td width=\"133\">Eliane Leal VasquezElifaleth Rego SabinoSolange Regina Cromianski<\/td>\n<\/tr>\n<\/tbody>\n<\/table>\n<p><a href=\"http:\/\/www2.unifap.br\/matematica\/graduacao\/tcc\/tcc-2018\/declaracao-de-banca-de-tcc-2018-01\/\" rel=\"attachment wp-att-4516\">DECLARA\u00c7\u00c3O-DE-BANCA-DE-TCC-2018-01<\/a><\/p>\n<table width=\"601\" cellspacing=\"0\" cellpadding=\"8\">\n<tbody>\n<tr valign=\"top\">\n<td colspan=\"2\" bgcolor=\"#bebebe\" width=\"284\" height=\"9\">\n<p align=\"center\"><b>PER\u00cdODO<\/b><\/p>\n<\/td>\n<td colspan=\"2\" bgcolor=\"#bebebe\" width=\"283\">\n<p align=\"center\"><b>2018\/01<\/b><\/p>\n<\/td>\n<\/tr>\n<tr valign=\"top\">\n<td bgcolor=\"#bebebe\" width=\"142\" height=\"2\"><b>Professor Orientador<\/b><\/td>\n<td bgcolor=\"#bebebe\" width=\"126\">\n<p align=\"center\"><b>Aluno<\/b><\/p>\n<\/td>\n<td bgcolor=\"#bebebe\" width=\"134\">\n<p align=\"center\"><b>T\u00edtulo<\/b><\/p>\n<\/td>\n<td bgcolor=\"#bebebe\" width=\"133\"><b>Banca Avaliadora<\/b><\/td>\n<\/tr>\n<tr valign=\"top\">\n<td width=\"142\" height=\"80\">Gilberl\u00e2ndio Jesus Dias<\/td>\n<td width=\"126\">Mauro Sergio Silva dos Anjos<\/td>\n<td width=\"134\">\n<p align=\"center\"><a href=\"https:\/\/drive.google.com\/file\/d\/1WJc9RGvq_2cLKI6ukHq7t2sRjXWhUcAz\/view?usp=sharing\" target=\"_blank\" rel=\"noopener\">Solu\u00e7\u00f5es de EDP\u2019S de Primeira Ordem<\/a><\/p>\n<\/td>\n<td width=\"133\">Gilberl\u00e2ndio Jesus Dias<br \/>\n\u00cdtalo Bruno Mendes DuarteSteve Wanderson Calheiros Ara\u00fajo<\/td>\n<\/tr>\n<tr valign=\"top\">\n<td width=\"142\">Steve Wanderson Calheiros Ara\u00fajo<\/td>\n<td width=\"126\">Valdeir Batista da SilvaWeydson Lima de Oliveira<\/td>\n<td width=\"134\"><a href=\"http:\/\/www2.unifap.br\/matematica\/files\/2019\/01\/O-TEOREMA-DE-TALES-E-APLICA\u00c7\u00d5ES-VALDEIR-BATISTA-DA-SILVA.pdf\">O TEOREMA DE TALES E APLICA\u00c7\u00d5ES &#8211; VALDEIR BATISTA DA SILVA<\/a><\/td>\n<td width=\"133\">Steve Wanderson Calheiros Ara\u00fajoJo\u00e3o do Socorro Pinheiro FerreiraSimone Leal Delphim<\/td>\n<\/tr>\n<tr valign=\"top\">\n<td width=\"142\" height=\"80\">Kelmen da Cruz Barroso<\/td>\n<td width=\"126\">Geovan da Luz<\/td>\n<td width=\"134\">\n<p align=\"center\">O Lema de Brezis Lieb<\/p>\n<\/td>\n<td width=\"133\">Kelmen da Cruz BarrosoMarcel Lucas Pican\u00e7o NascimentoGuzm\u00e1n Eul\u00e1lio Isla Chamilco<\/td>\n<\/tr>\n<tr valign=\"top\">\n<td width=\"142\" height=\"79\">G\u00fazman Eul\u00e1lio Isla Chamilco<\/td>\n<td width=\"126\">Anderson Vasconcelos de Barros<\/td>\n<td width=\"134\">\n<p align=\"center\"><a href=\"http:\/\/www2.unifap.br\/matematica\/files\/2019\/01\/O-MODELO-LOTKA-VOLTERRA-ANDERSON-VASCONCELOS-DE-BARROS.pdf\">O MODELO LOTKA &#8211; VOLTERRA &#8211; ANDERSON VASCONCELOS DE BARROS<\/a><\/p>\n<\/td>\n<td width=\"133\">G\u00fazman Eul\u00e1lio Isla ChamilcoRanon de Souza GomesR\u00f4mulo Lima da Gama<\/td>\n<\/tr>\n<\/tbody>\n<\/table>\n<p>&nbsp;<\/p>\n<table width=\"601\" cellspacing=\"0\" cellpadding=\"8\">\n<tbody>\n<tr valign=\"top\">\n<td colspan=\"2\" bgcolor=\"#bebebe\" width=\"284\" height=\"9\">\n<p align=\"center\"><b>PER\u00cdODO<\/b><\/p>\n<\/td>\n<td colspan=\"2\" bgcolor=\"#bebebe\" width=\"283\">\n<p align=\"center\"><b>2018\/01<\/b><\/p>\n<\/td>\n<\/tr>\n<tr valign=\"top\">\n<td bgcolor=\"#bebebe\" width=\"142\" height=\"2\"><b>Professor Orientador<\/b><\/td>\n<td bgcolor=\"#bebebe\" width=\"126\">\n<p align=\"center\"><b>Aluno<\/b><\/p>\n<\/td>\n<td bgcolor=\"#bebebe\" width=\"134\">\n<p align=\"center\"><b>T\u00edtulo<\/b><\/p>\n<\/td>\n<td bgcolor=\"#bebebe\" width=\"133\"><b>Banca Avaliadora<\/b><\/td>\n<\/tr>\n<tr valign=\"top\">\n<td width=\"142\" height=\"80\"><span style=\"font-size: 12.0pt;font-family: 'Times New Roman',serif\">G\u00fazman Eul\u00e1lio Isla Chamilco<\/span><\/td>\n<td width=\"126\"><span style=\"font-size: 12.0pt;font-family: 'Times New Roman',serif\">Marcelo Almeida Cardoso<\/span><\/td>\n<td width=\"134\">\n<p align=\"center\"><span style=\"font-size: 12.0pt;font-family: 'Times New Roman',serif\">O Uso da Geometria Espacial em C\u00e1lculo de Volume: Estudo dos Poliedros Regulares<\/span><\/p>\n<\/td>\n<td width=\"133\">\n<p class=\"MsoBodyText\"><span style=\"font-size: 12.0pt;font-family: 'Times New Roman',serif\">G\u00fazman Eul\u00e1lio Isla Chamilco<\/span><\/p>\n<p class=\"TableParagraph\" style=\"margin-right: 19.05pt\"><span style=\"font-size: 12.0pt\">Eliane Leal Vasquez<\/span><\/p>\n<p><span style=\"font-family: 'Times New Roman', serif;font-size: 12pt\">Ranon de Souza Gomes<\/span><\/td>\n<\/tr>\n<tr valign=\"top\">\n<td width=\"142\">\n<p class=\"MsoBodyText\"><span style=\"font-size: 12.0pt;font-family: 'Times New Roman',serif\">G\u00fazman Eul\u00e1lio Isla Chamilco<\/span><\/p>\n<\/td>\n<td width=\"126\">\n<p class=\"MsoNormal\"><span style=\"font-size: 12.0pt\">Riccelly Silva de Souza<\/span><\/p>\n<\/td>\n<td width=\"134\">\n<p class=\"MsoNormal\"><span style=\"font-size: 12.0pt\">Estudo das Fun\u00e7\u00f5es Hiperb\u00f3licas<\/span><\/p>\n<\/td>\n<td width=\"133\">\n<p class=\"MsoBodyText\"><span style=\"font-size: 12.0pt;font-family: 'Times New Roman',serif\">G\u00fazman Eul\u00e1lio Isla Chamilco<\/span><\/p>\n<p class=\"MsoBodyText\"><span style=\"font-size: 12.0pt;font-family: 'Times New Roman',serif\">Marcel Lucas Pican\u00e7o Nascimento<\/span><\/p>\n<p><span style=\"font-size: 12.0pt;font-family: 'Times New Roman',serif\">Ranon de Souza Gomes<\/span><\/td>\n<\/tr>\n<tr valign=\"top\">\n<td width=\"142\" height=\"80\">\n<p class=\"MsoNormal\"><span style=\"font-size: 12.0pt\">Dra Eliane Leal Vasquez<\/span><\/p>\n<\/td>\n<td width=\"126\">\n<p class=\"MsoNormal\"><span style=\"font-size: 12.0pt\">Lucas de Souza Aguiar e Wesley<\/span><\/p>\n<p class=\"MsoNormal\"><span style=\"font-size: 12.0pt\">Felipe de Oliveira Sousa<\/span><\/p>\n<\/td>\n<td width=\"134\">\n<p class=\"MsoBodyText\"><a href=\"http:\/\/www2.unifap.br\/matematica\/files\/2019\/01\/CUBO-FRACION\u00c1RIO-NA-EDUCA\u00c7\u00c3O-PENITENCI\u00c1RIA-LUCAS-DE-SOUZA-AGUIAR.pdf\">CUBO FRACION\u00c1RIO NA EDUCA\u00c7\u00c3O PENITENCI\u00c1RIA &#8211; LUCAS DE SOUZA AGUIAR<\/a><\/p>\n<\/td>\n<td width=\"133\">\n<p class=\"MsoNormal\"><span style=\"font-size: 12.0pt\">Dra Eliane Leal Vasquez<\/span><\/p>\n<p class=\"MsoNormal\"><span style=\"font-size: 12.0pt\">Elifaleth Rego Sabino&nbsp;&nbsp;<\/span><\/p>\n<p><span style=\"font-size: 12.0pt;font-family: 'Times New Roman',serif\">Myriam Regina Zapaterra Mendes<\/span><\/td>\n<\/tr>\n<tr valign=\"top\">\n<td width=\"142\" height=\"79\">G\u00fazman Eul\u00e1lio Isla Chamilco<\/td>\n<td width=\"126\">\n<p class=\"MsoBodyText\"><span style=\"font-size: 12.0pt;font-family: 'Times New Roman',serif\">Edson Azevedo Moura<\/span><\/p>\n<\/td>\n<td width=\"134\">\n<p class=\"MsoBodyText\"><a href=\"http:\/\/www2.unifap.br\/matematica\/files\/2019\/01\/O-USO-DA-TRANSFORMADA-DE-LAPLACE-EDSON_AZEVEDO_MOURA.pdf\">O USO DA TRANSFORMADA DE LAPLACE &#8211; EDSON_AZEVEDO_MOURA<\/a><\/p>\n<\/td>\n<td width=\"133\">\n<p class=\"MsoBodyText\"><span style=\"font-size: 12.0pt;font-family: 'Times New Roman',serif\">G\u00fazman Eul\u00e1lio Isla Chamilco<\/span><\/p>\n<p class=\"MsoNormal\"><span style=\"font-size: 12.0pt\">Kelmem da Cruz Barroso<\/span><\/p>\n<p><span style=\"font-size: 12.0pt;font-family: 'Times New Roman',serif\">Solange Regina Cromianski<\/span><\/td>\n<\/tr>\n<\/tbody>\n<\/table>\n<table width=\"601\" cellspacing=\"0\" cellpadding=\"8\">\n<tbody>\n<tr valign=\"top\">\n<td colspan=\"2\" bgcolor=\"#bebebe\" width=\"284\" height=\"9\">\n<p align=\"center\"><b>PER\u00cdODO<\/b><\/p>\n<\/td>\n<td colspan=\"2\" bgcolor=\"#bebebe\" width=\"283\">\n<p align=\"center\"><b>2018\/01<\/b><\/p>\n<\/td>\n<\/tr>\n<tr valign=\"top\">\n<td bgcolor=\"#bebebe\" width=\"142\" height=\"2\"><b>Professor Orientador<\/b><\/td>\n<td bgcolor=\"#bebebe\" width=\"126\">\n<p align=\"center\"><b>Aluno<\/b><\/p>\n<\/td>\n<td bgcolor=\"#bebebe\" width=\"134\">\n<p align=\"center\"><b>T\u00edtulo<\/b><\/p>\n<\/td>\n<td bgcolor=\"#bebebe\" width=\"133\"><b>Banca Avaliadora<\/b><\/td>\n<\/tr>\n<tr valign=\"top\">\n<td width=\"142\" height=\"80\">Marcel Lucas Pican\u00e7o Nascimento<\/td>\n<td width=\"126\">Andr\u00e9 Costa Marques<\/td>\n<td width=\"134\"><a href=\"http:\/\/www2.unifap.br\/matematica\/files\/2019\/01\/NO\u00c7\u00d5ES-DE-TEORIA-DAS-DISTRIBUI\u00c7\u00d5ES-E-UMA-ANDR\u00c9-COSTA-MARQUES.pdf\">NO\u00c7\u00d5ES DE TEORIA DAS DISTRIBUI\u00c7\u00d5ES E UMA &#8211; ANDR\u00c9 COSTA MARQUES<\/a><\/td>\n<td width=\"133\">Marcel Lucas Pican\u00e7o NascimentoKelmem da Cruz BarrosoM\u00e1rcio Lobato Bahia<\/td>\n<\/tr>\n<tr valign=\"top\">\n<td width=\"142\">S\u00e9rgio Barbosa de Miranda<\/td>\n<td width=\"126\">Eliaze da Silva Braga e Renato Cardoso do Carmo<\/td>\n<td width=\"134\"><a href=\"http:\/\/www2.unifap.br\/matematica\/files\/2019\/01\/APLICA\u00c7\u00d5ES-DE-EQUA\u00c7\u00d5ES-DIOFANTINAS-Eliaze-da-Silva-Renato-Cardoso.pdf\">APLICA\u00c7\u00d5ES DE EQUA\u00c7\u00d5ES DIOFANTINAS &#8211; Eliaze da Silva , Renato Cardoso<\/a><\/td>\n<td width=\"133\">S\u00e9rgio Barbosa de MirandaM\u00e1rcio Lobato BahiaWelber Aires de Oliveira<\/td>\n<\/tr>\n<tr valign=\"top\">\n<td width=\"142\" height=\"80\">&nbsp;<\/td>\n<td width=\"126\">&nbsp;<\/td>\n<td width=\"134\">&nbsp;<\/td>\n<td width=\"133\">&nbsp;<\/td>\n<\/tr>\n<\/tbody>\n<\/table>\n<p>&nbsp;<\/p>\n<p><a href=\"http:\/\/www2.unifap.br\/matematica\/graduacao\/tcc\/tcc-2018\/declaracao-de-banca-de-tcc-2018-02\/\" rel=\"attachment wp-att-4517\">DECLARA\u00c7\u00c3O-DE-BANCA-DE-TCC-2018-02<\/a><\/p>\n<table width=\"601\" cellspacing=\"0\" cellpadding=\"8\">\n<tbody>\n<tr valign=\"top\">\n<td colspan=\"2\" bgcolor=\"#bebebe\" width=\"284\" height=\"9\">\n<p align=\"center\"><b>PER\u00cdODO<\/b><\/p>\n<\/td>\n<td colspan=\"2\" bgcolor=\"#bebebe\" width=\"283\">\n<p align=\"center\"><b>2018\/02<\/b><\/p>\n<\/td>\n<\/tr>\n<tr valign=\"top\">\n<td bgcolor=\"#bebebe\" width=\"142\" height=\"2\"><b>Professor Orientador<\/b><\/td>\n<td bgcolor=\"#bebebe\" width=\"126\">\n<p align=\"center\"><b>Aluno<\/b><\/p>\n<\/td>\n<td bgcolor=\"#bebebe\" width=\"134\">\n<p align=\"center\"><b>T\u00edtulo<\/b><\/p>\n<\/td>\n<td bgcolor=\"#bebebe\" width=\"133\"><b>Banca Avaliadora<\/b><\/td>\n<\/tr>\n<tr valign=\"top\">\n<td width=\"142\" height=\"80\">Kelmem da Cruz Barroso<\/td>\n<td width=\"126\">Michele Alessandra<br \/>\nSilva da Silva<\/td>\n<td width=\"134\">Continuidade das fun\u00e7\u00f5es<br \/>\nnos espa\u00e7os de sobolev da<br \/>\nreta<\/td>\n<td width=\"133\">Kelmem da Cruz Barroso<\/p>\n<p>Gilberl\u00e2ndio Jesus Dias<\/p>\n<p>\u00cdtalo Bruno Mendes Duarte<\/td>\n<\/tr>\n<tr valign=\"top\">\n<td width=\"142\">Marcel Lucas Pican\u00e7o<br \/>\nNascimento<\/td>\n<td width=\"126\">Laise Naira<br \/>\nMiranda Teixeira<\/td>\n<td width=\"134\">Paralelismo na Geometria<br \/>\nHiperb\u00f3lica<\/td>\n<td width=\"133\">Marcel Lucas Pican\u00e7o<br \/>\nNascimento<\/p>\n<p>Ranon de Souza Gomes<\/p>\n<p>Elifaleth Rego Sabino<\/td>\n<\/tr>\n<tr valign=\"top\">\n<td width=\"142\" height=\"80\">Eliane Leal Vasquez<\/td>\n<td width=\"126\">Bruce Diquison da Silva<\/p>\n<p>Cristhian Pires de Oliveira<\/td>\n<td width=\"134\">Marie Ennemond Camille<br \/>\nJordan (1838-1992) e seus<br \/>\nestudos sobre poliedros:<br \/>\nUma sequ\u00eancia did\u00e1tica<br \/>\npara o ensino m\u00e9dio<\/td>\n<td width=\"133\">Eliane Leal Vasquez<\/p>\n<p>Ranon de Souza Gomes<\/p>\n<p>Solange Regina Cromianski<\/td>\n<\/tr>\n<\/tbody>\n<\/table>\n<p>&nbsp;<\/p>\n<p>&nbsp;<\/p>\n<p>&nbsp;<\/p>\n<p>&nbsp;<\/p>\n<p>&nbsp;<\/p>\n","protected":false},"excerpt":{"rendered":"<p>DECLARA\u00c7\u00c3O-DE-BANCA-DE-TCC-2017-02 PER\u00cdODO 2018\/01 Professor Orientador Aluno T\u00edtulo Banca Avaliadora Simone de Almeida Delphim Marcos Uchoa Pinto Geometria Fractal: Na sala de aula Simone de Almeida DelphimJo\u00e3o Socorro FerreiraR\u00f4mulo Lima da Gama Jo\u00e3o do Socorro Pinheiro Ferreira Paulo Guilherme Dias Ferreira UM ESTUDO EXPLORAT\u00d3RIO SOBRE DIFERENTES ABORDAGENS DE SOLU\u00c7\u00d5ES DE EDOs &#8211; Paulo Guilherme Dias Ferreira&#8230;<\/p>\n","protected":false},"author":1721,"featured_media":0,"parent":889,"menu_order":0,"comment_status":"open","ping_status":"open","template":"","meta":{"inline_featured_image":false,"site-sidebar-layout":"default","site-content-layout":"","ast-site-content-layout":"default","site-content-style":"default","site-sidebar-style":"default","ast-global-header-display":"","ast-banner-title-visibility":"","ast-main-header-display":"","ast-hfb-above-header-display":"","ast-hfb-below-header-display":"","ast-hfb-mobile-header-display":"","site-post-title":"","ast-breadcrumbs-content":"","ast-featured-img":"","footer-sml-layout":"","theme-transparent-header-meta":"","adv-header-id-meta":"","stick-header-meta":"","header-above-stick-meta":"","header-main-stick-meta":"","header-below-stick-meta":"","astra-migrate-meta-layouts":"default","ast-page-background-enabled":"default","ast-page-background-meta":{"desktop":{"background-color":"var(--ast-global-color-4)","background-image":"","background-repeat":"repeat","background-position":"center center","background-size":"auto","background-attachment":"scroll","background-type":"","background-media":"","overlay-type":"","overlay-color":"","overlay-opacity":"","overlay-gradient":""},"tablet":{"background-color":"","background-image":"","background-repeat":"repeat","background-position":"center center","background-size":"auto","background-attachment":"scroll","background-type":"","background-media":"","overlay-type":"","overlay-color":"","overlay-opacity":"","overlay-gradient":""},"mobile":{"background-color":"","background-image":"","background-repeat":"repeat","background-position":"center center","background-size":"auto","background-attachment":"scroll","background-type":"","background-media":"","overlay-type":"","overlay-color":"","overlay-opacity":"","overlay-gradient":""}},"ast-content-background-meta":{"desktop":{"background-color":"var(--ast-global-color-5)","background-image":"","background-repeat":"repeat","background-position":"center center","background-size":"auto","background-attachment":"scroll","background-type":"","background-media":"","overlay-type":"","overlay-color":"","overlay-opacity":"","overlay-gradient":""},"tablet":{"background-color":"var(--ast-global-color-5)","background-image":"","background-repeat":"repeat","background-position":"center center","background-size":"auto","background-attachment":"scroll","background-type":"","background-media":"","overlay-type":"","overlay-color":"","overlay-opacity":"","overlay-gradient":""},"mobile":{"background-color":"var(--ast-global-color-5)","background-image":"","background-repeat":"repeat","background-position":"center center","background-size":"auto","background-attachment":"scroll","background-type":"","background-media":"","overlay-type":"","overlay-color":"","overlay-opacity":"","overlay-gradient":""}},"ngg_post_thumbnail":0,"footnotes":""},"class_list":["post-3070","page","type-page","status-publish","hentry"],"_links":{"self":[{"href":"https:\/\/www2.unifap.br\/matematica\/index.php?rest_route=\/wp\/v2\/pages\/3070","targetHints":{"allow":["GET"]}}],"collection":[{"href":"https:\/\/www2.unifap.br\/matematica\/index.php?rest_route=\/wp\/v2\/pages"}],"about":[{"href":"https:\/\/www2.unifap.br\/matematica\/index.php?rest_route=\/wp\/v2\/types\/page"}],"author":[{"embeddable":true,"href":"https:\/\/www2.unifap.br\/matematica\/index.php?rest_route=\/wp\/v2\/users\/1721"}],"replies":[{"embeddable":true,"href":"https:\/\/www2.unifap.br\/matematica\/index.php?rest_route=%2Fwp%2Fv2%2Fcomments&post=3070"}],"version-history":[{"count":14,"href":"https:\/\/www2.unifap.br\/matematica\/index.php?rest_route=\/wp\/v2\/pages\/3070\/revisions"}],"predecessor-version":[{"id":4518,"href":"https:\/\/www2.unifap.br\/matematica\/index.php?rest_route=\/wp\/v2\/pages\/3070\/revisions\/4518"}],"up":[{"embeddable":true,"href":"https:\/\/www2.unifap.br\/matematica\/index.php?rest_route=\/wp\/v2\/pages\/889"}],"wp:attachment":[{"href":"https:\/\/www2.unifap.br\/matematica\/index.php?rest_route=%2Fwp%2Fv2%2Fmedia&parent=3070"}],"curies":[{"name":"wp","href":"https:\/\/api.w.org\/{rel}","templated":true}]}}