{"id":314,"date":"2014-01-22T12:39:23","date_gmt":"2014-01-22T12:39:23","guid":{"rendered":"http:\/\/www2.unifap.br\/matematica\/?page_id=314"},"modified":"2025-01-04T19:28:05","modified_gmt":"2025-01-04T19:28:05","slug":"nucleo-docente-estruturante","status":"publish","type":"page","link":"https:\/\/www2.unifap.br\/matematica\/?page_id=314","title":{"rendered":"N\u00facleo Docente Estruturante"},"content":{"rendered":"<p style=\"text-align: justify\">O N\u00facleo Docente Estruturante (NDE) \u00e9 o \u00f3rg\u00e3o interno do Curso de Licenciatura em Matem\u00e1tica respons\u00e1vel pelo acompanhamento da implementa\u00e7\u00e3o do Projeto Pol\u00edtico do Curso. Entre suas fun\u00e7\u00f5es, destacamos o de fornecer elementos ao Colegiado do Curso de Matem\u00e1tica para que este possa tomar suas decis\u00f5es, propor minutas de resolu\u00e7\u00f5es, dentre outras. Atualmente o NDE \u00e9 composto por seis professores do Colegiado do Curso de Matem\u00e1tica, respectivamente:<\/p>\n<p>1 Romulo Lima da Gama 1352448 Presidente<br \/>\n2 Edcarlos Vasconcelos da Silva 2326962 Membro<br \/>\n3 Guzman Eulalio Isla Chamilco 2174049 Membro<br \/>\n4 Marcio Aldo Lobato Bahia 1444949 Membro<br \/>\n5 Solange Regina Cromianski 1297239 Membro<br \/>\n6 Gilberlandio Jesus Dias 1453796 Membro<\/p>\n<p><a href=\"http:\/\/www2.unifap.br\/matematica\/files\/2025\/01\/portaria-1.pdf\">Portaria<\/a><\/p>\n<p style=\"text-align: justify\">CALEND\u00c1RIO REUNI\u00d5ES DO NDE 2025<\/p>\n","protected":false},"excerpt":{"rendered":"<p>O N\u00facleo Docente Estruturante (NDE) \u00e9 o \u00f3rg\u00e3o interno do Curso de Licenciatura em Matem\u00e1tica respons\u00e1vel pelo acompanhamento da implementa\u00e7\u00e3o do Projeto Pol\u00edtico do Curso. Entre suas fun\u00e7\u00f5es, destacamos o de fornecer elementos ao Colegiado do Curso de Matem\u00e1tica para que este possa tomar suas decis\u00f5es, propor minutas de resolu\u00e7\u00f5es, dentre outras. Atualmente o NDE&#8230;<\/p>\n","protected":false},"author":363,"featured_media":0,"parent":12,"menu_order":2,"comment_status":"open","ping_status":"closed","template":"","meta":{"inline_featured_image":false,"site-sidebar-layout":"default","site-content-layout":"","ast-site-content-layout":"default","site-content-style":"default","site-sidebar-style":"default","ast-global-header-display":"","ast-banner-title-visibility":"","ast-main-header-display":"","ast-hfb-above-header-display":"","ast-hfb-below-header-display":"","ast-hfb-mobile-header-display":"","site-post-title":"","ast-breadcrumbs-content":"","ast-featured-img":"","footer-sml-layout":"","theme-transparent-header-meta":"default","adv-header-id-meta":"","stick-header-meta":"","header-above-stick-meta":"","header-main-stick-meta":"","header-below-stick-meta":"","astra-migrate-meta-layouts":"set","ast-page-background-enabled":"default","ast-page-background-meta":{"desktop":{"background-color":"var(--ast-global-color-4)","background-image":"","background-repeat":"repeat","background-position":"center center","background-size":"auto","background-attachment":"scroll","background-type":"","background-media":"","overlay-type":"","overlay-color":"","overlay-opacity":"","overlay-gradient":""},"tablet":{"background-color":"","background-image":"","background-repeat":"repeat","background-position":"center center","background-size":"auto","background-attachment":"scroll","background-type":"","background-media":"","overlay-type":"","overlay-color":"","overlay-opacity":"","overlay-gradient":""},"mobile":{"background-color":"","background-image":"","background-repeat":"repeat","background-position":"center center","background-size":"auto","background-attachment":"scroll","background-type":"","background-media":"","overlay-type":"","overlay-color":"","overlay-opacity":"","overlay-gradient":""}},"ast-content-background-meta":{"desktop":{"background-color":"var(--ast-global-color-5)","background-image":"","background-repeat":"repeat","background-position":"center center","background-size":"auto","background-attachment":"scroll","background-type":"","background-media":"","overlay-type":"","overlay-color":"","overlay-opacity":"","overlay-gradient":""},"tablet":{"background-color":"var(--ast-global-color-5)","background-image":"","background-repeat":"repeat","background-position":"center center","background-size":"auto","background-attachment":"scroll","background-type":"","background-media":"","overlay-type":"","overlay-color":"","overlay-opacity":"","overlay-gradient":""},"mobile":{"background-color":"var(--ast-global-color-5)","background-image":"","background-repeat":"repeat","background-position":"center center","background-size":"auto","background-attachment":"scroll","background-type":"","background-media":"","overlay-type":"","overlay-color":"","overlay-opacity":"","overlay-gradient":""}},"ngg_post_thumbnail":0,"footnotes":""},"class_list":["post-314","page","type-page","status-publish","hentry"],"_links":{"self":[{"href":"https:\/\/www2.unifap.br\/matematica\/index.php?rest_route=\/wp\/v2\/pages\/314","targetHints":{"allow":["GET"]}}],"collection":[{"href":"https:\/\/www2.unifap.br\/matematica\/index.php?rest_route=\/wp\/v2\/pages"}],"about":[{"href":"https:\/\/www2.unifap.br\/matematica\/index.php?rest_route=\/wp\/v2\/types\/page"}],"author":[{"embeddable":true,"href":"https:\/\/www2.unifap.br\/matematica\/index.php?rest_route=\/wp\/v2\/users\/363"}],"replies":[{"embeddable":true,"href":"https:\/\/www2.unifap.br\/matematica\/index.php?rest_route=%2Fwp%2Fv2%2Fcomments&post=314"}],"version-history":[{"count":16,"href":"https:\/\/www2.unifap.br\/matematica\/index.php?rest_route=\/wp\/v2\/pages\/314\/revisions"}],"predecessor-version":[{"id":5920,"href":"https:\/\/www2.unifap.br\/matematica\/index.php?rest_route=\/wp\/v2\/pages\/314\/revisions\/5920"}],"up":[{"embeddable":true,"href":"https:\/\/www2.unifap.br\/matematica\/index.php?rest_route=\/wp\/v2\/pages\/12"}],"wp:attachment":[{"href":"https:\/\/www2.unifap.br\/matematica\/index.php?rest_route=%2Fwp%2Fv2%2Fmedia&parent=314"}],"curies":[{"name":"wp","href":"https:\/\/api.w.org\/{rel}","templated":true}]}}