{"id":317,"date":"2014-01-22T12:44:09","date_gmt":"2014-01-22T12:44:09","guid":{"rendered":"http:\/\/www2.unifap.br\/matematica\/?page_id=317"},"modified":"2017-10-18T17:32:37","modified_gmt":"2017-10-18T17:32:37","slug":"apresentacao","status":"publish","type":"page","link":"https:\/\/www2.unifap.br\/matematica\/?page_id=317","title":{"rendered":"Apresenta\u00e7\u00e3o"},"content":{"rendered":"<p style=\"text-align: justify\">A <em>Funda\u00e7\u00e3o Universidade Federal do Amap\u00e1 &#8211; UNIFAP<\/em> \u00e9 uma universidade p\u00fablica de direito privado, mantida pela Uni\u00e3o, criada pela Lei n\u00ba 7.530, de 29 de agosto de 1986, e instalada pelo decreto n. 98.977, de 02 de mar\u00e7o de 1990, vinculada ao Minist\u00e9rio da Educa\u00e7\u00e3o, tendo seu foro na cidade de Macap\u00e1, capital do Estado do Amap\u00e1.<\/p>\n<p>\u00a0O <em>Curso de Licenciatura em Matem\u00e1tica<\/em> teve seu in\u00edcio autorizado atrav\u00e9s de portaria ministerial em 02 de mar\u00e7o de 1990 e foi reconhecido pela Portaria n\u00ba 1483 de 06 de dezembro de 1995 pelo Minist\u00e9rio da Educa\u00e7\u00e3o e do Desporto.<\/p>\n<p style=\"text-align: justify\">Em mar\u00e7o de 2012, a Coordena\u00e7\u00e3o do Curso de Matem\u00e1tica recebeu a visita t\u00e9cnica dos avaliadores do MEC que avaliar\u00e3o o Curso com <em>Conceito 4<\/em>,\u00a0 conforme descri\u00e7\u00e3o que consta na Portaria MEC n\u00ba 191 de 01 de outubro de 2012, que foi publicada em 03 de outubro de 2012 no Di\u00e1rio Oficial da Uni\u00e3o.<\/p>\n","protected":false},"excerpt":{"rendered":"<p>A Funda\u00e7\u00e3o Universidade Federal do Amap\u00e1 &#8211; UNIFAP \u00e9 uma universidade p\u00fablica de direito privado, mantida pela Uni\u00e3o, criada pela Lei n\u00ba 7.530, de 29 de agosto de 1986, e instalada pelo decreto n. 98.977, de 02 de mar\u00e7o de 1990, vinculada ao Minist\u00e9rio da Educa\u00e7\u00e3o, tendo seu foro na cidade de Macap\u00e1, capital do&#8230;<\/p>\n","protected":false},"author":363,"featured_media":0,"parent":12,"menu_order":0,"comment_status":"open","ping_status":"open","template":"","meta":{"inline_featured_image":false,"site-sidebar-layout":"default","site-content-layout":"","ast-site-content-layout":"default","site-content-style":"default","site-sidebar-style":"default","ast-global-header-display":"","ast-banner-title-visibility":"","ast-main-header-display":"","ast-hfb-above-header-display":"","ast-hfb-below-header-display":"","ast-hfb-mobile-header-display":"","site-post-title":"","ast-breadcrumbs-content":"","ast-featured-img":"","footer-sml-layout":"","theme-transparent-header-meta":"","adv-header-id-meta":"","stick-header-meta":"","header-above-stick-meta":"","header-main-stick-meta":"","header-below-stick-meta":"","astra-migrate-meta-layouts":"default","ast-page-background-enabled":"default","ast-page-background-meta":{"desktop":{"background-color":"var(--ast-global-color-4)","background-image":"","background-repeat":"repeat","background-position":"center center","background-size":"auto","background-attachment":"scroll","background-type":"","background-media":"","overlay-type":"","overlay-color":"","overlay-opacity":"","overlay-gradient":""},"tablet":{"background-color":"","background-image":"","background-repeat":"repeat","background-position":"center center","background-size":"auto","background-attachment":"scroll","background-type":"","background-media":"","overlay-type":"","overlay-color":"","overlay-opacity":"","overlay-gradient":""},"mobile":{"background-color":"","background-image":"","background-repeat":"repeat","background-position":"center center","background-size":"auto","background-attachment":"scroll","background-type":"","background-media":"","overlay-type":"","overlay-color":"","overlay-opacity":"","overlay-gradient":""}},"ast-content-background-meta":{"desktop":{"background-color":"var(--ast-global-color-5)","background-image":"","background-repeat":"repeat","background-position":"center center","background-size":"auto","background-attachment":"scroll","background-type":"","background-media":"","overlay-type":"","overlay-color":"","overlay-opacity":"","overlay-gradient":""},"tablet":{"background-color":"var(--ast-global-color-5)","background-image":"","background-repeat":"repeat","background-position":"center center","background-size":"auto","background-attachment":"scroll","background-type":"","background-media":"","overlay-type":"","overlay-color":"","overlay-opacity":"","overlay-gradient":""},"mobile":{"background-color":"var(--ast-global-color-5)","background-image":"","background-repeat":"repeat","background-position":"center center","background-size":"auto","background-attachment":"scroll","background-type":"","background-media":"","overlay-type":"","overlay-color":"","overlay-opacity":"","overlay-gradient":""}},"ngg_post_thumbnail":0,"footnotes":""},"class_list":["post-317","page","type-page","status-publish","hentry"],"_links":{"self":[{"href":"https:\/\/www2.unifap.br\/matematica\/index.php?rest_route=\/wp\/v2\/pages\/317","targetHints":{"allow":["GET"]}}],"collection":[{"href":"https:\/\/www2.unifap.br\/matematica\/index.php?rest_route=\/wp\/v2\/pages"}],"about":[{"href":"https:\/\/www2.unifap.br\/matematica\/index.php?rest_route=\/wp\/v2\/types\/page"}],"author":[{"embeddable":true,"href":"https:\/\/www2.unifap.br\/matematica\/index.php?rest_route=\/wp\/v2\/users\/363"}],"replies":[{"embeddable":true,"href":"https:\/\/www2.unifap.br\/matematica\/index.php?rest_route=%2Fwp%2Fv2%2Fcomments&post=317"}],"version-history":[{"count":10,"href":"https:\/\/www2.unifap.br\/matematica\/index.php?rest_route=\/wp\/v2\/pages\/317\/revisions"}],"predecessor-version":[{"id":2576,"href":"https:\/\/www2.unifap.br\/matematica\/index.php?rest_route=\/wp\/v2\/pages\/317\/revisions\/2576"}],"up":[{"embeddable":true,"href":"https:\/\/www2.unifap.br\/matematica\/index.php?rest_route=\/wp\/v2\/pages\/12"}],"wp:attachment":[{"href":"https:\/\/www2.unifap.br\/matematica\/index.php?rest_route=%2Fwp%2Fv2%2Fmedia&parent=317"}],"curies":[{"name":"wp","href":"https:\/\/api.w.org\/{rel}","templated":true}]}}