{"id":335,"date":"2014-01-22T12:56:39","date_gmt":"2014-01-22T12:56:39","guid":{"rendered":"http:\/\/www2.unifap.br\/matematica\/?page_id=335"},"modified":"2019-05-23T18:43:42","modified_gmt":"2019-05-23T18:43:42","slug":"laboratorio-de-ensino-de-matematica","status":"publish","type":"page","link":"https:\/\/www2.unifap.br\/matematica\/?page_id=335","title":{"rendered":"Laborat\u00f3rio de Ensino de Matem\u00e1tica"},"content":{"rendered":"<p style=\"text-align: justify\"><strong>O Laborat\u00f3rio de Ensino de Matem\u00e1tica (LABMat) \u00e9 o espa\u00e7o destinado ao&nbsp;desenvolvimento de atividades do Curso de Licenciatura em Matem\u00e1tica, visando promover a&nbsp;integra\u00e7\u00e3o entre Ensino, Pesquisa e Extens\u00e3o.<\/strong><\/p>\n<p style=\"text-align: justify\"><strong>O Laborat\u00f3rio de Ensino de Matem\u00e1tica (LABMat) tem por objetivos:<\/strong><\/p>\n<p style=\"text-align: justify\"><strong>I \u2013 dar suporte ao desenvolvimento de disciplinas do curso de Licenciatura em Matem\u00e1tica;<\/strong><\/p>\n<p style=\"text-align: justify\"><strong>II &#8211; elaborar, analisar e avaliar materiais did\u00e1ticos e atividades que possibilitem a melhoria na<\/strong><\/p>\n<p style=\"text-align: justify\"><strong>rela\u00e7\u00e3o ensino\/aprendizagem da Matem\u00e1tica;<\/strong><\/p>\n<p style=\"text-align: justify\"><strong>III &#8211; desenvolver atividades interdisciplinares com outros cursos de licenciatura, preparando os&nbsp;licenciandos para o trabalho em escolas do Ensino Fundamental e M\u00e9dio;<\/strong><\/p>\n<p style=\"text-align: justify\"><strong>IV &#8211; estimular alunos de gradua\u00e7\u00e3o a atuarem como pesquisadores em sala de aula;<\/strong><\/p>\n<p style=\"text-align: justify\"><strong>V &#8211; consolidar grupos de estudos e pesquisas contribuindo, dessa forma, com o&nbsp;desenvolvimento de uma cultura de base cient\u00edfica na forma\u00e7\u00e3o dos professores de&nbsp;Matem\u00e1tica;<\/strong><\/p>\n<p style=\"text-align: justify\"><strong>VI &#8211; estabelecer rela\u00e7\u00f5es entre a Universidade e a Comunidade, levando os profissionais da&nbsp;\u00e1rea de ensino de Matem\u00e1tica, em forma\u00e7\u00e3o inicial e\/ou continuada, a uma s\u00f3lida forma\u00e7\u00e3o&nbsp;te\u00f3rica e pr\u00e1tica, dentro das necessidades da rede de ensino local;<\/strong><\/p>\n<p style=\"text-align: justify\"><strong>VII \u2013 incentivar a cria\u00e7\u00e3o e apoiar os Clubes e Laborat\u00f3rios de Matem\u00e1tica no sistema p\u00fablico&nbsp;municipal e estadual de ensino;<\/strong><\/p>\n<p style=\"text-align: justify\"><strong>VIII \u2013 promover cursos e oficinas pedag\u00f3gicas para a forma\u00e7\u00e3o inicial e continuada de&nbsp;professores de Matem\u00e1tica da Educa\u00e7\u00e3o B\u00e1sica dos sistemas de ensino da regi\u00e3o.<\/strong><\/p>\n<ul>\n<li><strong>Chefe do Laborat\u00f3rio de Ensino: <a href=\"http:\/\/www2.unifap.br\/matematica\/corpo-docente\/solange-regina-cromianski\/\">Prof\u00aa Dra Solange Regina Cromianski<\/a><\/strong><\/li>\n<li><strong>E-mail:&nbsp; solange.cromianski@unifap.br<\/strong><\/li>\n<li><strong>Site:&nbsp;<a href=\"http:\/\/www2.unifap.br\/lbmat\/\">http:\/\/www2.unifap.br\/lbmat\/<\/a><\/strong><\/li>\n<li><strong><a title=\"Agenda\" href=\"http:\/\/www2.unifap.br\/matematica\/laboratorios-2\/laboratorio-de-ensino-de-matematica\/agenda\/\">Calend\u00e1rio de Agendamento&nbsp;<\/a><\/strong><\/li>\n<li><strong><a title=\"Solicita\u00e7\u00e3o de Agendamento\" href=\"http:\/\/www2.unifap.br\/matematica\/solicitacao-de-agendamento\/\">Solicita\u00e7\u00e3o de Agendamento<\/a><\/strong><\/li>\n<\/ul>\n","protected":false},"excerpt":{"rendered":"<p>O Laborat\u00f3rio de Ensino de Matem\u00e1tica (LABMat) \u00e9 o espa\u00e7o destinado ao&nbsp;desenvolvimento de atividades do Curso de Licenciatura em Matem\u00e1tica, visando promover a&nbsp;integra\u00e7\u00e3o entre Ensino, Pesquisa e Extens\u00e3o. O Laborat\u00f3rio de Ensino de Matem\u00e1tica (LABMat) tem por objetivos: I \u2013 dar suporte ao desenvolvimento de disciplinas do curso de Licenciatura em Matem\u00e1tica; II &#8211; elaborar,&#8230;<\/p>\n","protected":false},"author":363,"featured_media":0,"parent":304,"menu_order":1,"comment_status":"open","ping_status":"open","template":"","meta":{"inline_featured_image":false,"site-sidebar-layout":"default","site-content-layout":"","ast-site-content-layout":"default","site-content-style":"default","site-sidebar-style":"default","ast-global-header-display":"","ast-banner-title-visibility":"","ast-main-header-display":"","ast-hfb-above-header-display":"","ast-hfb-below-header-display":"","ast-hfb-mobile-header-display":"","site-post-title":"","ast-breadcrumbs-content":"","ast-featured-img":"","footer-sml-layout":"","theme-transparent-header-meta":"","adv-header-id-meta":"","stick-header-meta":"","header-above-stick-meta":"","header-main-stick-meta":"","header-below-stick-meta":"","astra-migrate-meta-layouts":"default","ast-page-background-enabled":"default","ast-page-background-meta":{"desktop":{"background-color":"var(--ast-global-color-4)","background-image":"","background-repeat":"repeat","background-position":"center center","background-size":"auto","background-attachment":"scroll","background-type":"","background-media":"","overlay-type":"","overlay-color":"","overlay-opacity":"","overlay-gradient":""},"tablet":{"background-color":"","background-image":"","background-repeat":"repeat","background-position":"center center","background-size":"auto","background-attachment":"scroll","background-type":"","background-media":"","overlay-type":"","overlay-color":"","overlay-opacity":"","overlay-gradient":""},"mobile":{"background-color":"","background-image":"","background-repeat":"repeat","background-position":"center center","background-size":"auto","background-attachment":"scroll","background-type":"","background-media":"","overlay-type":"","overlay-color":"","overlay-opacity":"","overlay-gradient":""}},"ast-content-background-meta":{"desktop":{"background-color":"var(--ast-global-color-5)","background-image":"","background-repeat":"repeat","background-position":"center center","background-size":"auto","background-attachment":"scroll","background-type":"","background-media":"","overlay-type":"","overlay-color":"","overlay-opacity":"","overlay-gradient":""},"tablet":{"background-color":"var(--ast-global-color-5)","background-image":"","background-repeat":"repeat","background-position":"center center","background-size":"auto","background-attachment":"scroll","background-type":"","background-media":"","overlay-type":"","overlay-color":"","overlay-opacity":"","overlay-gradient":""},"mobile":{"background-color":"var(--ast-global-color-5)","background-image":"","background-repeat":"repeat","background-position":"center center","background-size":"auto","background-attachment":"scroll","background-type":"","background-media":"","overlay-type":"","overlay-color":"","overlay-opacity":"","overlay-gradient":""}},"ngg_post_thumbnail":0,"footnotes":""},"class_list":["post-335","page","type-page","status-publish","hentry"],"_links":{"self":[{"href":"https:\/\/www2.unifap.br\/matematica\/index.php?rest_route=\/wp\/v2\/pages\/335","targetHints":{"allow":["GET"]}}],"collection":[{"href":"https:\/\/www2.unifap.br\/matematica\/index.php?rest_route=\/wp\/v2\/pages"}],"about":[{"href":"https:\/\/www2.unifap.br\/matematica\/index.php?rest_route=\/wp\/v2\/types\/page"}],"author":[{"embeddable":true,"href":"https:\/\/www2.unifap.br\/matematica\/index.php?rest_route=\/wp\/v2\/users\/363"}],"replies":[{"embeddable":true,"href":"https:\/\/www2.unifap.br\/matematica\/index.php?rest_route=%2Fwp%2Fv2%2Fcomments&post=335"}],"version-history":[{"count":18,"href":"https:\/\/www2.unifap.br\/matematica\/index.php?rest_route=\/wp\/v2\/pages\/335\/revisions"}],"predecessor-version":[{"id":4538,"href":"https:\/\/www2.unifap.br\/matematica\/index.php?rest_route=\/wp\/v2\/pages\/335\/revisions\/4538"}],"up":[{"embeddable":true,"href":"https:\/\/www2.unifap.br\/matematica\/index.php?rest_route=\/wp\/v2\/pages\/304"}],"wp:attachment":[{"href":"https:\/\/www2.unifap.br\/matematica\/index.php?rest_route=%2Fwp%2Fv2%2Fmedia&parent=335"}],"curies":[{"name":"wp","href":"https:\/\/api.w.org\/{rel}","templated":true}]}}