{"id":3366,"date":"2018-04-14T17:49:52","date_gmt":"2018-04-14T17:49:52","guid":{"rendered":"http:\/\/www2.unifap.br\/matematica\/?page_id=3366"},"modified":"2018-04-14T17:50:41","modified_gmt":"2018-04-14T17:50:41","slug":"certificados-da-semana-nacional-de-ciencia-e-tecnologia-2017","status":"publish","type":"page","link":"https:\/\/www2.unifap.br\/matematica\/?page_id=3366","title":{"rendered":"Certificados da Semana Nacional de Ci\u00eancia e Tecnologia 2017"},"content":{"rendered":"<p>Est\u00e3o dispon\u00edveis os certificados dos participantes das atividades desenvolvidas pelo Curso de Matem\u00e1tica para a <strong>Semana Nacional de Ci\u00eancia e Tecnologia 2017<\/strong>.<\/p>\n<p><strong>Apresentadores, ouvintes e monitores: <span style=\"color: #ff0000\"><a href=\"https:\/\/drive.google.com\/open?id=1dDB6BzAW47Eo0jabFczt3Yu_S7BBbV7N\" target=\"_blank\"><span style=\"color: #ff0000\">Aqui!<\/span><\/a><\/span><\/strong><br \/>\n<strong> Participantes do Minicurso de Rob\u00f3tica: <span style=\"color: #ff0000\"><a href=\"http:\/\/roboticatucuju.wixsite.com\/home\/curso-semana-da-tecnologia-2017\" target=\"_blank\"><span style=\"color: #ff0000\">Aqui!<\/span><\/a><\/span><\/strong><\/p>\n<p>Qualquer d\u00favida, entre em contato com os organizadores.<\/p>\n","protected":false},"excerpt":{"rendered":"<p>Est\u00e3o dispon\u00edveis os certificados dos participantes das atividades desenvolvidas pelo Curso de Matem\u00e1tica para a Semana Nacional de Ci\u00eancia e Tecnologia 2017. Apresentadores, ouvintes e monitores: Aqui! Participantes do Minicurso de Rob\u00f3tica: Aqui! Qualquer d\u00favida, entre em contato com os organizadores.<\/p>\n","protected":false},"author":2067,"featured_media":0,"parent":2767,"menu_order":0,"comment_status":"open","ping_status":"open","template":"page-template-full.php","meta":{"inline_featured_image":false,"site-sidebar-layout":"default","site-content-layout":"","ast-site-content-layout":"default","site-content-style":"default","site-sidebar-style":"default","ast-global-header-display":"","ast-banner-title-visibility":"","ast-main-header-display":"","ast-hfb-above-header-display":"","ast-hfb-below-header-display":"","ast-hfb-mobile-header-display":"","site-post-title":"","ast-breadcrumbs-content":"","ast-featured-img":"","footer-sml-layout":"","theme-transparent-header-meta":"","adv-header-id-meta":"","stick-header-meta":"","header-above-stick-meta":"","header-main-stick-meta":"","header-below-stick-meta":"","astra-migrate-meta-layouts":"default","ast-page-background-enabled":"default","ast-page-background-meta":{"desktop":{"background-color":"var(--ast-global-color-4)","background-image":"","background-repeat":"repeat","background-position":"center center","background-size":"auto","background-attachment":"scroll","background-type":"","background-media":"","overlay-type":"","overlay-color":"","overlay-opacity":"","overlay-gradient":""},"tablet":{"background-color":"","background-image":"","background-repeat":"repeat","background-position":"center center","background-size":"auto","background-attachment":"scroll","background-type":"","background-media":"","overlay-type":"","overlay-color":"","overlay-opacity":"","overlay-gradient":""},"mobile":{"background-color":"","background-image":"","background-repeat":"repeat","background-position":"center center","background-size":"auto","background-attachment":"scroll","background-type":"","background-media":"","overlay-type":"","overlay-color":"","overlay-opacity":"","overlay-gradient":""}},"ast-content-background-meta":{"desktop":{"background-color":"var(--ast-global-color-5)","background-image":"","background-repeat":"repeat","background-position":"center center","background-size":"auto","background-attachment":"scroll","background-type":"","background-media":"","overlay-type":"","overlay-color":"","overlay-opacity":"","overlay-gradient":""},"tablet":{"background-color":"var(--ast-global-color-5)","background-image":"","background-repeat":"repeat","background-position":"center center","background-size":"auto","background-attachment":"scroll","background-type":"","background-media":"","overlay-type":"","overlay-color":"","overlay-opacity":"","overlay-gradient":""},"mobile":{"background-color":"var(--ast-global-color-5)","background-image":"","background-repeat":"repeat","background-position":"center center","background-size":"auto","background-attachment":"scroll","background-type":"","background-media":"","overlay-type":"","overlay-color":"","overlay-opacity":"","overlay-gradient":""}},"ngg_post_thumbnail":0,"footnotes":""},"class_list":["post-3366","page","type-page","status-publish","hentry"],"_links":{"self":[{"href":"https:\/\/www2.unifap.br\/matematica\/index.php?rest_route=\/wp\/v2\/pages\/3366","targetHints":{"allow":["GET"]}}],"collection":[{"href":"https:\/\/www2.unifap.br\/matematica\/index.php?rest_route=\/wp\/v2\/pages"}],"about":[{"href":"https:\/\/www2.unifap.br\/matematica\/index.php?rest_route=\/wp\/v2\/types\/page"}],"author":[{"embeddable":true,"href":"https:\/\/www2.unifap.br\/matematica\/index.php?rest_route=\/wp\/v2\/users\/2067"}],"replies":[{"embeddable":true,"href":"https:\/\/www2.unifap.br\/matematica\/index.php?rest_route=%2Fwp%2Fv2%2Fcomments&post=3366"}],"version-history":[{"count":1,"href":"https:\/\/www2.unifap.br\/matematica\/index.php?rest_route=\/wp\/v2\/pages\/3366\/revisions"}],"predecessor-version":[{"id":3367,"href":"https:\/\/www2.unifap.br\/matematica\/index.php?rest_route=\/wp\/v2\/pages\/3366\/revisions\/3367"}],"up":[{"embeddable":true,"href":"https:\/\/www2.unifap.br\/matematica\/index.php?rest_route=\/wp\/v2\/pages\/2767"}],"wp:attachment":[{"href":"https:\/\/www2.unifap.br\/matematica\/index.php?rest_route=%2Fwp%2Fv2%2Fmedia&parent=3366"}],"curies":[{"name":"wp","href":"https:\/\/api.w.org\/{rel}","templated":true}]}}