{"id":3384,"date":"2018-04-14T18:24:51","date_gmt":"2018-04-14T18:24:51","guid":{"rendered":"http:\/\/www2.unifap.br\/matematica\/?page_id=3384"},"modified":"2019-06-18T23:27:06","modified_gmt":"2019-06-18T23:27:06","slug":"vii-ciclo-de-defesas-de-tccs-de-matematica","status":"publish","type":"page","link":"https:\/\/www2.unifap.br\/matematica\/?page_id=3384","title":{"rendered":"06\u00ba e 07\u00ba Ciclos de Defesas de TCC&#8217;s de Matem\u00e1tica"},"content":{"rendered":"<ul>\n<li><a href=\"http:\/\/www2.unifap.br\/matematica\/files\/2016\/06\/Mini-Libras.jpg\">FOTOS DO VII CDTM<\/a><\/li>\n<li><\/li>\n<li><a href=\"http:\/\/www2.unifap.br\/matematica\/files\/2016\/06\/Mini-Libras.jpg\"><img fetchpriority=\"high\" decoding=\"async\" class=\"alignnone size-medium wp-image-838\" alt=\"Mini Libras\" src=\"http:\/\/www2.unifap.br\/matematica\/files\/2016\/06\/Mini-Libras-300x225.jpg\" width=\"300\" height=\"225\" srcset=\"https:\/\/www2.unifap.br\/matematica\/files\/2016\/06\/Mini-Libras-300x225.jpg 300w, https:\/\/www2.unifap.br\/matematica\/files\/2016\/06\/Mini-Libras-1024x768.jpg 1024w, https:\/\/www2.unifap.br\/matematica\/files\/2016\/06\/Mini-Libras.jpg 1058w\" sizes=\"(max-width: 300px) 100vw, 300px\" \/><\/a><\/li>\n<\/ul>\n<p>&nbsp;<\/p>\n<ul>\n<li><a href=\"http:\/\/www2.unifap.br\/matematica\/files\/2016\/06\/Mini-Geogebra.jpg\"><img decoding=\"async\" class=\"alignnone size-medium wp-image-837\" alt=\"Mini Geogebra\" src=\"http:\/\/www2.unifap.br\/matematica\/files\/2016\/06\/Mini-Geogebra-300x225.jpg\" width=\"300\" height=\"225\" srcset=\"https:\/\/www2.unifap.br\/matematica\/files\/2016\/06\/Mini-Geogebra-300x225.jpg 300w, https:\/\/www2.unifap.br\/matematica\/files\/2016\/06\/Mini-Geogebra-1024x768.jpg 1024w, https:\/\/www2.unifap.br\/matematica\/files\/2016\/06\/Mini-Geogebra.jpg 1058w\" sizes=\"(max-width: 300px) 100vw, 300px\" \/><\/a><\/li>\n<li><\/li>\n<li><a href=\"http:\/\/www2.unifap.br\/matematica\/files\/2016\/06\/Foto-lembran\u00e7a.jpg\"><img decoding=\"async\" class=\"alignnone size-medium wp-image-836\" alt=\"Foto lembran\u00e7a\" src=\"http:\/\/www2.unifap.br\/matematica\/files\/2016\/06\/Foto-lembran\u00e7a-300x225.jpg\" width=\"300\" height=\"225\" srcset=\"https:\/\/www2.unifap.br\/matematica\/files\/2016\/06\/Foto-lembran\u00e7a-300x225.jpg 300w, https:\/\/www2.unifap.br\/matematica\/files\/2016\/06\/Foto-lembran\u00e7a-1024x768.jpg 1024w, https:\/\/www2.unifap.br\/matematica\/files\/2016\/06\/Foto-lembran\u00e7a.jpg 1058w\" sizes=\"(max-width: 300px) 100vw, 300px\" \/><\/a><\/li>\n<li><\/li>\n<\/ul>\n<ul>\n<li><a href=\"https:\/\/drive.google.com\/folderview?id=0B-EQfR5gPE3JMTl2aVFEdHVnX1E&amp;usp=sharing\" target=\"_blank\">Certificados do VI CDTM<\/a><\/li>\n<li><\/li>\n<li>VII CDTM Ciclo de Defesas de TCC&#8217;s da Matem\u00e1tica.<\/li>\n<\/ul>\n<p>(Em breve, mais informa\u00e7\u00f5es)<\/p>\n","protected":false},"excerpt":{"rendered":"<p>FOTOS DO VII CDTM &nbsp; Certificados do VI CDTM VII CDTM Ciclo de Defesas de TCC&#8217;s da Matem\u00e1tica. (Em breve, mais informa\u00e7\u00f5es)<\/p>\n","protected":false},"author":2067,"featured_media":0,"parent":308,"menu_order":0,"comment_status":"open","ping_status":"closed","template":"","meta":{"inline_featured_image":false,"site-sidebar-layout":"default","site-content-layout":"","ast-site-content-layout":"default","site-content-style":"default","site-sidebar-style":"default","ast-global-header-display":"","ast-banner-title-visibility":"","ast-main-header-display":"","ast-hfb-above-header-display":"","ast-hfb-below-header-display":"","ast-hfb-mobile-header-display":"","site-post-title":"","ast-breadcrumbs-content":"","ast-featured-img":"","footer-sml-layout":"","theme-transparent-header-meta":"","adv-header-id-meta":"","stick-header-meta":"","header-above-stick-meta":"","header-main-stick-meta":"","header-below-stick-meta":"","astra-migrate-meta-layouts":"default","ast-page-background-enabled":"default","ast-page-background-meta":{"desktop":{"background-color":"var(--ast-global-color-4)","background-image":"","background-repeat":"repeat","background-position":"center center","background-size":"auto","background-attachment":"scroll","background-type":"","background-media":"","overlay-type":"","overlay-color":"","overlay-opacity":"","overlay-gradient":""},"tablet":{"background-color":"","background-image":"","background-repeat":"repeat","background-position":"center center","background-size":"auto","background-attachment":"scroll","background-type":"","background-media":"","overlay-type":"","overlay-color":"","overlay-opacity":"","overlay-gradient":""},"mobile":{"background-color":"","background-image":"","background-repeat":"repeat","background-position":"center center","background-size":"auto","background-attachment":"scroll","background-type":"","background-media":"","overlay-type":"","overlay-color":"","overlay-opacity":"","overlay-gradient":""}},"ast-content-background-meta":{"desktop":{"background-color":"var(--ast-global-color-5)","background-image":"","background-repeat":"repeat","background-position":"center center","background-size":"auto","background-attachment":"scroll","background-type":"","background-media":"","overlay-type":"","overlay-color":"","overlay-opacity":"","overlay-gradient":""},"tablet":{"background-color":"var(--ast-global-color-5)","background-image":"","background-repeat":"repeat","background-position":"center center","background-size":"auto","background-attachment":"scroll","background-type":"","background-media":"","overlay-type":"","overlay-color":"","overlay-opacity":"","overlay-gradient":""},"mobile":{"background-color":"var(--ast-global-color-5)","background-image":"","background-repeat":"repeat","background-position":"center center","background-size":"auto","background-attachment":"scroll","background-type":"","background-media":"","overlay-type":"","overlay-color":"","overlay-opacity":"","overlay-gradient":""}},"ngg_post_thumbnail":0,"footnotes":""},"class_list":["post-3384","page","type-page","status-publish","hentry"],"_links":{"self":[{"href":"https:\/\/www2.unifap.br\/matematica\/index.php?rest_route=\/wp\/v2\/pages\/3384","targetHints":{"allow":["GET"]}}],"collection":[{"href":"https:\/\/www2.unifap.br\/matematica\/index.php?rest_route=\/wp\/v2\/pages"}],"about":[{"href":"https:\/\/www2.unifap.br\/matematica\/index.php?rest_route=\/wp\/v2\/types\/page"}],"author":[{"embeddable":true,"href":"https:\/\/www2.unifap.br\/matematica\/index.php?rest_route=\/wp\/v2\/users\/2067"}],"replies":[{"embeddable":true,"href":"https:\/\/www2.unifap.br\/matematica\/index.php?rest_route=%2Fwp%2Fv2%2Fcomments&post=3384"}],"version-history":[{"count":7,"href":"https:\/\/www2.unifap.br\/matematica\/index.php?rest_route=\/wp\/v2\/pages\/3384\/revisions"}],"predecessor-version":[{"id":4637,"href":"https:\/\/www2.unifap.br\/matematica\/index.php?rest_route=\/wp\/v2\/pages\/3384\/revisions\/4637"}],"up":[{"embeddable":true,"href":"https:\/\/www2.unifap.br\/matematica\/index.php?rest_route=\/wp\/v2\/pages\/308"}],"wp:attachment":[{"href":"https:\/\/www2.unifap.br\/matematica\/index.php?rest_route=%2Fwp%2Fv2%2Fmedia&parent=3384"}],"curies":[{"name":"wp","href":"https:\/\/api.w.org\/{rel}","templated":true}]}}