{"id":3393,"date":"2018-04-15T19:11:29","date_gmt":"2018-04-15T19:11:29","guid":{"rendered":"http:\/\/www2.unifap.br\/matematica\/?page_id=3393"},"modified":"2019-06-18T23:09:53","modified_gmt":"2019-06-18T23:09:53","slug":"9o-ciclo-de-defesas-de-tccs-de-matematica","status":"publish","type":"page","link":"https:\/\/www2.unifap.br\/matematica\/?page_id=3393","title":{"rendered":"09\u00ba Ciclo de Defesas de TCC&#8217;s de Matem\u00e1tica"},"content":{"rendered":"<p>Convidamos a todos que fazem parte da comunidade acad\u00eamica para participa\u00e7\u00e3o do IX Ciclo de Defesa de TCCs do Curso de Licenciatura em Matem\u00e1tica que ocorrer\u00e1 de 24 a 28 de Abril de 2017 no audit\u00f3rio do Departamento de Ci\u00eancias Exatas e Tecnol\u00f3gicas. As inscri\u00e7\u00f5es ser\u00e3o feitas durante o credenciamento.<\/p>\n<p style=\"text-align: center\"><a href=\"http:\/\/www2.unifap.br\/matematica\/files\/2017\/04\/Publica\u00e7\u00e3o1.pdf\">Confira a Programa\u00e7\u00e3o<\/a>.<\/p>\n<p>&nbsp;<\/p>\n<p style=\"text-align: center\"><a href=\"http:\/\/www2.unifap.br\/matematica\/files\/2017\/04\/CDTM.jpg\"><img fetchpriority=\"high\" decoding=\"async\" class=\"size-medium wp-image-1712 aligncenter\" alt=\"CDTM\" src=\"http:\/\/www2.unifap.br\/matematica\/files\/2017\/04\/CDTM-300x212.jpg\" width=\"300\" height=\"212\" srcset=\"https:\/\/www2.unifap.br\/matematica\/files\/2017\/04\/CDTM-300x212.jpg 300w, https:\/\/www2.unifap.br\/matematica\/files\/2017\/04\/CDTM-1024x726.jpg 1024w, https:\/\/www2.unifap.br\/matematica\/files\/2017\/04\/CDTM.jpg 1083w\" sizes=\"(max-width: 300px) 100vw, 300px\" \/><\/a><\/p>\n<p>Fotos do 1\u00ba dia do IX Ciclo de Defesa de TCCs do Curso de Licenciatura em Matem\u00e1tica, que ocorrer\u00e1 de 24 a 28 de Abril de 2017 no audit\u00f3rio do Departamento de Ci\u00eancias Exatas e Tecnol\u00f3gicas. As inscri\u00e7\u00f5es ser\u00e3o feitas durante o credenciamento e venha prestigiar, para mais informa\u00e7\u00f5es <a href=\"http:\/\/www2.unifap.br\/matematica\/files\/2017\/04\/Publica\u00e7\u00e3o12.pdf\"> Clique Aqui<\/a><\/p>\n<p><a href=\"http:\/\/www2.unifap.br\/matematica\/files\/2017\/04\/WhatsApp-Image-2017-04-24-at-11.22.281.jpeg\"><img decoding=\"async\" class=\"aligncenter size-medium wp-image-1723\" alt=\"\" src=\"http:\/\/www2.unifap.br\/matematica\/files\/2017\/04\/WhatsApp-Image-2017-04-24-at-11.22.281-300x168.jpeg\" width=\"300\" height=\"168\" srcset=\"https:\/\/www2.unifap.br\/matematica\/files\/2017\/04\/WhatsApp-Image-2017-04-24-at-11.22.281-300x168.jpeg 300w, https:\/\/www2.unifap.br\/matematica\/files\/2017\/04\/WhatsApp-Image-2017-04-24-at-11.22.281-1024x576.jpeg 1024w, https:\/\/www2.unifap.br\/matematica\/files\/2017\/04\/WhatsApp-Image-2017-04-24-at-11.22.281.jpeg 1280w\" sizes=\"(max-width: 300px) 100vw, 300px\" \/><\/a> <a href=\"http:\/\/www2.unifap.br\/matematica\/files\/2017\/04\/WhatsApp-Image-2017-04-24-at-11.22.28.jpeg\"><img decoding=\"async\" class=\"aligncenter size-medium wp-image-1724\" alt=\"\" src=\"http:\/\/www2.unifap.br\/matematica\/files\/2017\/04\/WhatsApp-Image-2017-04-24-at-11.22.28-300x168.jpeg\" width=\"300\" height=\"168\" srcset=\"https:\/\/www2.unifap.br\/matematica\/files\/2017\/04\/WhatsApp-Image-2017-04-24-at-11.22.28-300x168.jpeg 300w, https:\/\/www2.unifap.br\/matematica\/files\/2017\/04\/WhatsApp-Image-2017-04-24-at-11.22.28-1024x576.jpeg 1024w, https:\/\/www2.unifap.br\/matematica\/files\/2017\/04\/WhatsApp-Image-2017-04-24-at-11.22.28.jpeg 1280w\" sizes=\"(max-width: 300px) 100vw, 300px\" \/><\/a> <a href=\"http:\/\/www2.unifap.br\/matematica\/files\/2017\/04\/WhatsApp-Image-2017-04-24-at-11.22.27.jpeg\"><img loading=\"lazy\" decoding=\"async\" class=\"aligncenter size-medium wp-image-1725\" alt=\"\" src=\"http:\/\/www2.unifap.br\/matematica\/files\/2017\/04\/WhatsApp-Image-2017-04-24-at-11.22.27-300x168.jpeg\" width=\"300\" height=\"168\" srcset=\"https:\/\/www2.unifap.br\/matematica\/files\/2017\/04\/WhatsApp-Image-2017-04-24-at-11.22.27-300x168.jpeg 300w, https:\/\/www2.unifap.br\/matematica\/files\/2017\/04\/WhatsApp-Image-2017-04-24-at-11.22.27-1024x576.jpeg 1024w, https:\/\/www2.unifap.br\/matematica\/files\/2017\/04\/WhatsApp-Image-2017-04-24-at-11.22.27.jpeg 1280w\" sizes=\"(max-width: 300px) 100vw, 300px\" \/><\/a> <a href=\"http:\/\/www2.unifap.br\/matematica\/files\/2017\/04\/WhatsApp-Image-2017-04-24-at-11.22.26.jpeg\"><img loading=\"lazy\" decoding=\"async\" class=\"aligncenter size-medium wp-image-1726\" alt=\"\" src=\"http:\/\/www2.unifap.br\/matematica\/files\/2017\/04\/WhatsApp-Image-2017-04-24-at-11.22.26-300x168.jpeg\" width=\"300\" height=\"168\" srcset=\"https:\/\/www2.unifap.br\/matematica\/files\/2017\/04\/WhatsApp-Image-2017-04-24-at-11.22.26-300x168.jpeg 300w, https:\/\/www2.unifap.br\/matematica\/files\/2017\/04\/WhatsApp-Image-2017-04-24-at-11.22.26-1024x576.jpeg 1024w, https:\/\/www2.unifap.br\/matematica\/files\/2017\/04\/WhatsApp-Image-2017-04-24-at-11.22.26.jpeg 1280w\" sizes=\"(max-width: 300px) 100vw, 300px\" \/><\/a><\/p>\n","protected":false},"excerpt":{"rendered":"<p>Convidamos a todos que fazem parte da comunidade acad\u00eamica para participa\u00e7\u00e3o do IX Ciclo de Defesa de TCCs do Curso de Licenciatura em Matem\u00e1tica que ocorrer\u00e1 de 24 a 28 de Abril de 2017 no audit\u00f3rio do Departamento de Ci\u00eancias Exatas e Tecnol\u00f3gicas. As inscri\u00e7\u00f5es ser\u00e3o feitas durante o credenciamento. Confira a Programa\u00e7\u00e3o. &nbsp; Fotos&#8230;<\/p>\n","protected":false},"author":2067,"featured_media":0,"parent":308,"menu_order":0,"comment_status":"open","ping_status":"closed","template":"","meta":{"inline_featured_image":false,"site-sidebar-layout":"default","site-content-layout":"","ast-site-content-layout":"default","site-content-style":"default","site-sidebar-style":"default","ast-global-header-display":"","ast-banner-title-visibility":"","ast-main-header-display":"","ast-hfb-above-header-display":"","ast-hfb-below-header-display":"","ast-hfb-mobile-header-display":"","site-post-title":"","ast-breadcrumbs-content":"","ast-featured-img":"","footer-sml-layout":"","theme-transparent-header-meta":"","adv-header-id-meta":"","stick-header-meta":"","header-above-stick-meta":"","header-main-stick-meta":"","header-below-stick-meta":"","astra-migrate-meta-layouts":"default","ast-page-background-enabled":"default","ast-page-background-meta":{"desktop":{"background-color":"var(--ast-global-color-4)","background-image":"","background-repeat":"repeat","background-position":"center center","background-size":"auto","background-attachment":"scroll","background-type":"","background-media":"","overlay-type":"","overlay-color":"","overlay-opacity":"","overlay-gradient":""},"tablet":{"background-color":"","background-image":"","background-repeat":"repeat","background-position":"center center","background-size":"auto","background-attachment":"scroll","background-type":"","background-media":"","overlay-type":"","overlay-color":"","overlay-opacity":"","overlay-gradient":""},"mobile":{"background-color":"","background-image":"","background-repeat":"repeat","background-position":"center center","background-size":"auto","background-attachment":"scroll","background-type":"","background-media":"","overlay-type":"","overlay-color":"","overlay-opacity":"","overlay-gradient":""}},"ast-content-background-meta":{"desktop":{"background-color":"var(--ast-global-color-5)","background-image":"","background-repeat":"repeat","background-position":"center center","background-size":"auto","background-attachment":"scroll","background-type":"","background-media":"","overlay-type":"","overlay-color":"","overlay-opacity":"","overlay-gradient":""},"tablet":{"background-color":"var(--ast-global-color-5)","background-image":"","background-repeat":"repeat","background-position":"center center","background-size":"auto","background-attachment":"scroll","background-type":"","background-media":"","overlay-type":"","overlay-color":"","overlay-opacity":"","overlay-gradient":""},"mobile":{"background-color":"var(--ast-global-color-5)","background-image":"","background-repeat":"repeat","background-position":"center center","background-size":"auto","background-attachment":"scroll","background-type":"","background-media":"","overlay-type":"","overlay-color":"","overlay-opacity":"","overlay-gradient":""}},"ngg_post_thumbnail":0,"footnotes":""},"class_list":["post-3393","page","type-page","status-publish","hentry"],"_links":{"self":[{"href":"https:\/\/www2.unifap.br\/matematica\/index.php?rest_route=\/wp\/v2\/pages\/3393","targetHints":{"allow":["GET"]}}],"collection":[{"href":"https:\/\/www2.unifap.br\/matematica\/index.php?rest_route=\/wp\/v2\/pages"}],"about":[{"href":"https:\/\/www2.unifap.br\/matematica\/index.php?rest_route=\/wp\/v2\/types\/page"}],"author":[{"embeddable":true,"href":"https:\/\/www2.unifap.br\/matematica\/index.php?rest_route=\/wp\/v2\/users\/2067"}],"replies":[{"embeddable":true,"href":"https:\/\/www2.unifap.br\/matematica\/index.php?rest_route=%2Fwp%2Fv2%2Fcomments&post=3393"}],"version-history":[{"count":8,"href":"https:\/\/www2.unifap.br\/matematica\/index.php?rest_route=\/wp\/v2\/pages\/3393\/revisions"}],"predecessor-version":[{"id":4626,"href":"https:\/\/www2.unifap.br\/matematica\/index.php?rest_route=\/wp\/v2\/pages\/3393\/revisions\/4626"}],"up":[{"embeddable":true,"href":"https:\/\/www2.unifap.br\/matematica\/index.php?rest_route=\/wp\/v2\/pages\/308"}],"wp:attachment":[{"href":"https:\/\/www2.unifap.br\/matematica\/index.php?rest_route=%2Fwp%2Fv2%2Fmedia&parent=3393"}],"curies":[{"name":"wp","href":"https:\/\/api.w.org\/{rel}","templated":true}]}}