{"id":3401,"date":"2018-04-14T19:36:54","date_gmt":"2018-04-14T19:36:54","guid":{"rendered":"http:\/\/www2.unifap.br\/matematica\/?page_id=3401"},"modified":"2019-06-18T23:10:12","modified_gmt":"2019-06-18T23:10:12","slug":"viii-ciclo-de-defesa-de-tccs-de-matematica","status":"publish","type":"page","link":"https:\/\/www2.unifap.br\/matematica\/?page_id=3401","title":{"rendered":"08\u00ba Ciclo de Defesas de TCC\u2019s de Matem\u00e1tica"},"content":{"rendered":"<p style=\"text-align: center\"><a href=\"http:\/\/www2.unifap.br\/matematica\/files\/2016\/09\/programa\u00e7\u00e3o.jpg\"><img fetchpriority=\"high\" decoding=\"async\" class=\"size-medium wp-image-991 aligncenter\" alt=\"programa\u00e7\u00e3o\" src=\"http:\/\/www2.unifap.br\/matematica\/files\/2016\/09\/programa\u00e7\u00e3o-300x184.jpg\" width=\"300\" height=\"184\" srcset=\"https:\/\/www2.unifap.br\/matematica\/files\/2016\/09\/programa\u00e7\u00e3o-300x184.jpg 300w, https:\/\/www2.unifap.br\/matematica\/files\/2016\/09\/programa\u00e7\u00e3o.jpg 964w\" sizes=\"(max-width: 300px) 100vw, 300px\" \/><\/a><\/p>\n<h1><\/h1>\n<h1><strong style=\"font-size: 2em;line-height: 1.5em\">VIII Ciclo de Defesa de TCC&#8217;s de Matem\u00e1tica<\/strong><\/h1>\n<p><span style=\"text-align: justify;line-height: 1.5em\">O VIII Ciclo de Defesa de TCC&#8217;s do curso de Matem\u00e1tica ocorrer\u00e1 de 19 a 23 de Setembro de 2016.<\/span><\/p>\n<p>inscri\u00e7\u00f5es encerradas<\/p>\n<p><a href=\"http:\/\/www2.unifap.br\/matematica\/files\/2016\/09\/programa\u00e7\u00e3o-viii-cdtm.pdf\" target=\"_blank\">PROGRA\u00c7\u00c3O DO VIII CDTM<\/a><\/p>\n<p>19\/09\/2016 &#8211; Audit\u00f3rio da Biblioteca<\/p>\n<p>20 a 22\/09\/2016 &#8211; Audit\u00f3rio do DPQ<\/p>\n<p>23\/09\/2016 &#8211; Audit\u00f3rio da Biblioteca<\/p>\n<p>&nbsp;<\/p>\n","protected":false},"excerpt":{"rendered":"<p>VIII Ciclo de Defesa de TCC&#8217;s de Matem\u00e1tica O VIII Ciclo de Defesa de TCC&#8217;s do curso de Matem\u00e1tica ocorrer\u00e1 de 19 a 23 de Setembro de 2016. inscri\u00e7\u00f5es encerradas PROGRA\u00c7\u00c3O DO VIII CDTM 19\/09\/2016 &#8211; Audit\u00f3rio da Biblioteca 20 a 22\/09\/2016 &#8211; Audit\u00f3rio do DPQ 23\/09\/2016 &#8211; Audit\u00f3rio da Biblioteca &nbsp;<\/p>\n","protected":false},"author":2067,"featured_media":0,"parent":308,"menu_order":0,"comment_status":"open","ping_status":"closed","template":"","meta":{"inline_featured_image":false,"site-sidebar-layout":"default","site-content-layout":"","ast-site-content-layout":"default","site-content-style":"default","site-sidebar-style":"default","ast-global-header-display":"","ast-banner-title-visibility":"","ast-main-header-display":"","ast-hfb-above-header-display":"","ast-hfb-below-header-display":"","ast-hfb-mobile-header-display":"","site-post-title":"","ast-breadcrumbs-content":"","ast-featured-img":"","footer-sml-layout":"","theme-transparent-header-meta":"","adv-header-id-meta":"","stick-header-meta":"","header-above-stick-meta":"","header-main-stick-meta":"","header-below-stick-meta":"","astra-migrate-meta-layouts":"default","ast-page-background-enabled":"default","ast-page-background-meta":{"desktop":{"background-color":"var(--ast-global-color-4)","background-image":"","background-repeat":"repeat","background-position":"center center","background-size":"auto","background-attachment":"scroll","background-type":"","background-media":"","overlay-type":"","overlay-color":"","overlay-opacity":"","overlay-gradient":""},"tablet":{"background-color":"","background-image":"","background-repeat":"repeat","background-position":"center center","background-size":"auto","background-attachment":"scroll","background-type":"","background-media":"","overlay-type":"","overlay-color":"","overlay-opacity":"","overlay-gradient":""},"mobile":{"background-color":"","background-image":"","background-repeat":"repeat","background-position":"center center","background-size":"auto","background-attachment":"scroll","background-type":"","background-media":"","overlay-type":"","overlay-color":"","overlay-opacity":"","overlay-gradient":""}},"ast-content-background-meta":{"desktop":{"background-color":"var(--ast-global-color-5)","background-image":"","background-repeat":"repeat","background-position":"center center","background-size":"auto","background-attachment":"scroll","background-type":"","background-media":"","overlay-type":"","overlay-color":"","overlay-opacity":"","overlay-gradient":""},"tablet":{"background-color":"var(--ast-global-color-5)","background-image":"","background-repeat":"repeat","background-position":"center center","background-size":"auto","background-attachment":"scroll","background-type":"","background-media":"","overlay-type":"","overlay-color":"","overlay-opacity":"","overlay-gradient":""},"mobile":{"background-color":"var(--ast-global-color-5)","background-image":"","background-repeat":"repeat","background-position":"center center","background-size":"auto","background-attachment":"scroll","background-type":"","background-media":"","overlay-type":"","overlay-color":"","overlay-opacity":"","overlay-gradient":""}},"ngg_post_thumbnail":0,"footnotes":""},"class_list":["post-3401","page","type-page","status-publish","hentry"],"_links":{"self":[{"href":"https:\/\/www2.unifap.br\/matematica\/index.php?rest_route=\/wp\/v2\/pages\/3401","targetHints":{"allow":["GET"]}}],"collection":[{"href":"https:\/\/www2.unifap.br\/matematica\/index.php?rest_route=\/wp\/v2\/pages"}],"about":[{"href":"https:\/\/www2.unifap.br\/matematica\/index.php?rest_route=\/wp\/v2\/types\/page"}],"author":[{"embeddable":true,"href":"https:\/\/www2.unifap.br\/matematica\/index.php?rest_route=\/wp\/v2\/users\/2067"}],"replies":[{"embeddable":true,"href":"https:\/\/www2.unifap.br\/matematica\/index.php?rest_route=%2Fwp%2Fv2%2Fcomments&post=3401"}],"version-history":[{"count":8,"href":"https:\/\/www2.unifap.br\/matematica\/index.php?rest_route=\/wp\/v2\/pages\/3401\/revisions"}],"predecessor-version":[{"id":4627,"href":"https:\/\/www2.unifap.br\/matematica\/index.php?rest_route=\/wp\/v2\/pages\/3401\/revisions\/4627"}],"up":[{"embeddable":true,"href":"https:\/\/www2.unifap.br\/matematica\/index.php?rest_route=\/wp\/v2\/pages\/308"}],"wp:attachment":[{"href":"https:\/\/www2.unifap.br\/matematica\/index.php?rest_route=%2Fwp%2Fv2%2Fmedia&parent=3401"}],"curies":[{"name":"wp","href":"https:\/\/api.w.org\/{rel}","templated":true}]}}