{"id":3457,"date":"2018-06-08T00:52:01","date_gmt":"2018-06-08T00:52:01","guid":{"rendered":"http:\/\/www2.unifap.br\/matematica\/?page_id=3457"},"modified":"2019-06-18T22:59:53","modified_gmt":"2019-06-18T22:59:53","slug":"12o-ciclo-de-defesas-de-tccs-de-matematica","status":"publish","type":"page","link":"https:\/\/www2.unifap.br\/matematica\/?page_id=3457","title":{"rendered":"12\u00ba Ciclo de Defesas de Tcc&#8217;s de Matem\u00e1tica"},"content":{"rendered":"<p><strong>De 25\/06 \u00e0 29\/06 ocorrer\u00e1, no audit\u00f3rio do Departamento de Ci\u00eancias Exatas e Tecnol\u00f3gicas &#8211; DCET, o XII Ciclo de Defesas de Tcc&#8217;s de Matem\u00e1tica. O evento ter\u00e1 al\u00e9m das apresenta\u00e7\u00f5es de trabalhos, palestras e minicursos.<\/strong><\/p>\n<p style=\"text-align: center\"><a href=\"http:\/\/www2.unifap.br\/matematica\/files\/2018\/06\/Sem-t\u00edtulo2.png\"><img fetchpriority=\"high\" decoding=\"async\" class=\"alignnone size-full wp-image-3449\" alt=\"Sem t\u00edtulo2\" src=\"http:\/\/www2.unifap.br\/matematica\/files\/2018\/06\/Sem-t\u00edtulo2.png\" width=\"1024\" height=\"768\" srcset=\"https:\/\/www2.unifap.br\/matematica\/files\/2018\/06\/Sem-t\u00edtulo2.png 1024w, https:\/\/www2.unifap.br\/matematica\/files\/2018\/06\/Sem-t\u00edtulo2-300x225.png 300w\" sizes=\"(max-width: 1024px) 100vw, 1024px\" \/><\/a><strong>Programa\u00e7\u00e3o em breve<\/strong><\/p>\n<p>&nbsp;<\/p>\n","protected":false},"excerpt":{"rendered":"<p>De 25\/06 \u00e0 29\/06 ocorrer\u00e1, no audit\u00f3rio do Departamento de Ci\u00eancias Exatas e Tecnol\u00f3gicas &#8211; DCET, o XII Ciclo de Defesas de Tcc&#8217;s de Matem\u00e1tica. O evento ter\u00e1 al\u00e9m das apresenta\u00e7\u00f5es de trabalhos, palestras e minicursos. Programa\u00e7\u00e3o em breve &nbsp;<\/p>\n","protected":false},"author":2067,"featured_media":0,"parent":308,"menu_order":0,"comment_status":"open","ping_status":"closed","template":"page-template-full.php","meta":{"inline_featured_image":false,"site-sidebar-layout":"default","site-content-layout":"","ast-site-content-layout":"default","site-content-style":"default","site-sidebar-style":"default","ast-global-header-display":"","ast-banner-title-visibility":"","ast-main-header-display":"","ast-hfb-above-header-display":"","ast-hfb-below-header-display":"","ast-hfb-mobile-header-display":"","site-post-title":"","ast-breadcrumbs-content":"","ast-featured-img":"","footer-sml-layout":"","theme-transparent-header-meta":"","adv-header-id-meta":"","stick-header-meta":"","header-above-stick-meta":"","header-main-stick-meta":"","header-below-stick-meta":"","astra-migrate-meta-layouts":"default","ast-page-background-enabled":"default","ast-page-background-meta":{"desktop":{"background-color":"var(--ast-global-color-4)","background-image":"","background-repeat":"repeat","background-position":"center center","background-size":"auto","background-attachment":"scroll","background-type":"","background-media":"","overlay-type":"","overlay-color":"","overlay-opacity":"","overlay-gradient":""},"tablet":{"background-color":"","background-image":"","background-repeat":"repeat","background-position":"center center","background-size":"auto","background-attachment":"scroll","background-type":"","background-media":"","overlay-type":"","overlay-color":"","overlay-opacity":"","overlay-gradient":""},"mobile":{"background-color":"","background-image":"","background-repeat":"repeat","background-position":"center center","background-size":"auto","background-attachment":"scroll","background-type":"","background-media":"","overlay-type":"","overlay-color":"","overlay-opacity":"","overlay-gradient":""}},"ast-content-background-meta":{"desktop":{"background-color":"var(--ast-global-color-5)","background-image":"","background-repeat":"repeat","background-position":"center center","background-size":"auto","background-attachment":"scroll","background-type":"","background-media":"","overlay-type":"","overlay-color":"","overlay-opacity":"","overlay-gradient":""},"tablet":{"background-color":"var(--ast-global-color-5)","background-image":"","background-repeat":"repeat","background-position":"center center","background-size":"auto","background-attachment":"scroll","background-type":"","background-media":"","overlay-type":"","overlay-color":"","overlay-opacity":"","overlay-gradient":""},"mobile":{"background-color":"var(--ast-global-color-5)","background-image":"","background-repeat":"repeat","background-position":"center center","background-size":"auto","background-attachment":"scroll","background-type":"","background-media":"","overlay-type":"","overlay-color":"","overlay-opacity":"","overlay-gradient":""}},"ngg_post_thumbnail":0,"footnotes":""},"class_list":["post-3457","page","type-page","status-publish","hentry"],"_links":{"self":[{"href":"https:\/\/www2.unifap.br\/matematica\/index.php?rest_route=\/wp\/v2\/pages\/3457","targetHints":{"allow":["GET"]}}],"collection":[{"href":"https:\/\/www2.unifap.br\/matematica\/index.php?rest_route=\/wp\/v2\/pages"}],"about":[{"href":"https:\/\/www2.unifap.br\/matematica\/index.php?rest_route=\/wp\/v2\/types\/page"}],"author":[{"embeddable":true,"href":"https:\/\/www2.unifap.br\/matematica\/index.php?rest_route=\/wp\/v2\/users\/2067"}],"replies":[{"embeddable":true,"href":"https:\/\/www2.unifap.br\/matematica\/index.php?rest_route=%2Fwp%2Fv2%2Fcomments&post=3457"}],"version-history":[{"count":1,"href":"https:\/\/www2.unifap.br\/matematica\/index.php?rest_route=\/wp\/v2\/pages\/3457\/revisions"}],"predecessor-version":[{"id":3458,"href":"https:\/\/www2.unifap.br\/matematica\/index.php?rest_route=\/wp\/v2\/pages\/3457\/revisions\/3458"}],"up":[{"embeddable":true,"href":"https:\/\/www2.unifap.br\/matematica\/index.php?rest_route=\/wp\/v2\/pages\/308"}],"wp:attachment":[{"href":"https:\/\/www2.unifap.br\/matematica\/index.php?rest_route=%2Fwp%2Fv2%2Fmedia&parent=3457"}],"curies":[{"name":"wp","href":"https:\/\/api.w.org\/{rel}","templated":true}]}}