{"id":346,"date":"2014-01-22T13:13:50","date_gmt":"2014-01-22T13:13:50","guid":{"rendered":"http:\/\/www2.unifap.br\/matematica\/?page_id=346"},"modified":"2021-12-03T19:16:42","modified_gmt":"2021-12-03T19:16:42","slug":"documentos","status":"publish","type":"page","link":"https:\/\/www2.unifap.br\/matematica\/?page_id=346","title":{"rendered":"DOCUMENTOS"},"content":{"rendered":"<p>&nbsp;<\/p>\n<p><strong>Resolu\u00e7\u00f5es da UNIFAP:<\/strong><\/p>\n<ul>\n<li><strong><span style=\"color: #0000ff\"><a href=\"http:\/\/www2.unifap.br\/matematica\/files\/2014\/01\/Regimento-Geral-da-Unifap.pdf\"><span style=\"color: #0000ff\">Regimento Geral da UNIFAP<\/span><\/a><\/span><\/strong><\/li>\n<li><strong><span style=\"color: #0000ff\"><a href=\"http:\/\/www2.unifap.br\/matematica\/files\/2014\/01\/APROVEITAMENTO-DE-ESTUDOS-UNIFAPResolu\u00e7\u00e3o-n-15-1996.pdf\"><span style=\"color: #0000ff\">Aproveitamento de Estudos &#8211; Resolu\u00e7\u00e3o n\u00ba 15\/1996<\/span><\/a><\/span><\/strong><\/li>\n<li><strong><span style=\"color: #0000ff\"><a href=\"http:\/\/www2.unifap.br\/matematica\/files\/2014\/01\/ABONO-DE-FALTAS-PARA-ACAD\u00caMICOS-COM-AFEC\u00c7\u00d5ESDecreto-Lei-715-1969.pdf\"><span style=\"color: #0000ff\">Abono de Faltas para Acad\u00eamicos &#8211; Decreto Lei n\u00ba 775\/1969<\/span><\/a><\/span><\/strong><\/li>\n<li><strong><span style=\"color: #0000ff\"><a href=\"http:\/\/www2.unifap.br\/matematica\/files\/2014\/01\/ORIENTA\u00c7\u00c3O-SOBRE-ABONO-DE-FALTA.pdf\"><span style=\"color: #0000ff\">Orienta\u00e7\u00e3o sobre Abono de Falta<\/span><\/a><\/span><\/strong><\/li>\n<li><strong><span style=\"color: #0000ff\"><a href=\"http:\/\/www2.unifap.br\/matematica\/files\/2014\/01\/SISTEM\u00c1TICA-DE-AVALIA\u00c7\u00c3O-E-APRENDIZAGEMResolu\u00e7\u00e3o-n-26-2011.pdf\"><span style=\"color: #0000ff\">Sistem\u00e1tica de Avalia\u00e7\u00e3o e Aprendizagem &#8211; Resolu\u00e7\u00e3o n\u00ba 26\/2011<\/span><\/a><\/span><\/strong><\/li>\n<\/ul>\n<p><strong>Resolu\u00e7\u00f5es e demais regulamentos do Curso de Gradua\u00e7\u00e3o em Matem\u00e1tica &#8211; CCM\/DCET\/UNIFAP:<\/strong><\/p>\n<ul>\n<li><strong><span style=\"color: #0000ff\"><a href=\"http:\/\/www2.unifap.br\/matematica\/files\/2014\/01\/NDE-novo_Versao-Pos-Reuniao-do-Colegiado-dia-02.09.docx\"><span style=\"color: #0000ff\">N\u00facleo Docente Estruturante<\/span><\/a><\/span><\/strong><\/li>\n<li><strong><span style=\"color: #0000ff\"><a href=\"http:\/\/www2.unifap.br\/matematica\/files\/2014\/01\/EST\u00c1GIO.pdf\"><span style=\"color: #0000ff\">Projeto de Referencia de Est\u00e1gio Supervisionado<\/span><\/a><\/span><\/strong><\/li>\n<li><strong><span style=\"color: #0000ff\"><a href=\"http:\/\/www2.unifap.br\/matematica\/files\/2014\/01\/Regimento-AC.pdf\"><span style=\"color: #0000ff\">Regimento de Atividade Complementar<\/span><\/a><\/span><\/strong><\/li>\n<li><strong><span style=\"color: #0000ff\"><a href=\"http:\/\/www2.unifap.br\/matematica\/files\/2014\/01\/Regimento-do-Colegiado-P.docx\"><span style=\"color: #0000ff\">Regimento do Colegiado<\/span><\/a><\/span><\/strong><\/li>\n<li><strong><span style=\"color: #0000ff\"><a href=\"http:\/\/www2.unifap.br\/matematica\/files\/2014\/01\/Regimento-TCC.docx\"><span style=\"color: #0000ff\">Regimento de Trabalho de Conclus\u00e3o de Curso<\/span><\/a><\/span><\/strong><\/li>\n<li><strong><span style=\"color: #0000ff\"><a href=\"http:\/\/www2.unifap.br\/matematica\/files\/2014\/01\/REGULAMENTO-O2.docx\"><span style=\"color: #0000ff\">Regulamento Laborat\u00f3rio de Matem\u00e1tica &#8211; Sala O2<\/span><\/a><\/span><\/strong><\/li>\n<li><strong><span style=\"color: #0000ff\"><a href=\"http:\/\/www2.unifap.br\/matematica\/files\/2014\/01\/NORMATIVA-P5.odt\"><span style=\"color: #0000ff\">Regulamento sala de pesquisa &#8211; Sala P5<\/span><\/a><\/span><\/strong><\/li>\n<li><strong><a href=\"http:\/\/www2.unifap.br\/matematica\/files\/2019\/06\/Regulamento-do-Laborat\u00f3rio-de-Recurso-Audiovisual-da-Matem\u00e1tica.pdf\">Regulamento do Laborat\u00f3rio de Recurso Audiovisual da Matem\u00e1tica<\/a><\/strong><\/li>\n<li><strong><a href=\"http:\/\/www2.unifap.br\/matematica\/files\/2021\/12\/Projeto-Pedag\u00f3gico-de-Matem\u00e1tica-2007.doc.pdf\">Projeto Pol\u00edtico Pedag\u00f3gico do curso &#8211; PPP<\/a><\/strong><\/li>\n<\/ul>\n","protected":false},"excerpt":{"rendered":"<p>&nbsp; Resolu\u00e7\u00f5es da UNIFAP: Regimento Geral da UNIFAP Aproveitamento de Estudos &#8211; Resolu\u00e7\u00e3o n\u00ba 15\/1996 Abono de Faltas para Acad\u00eamicos &#8211; Decreto Lei n\u00ba 775\/1969 Orienta\u00e7\u00e3o sobre Abono de Falta Sistem\u00e1tica de Avalia\u00e7\u00e3o e Aprendizagem &#8211; Resolu\u00e7\u00e3o n\u00ba 26\/2011 Resolu\u00e7\u00f5es e demais regulamentos do Curso de Gradua\u00e7\u00e3o em Matem\u00e1tica &#8211; CCM\/DCET\/UNIFAP: N\u00facleo Docente Estruturante Projeto&#8230;<\/p>\n","protected":false},"author":363,"featured_media":0,"parent":0,"menu_order":5,"comment_status":"open","ping_status":"closed","template":"","meta":{"inline_featured_image":false,"site-sidebar-layout":"default","site-content-layout":"","ast-site-content-layout":"default","site-content-style":"default","site-sidebar-style":"default","ast-global-header-display":"","ast-banner-title-visibility":"","ast-main-header-display":"","ast-hfb-above-header-display":"","ast-hfb-below-header-display":"","ast-hfb-mobile-header-display":"","site-post-title":"","ast-breadcrumbs-content":"","ast-featured-img":"","footer-sml-layout":"","theme-transparent-header-meta":"","adv-header-id-meta":"","stick-header-meta":"","header-above-stick-meta":"","header-main-stick-meta":"","header-below-stick-meta":"","astra-migrate-meta-layouts":"default","ast-page-background-enabled":"default","ast-page-background-meta":{"desktop":{"background-color":"var(--ast-global-color-4)","background-image":"","background-repeat":"repeat","background-position":"center center","background-size":"auto","background-attachment":"scroll","background-type":"","background-media":"","overlay-type":"","overlay-color":"","overlay-opacity":"","overlay-gradient":""},"tablet":{"background-color":"","background-image":"","background-repeat":"repeat","background-position":"center center","background-size":"auto","background-attachment":"scroll","background-type":"","background-media":"","overlay-type":"","overlay-color":"","overlay-opacity":"","overlay-gradient":""},"mobile":{"background-color":"","background-image":"","background-repeat":"repeat","background-position":"center center","background-size":"auto","background-attachment":"scroll","background-type":"","background-media":"","overlay-type":"","overlay-color":"","overlay-opacity":"","overlay-gradient":""}},"ast-content-background-meta":{"desktop":{"background-color":"var(--ast-global-color-5)","background-image":"","background-repeat":"repeat","background-position":"center center","background-size":"auto","background-attachment":"scroll","background-type":"","background-media":"","overlay-type":"","overlay-color":"","overlay-opacity":"","overlay-gradient":""},"tablet":{"background-color":"var(--ast-global-color-5)","background-image":"","background-repeat":"repeat","background-position":"center center","background-size":"auto","background-attachment":"scroll","background-type":"","background-media":"","overlay-type":"","overlay-color":"","overlay-opacity":"","overlay-gradient":""},"mobile":{"background-color":"var(--ast-global-color-5)","background-image":"","background-repeat":"repeat","background-position":"center center","background-size":"auto","background-attachment":"scroll","background-type":"","background-media":"","overlay-type":"","overlay-color":"","overlay-opacity":"","overlay-gradient":""}},"ngg_post_thumbnail":0,"footnotes":""},"class_list":["post-346","page","type-page","status-publish","hentry"],"_links":{"self":[{"href":"https:\/\/www2.unifap.br\/matematica\/index.php?rest_route=\/wp\/v2\/pages\/346","targetHints":{"allow":["GET"]}}],"collection":[{"href":"https:\/\/www2.unifap.br\/matematica\/index.php?rest_route=\/wp\/v2\/pages"}],"about":[{"href":"https:\/\/www2.unifap.br\/matematica\/index.php?rest_route=\/wp\/v2\/types\/page"}],"author":[{"embeddable":true,"href":"https:\/\/www2.unifap.br\/matematica\/index.php?rest_route=\/wp\/v2\/users\/363"}],"replies":[{"embeddable":true,"href":"https:\/\/www2.unifap.br\/matematica\/index.php?rest_route=%2Fwp%2Fv2%2Fcomments&post=346"}],"version-history":[{"count":44,"href":"https:\/\/www2.unifap.br\/matematica\/index.php?rest_route=\/wp\/v2\/pages\/346\/revisions"}],"predecessor-version":[{"id":5339,"href":"https:\/\/www2.unifap.br\/matematica\/index.php?rest_route=\/wp\/v2\/pages\/346\/revisions\/5339"}],"wp:attachment":[{"href":"https:\/\/www2.unifap.br\/matematica\/index.php?rest_route=%2Fwp%2Fv2%2Fmedia&parent=346"}],"curies":[{"name":"wp","href":"https:\/\/api.w.org\/{rel}","templated":true}]}}