{"id":351,"date":"2014-01-22T13:15:31","date_gmt":"2014-01-22T13:15:31","guid":{"rendered":"http:\/\/www2.unifap.br\/matematica\/?page_id=351"},"modified":"2020-07-08T19:47:08","modified_gmt":"2020-07-08T19:47:08","slug":"calendario-academico","status":"publish","type":"page","link":"https:\/\/www2.unifap.br\/matematica\/?page_id=351","title":{"rendered":"Calend\u00e1rio Acad\u00eamico"},"content":{"rendered":"<ul>\n<li><a href=\"http:\/\/www2.unifap.br\/matematica\/files\/2019\/01\/CALENDARIO_ACAD\u00caMICO_2019.pdf\" target=\"_blank\" rel=\"noopener noreferrer\">CALEND\u00c1RIO_ACAD\u00caMICO_2019<\/a><\/li>\n<li><a href=\"http:\/\/www.unifap.br\/public\/index\/download\/id\/204599\">Calend\u00e1rio Acad\u00eamico-2018<\/a><\/li>\n<li><a href=\"http:\/\/www.unifap.br\/public\/index\/download\/id\/204166\">Calend\u00e1rio Acad\u00eamico-2017(Prorroga\u00e7\u00e3o)<\/a><\/li>\n<li><a href=\"http:\/\/www.unifap.br\/public\/index\/download\/id\/201417\">Calend\u00e1rio Acad\u00eamico-2017<\/a><\/li>\n<li><a href=\"http:\/\/www2.unifap.br\/matematica\/files\/2016\/01\/Calend\u00e1rio-Acad\u00eamico-2016.pdf\">Calend\u00e1rio Acad\u00eamico-2016<\/a><\/li>\n<li><a href=\"http:\/\/www2.unifap.br\/matematica\/files\/2016\/01\/Calend\u00e1rio-Acad\u00eamico-2015-rotorno-das-atividades.pdf\">Calend\u00e1rio Acad\u00eamico-2015(rotorno das atividades)<\/a><\/li>\n<li><a href=\"http:\/\/www2.unifap.br\/matematica\/files\/2014\/01\/Calend\u00e1rio-Acad\u00eamico-de-20141.pdf\">Calend\u00e1rio Acad\u00eamico-2014<\/a><\/li>\n<\/ul>\n<p>&nbsp;<\/p>\n","protected":false},"excerpt":{"rendered":"<p>CALEND\u00c1RIO_ACAD\u00caMICO_2019 Calend\u00e1rio Acad\u00eamico-2018 Calend\u00e1rio Acad\u00eamico-2017(Prorroga\u00e7\u00e3o) Calend\u00e1rio Acad\u00eamico-2017 Calend\u00e1rio Acad\u00eamico-2016 Calend\u00e1rio Acad\u00eamico-2015(rotorno das atividades) Calend\u00e1rio Acad\u00eamico-2014 &nbsp;<\/p>\n","protected":false},"author":363,"featured_media":0,"parent":9,"menu_order":3,"comment_status":"open","ping_status":"open","template":"","meta":{"inline_featured_image":false,"site-sidebar-layout":"default","site-content-layout":"","ast-site-content-layout":"default","site-content-style":"default","site-sidebar-style":"default","ast-global-header-display":"","ast-banner-title-visibility":"","ast-main-header-display":"","ast-hfb-above-header-display":"","ast-hfb-below-header-display":"","ast-hfb-mobile-header-display":"","site-post-title":"","ast-breadcrumbs-content":"","ast-featured-img":"","footer-sml-layout":"","theme-transparent-header-meta":"","adv-header-id-meta":"","stick-header-meta":"","header-above-stick-meta":"","header-main-stick-meta":"","header-below-stick-meta":"","astra-migrate-meta-layouts":"default","ast-page-background-enabled":"default","ast-page-background-meta":{"desktop":{"background-color":"var(--ast-global-color-4)","background-image":"","background-repeat":"repeat","background-position":"center center","background-size":"auto","background-attachment":"scroll","background-type":"","background-media":"","overlay-type":"","overlay-color":"","overlay-opacity":"","overlay-gradient":""},"tablet":{"background-color":"","background-image":"","background-repeat":"repeat","background-position":"center center","background-size":"auto","background-attachment":"scroll","background-type":"","background-media":"","overlay-type":"","overlay-color":"","overlay-opacity":"","overlay-gradient":""},"mobile":{"background-color":"","background-image":"","background-repeat":"repeat","background-position":"center center","background-size":"auto","background-attachment":"scroll","background-type":"","background-media":"","overlay-type":"","overlay-color":"","overlay-opacity":"","overlay-gradient":""}},"ast-content-background-meta":{"desktop":{"background-color":"var(--ast-global-color-5)","background-image":"","background-repeat":"repeat","background-position":"center center","background-size":"auto","background-attachment":"scroll","background-type":"","background-media":"","overlay-type":"","overlay-color":"","overlay-opacity":"","overlay-gradient":""},"tablet":{"background-color":"var(--ast-global-color-5)","background-image":"","background-repeat":"repeat","background-position":"center center","background-size":"auto","background-attachment":"scroll","background-type":"","background-media":"","overlay-type":"","overlay-color":"","overlay-opacity":"","overlay-gradient":""},"mobile":{"background-color":"var(--ast-global-color-5)","background-image":"","background-repeat":"repeat","background-position":"center center","background-size":"auto","background-attachment":"scroll","background-type":"","background-media":"","overlay-type":"","overlay-color":"","overlay-opacity":"","overlay-gradient":""}},"ngg_post_thumbnail":0,"footnotes":""},"class_list":["post-351","page","type-page","status-publish","hentry"],"_links":{"self":[{"href":"https:\/\/www2.unifap.br\/matematica\/index.php?rest_route=\/wp\/v2\/pages\/351","targetHints":{"allow":["GET"]}}],"collection":[{"href":"https:\/\/www2.unifap.br\/matematica\/index.php?rest_route=\/wp\/v2\/pages"}],"about":[{"href":"https:\/\/www2.unifap.br\/matematica\/index.php?rest_route=\/wp\/v2\/types\/page"}],"author":[{"embeddable":true,"href":"https:\/\/www2.unifap.br\/matematica\/index.php?rest_route=\/wp\/v2\/users\/363"}],"replies":[{"embeddable":true,"href":"https:\/\/www2.unifap.br\/matematica\/index.php?rest_route=%2Fwp%2Fv2%2Fcomments&post=351"}],"version-history":[{"count":19,"href":"https:\/\/www2.unifap.br\/matematica\/index.php?rest_route=\/wp\/v2\/pages\/351\/revisions"}],"predecessor-version":[{"id":5036,"href":"https:\/\/www2.unifap.br\/matematica\/index.php?rest_route=\/wp\/v2\/pages\/351\/revisions\/5036"}],"up":[{"embeddable":true,"href":"https:\/\/www2.unifap.br\/matematica\/index.php?rest_route=\/wp\/v2\/pages\/9"}],"wp:attachment":[{"href":"https:\/\/www2.unifap.br\/matematica\/index.php?rest_route=%2Fwp%2Fv2%2Fmedia&parent=351"}],"curies":[{"name":"wp","href":"https:\/\/api.w.org\/{rel}","templated":true}]}}