{"id":361,"date":"2014-01-23T14:29:43","date_gmt":"2014-01-23T14:29:43","guid":{"rendered":"http:\/\/www2.unifap.br\/matematica\/?page_id=361"},"modified":"2024-05-30T11:14:38","modified_gmt":"2024-05-30T11:14:38","slug":"arlindo-moreira-da-silva-filho","status":"publish","type":"page","link":"https:\/\/www2.unifap.br\/matematica\/?page_id=361","title":{"rendered":"Prof. Esp. Arlindo Moreira da Silva Filho"},"content":{"rendered":"<p><a href=\"http:\/\/www2.unifap.br\/matematica\/files\/2014\/01\/AM.jpg\"><img decoding=\"async\" class=\"alignleft wp-image-2330\" src=\"http:\/\/www2.unifap.br\/matematica\/files\/2014\/01\/AM-150x150.jpg\" alt=\"AM\" width=\"79\" height=\"79\" srcset=\"https:\/\/www2.unifap.br\/matematica\/files\/2014\/01\/AM-150x150.jpg 150w, https:\/\/www2.unifap.br\/matematica\/files\/2014\/01\/AM-70x70.jpg 70w\" sizes=\"(max-width: 79px) 100vw, 79px\" \/><\/a>&nbsp;<\/p>\n<p>&nbsp;<\/p>\n<p>&nbsp;<\/p>\n<p><strong>Prof. Esp. Arlindo Moreira da Silva<\/strong><\/p>\n<p><strong>Curr\u00edculo Lattes<\/strong>:&nbsp;<a href=\"http:\/\/lattes.cnpq.br\/4437127741862808\">http:\/\/lattes.cnpq.br\/4437127741862808<\/a><\/p>\n<p><strong>Temas de pesquisa<\/strong>: Assuntos da Educa\u00e7\u00e3o Matem\u00e1tica, enfatizando quest\u00f5es da forma\u00e7\u00e3o inicial e continuada de professores de matem\u00e1tica, ensino de matem\u00e1tica na Educa\u00e7\u00e3o B\u00e1sica e Educa\u00e7\u00e3o de Jovens e Adultos no Amap\u00e1.&nbsp;&nbsp;<\/p>\n","protected":false},"excerpt":{"rendered":"<p>&nbsp; &nbsp; &nbsp; Prof. Esp. Arlindo Moreira da Silva Curr\u00edculo Lattes:&nbsp;http:\/\/lattes.cnpq.br\/4437127741862808 Temas de pesquisa: Assuntos da Educa\u00e7\u00e3o Matem\u00e1tica, enfatizando quest\u00f5es da forma\u00e7\u00e3o inicial e continuada de professores de matem\u00e1tica, ensino de matem\u00e1tica na Educa\u00e7\u00e3o B\u00e1sica e Educa\u00e7\u00e3o de Jovens e Adultos no Amap\u00e1.&nbsp;&nbsp;<\/p>\n","protected":false},"author":363,"featured_media":0,"parent":4807,"menu_order":1,"comment_status":"open","ping_status":"closed","template":"","meta":{"inline_featured_image":false,"site-sidebar-layout":"default","site-content-layout":"","ast-site-content-layout":"default","site-content-style":"default","site-sidebar-style":"default","ast-global-header-display":"","ast-banner-title-visibility":"","ast-main-header-display":"","ast-hfb-above-header-display":"","ast-hfb-below-header-display":"","ast-hfb-mobile-header-display":"","site-post-title":"","ast-breadcrumbs-content":"","ast-featured-img":"","footer-sml-layout":"","theme-transparent-header-meta":"","adv-header-id-meta":"","stick-header-meta":"","header-above-stick-meta":"","header-main-stick-meta":"","header-below-stick-meta":"","astra-migrate-meta-layouts":"default","ast-page-background-enabled":"default","ast-page-background-meta":{"desktop":{"background-color":"var(--ast-global-color-4)","background-image":"","background-repeat":"repeat","background-position":"center center","background-size":"auto","background-attachment":"scroll","background-type":"","background-media":"","overlay-type":"","overlay-color":"","overlay-opacity":"","overlay-gradient":""},"tablet":{"background-color":"","background-image":"","background-repeat":"repeat","background-position":"center center","background-size":"auto","background-attachment":"scroll","background-type":"","background-media":"","overlay-type":"","overlay-color":"","overlay-opacity":"","overlay-gradient":""},"mobile":{"background-color":"","background-image":"","background-repeat":"repeat","background-position":"center center","background-size":"auto","background-attachment":"scroll","background-type":"","background-media":"","overlay-type":"","overlay-color":"","overlay-opacity":"","overlay-gradient":""}},"ast-content-background-meta":{"desktop":{"background-color":"var(--ast-global-color-5)","background-image":"","background-repeat":"repeat","background-position":"center center","background-size":"auto","background-attachment":"scroll","background-type":"","background-media":"","overlay-type":"","overlay-color":"","overlay-opacity":"","overlay-gradient":""},"tablet":{"background-color":"var(--ast-global-color-5)","background-image":"","background-repeat":"repeat","background-position":"center center","background-size":"auto","background-attachment":"scroll","background-type":"","background-media":"","overlay-type":"","overlay-color":"","overlay-opacity":"","overlay-gradient":""},"mobile":{"background-color":"var(--ast-global-color-5)","background-image":"","background-repeat":"repeat","background-position":"center center","background-size":"auto","background-attachment":"scroll","background-type":"","background-media":"","overlay-type":"","overlay-color":"","overlay-opacity":"","overlay-gradient":""}},"ngg_post_thumbnail":0,"footnotes":""},"class_list":["post-361","page","type-page","status-publish","hentry"],"_links":{"self":[{"href":"https:\/\/www2.unifap.br\/matematica\/index.php?rest_route=\/wp\/v2\/pages\/361","targetHints":{"allow":["GET"]}}],"collection":[{"href":"https:\/\/www2.unifap.br\/matematica\/index.php?rest_route=\/wp\/v2\/pages"}],"about":[{"href":"https:\/\/www2.unifap.br\/matematica\/index.php?rest_route=\/wp\/v2\/types\/page"}],"author":[{"embeddable":true,"href":"https:\/\/www2.unifap.br\/matematica\/index.php?rest_route=\/wp\/v2\/users\/363"}],"replies":[{"embeddable":true,"href":"https:\/\/www2.unifap.br\/matematica\/index.php?rest_route=%2Fwp%2Fv2%2Fcomments&post=361"}],"version-history":[{"count":18,"href":"https:\/\/www2.unifap.br\/matematica\/index.php?rest_route=\/wp\/v2\/pages\/361\/revisions"}],"predecessor-version":[{"id":5862,"href":"https:\/\/www2.unifap.br\/matematica\/index.php?rest_route=\/wp\/v2\/pages\/361\/revisions\/5862"}],"up":[{"embeddable":true,"href":"https:\/\/www2.unifap.br\/matematica\/index.php?rest_route=\/wp\/v2\/pages\/4807"}],"wp:attachment":[{"href":"https:\/\/www2.unifap.br\/matematica\/index.php?rest_route=%2Fwp%2Fv2%2Fmedia&parent=361"}],"curies":[{"name":"wp","href":"https:\/\/api.w.org\/{rel}","templated":true}]}}