{"id":378,"date":"2014-01-23T14:43:58","date_gmt":"2014-01-23T14:43:58","guid":{"rendered":"http:\/\/www2.unifap.br\/matematica\/?page_id=378"},"modified":"2021-03-21T17:33:10","modified_gmt":"2021-03-21T17:33:10","slug":"guzman-eulalio-isla-chamilco","status":"publish","type":"page","link":"https:\/\/www2.unifap.br\/matematica\/?page_id=378","title":{"rendered":"Prof. Dr Guzm\u00e1n Eul\u00e1lio Isla Chamilco"},"content":{"rendered":"<p><a href=\"http:\/\/www2.unifap.br\/matematica\/files\/2014\/01\/GEC.jpg\"><img decoding=\"async\" class=\"alignleft wp-image-2311\" src=\"http:\/\/www2.unifap.br\/matematica\/files\/2014\/01\/GEC-150x150.jpg\" alt=\"GEC\" width=\"76\" height=\"76\" srcset=\"https:\/\/www2.unifap.br\/matematica\/files\/2014\/01\/GEC-150x150.jpg 150w, https:\/\/www2.unifap.br\/matematica\/files\/2014\/01\/GEC-70x70.jpg 70w\" sizes=\"(max-width: 76px) 100vw, 76px\" \/><\/a><\/p>\n<p>&nbsp;<\/p>\n<p>&nbsp;<\/p>\n<p>&nbsp;<\/p>\n<p><strong>Curr\u00edculo Lattes<\/strong>:&nbsp;<a href=\"http:\/\/lattes.cnpq.br\/2831258741784840\" target=\"_blank\" rel=\"noopener noreferrer\">http:\/\/lattes.cnpq.br\/2831258741784840<\/a><\/p>\n<p style=\"text-align: justify\"><strong>Temas de Pesquisa<\/strong>: Os Flu\u00eddos, com \u00eanfase em Exist\u00eancia, Unicidade e Estabilidade de solu\u00e7\u00f5es de Equa\u00e7\u00f5es em Derivadas Parciais e Modelagem Computacional, enfocando sobre os Sistemas Poroel\u00e1sticos, Sistemas Poroviscoel\u00e1sticos, Sistemas Din\u00e2micos, Sistemas Epidemiol\u00f3gicos e Modelagem em Ecossistemas.<\/p>\n<p><strong>E-mail<\/strong>: isla@unifap.b<\/p>\n<p>&nbsp;<\/p>\n","protected":false},"excerpt":{"rendered":"<p>&nbsp; &nbsp; &nbsp; Curr\u00edculo Lattes:&nbsp;http:\/\/lattes.cnpq.br\/2831258741784840 Temas de Pesquisa: Os Flu\u00eddos, com \u00eanfase em Exist\u00eancia, Unicidade e Estabilidade de solu\u00e7\u00f5es de Equa\u00e7\u00f5es em Derivadas Parciais e Modelagem Computacional, enfocando sobre os Sistemas Poroel\u00e1sticos, Sistemas Poroviscoel\u00e1sticos, Sistemas Din\u00e2micos, Sistemas Epidemiol\u00f3gicos e Modelagem em Ecossistemas. E-mail: isla@unifap.b &nbsp;<\/p>\n","protected":false},"author":363,"featured_media":0,"parent":4807,"menu_order":6,"comment_status":"open","ping_status":"open","template":"","meta":{"inline_featured_image":false,"site-sidebar-layout":"default","site-content-layout":"","ast-site-content-layout":"default","site-content-style":"default","site-sidebar-style":"default","ast-global-header-display":"","ast-banner-title-visibility":"","ast-main-header-display":"","ast-hfb-above-header-display":"","ast-hfb-below-header-display":"","ast-hfb-mobile-header-display":"","site-post-title":"","ast-breadcrumbs-content":"","ast-featured-img":"","footer-sml-layout":"","theme-transparent-header-meta":"","adv-header-id-meta":"","stick-header-meta":"","header-above-stick-meta":"","header-main-stick-meta":"","header-below-stick-meta":"","astra-migrate-meta-layouts":"default","ast-page-background-enabled":"default","ast-page-background-meta":{"desktop":{"background-color":"var(--ast-global-color-4)","background-image":"","background-repeat":"repeat","background-position":"center center","background-size":"auto","background-attachment":"scroll","background-type":"","background-media":"","overlay-type":"","overlay-color":"","overlay-opacity":"","overlay-gradient":""},"tablet":{"background-color":"","background-image":"","background-repeat":"repeat","background-position":"center center","background-size":"auto","background-attachment":"scroll","background-type":"","background-media":"","overlay-type":"","overlay-color":"","overlay-opacity":"","overlay-gradient":""},"mobile":{"background-color":"","background-image":"","background-repeat":"repeat","background-position":"center center","background-size":"auto","background-attachment":"scroll","background-type":"","background-media":"","overlay-type":"","overlay-color":"","overlay-opacity":"","overlay-gradient":""}},"ast-content-background-meta":{"desktop":{"background-color":"var(--ast-global-color-5)","background-image":"","background-repeat":"repeat","background-position":"center center","background-size":"auto","background-attachment":"scroll","background-type":"","background-media":"","overlay-type":"","overlay-color":"","overlay-opacity":"","overlay-gradient":""},"tablet":{"background-color":"var(--ast-global-color-5)","background-image":"","background-repeat":"repeat","background-position":"center center","background-size":"auto","background-attachment":"scroll","background-type":"","background-media":"","overlay-type":"","overlay-color":"","overlay-opacity":"","overlay-gradient":""},"mobile":{"background-color":"var(--ast-global-color-5)","background-image":"","background-repeat":"repeat","background-position":"center center","background-size":"auto","background-attachment":"scroll","background-type":"","background-media":"","overlay-type":"","overlay-color":"","overlay-opacity":"","overlay-gradient":""}},"ngg_post_thumbnail":0,"footnotes":""},"class_list":["post-378","page","type-page","status-publish","hentry"],"_links":{"self":[{"href":"https:\/\/www2.unifap.br\/matematica\/index.php?rest_route=\/wp\/v2\/pages\/378","targetHints":{"allow":["GET"]}}],"collection":[{"href":"https:\/\/www2.unifap.br\/matematica\/index.php?rest_route=\/wp\/v2\/pages"}],"about":[{"href":"https:\/\/www2.unifap.br\/matematica\/index.php?rest_route=\/wp\/v2\/types\/page"}],"author":[{"embeddable":true,"href":"https:\/\/www2.unifap.br\/matematica\/index.php?rest_route=\/wp\/v2\/users\/363"}],"replies":[{"embeddable":true,"href":"https:\/\/www2.unifap.br\/matematica\/index.php?rest_route=%2Fwp%2Fv2%2Fcomments&post=378"}],"version-history":[{"count":14,"href":"https:\/\/www2.unifap.br\/matematica\/index.php?rest_route=\/wp\/v2\/pages\/378\/revisions"}],"predecessor-version":[{"id":5213,"href":"https:\/\/www2.unifap.br\/matematica\/index.php?rest_route=\/wp\/v2\/pages\/378\/revisions\/5213"}],"up":[{"embeddable":true,"href":"https:\/\/www2.unifap.br\/matematica\/index.php?rest_route=\/wp\/v2\/pages\/4807"}],"wp:attachment":[{"href":"https:\/\/www2.unifap.br\/matematica\/index.php?rest_route=%2Fwp%2Fv2%2Fmedia&parent=378"}],"curies":[{"name":"wp","href":"https:\/\/api.w.org\/{rel}","templated":true}]}}