{"id":380,"date":"2014-01-23T14:45:00","date_gmt":"2014-01-23T14:45:00","guid":{"rendered":"http:\/\/www2.unifap.br\/matematica\/?page_id=380"},"modified":"2025-01-06T13:23:06","modified_gmt":"2025-01-06T13:23:06","slug":"joao-socorro-pinheiro-ferreira","status":"publish","type":"page","link":"https:\/\/www2.unifap.br\/matematica\/?page_id=380","title":{"rendered":"Prof. Me Jo\u00e3o Socorro Pinheiro Ferreira (Doutorando)"},"content":{"rendered":"<p style=\"text-align: justify\"><a href=\"http:\/\/www2.unifap.br\/matematica\/files\/2014\/01\/JF.jpg\"><img decoding=\"async\" class=\"alignleft wp-image-2337\" src=\"http:\/\/www2.unifap.br\/matematica\/files\/2014\/01\/JF-150x150.jpg\" alt=\"JF\" width=\"73\" height=\"73\" srcset=\"https:\/\/www2.unifap.br\/matematica\/files\/2014\/01\/JF-150x150.jpg 150w, https:\/\/www2.unifap.br\/matematica\/files\/2014\/01\/JF-70x70.jpg 70w\" sizes=\"(max-width: 73px) 100vw, 73px\" \/><\/a><\/p>\n<p>&nbsp;<\/p>\n<p>&nbsp;<\/p>\n<p>&nbsp;<\/p>\n<p><strong>Curr\u00edculo Lattes<\/strong>:&nbsp;<a href=\"http:\/\/lattes.cnpq.br\/2283642558933703\">http:\/\/lattes.cnpq.br\/2283642558933703<\/a><\/p>\n<p><strong>Temas de pesquisa<\/strong>: \u00c1reas da Educa\u00e7\u00e3o Matem\u00e1tica, Matem\u00e1tica Aplicada e Computacional, atuando principalmente com discuss\u00f5es sobre o Ensino, Organiza\u00e7\u00f5es, Desperd\u00edcio, Matem\u00e1tica, Laborat\u00f3rio de Ensino Aprendizagem em Matem\u00e1tica, Forma\u00e7\u00e3o de Professores de Matem\u00e1tica, Engenheiros e Professores de F\u00edsica.&nbsp;<\/p>\n<p><strong>E-mail<\/strong>:&nbsp;joaoferreira@unifap.br<\/p>\n<p>&nbsp;<\/p>\n","protected":false},"excerpt":{"rendered":"<p>&nbsp; &nbsp; &nbsp; Curr\u00edculo Lattes:&nbsp;http:\/\/lattes.cnpq.br\/2283642558933703 Temas de pesquisa: \u00c1reas da Educa\u00e7\u00e3o Matem\u00e1tica, Matem\u00e1tica Aplicada e Computacional, atuando principalmente com discuss\u00f5es sobre o Ensino, Organiza\u00e7\u00f5es, Desperd\u00edcio, Matem\u00e1tica, Laborat\u00f3rio de Ensino Aprendizagem em Matem\u00e1tica, Forma\u00e7\u00e3o de Professores de Matem\u00e1tica, Engenheiros e Professores de F\u00edsica.&nbsp; E-mail:&nbsp;joaoferreira@unifap.br &nbsp;<\/p>\n","protected":false},"author":363,"featured_media":0,"parent":4807,"menu_order":7,"comment_status":"open","ping_status":"open","template":"","meta":{"inline_featured_image":false,"site-sidebar-layout":"default","site-content-layout":"","ast-site-content-layout":"default","site-content-style":"default","site-sidebar-style":"default","ast-global-header-display":"","ast-banner-title-visibility":"","ast-main-header-display":"","ast-hfb-above-header-display":"","ast-hfb-below-header-display":"","ast-hfb-mobile-header-display":"","site-post-title":"","ast-breadcrumbs-content":"","ast-featured-img":"","footer-sml-layout":"","theme-transparent-header-meta":"default","adv-header-id-meta":"","stick-header-meta":"","header-above-stick-meta":"","header-main-stick-meta":"","header-below-stick-meta":"","astra-migrate-meta-layouts":"set","ast-page-background-enabled":"default","ast-page-background-meta":{"desktop":{"background-color":"var(--ast-global-color-4)","background-image":"","background-repeat":"repeat","background-position":"center center","background-size":"auto","background-attachment":"scroll","background-type":"","background-media":"","overlay-type":"","overlay-color":"","overlay-opacity":"","overlay-gradient":""},"tablet":{"background-color":"","background-image":"","background-repeat":"repeat","background-position":"center center","background-size":"auto","background-attachment":"scroll","background-type":"","background-media":"","overlay-type":"","overlay-color":"","overlay-opacity":"","overlay-gradient":""},"mobile":{"background-color":"","background-image":"","background-repeat":"repeat","background-position":"center center","background-size":"auto","background-attachment":"scroll","background-type":"","background-media":"","overlay-type":"","overlay-color":"","overlay-opacity":"","overlay-gradient":""}},"ast-content-background-meta":{"desktop":{"background-color":"var(--ast-global-color-5)","background-image":"","background-repeat":"repeat","background-position":"center center","background-size":"auto","background-attachment":"scroll","background-type":"","background-media":"","overlay-type":"","overlay-color":"","overlay-opacity":"","overlay-gradient":""},"tablet":{"background-color":"var(--ast-global-color-5)","background-image":"","background-repeat":"repeat","background-position":"center center","background-size":"auto","background-attachment":"scroll","background-type":"","background-media":"","overlay-type":"","overlay-color":"","overlay-opacity":"","overlay-gradient":""},"mobile":{"background-color":"var(--ast-global-color-5)","background-image":"","background-repeat":"repeat","background-position":"center center","background-size":"auto","background-attachment":"scroll","background-type":"","background-media":"","overlay-type":"","overlay-color":"","overlay-opacity":"","overlay-gradient":""}},"ngg_post_thumbnail":0,"footnotes":""},"class_list":["post-380","page","type-page","status-publish","hentry"],"_links":{"self":[{"href":"https:\/\/www2.unifap.br\/matematica\/index.php?rest_route=\/wp\/v2\/pages\/380","targetHints":{"allow":["GET"]}}],"collection":[{"href":"https:\/\/www2.unifap.br\/matematica\/index.php?rest_route=\/wp\/v2\/pages"}],"about":[{"href":"https:\/\/www2.unifap.br\/matematica\/index.php?rest_route=\/wp\/v2\/types\/page"}],"author":[{"embeddable":true,"href":"https:\/\/www2.unifap.br\/matematica\/index.php?rest_route=\/wp\/v2\/users\/363"}],"replies":[{"embeddable":true,"href":"https:\/\/www2.unifap.br\/matematica\/index.php?rest_route=%2Fwp%2Fv2%2Fcomments&post=380"}],"version-history":[{"count":18,"href":"https:\/\/www2.unifap.br\/matematica\/index.php?rest_route=\/wp\/v2\/pages\/380\/revisions"}],"predecessor-version":[{"id":5950,"href":"https:\/\/www2.unifap.br\/matematica\/index.php?rest_route=\/wp\/v2\/pages\/380\/revisions\/5950"}],"up":[{"embeddable":true,"href":"https:\/\/www2.unifap.br\/matematica\/index.php?rest_route=\/wp\/v2\/pages\/4807"}],"wp:attachment":[{"href":"https:\/\/www2.unifap.br\/matematica\/index.php?rest_route=%2Fwp%2Fv2%2Fmedia&parent=380"}],"curies":[{"name":"wp","href":"https:\/\/api.w.org\/{rel}","templated":true}]}}