{"id":390,"date":"2014-01-23T14:53:11","date_gmt":"2014-01-23T14:53:11","guid":{"rendered":"http:\/\/www2.unifap.br\/matematica\/?page_id=390"},"modified":"2025-01-06T13:05:55","modified_gmt":"2025-01-06T13:05:55","slug":"sergio-barbosa-de-miranda","status":"publish","type":"page","link":"https:\/\/www2.unifap.br\/matematica\/?page_id=390","title":{"rendered":"Prof. Me S\u00e9rgio Barbosa de Miranda (Doutorando)"},"content":{"rendered":"<p style=\"text-align: justify\"><a href=\"http:\/\/www2.unifap.br\/matematica\/files\/2014\/01\/SM.jpg\"><img decoding=\"async\" class=\"alignleft wp-image-2470\" src=\"http:\/\/www2.unifap.br\/matematica\/files\/2014\/01\/SM-150x150.jpg\" alt=\"SM\" width=\"73\" height=\"73\" srcset=\"https:\/\/www2.unifap.br\/matematica\/files\/2014\/01\/SM-150x150.jpg 150w, https:\/\/www2.unifap.br\/matematica\/files\/2014\/01\/SM-70x70.jpg 70w\" sizes=\"(max-width: 73px) 100vw, 73px\" \/><\/a><\/p>\n<p>&nbsp;<\/p>\n<p>&nbsp;<\/p>\n<p>&nbsp;<\/p>\n<p><strong>Curr\u00edculo Lattes<\/strong>:&nbsp;<a href=\"http:\/\/lattes.cnpq.br\/1738080124303266\">http:\/\/lattes.cnpq.br\/1738080124303266<\/a><\/p>\n<p style=\"text-align: justify\"><strong>Temas de pesquisa<\/strong>: \u00c1rea da Matem\u00e1tica Aplicada, com \u00eanfase em Geometria Diferencial e abordando sobre o Teorema da Desigualdade Isoperim\u00e9trica, Estudo de \u00c1reas, Geometria e Topologia.<\/p>\n<p><strong>E-mail<\/strong>:&nbsp;smiranda@unifap.br<\/p>\n<p>&nbsp;<\/p>\n","protected":false},"excerpt":{"rendered":"<p>&nbsp; &nbsp; &nbsp; Curr\u00edculo Lattes:&nbsp;http:\/\/lattes.cnpq.br\/1738080124303266 Temas de pesquisa: \u00c1rea da Matem\u00e1tica Aplicada, com \u00eanfase em Geometria Diferencial e abordando sobre o Teorema da Desigualdade Isoperim\u00e9trica, Estudo de \u00c1reas, Geometria e Topologia. E-mail:&nbsp;smiranda@unifap.br &nbsp;<\/p>\n","protected":false},"author":363,"featured_media":0,"parent":4807,"menu_order":14,"comment_status":"open","ping_status":"open","template":"","meta":{"inline_featured_image":false,"site-sidebar-layout":"default","site-content-layout":"","ast-site-content-layout":"default","site-content-style":"default","site-sidebar-style":"default","ast-global-header-display":"","ast-banner-title-visibility":"","ast-main-header-display":"","ast-hfb-above-header-display":"","ast-hfb-below-header-display":"","ast-hfb-mobile-header-display":"","site-post-title":"","ast-breadcrumbs-content":"","ast-featured-img":"","footer-sml-layout":"","theme-transparent-header-meta":"default","adv-header-id-meta":"","stick-header-meta":"","header-above-stick-meta":"","header-main-stick-meta":"","header-below-stick-meta":"","astra-migrate-meta-layouts":"set","ast-page-background-enabled":"default","ast-page-background-meta":{"desktop":{"background-color":"var(--ast-global-color-4)","background-image":"","background-repeat":"repeat","background-position":"center center","background-size":"auto","background-attachment":"scroll","background-type":"","background-media":"","overlay-type":"","overlay-color":"","overlay-opacity":"","overlay-gradient":""},"tablet":{"background-color":"","background-image":"","background-repeat":"repeat","background-position":"center center","background-size":"auto","background-attachment":"scroll","background-type":"","background-media":"","overlay-type":"","overlay-color":"","overlay-opacity":"","overlay-gradient":""},"mobile":{"background-color":"","background-image":"","background-repeat":"repeat","background-position":"center center","background-size":"auto","background-attachment":"scroll","background-type":"","background-media":"","overlay-type":"","overlay-color":"","overlay-opacity":"","overlay-gradient":""}},"ast-content-background-meta":{"desktop":{"background-color":"var(--ast-global-color-5)","background-image":"","background-repeat":"repeat","background-position":"center center","background-size":"auto","background-attachment":"scroll","background-type":"","background-media":"","overlay-type":"","overlay-color":"","overlay-opacity":"","overlay-gradient":""},"tablet":{"background-color":"var(--ast-global-color-5)","background-image":"","background-repeat":"repeat","background-position":"center center","background-size":"auto","background-attachment":"scroll","background-type":"","background-media":"","overlay-type":"","overlay-color":"","overlay-opacity":"","overlay-gradient":""},"mobile":{"background-color":"var(--ast-global-color-5)","background-image":"","background-repeat":"repeat","background-position":"center center","background-size":"auto","background-attachment":"scroll","background-type":"","background-media":"","overlay-type":"","overlay-color":"","overlay-opacity":"","overlay-gradient":""}},"ngg_post_thumbnail":0,"footnotes":""},"class_list":["post-390","page","type-page","status-publish","hentry"],"_links":{"self":[{"href":"https:\/\/www2.unifap.br\/matematica\/index.php?rest_route=\/wp\/v2\/pages\/390","targetHints":{"allow":["GET"]}}],"collection":[{"href":"https:\/\/www2.unifap.br\/matematica\/index.php?rest_route=\/wp\/v2\/pages"}],"about":[{"href":"https:\/\/www2.unifap.br\/matematica\/index.php?rest_route=\/wp\/v2\/types\/page"}],"author":[{"embeddable":true,"href":"https:\/\/www2.unifap.br\/matematica\/index.php?rest_route=\/wp\/v2\/users\/363"}],"replies":[{"embeddable":true,"href":"https:\/\/www2.unifap.br\/matematica\/index.php?rest_route=%2Fwp%2Fv2%2Fcomments&post=390"}],"version-history":[{"count":13,"href":"https:\/\/www2.unifap.br\/matematica\/index.php?rest_route=\/wp\/v2\/pages\/390\/revisions"}],"predecessor-version":[{"id":5948,"href":"https:\/\/www2.unifap.br\/matematica\/index.php?rest_route=\/wp\/v2\/pages\/390\/revisions\/5948"}],"up":[{"embeddable":true,"href":"https:\/\/www2.unifap.br\/matematica\/index.php?rest_route=\/wp\/v2\/pages\/4807"}],"wp:attachment":[{"href":"https:\/\/www2.unifap.br\/matematica\/index.php?rest_route=%2Fwp%2Fv2%2Fmedia&parent=390"}],"curies":[{"name":"wp","href":"https:\/\/api.w.org\/{rel}","templated":true}]}}