{"id":392,"date":"2014-01-23T14:54:35","date_gmt":"2014-01-23T14:54:35","guid":{"rendered":"http:\/\/www2.unifap.br\/matematica\/?page_id=392"},"modified":"2021-03-21T17:58:54","modified_gmt":"2021-03-21T17:58:54","slug":"simone-de-almeida-delphim","status":"publish","type":"page","link":"https:\/\/www2.unifap.br\/matematica\/?page_id=392","title":{"rendered":"Prof\u00aa Dra Simone de Almeida Delphim"},"content":{"rendered":"<p style=\"text-align: justify\"><a href=\"http:\/\/www2.unifap.br\/matematica\/files\/2014\/01\/SL.jpg\"><img decoding=\"async\" class=\"alignleft wp-image-2450\" src=\"http:\/\/www2.unifap.br\/matematica\/files\/2014\/01\/SL-150x150.jpg\" alt=\"SL\" width=\"81\" height=\"81\" srcset=\"https:\/\/www2.unifap.br\/matematica\/files\/2014\/01\/SL-150x150.jpg 150w, https:\/\/www2.unifap.br\/matematica\/files\/2014\/01\/SL-70x70.jpg 70w\" sizes=\"(max-width: 81px) 100vw, 81px\" \/><\/a><\/p>\n<p>&nbsp;<\/p>\n<p>&nbsp;<\/p>\n<p>&nbsp;<\/p>\n<p><strong>Curr\u00edculo Lattes<\/strong>:&nbsp;<a href=\"http:\/\/lattes.cnpq.br\/2118998485216523\">http:\/\/lattes.cnpq.br\/2118998485216523<\/a><\/p>\n<p style=\"text-align: justify\"><strong>Temas de Pesquisa<\/strong>: \u00c1rea da Matem\u00e1tica Aplicada e Educa\u00e7\u00e3o Matem\u00e1tica, com \u00eanfase em Modelagem Computacional, Modelagem dos Efeitos, Processos de Dispers\u00e3o, Otimiza\u00e7\u00e3o e M\u00e9todos Num\u00e9ricos, Equa\u00e7\u00e3o Difusiva e Ensino de Matem\u00e1tica na Educa\u00e7\u00e3o B\u00e1sica.&nbsp;<\/p>\n<p style=\"text-align: justify\"><strong>E-mail<\/strong>:&nbsp;<a href=\"mailto:sdelphim@gmail.com\">s<\/a><a href=\"mailto:sdelphim@gmail.com\">delphim@gmail.com<\/a><\/p>\n<p style=\"text-align: justify\">&nbsp;<\/p>\n","protected":false},"excerpt":{"rendered":"<p>&nbsp; &nbsp; &nbsp; Curr\u00edculo Lattes:&nbsp;http:\/\/lattes.cnpq.br\/2118998485216523 Temas de Pesquisa: \u00c1rea da Matem\u00e1tica Aplicada e Educa\u00e7\u00e3o Matem\u00e1tica, com \u00eanfase em Modelagem Computacional, Modelagem dos Efeitos, Processos de Dispers\u00e3o, Otimiza\u00e7\u00e3o e M\u00e9todos Num\u00e9ricos, Equa\u00e7\u00e3o Difusiva e Ensino de Matem\u00e1tica na Educa\u00e7\u00e3o B\u00e1sica.&nbsp; E-mail:&nbsp;sdelphim@gmail.com &nbsp;<\/p>\n","protected":false},"author":363,"featured_media":0,"parent":4807,"menu_order":13,"comment_status":"open","ping_status":"open","template":"","meta":{"inline_featured_image":false,"site-sidebar-layout":"default","site-content-layout":"","ast-site-content-layout":"default","site-content-style":"default","site-sidebar-style":"default","ast-global-header-display":"","ast-banner-title-visibility":"","ast-main-header-display":"","ast-hfb-above-header-display":"","ast-hfb-below-header-display":"","ast-hfb-mobile-header-display":"","site-post-title":"","ast-breadcrumbs-content":"","ast-featured-img":"","footer-sml-layout":"","theme-transparent-header-meta":"","adv-header-id-meta":"","stick-header-meta":"","header-above-stick-meta":"","header-main-stick-meta":"","header-below-stick-meta":"","astra-migrate-meta-layouts":"default","ast-page-background-enabled":"default","ast-page-background-meta":{"desktop":{"background-color":"var(--ast-global-color-4)","background-image":"","background-repeat":"repeat","background-position":"center center","background-size":"auto","background-attachment":"scroll","background-type":"","background-media":"","overlay-type":"","overlay-color":"","overlay-opacity":"","overlay-gradient":""},"tablet":{"background-color":"","background-image":"","background-repeat":"repeat","background-position":"center center","background-size":"auto","background-attachment":"scroll","background-type":"","background-media":"","overlay-type":"","overlay-color":"","overlay-opacity":"","overlay-gradient":""},"mobile":{"background-color":"","background-image":"","background-repeat":"repeat","background-position":"center center","background-size":"auto","background-attachment":"scroll","background-type":"","background-media":"","overlay-type":"","overlay-color":"","overlay-opacity":"","overlay-gradient":""}},"ast-content-background-meta":{"desktop":{"background-color":"var(--ast-global-color-5)","background-image":"","background-repeat":"repeat","background-position":"center center","background-size":"auto","background-attachment":"scroll","background-type":"","background-media":"","overlay-type":"","overlay-color":"","overlay-opacity":"","overlay-gradient":""},"tablet":{"background-color":"var(--ast-global-color-5)","background-image":"","background-repeat":"repeat","background-position":"center center","background-size":"auto","background-attachment":"scroll","background-type":"","background-media":"","overlay-type":"","overlay-color":"","overlay-opacity":"","overlay-gradient":""},"mobile":{"background-color":"var(--ast-global-color-5)","background-image":"","background-repeat":"repeat","background-position":"center center","background-size":"auto","background-attachment":"scroll","background-type":"","background-media":"","overlay-type":"","overlay-color":"","overlay-opacity":"","overlay-gradient":""}},"ngg_post_thumbnail":0,"footnotes":""},"class_list":["post-392","page","type-page","status-publish","hentry"],"_links":{"self":[{"href":"https:\/\/www2.unifap.br\/matematica\/index.php?rest_route=\/wp\/v2\/pages\/392","targetHints":{"allow":["GET"]}}],"collection":[{"href":"https:\/\/www2.unifap.br\/matematica\/index.php?rest_route=\/wp\/v2\/pages"}],"about":[{"href":"https:\/\/www2.unifap.br\/matematica\/index.php?rest_route=\/wp\/v2\/types\/page"}],"author":[{"embeddable":true,"href":"https:\/\/www2.unifap.br\/matematica\/index.php?rest_route=\/wp\/v2\/users\/363"}],"replies":[{"embeddable":true,"href":"https:\/\/www2.unifap.br\/matematica\/index.php?rest_route=%2Fwp%2Fv2%2Fcomments&post=392"}],"version-history":[{"count":16,"href":"https:\/\/www2.unifap.br\/matematica\/index.php?rest_route=\/wp\/v2\/pages\/392\/revisions"}],"predecessor-version":[{"id":5236,"href":"https:\/\/www2.unifap.br\/matematica\/index.php?rest_route=\/wp\/v2\/pages\/392\/revisions\/5236"}],"up":[{"embeddable":true,"href":"https:\/\/www2.unifap.br\/matematica\/index.php?rest_route=\/wp\/v2\/pages\/4807"}],"wp:attachment":[{"href":"https:\/\/www2.unifap.br\/matematica\/index.php?rest_route=%2Fwp%2Fv2%2Fmedia&parent=392"}],"curies":[{"name":"wp","href":"https:\/\/api.w.org\/{rel}","templated":true}]}}