{"id":4253,"date":"2018-11-29T17:57:43","date_gmt":"2018-11-29T17:57:43","guid":{"rendered":"http:\/\/www2.unifap.br\/matematica\/?page_id=4253"},"modified":"2019-06-18T23:20:09","modified_gmt":"2019-06-18T23:20:09","slug":"certificados-do-xiii-ciclo-de-defesa-de-tccs-de-matematica","status":"publish","type":"page","link":"https:\/\/www2.unifap.br\/matematica\/?page_id=4253","title":{"rendered":"Certificados do 13\u00ba Ciclo de Defesa de TCC\u2019s de Matem\u00e1tica"},"content":{"rendered":"<p><strong>CERTIFICADOS:<\/strong><\/p>\n<p><strong>&#8211; PALESTRANTES:<\/strong><\/p>\n<ul>\n<li><strong><a href=\"http:\/\/www2.unifap.br\/matematica\/files\/2018\/11\/ALAYN-ERICKSON-ALVES-DE-S.-FILHO1.pdf\">ALAYN ERICKSON ALVES DE S. FILHO<\/a><\/strong><\/li>\n<li><strong><a href=\"http:\/\/www2.unifap.br\/matematica\/files\/2018\/11\/ANA-KAROLINE-DOS-SANTOS-DA-TRINDADE1.pdf\">ANA KAROLINE DOS SANTOS DA TRINDADE<\/a><\/strong><\/li>\n<li><strong><a href=\"http:\/\/www2.unifap.br\/matematica\/files\/2018\/11\/BRUNO-C\u00c1SSIO-MENEZES-LEAL1.pdf\">BRUNO C\u00c1SSIO MENEZES LEAL<\/a><\/strong><\/li>\n<li><strong><a href=\"http:\/\/www2.unifap.br\/matematica\/files\/2018\/11\/DALSIV\u00c2NIA-DA-SILVA-GARCIA1.pdf\">DALSIV\u00c2NIA DA SILVA GARCIA<\/a><\/strong><\/li>\n<li><strong><a href=\"http:\/\/www2.unifap.br\/matematica\/files\/2018\/11\/FERNANDO-BRUNO-MARTINS-NUNES1.pdf\">FERNANDO BRUNO MARTINS NUNES<\/a><\/strong><\/li>\n<li><strong><a href=\"http:\/\/www2.unifap.br\/matematica\/files\/2018\/11\/GILBERLANDIO-JESUS-DIAS1.pdf\">GILBERLANDIO JESUS DIAS<\/a><\/strong><\/li>\n<li><strong><a href=\"http:\/\/www2.unifap.br\/matematica\/files\/2018\/11\/GILVANA-DE-MORAIS-MARTINS1.pdf\">GILVANA DE MORAIS MARTINS<\/a><\/strong><\/li>\n<li><strong><a href=\"http:\/\/www2.unifap.br\/matematica\/files\/2018\/11\/KELMEM-BARROSO1.pdf\">KELMEM BARROSO<\/a><\/strong><\/li>\n<li><strong><a href=\"http:\/\/www2.unifap.br\/matematica\/files\/2018\/11\/R\u00d4MULO-LIMA-DA-GAMA1.pdf\">R\u00d4MULO LIMA DA GAMA<\/a><\/strong><\/li>\n<\/ul>\n<h3><strong>&#8211; Ouvintes: (Observa\u00e7\u00e3o: Baixe o arquivo; encontre a p\u00e1gina do seu certificado e salve o mesmo ou imprima.)<\/strong><\/h3>\n<ul>\n<li>\n<h3><strong><a href=\"http:\/\/www2.unifap.br\/matematica\/files\/2018\/11\/Certificado-de-Ouvinte.pdf\">Certificado de Ouvinte<\/a><\/strong><\/h3>\n<\/li>\n<\/ul>\n<h3>&#8211; <strong>Monitores: (Observa\u00e7\u00e3o: Baixe o arquivo; encontre a p\u00e1gina do seu certificado e salve o mesmo ou imprima.)<\/strong><\/h3>\n<ul>\n<li>\n<h3><strong><a href=\"http:\/\/www2.unifap.br\/matematica\/files\/2018\/11\/Certificado-monitor.pdf\">Certificado de monitor<\/a><\/strong><\/h3>\n<\/li>\n<\/ul>\n","protected":false},"excerpt":{"rendered":"<p>CERTIFICADOS: &#8211; PALESTRANTES: ALAYN ERICKSON ALVES DE S. FILHO ANA KAROLINE DOS SANTOS DA TRINDADE BRUNO C\u00c1SSIO MENEZES LEAL DALSIV\u00c2NIA DA SILVA GARCIA FERNANDO BRUNO MARTINS NUNES GILBERLANDIO JESUS DIAS GILVANA DE MORAIS MARTINS KELMEM BARROSO R\u00d4MULO LIMA DA GAMA &#8211; Ouvintes: (Observa\u00e7\u00e3o: Baixe o arquivo; encontre a p\u00e1gina do seu certificado e salve o&#8230;<\/p>\n","protected":false},"author":2067,"featured_media":0,"parent":2767,"menu_order":3,"comment_status":"open","ping_status":"closed","template":"","meta":{"inline_featured_image":false,"site-sidebar-layout":"default","site-content-layout":"","ast-site-content-layout":"default","site-content-style":"default","site-sidebar-style":"default","ast-global-header-display":"","ast-banner-title-visibility":"","ast-main-header-display":"","ast-hfb-above-header-display":"","ast-hfb-below-header-display":"","ast-hfb-mobile-header-display":"","site-post-title":"","ast-breadcrumbs-content":"","ast-featured-img":"","footer-sml-layout":"","theme-transparent-header-meta":"","adv-header-id-meta":"","stick-header-meta":"","header-above-stick-meta":"","header-main-stick-meta":"","header-below-stick-meta":"","astra-migrate-meta-layouts":"default","ast-page-background-enabled":"default","ast-page-background-meta":{"desktop":{"background-color":"var(--ast-global-color-4)","background-image":"","background-repeat":"repeat","background-position":"center center","background-size":"auto","background-attachment":"scroll","background-type":"","background-media":"","overlay-type":"","overlay-color":"","overlay-opacity":"","overlay-gradient":""},"tablet":{"background-color":"","background-image":"","background-repeat":"repeat","background-position":"center center","background-size":"auto","background-attachment":"scroll","background-type":"","background-media":"","overlay-type":"","overlay-color":"","overlay-opacity":"","overlay-gradient":""},"mobile":{"background-color":"","background-image":"","background-repeat":"repeat","background-position":"center center","background-size":"auto","background-attachment":"scroll","background-type":"","background-media":"","overlay-type":"","overlay-color":"","overlay-opacity":"","overlay-gradient":""}},"ast-content-background-meta":{"desktop":{"background-color":"var(--ast-global-color-5)","background-image":"","background-repeat":"repeat","background-position":"center center","background-size":"auto","background-attachment":"scroll","background-type":"","background-media":"","overlay-type":"","overlay-color":"","overlay-opacity":"","overlay-gradient":""},"tablet":{"background-color":"var(--ast-global-color-5)","background-image":"","background-repeat":"repeat","background-position":"center center","background-size":"auto","background-attachment":"scroll","background-type":"","background-media":"","overlay-type":"","overlay-color":"","overlay-opacity":"","overlay-gradient":""},"mobile":{"background-color":"var(--ast-global-color-5)","background-image":"","background-repeat":"repeat","background-position":"center center","background-size":"auto","background-attachment":"scroll","background-type":"","background-media":"","overlay-type":"","overlay-color":"","overlay-opacity":"","overlay-gradient":""}},"ngg_post_thumbnail":0,"footnotes":""},"class_list":["post-4253","page","type-page","status-publish","hentry"],"_links":{"self":[{"href":"https:\/\/www2.unifap.br\/matematica\/index.php?rest_route=\/wp\/v2\/pages\/4253","targetHints":{"allow":["GET"]}}],"collection":[{"href":"https:\/\/www2.unifap.br\/matematica\/index.php?rest_route=\/wp\/v2\/pages"}],"about":[{"href":"https:\/\/www2.unifap.br\/matematica\/index.php?rest_route=\/wp\/v2\/types\/page"}],"author":[{"embeddable":true,"href":"https:\/\/www2.unifap.br\/matematica\/index.php?rest_route=\/wp\/v2\/users\/2067"}],"replies":[{"embeddable":true,"href":"https:\/\/www2.unifap.br\/matematica\/index.php?rest_route=%2Fwp%2Fv2%2Fcomments&post=4253"}],"version-history":[{"count":9,"href":"https:\/\/www2.unifap.br\/matematica\/index.php?rest_route=\/wp\/v2\/pages\/4253\/revisions"}],"predecessor-version":[{"id":4630,"href":"https:\/\/www2.unifap.br\/matematica\/index.php?rest_route=\/wp\/v2\/pages\/4253\/revisions\/4630"}],"up":[{"embeddable":true,"href":"https:\/\/www2.unifap.br\/matematica\/index.php?rest_route=\/wp\/v2\/pages\/2767"}],"wp:attachment":[{"href":"https:\/\/www2.unifap.br\/matematica\/index.php?rest_route=%2Fwp%2Fv2%2Fmedia&parent=4253"}],"curies":[{"name":"wp","href":"https:\/\/api.w.org\/{rel}","templated":true}]}}