{"id":436,"date":"2014-01-24T12:51:20","date_gmt":"2014-01-24T12:51:20","guid":{"rendered":"http:\/\/www2.unifap.br\/matematica\/?page_id=436"},"modified":"2020-05-22T12:36:08","modified_gmt":"2020-05-22T12:36:08","slug":"grupos-de-pesquisa","status":"publish","type":"page","link":"https:\/\/www2.unifap.br\/matematica\/?page_id=436","title":{"rendered":"GRUPOS DE PESQUISA"},"content":{"rendered":"<p><strong>01)\u00a0<a href=\"http:\/\/dgp.cnpq.br\/dgp\/espelhogrupo\/1752766336719643\" target=\"_blank\" rel=\"noopener\">Equa\u00e7\u00f5es Diferenciais Parciais e Mec\u00e2nica dos Fluidos<\/a><\/strong><\/p>\n<p><strong>L\u00edder<\/strong><strong>:<\/strong>\u00a0Prof. Dr. Gilberlandio Jesus Dias<\/p>\n<p><strong>02)\u00a0<a href=\"http:\/\/dgp.cnpq.br\/dgp\/espelhogrupo\/5255361896097271\" target=\"_blank\" rel=\"noopener\">Grupo de Pesquisa em Matem\u00e1tica Aplicada e Computacional \u2013 GPMAC<\/a><\/strong><\/p>\n<p><strong>L\u00edder:<\/strong>\u00a0Prof. Me. Jo\u00e3o Socorro Pinheiro Ferreira<\/p>\n<p><strong>03)\u00a0<a href=\"http:\/\/www2.unifap.br\/nuphce\" target=\"_blank\" rel=\"noopener\">N\u00facleo de Pesquisa Hist\u00f3ria da Ci\u00eancia e Ensino \u2013 NUPHCE<\/a><\/strong><\/p>\n<p><strong>L\u00edder:<\/strong>\u00a0Prof\u00aa. Dra. Eliane Leal Vasquez<\/p>\n<p><strong>\u00a004)<a href=\"http:\/\/www2.unifap.br\/matematica-gteia\/\"> Grupo de Pesquisa em Tecnologia Educa\u00e7\u00e3o Inclus\u00e3o e Acessibilidade\u00a0&#8211; GTEIA<\/a><\/strong><\/p>\n<p><strong>L\u00edder:<\/strong> Prof\u00aa. Dra. Simone de Almeida Delphim Leal<\/p>\n<ol>\n<li><a title=\"Projeto Rob\u00f3tica Tucuju\" href=\"http:\/\/roboticatucuju.wixsite.com\/home\" target=\"_blank\" rel=\"noopener\">Projeto Rob\u00f3tica Tucuju<\/a>\u00a0\u00a0<a href=\"https:\/\/www.facebook.com\/RoboticaTucuju\/\" target=\"_blank\" rel=\"noopener\"><img decoding=\"async\" class=\"alignnone\" src=\"https:\/\/www.seeklogo.net\/wp-content\/uploads\/2011\/06\/facebook-icon-logo-vector-400x400.png\" alt=\"Resultado de imagem para logo facebook png\" width=\"20\" height=\"20\" \/><\/a><\/li>\n<li>Projeto Matem\u00e1tica Inclusiva<\/li>\n<\/ol>\n<p><strong>05)<a href=\"https:\/\/www2.unifap.br\/matematicaplicada\/\"> Grupo de Pesquisa\u00a0 em Matem\u00e1tica Pura Aplicada &#8211; GPMaPA<\/a><\/strong><\/p>\n<p><strong>L\u00edder:<\/strong> Prof\u00aa. Dra. Simone de Almeida Delphim Leal<\/p>\n<ul>\n<li>Projeto Modelagem Matem\u00e1tica e Simula\u00e7\u00e3o Num\u00e9rica\n<ul>\n<li><a href=\"https:\/\/www2.unifap.br\/matematicaplicada\/\">Covid-19<\/a><\/li>\n<\/ul>\n<\/li>\n<\/ul>\n<p>&nbsp;<\/p>\n","protected":false},"excerpt":{"rendered":"<p>01)\u00a0Equa\u00e7\u00f5es Diferenciais Parciais e Mec\u00e2nica dos Fluidos L\u00edder:\u00a0Prof. Dr. Gilberlandio Jesus Dias 02)\u00a0Grupo de Pesquisa em Matem\u00e1tica Aplicada e Computacional \u2013 GPMAC L\u00edder:\u00a0Prof. Me. Jo\u00e3o Socorro Pinheiro Ferreira 03)\u00a0N\u00facleo de Pesquisa Hist\u00f3ria da Ci\u00eancia e Ensino \u2013 NUPHCE L\u00edder:\u00a0Prof\u00aa. Dra. Eliane Leal Vasquez \u00a004) Grupo de Pesquisa em Tecnologia Educa\u00e7\u00e3o Inclus\u00e3o e Acessibilidade\u00a0&#8211; GTEIA L\u00edder:&#8230;<\/p>\n","protected":false},"author":363,"featured_media":0,"parent":0,"menu_order":7,"comment_status":"open","ping_status":"closed","template":"","meta":{"inline_featured_image":false,"site-sidebar-layout":"default","site-content-layout":"","ast-site-content-layout":"default","site-content-style":"default","site-sidebar-style":"default","ast-global-header-display":"","ast-banner-title-visibility":"","ast-main-header-display":"","ast-hfb-above-header-display":"","ast-hfb-below-header-display":"","ast-hfb-mobile-header-display":"","site-post-title":"","ast-breadcrumbs-content":"","ast-featured-img":"","footer-sml-layout":"","theme-transparent-header-meta":"","adv-header-id-meta":"","stick-header-meta":"","header-above-stick-meta":"","header-main-stick-meta":"","header-below-stick-meta":"","astra-migrate-meta-layouts":"default","ast-page-background-enabled":"default","ast-page-background-meta":{"desktop":{"background-color":"var(--ast-global-color-4)","background-image":"","background-repeat":"repeat","background-position":"center center","background-size":"auto","background-attachment":"scroll","background-type":"","background-media":"","overlay-type":"","overlay-color":"","overlay-opacity":"","overlay-gradient":""},"tablet":{"background-color":"","background-image":"","background-repeat":"repeat","background-position":"center center","background-size":"auto","background-attachment":"scroll","background-type":"","background-media":"","overlay-type":"","overlay-color":"","overlay-opacity":"","overlay-gradient":""},"mobile":{"background-color":"","background-image":"","background-repeat":"repeat","background-position":"center center","background-size":"auto","background-attachment":"scroll","background-type":"","background-media":"","overlay-type":"","overlay-color":"","overlay-opacity":"","overlay-gradient":""}},"ast-content-background-meta":{"desktop":{"background-color":"var(--ast-global-color-5)","background-image":"","background-repeat":"repeat","background-position":"center center","background-size":"auto","background-attachment":"scroll","background-type":"","background-media":"","overlay-type":"","overlay-color":"","overlay-opacity":"","overlay-gradient":""},"tablet":{"background-color":"var(--ast-global-color-5)","background-image":"","background-repeat":"repeat","background-position":"center center","background-size":"auto","background-attachment":"scroll","background-type":"","background-media":"","overlay-type":"","overlay-color":"","overlay-opacity":"","overlay-gradient":""},"mobile":{"background-color":"var(--ast-global-color-5)","background-image":"","background-repeat":"repeat","background-position":"center center","background-size":"auto","background-attachment":"scroll","background-type":"","background-media":"","overlay-type":"","overlay-color":"","overlay-opacity":"","overlay-gradient":""}},"ngg_post_thumbnail":0,"footnotes":""},"class_list":["post-436","page","type-page","status-publish","hentry"],"_links":{"self":[{"href":"https:\/\/www2.unifap.br\/matematica\/index.php?rest_route=\/wp\/v2\/pages\/436","targetHints":{"allow":["GET"]}}],"collection":[{"href":"https:\/\/www2.unifap.br\/matematica\/index.php?rest_route=\/wp\/v2\/pages"}],"about":[{"href":"https:\/\/www2.unifap.br\/matematica\/index.php?rest_route=\/wp\/v2\/types\/page"}],"author":[{"embeddable":true,"href":"https:\/\/www2.unifap.br\/matematica\/index.php?rest_route=\/wp\/v2\/users\/363"}],"replies":[{"embeddable":true,"href":"https:\/\/www2.unifap.br\/matematica\/index.php?rest_route=%2Fwp%2Fv2%2Fcomments&post=436"}],"version-history":[{"count":13,"href":"https:\/\/www2.unifap.br\/matematica\/index.php?rest_route=\/wp\/v2\/pages\/436\/revisions"}],"predecessor-version":[{"id":4956,"href":"https:\/\/www2.unifap.br\/matematica\/index.php?rest_route=\/wp\/v2\/pages\/436\/revisions\/4956"}],"wp:attachment":[{"href":"https:\/\/www2.unifap.br\/matematica\/index.php?rest_route=%2Fwp%2Fv2%2Fmedia&parent=436"}],"curies":[{"name":"wp","href":"https:\/\/api.w.org\/{rel}","templated":true}]}}