{"id":4675,"date":"2019-11-04T19:36:09","date_gmt":"2019-11-04T19:36:09","guid":{"rendered":"http:\/\/www2.unifap.br\/matematica\/?page_id=4675"},"modified":"2019-11-04T19:39:14","modified_gmt":"2019-11-04T19:39:14","slug":"certificados-do-14o-ciclo-de-defesa-de-tccs-de-matematica","status":"publish","type":"page","link":"https:\/\/www2.unifap.br\/matematica\/?page_id=4675","title":{"rendered":"Certificados do 14\u00ba Ciclo de Defesa de TCC\u2019s de Matem\u00e1tica"},"content":{"rendered":"<p><strong>CERTIFICADOS:<\/strong><\/p>\n<h3><strong>\u2013 Palestrantes:<\/strong><\/h3>\n<p><strong><a href=\"http:\/\/www2.unifap.br\/matematica\/files\/2019\/11\/ALAYN-ERICKSON-ALVES-DE-S.-FILHO.pdf\">ALAYN ERICKSON ALVES DE S. FILHO<\/a><\/strong><\/p>\n<p><strong><a href=\"http:\/\/www2.unifap.br\/matematica\/files\/2019\/11\/ANA-KAROLINE-DOS-SANTOS-DA-TRINDADE.pdf\">ANA KAROLINE DOS SANTOS DA TRINDADE<\/a><\/strong><\/p>\n<p><strong><a href=\"http:\/\/www2.unifap.br\/matematica\/files\/2019\/11\/BRUNO-C\u00c1SSIO-MENEZES-LEAL.pdf\">BRUNO C\u00c1SSIO MENEZES LEAL<\/a><\/strong><\/p>\n<p><strong><a href=\"http:\/\/www2.unifap.br\/matematica\/files\/2019\/11\/DANIEL-MORAES-DOS-REIS.pdf\">DANIEL MORAES DOS REIS<\/a><\/strong><\/p>\n<p><strong><a href=\"http:\/\/www2.unifap.br\/matematica\/files\/2019\/11\/GILVANA-DE-MORAIS-LIMA.pdf\">GILVANA DE MORAIS LIMA<\/a><\/strong><\/p>\n<p><strong><a href=\"http:\/\/www2.unifap.br\/matematica\/files\/2019\/11\/KELMEM-DA-CRUZ-BARROSO.pdf\">KELMEM DA CRUZ BARROSO<\/a><\/strong><\/p>\n<p><strong><a href=\"http:\/\/www2.unifap.br\/matematica\/files\/2019\/11\/MATTHEUS-LUSTOSA-DE-MELO-MACHADO.pdf\">MATTHEUS LUSTOSA DE MELO MACHADO<\/a><\/strong><\/p>\n<p><strong><a href=\"http:\/\/www2.unifap.br\/matematica\/files\/2019\/11\/RANON-DE-SOUZA-GOMES2.pdf\">RANON DE SOUZA GOMES(2)<\/a><\/strong><\/p>\n<p><strong><a href=\"http:\/\/www2.unifap.br\/matematica\/files\/2019\/11\/RANON-DE-SOUZA-GOMES.pdf\">RANON DE SOUZA GOMES<\/a><\/strong><\/p>\n<p><strong><a href=\"http:\/\/www2.unifap.br\/matematica\/files\/2019\/11\/RENAN-DA-COSTA-NOBRE.pdf\">RENAN DA COSTA NOBRE<\/a><\/strong><\/p>\n<p><strong><a href=\"http:\/\/www2.unifap.br\/matematica\/files\/2019\/11\/VIN\u00cdCIUS-LEMOS-DOS-SANTOS.pdf\">VIN\u00cdCIUS LEMOS DOS SANTOS<\/a><\/strong><\/p>\n<h3><strong>\u2013 Ouvintes: (Observa\u00e7\u00e3o: Baixe o arquivo; encontre a p\u00e1gina do seu certificado e salve o mesmo ou imprima.)<\/strong><\/h3>\n<p><strong><a href=\"http:\/\/www2.unifap.br\/matematica\/files\/2019\/11\/Certificados_ouvintes.pdf\">Certificados_ouvintes<\/a><\/strong><\/p>\n<h3><strong>\u2013&nbsp;Monitores: (Observa\u00e7\u00e3o: Baixe o arquivo; encontre a p\u00e1gina do seu certificado e salve o mesmo ou imprima.)<\/strong><\/h3>\n<p><strong><a href=\"http:\/\/www2.unifap.br\/matematica\/files\/2019\/11\/Certificados-Monitores-XIV-CDTM.pdf\">Certificados Monitores XIV CDTM<\/a><\/strong><\/p>\n<h3><strong>\u2013&nbsp;Ministrantes:<\/strong><\/h3>\n<h3><strong>Fun\u00e7\u00f5es e Problemas:<\/strong><\/h3>\n<p><strong><a href=\"http:\/\/www2.unifap.br\/matematica\/files\/2019\/11\/Certificados-Ministrante-Minicurso-Fun\u00e7\u00f5es-e-Problemas.pdf\">Certificados Ministrante Minicurso Fun\u00e7\u00f5es e Problemas<\/a><\/strong><\/p>\n<h3><strong>Jogando com Fun\u00e7\u00f5es:<\/strong><\/h3>\n<p><strong><a href=\"http:\/\/www2.unifap.br\/matematica\/files\/2019\/11\/Certificados-Ministrantes-Jogando-com-Fun\u00e7\u00f5es.pdf\">Certificados Ministrantes Jogando com Fun\u00e7\u00f5es<\/a><\/strong><\/p>\n<h3><strong>Trilhando Conhecimento:<\/strong><\/h3>\n<p><strong><a href=\"http:\/\/www2.unifap.br\/matematica\/files\/2019\/11\/Certificados_Ministrantes_Trilhando_Conhecimento.pdf\">Certificados_Ministrantes_Trilhando_Conhecimento<\/a><\/strong><\/p>\n<h3><strong>Latex:<\/strong><\/h3>\n<p><strong><a href=\"http:\/\/www2.unifap.br\/matematica\/files\/2019\/11\/Certificados_Ministrantes_Latex.pdf\">Certificados_Ministrantes_Latex<\/a><\/strong><\/p>\n<h3><strong>\u2013&nbsp;Participantes dos Minicursos:<\/strong><\/h3>\n<h3><strong>Fun\u00e7\u00f5es e Problemas:<\/strong><\/h3>\n<p><strong><a href=\"http:\/\/www2.unifap.br\/matematica\/files\/2019\/11\/Certificados_participantes_Fun\u00e7\u00f5es-e-Problemas.pdf\">Certificados_participantes_Fun\u00e7\u00f5es e Problemas<\/a><\/strong><\/p>\n<h3><strong>Jogando com Fun\u00e7\u00f5es:<\/strong><\/h3>\n<p><strong><a href=\"http:\/\/www2.unifap.br\/matematica\/files\/2019\/11\/Certificados-Participantes-Minicurso-Jogando-com-Fun\u00e7\u00f5es.pdf\">Certificados Participantes Minicurso Jogando com Fun\u00e7\u00f5es<\/a><\/strong><\/p>\n<h3><strong>Trilhando Conhecimento:<\/strong><\/h3>\n<p><strong><a href=\"http:\/\/www2.unifap.br\/matematica\/files\/2019\/11\/Certificados_participantes_Trilhando_Conhecimento.pdf\">Certificados_participantes_Trilhando_Conhecimento<\/a><\/strong><\/p>\n<h3><strong>Latex:<\/strong><\/h3>\n<p><strong><a href=\"http:\/\/www2.unifap.br\/matematica\/files\/2019\/11\/Certificados_Participantes_Latex.pdf\">Certificados_Participantes_Latex<\/a><\/strong><\/p>\n","protected":false},"excerpt":{"rendered":"<p>CERTIFICADOS: \u2013 Palestrantes: ALAYN ERICKSON ALVES DE S. FILHO ANA KAROLINE DOS SANTOS DA TRINDADE BRUNO C\u00c1SSIO MENEZES LEAL DANIEL MORAES DOS REIS GILVANA DE MORAIS LIMA KELMEM DA CRUZ BARROSO MATTHEUS LUSTOSA DE MELO MACHADO RANON DE SOUZA GOMES(2) RANON DE SOUZA GOMES RENAN DA COSTA NOBRE VIN\u00cdCIUS LEMOS DOS SANTOS \u2013 Ouvintes: (Observa\u00e7\u00e3o:&#8230;<\/p>\n","protected":false},"author":2067,"featured_media":0,"parent":2767,"menu_order":0,"comment_status":"closed","ping_status":"closed","template":"","meta":{"inline_featured_image":false,"site-sidebar-layout":"default","site-content-layout":"","ast-site-content-layout":"default","site-content-style":"default","site-sidebar-style":"default","ast-global-header-display":"","ast-banner-title-visibility":"","ast-main-header-display":"","ast-hfb-above-header-display":"","ast-hfb-below-header-display":"","ast-hfb-mobile-header-display":"","site-post-title":"","ast-breadcrumbs-content":"","ast-featured-img":"","footer-sml-layout":"","theme-transparent-header-meta":"","adv-header-id-meta":"","stick-header-meta":"","header-above-stick-meta":"","header-main-stick-meta":"","header-below-stick-meta":"","astra-migrate-meta-layouts":"default","ast-page-background-enabled":"default","ast-page-background-meta":{"desktop":{"background-color":"var(--ast-global-color-4)","background-image":"","background-repeat":"repeat","background-position":"center center","background-size":"auto","background-attachment":"scroll","background-type":"","background-media":"","overlay-type":"","overlay-color":"","overlay-opacity":"","overlay-gradient":""},"tablet":{"background-color":"","background-image":"","background-repeat":"repeat","background-position":"center center","background-size":"auto","background-attachment":"scroll","background-type":"","background-media":"","overlay-type":"","overlay-color":"","overlay-opacity":"","overlay-gradient":""},"mobile":{"background-color":"","background-image":"","background-repeat":"repeat","background-position":"center center","background-size":"auto","background-attachment":"scroll","background-type":"","background-media":"","overlay-type":"","overlay-color":"","overlay-opacity":"","overlay-gradient":""}},"ast-content-background-meta":{"desktop":{"background-color":"var(--ast-global-color-5)","background-image":"","background-repeat":"repeat","background-position":"center center","background-size":"auto","background-attachment":"scroll","background-type":"","background-media":"","overlay-type":"","overlay-color":"","overlay-opacity":"","overlay-gradient":""},"tablet":{"background-color":"var(--ast-global-color-5)","background-image":"","background-repeat":"repeat","background-position":"center center","background-size":"auto","background-attachment":"scroll","background-type":"","background-media":"","overlay-type":"","overlay-color":"","overlay-opacity":"","overlay-gradient":""},"mobile":{"background-color":"var(--ast-global-color-5)","background-image":"","background-repeat":"repeat","background-position":"center center","background-size":"auto","background-attachment":"scroll","background-type":"","background-media":"","overlay-type":"","overlay-color":"","overlay-opacity":"","overlay-gradient":""}},"ngg_post_thumbnail":0,"footnotes":""},"class_list":["post-4675","page","type-page","status-publish","hentry"],"_links":{"self":[{"href":"https:\/\/www2.unifap.br\/matematica\/index.php?rest_route=\/wp\/v2\/pages\/4675","targetHints":{"allow":["GET"]}}],"collection":[{"href":"https:\/\/www2.unifap.br\/matematica\/index.php?rest_route=\/wp\/v2\/pages"}],"about":[{"href":"https:\/\/www2.unifap.br\/matematica\/index.php?rest_route=\/wp\/v2\/types\/page"}],"author":[{"embeddable":true,"href":"https:\/\/www2.unifap.br\/matematica\/index.php?rest_route=\/wp\/v2\/users\/2067"}],"replies":[{"embeddable":true,"href":"https:\/\/www2.unifap.br\/matematica\/index.php?rest_route=%2Fwp%2Fv2%2Fcomments&post=4675"}],"version-history":[{"count":6,"href":"https:\/\/www2.unifap.br\/matematica\/index.php?rest_route=\/wp\/v2\/pages\/4675\/revisions"}],"predecessor-version":[{"id":4705,"href":"https:\/\/www2.unifap.br\/matematica\/index.php?rest_route=\/wp\/v2\/pages\/4675\/revisions\/4705"}],"up":[{"embeddable":true,"href":"https:\/\/www2.unifap.br\/matematica\/index.php?rest_route=\/wp\/v2\/pages\/2767"}],"wp:attachment":[{"href":"https:\/\/www2.unifap.br\/matematica\/index.php?rest_route=%2Fwp%2Fv2%2Fmedia&parent=4675"}],"curies":[{"name":"wp","href":"https:\/\/api.w.org\/{rel}","templated":true}]}}