{"id":4790,"date":"2020-02-11T12:02:03","date_gmt":"2020-02-11T12:02:03","guid":{"rendered":"http:\/\/www2.unifap.br\/matematica\/?page_id=4790"},"modified":"2023-11-23T02:31:49","modified_gmt":"2023-11-23T02:31:49","slug":"prof-me-edcarlos-vasconcelos-da-silva","status":"publish","type":"page","link":"https:\/\/www2.unifap.br\/matematica\/?page_id=4790","title":{"rendered":"Prof. Dr Edcarlos Vasconcelos da Silva"},"content":{"rendered":"<p><strong><a href=\"http:\/\/www2.unifap.br\/matematica\/files\/2020\/02\/Foto-Edcarlos.jpg\"><img decoding=\"async\" class=\"alignnone wp-image-4793\" src=\"http:\/\/www2.unifap.br\/matematica\/files\/2020\/02\/Foto-Edcarlos-150x150.jpg\" alt=\"\" width=\"89\" height=\"89\" srcset=\"https:\/\/www2.unifap.br\/matematica\/files\/2020\/02\/Foto-Edcarlos-150x150.jpg 150w, https:\/\/www2.unifap.br\/matematica\/files\/2020\/02\/Foto-Edcarlos-70x70.jpg 70w\" sizes=\"(max-width: 89px) 100vw, 89px\" \/><\/a><\/strong><\/p>\n<p><strong>Curr\u00edculo Lattes: <a href=\"http:\/\/lattes.cnpq.br\/1664473755869113\">http:\/\/lattes.cnpq.br\/1664473755869113<\/a><\/strong><\/p>\n<p><strong>Temas de pesquisa: Ensino de Matem\u00e1tica e Suas Tecnologias. M\u00e9todos Matem\u00e1ticos e Estat\u00edsticos Aplicados em Sa\u00fade P\u00fablica.<\/strong><\/p>\n<p><strong>E-mail: <a href=\"mailto:edcarlos.vasconcellos@unifap.br\">edcarlos.vasconcellos@unifap.br<\/a><\/strong><\/p>\n<p>&nbsp;<\/p>\n","protected":false},"excerpt":{"rendered":"<p>Curr\u00edculo Lattes: http:\/\/lattes.cnpq.br\/1664473755869113 Temas de pesquisa: Ensino de Matem\u00e1tica e Suas Tecnologias. M\u00e9todos Matem\u00e1ticos e Estat\u00edsticos Aplicados em Sa\u00fade P\u00fablica. E-mail: edcarlos.vasconcellos@unifap.br &nbsp;<\/p>\n","protected":false},"author":2067,"featured_media":0,"parent":4807,"menu_order":2,"comment_status":"closed","ping_status":"closed","template":"","meta":{"inline_featured_image":false,"site-sidebar-layout":"default","site-content-layout":"","ast-site-content-layout":"default","site-content-style":"default","site-sidebar-style":"default","ast-global-header-display":"","ast-banner-title-visibility":"","ast-main-header-display":"","ast-hfb-above-header-display":"","ast-hfb-below-header-display":"","ast-hfb-mobile-header-display":"","site-post-title":"","ast-breadcrumbs-content":"","ast-featured-img":"","footer-sml-layout":"","theme-transparent-header-meta":"","adv-header-id-meta":"","stick-header-meta":"","header-above-stick-meta":"","header-main-stick-meta":"","header-below-stick-meta":"","astra-migrate-meta-layouts":"default","ast-page-background-enabled":"default","ast-page-background-meta":{"desktop":{"background-color":"var(--ast-global-color-4)","background-image":"","background-repeat":"repeat","background-position":"center center","background-size":"auto","background-attachment":"scroll","background-type":"","background-media":"","overlay-type":"","overlay-color":"","overlay-opacity":"","overlay-gradient":""},"tablet":{"background-color":"","background-image":"","background-repeat":"repeat","background-position":"center center","background-size":"auto","background-attachment":"scroll","background-type":"","background-media":"","overlay-type":"","overlay-color":"","overlay-opacity":"","overlay-gradient":""},"mobile":{"background-color":"","background-image":"","background-repeat":"repeat","background-position":"center center","background-size":"auto","background-attachment":"scroll","background-type":"","background-media":"","overlay-type":"","overlay-color":"","overlay-opacity":"","overlay-gradient":""}},"ast-content-background-meta":{"desktop":{"background-color":"var(--ast-global-color-5)","background-image":"","background-repeat":"repeat","background-position":"center center","background-size":"auto","background-attachment":"scroll","background-type":"","background-media":"","overlay-type":"","overlay-color":"","overlay-opacity":"","overlay-gradient":""},"tablet":{"background-color":"var(--ast-global-color-5)","background-image":"","background-repeat":"repeat","background-position":"center center","background-size":"auto","background-attachment":"scroll","background-type":"","background-media":"","overlay-type":"","overlay-color":"","overlay-opacity":"","overlay-gradient":""},"mobile":{"background-color":"var(--ast-global-color-5)","background-image":"","background-repeat":"repeat","background-position":"center center","background-size":"auto","background-attachment":"scroll","background-type":"","background-media":"","overlay-type":"","overlay-color":"","overlay-opacity":"","overlay-gradient":""}},"ngg_post_thumbnail":0,"footnotes":""},"class_list":["post-4790","page","type-page","status-publish","hentry"],"_links":{"self":[{"href":"https:\/\/www2.unifap.br\/matematica\/index.php?rest_route=\/wp\/v2\/pages\/4790","targetHints":{"allow":["GET"]}}],"collection":[{"href":"https:\/\/www2.unifap.br\/matematica\/index.php?rest_route=\/wp\/v2\/pages"}],"about":[{"href":"https:\/\/www2.unifap.br\/matematica\/index.php?rest_route=\/wp\/v2\/types\/page"}],"author":[{"embeddable":true,"href":"https:\/\/www2.unifap.br\/matematica\/index.php?rest_route=\/wp\/v2\/users\/2067"}],"replies":[{"embeddable":true,"href":"https:\/\/www2.unifap.br\/matematica\/index.php?rest_route=%2Fwp%2Fv2%2Fcomments&post=4790"}],"version-history":[{"count":14,"href":"https:\/\/www2.unifap.br\/matematica\/index.php?rest_route=\/wp\/v2\/pages\/4790\/revisions"}],"predecessor-version":[{"id":5843,"href":"https:\/\/www2.unifap.br\/matematica\/index.php?rest_route=\/wp\/v2\/pages\/4790\/revisions\/5843"}],"up":[{"embeddable":true,"href":"https:\/\/www2.unifap.br\/matematica\/index.php?rest_route=\/wp\/v2\/pages\/4807"}],"wp:attachment":[{"href":"https:\/\/www2.unifap.br\/matematica\/index.php?rest_route=%2Fwp%2Fv2%2Fmedia&parent=4790"}],"curies":[{"name":"wp","href":"https:\/\/api.w.org\/{rel}","templated":true}]}}