{"id":4971,"date":"2020-07-07T19:39:23","date_gmt":"2020-07-07T19:39:23","guid":{"rendered":"http:\/\/www2.unifap.br\/matematica\/?page_id=4971"},"modified":"2020-07-07T19:47:18","modified_gmt":"2020-07-07T19:47:18","slug":"eleicao-para-coordenador-e-vice-coordenador-do-curso","status":"publish","type":"page","link":"https:\/\/www2.unifap.br\/matematica\/?page_id=4971","title":{"rendered":"Elei\u00e7\u00e3o para Coordenador e Vice coordenador do curso. 2020-2022"},"content":{"rendered":"<p style=\"text-align: justify\"><strong>A Reitoria da Universidade Federal do Amap\u00e1 (UNIFAP) torna p\u00fablico o Edital n\u00ba 01 de 07 de julho de 2020 que regulamenta a elei\u00e7\u00e3o para Coordenador e Vice-Coordenador do Curso de Gradua\u00e7\u00e3o em Matem\u00e1tica para o mandato de Agosto de 2020 at\u00e9 Agosto de 2022, sendo suas regras e procedimentos descritos no edital abaixo.<\/strong><\/p>\n<p style=\"text-align: justify\"><strong>A inscri\u00e7\u00e3o de chapa (Coordenador e Vice-Coordenador) dever\u00e1 ser encaminhada ao presidente da Comiss\u00e3o Eleitoral, no per\u00edodo de 14 at\u00e9 16 de julho de 2020, hor\u00e1rio: 00h01min at\u00e9 23h59min.<\/strong><\/p>\n<p style=\"text-align: justify\"><a href=\"http:\/\/www2.unifap.br\/matematica\/files\/2020\/07\/Edital-de-Elei\u00e7\u00e3o-de-07-de-julho-de-2020.pdf\"><strong>CLIQUE AQUI PARA TER ACESSO AO EDITAL.<\/strong><\/a><\/p>\n","protected":false},"excerpt":{"rendered":"<p>A Reitoria da Universidade Federal do Amap\u00e1 (UNIFAP) torna p\u00fablico o Edital n\u00ba 01 de 07 de julho de 2020 que regulamenta a elei\u00e7\u00e3o para Coordenador e Vice-Coordenador do Curso de Gradua\u00e7\u00e3o em Matem\u00e1tica para o mandato de Agosto de 2020 at\u00e9 Agosto de 2022, sendo suas regras e procedimentos descritos no edital abaixo. A&#8230;<\/p>\n","protected":false},"author":2067,"featured_media":0,"parent":4974,"menu_order":0,"comment_status":"closed","ping_status":"closed","template":"","meta":{"inline_featured_image":false,"site-sidebar-layout":"default","site-content-layout":"","ast-site-content-layout":"default","site-content-style":"default","site-sidebar-style":"default","ast-global-header-display":"","ast-banner-title-visibility":"","ast-main-header-display":"","ast-hfb-above-header-display":"","ast-hfb-below-header-display":"","ast-hfb-mobile-header-display":"","site-post-title":"","ast-breadcrumbs-content":"","ast-featured-img":"","footer-sml-layout":"","theme-transparent-header-meta":"","adv-header-id-meta":"","stick-header-meta":"","header-above-stick-meta":"","header-main-stick-meta":"","header-below-stick-meta":"","astra-migrate-meta-layouts":"default","ast-page-background-enabled":"default","ast-page-background-meta":{"desktop":{"background-color":"var(--ast-global-color-4)","background-image":"","background-repeat":"repeat","background-position":"center center","background-size":"auto","background-attachment":"scroll","background-type":"","background-media":"","overlay-type":"","overlay-color":"","overlay-opacity":"","overlay-gradient":""},"tablet":{"background-color":"","background-image":"","background-repeat":"repeat","background-position":"center center","background-size":"auto","background-attachment":"scroll","background-type":"","background-media":"","overlay-type":"","overlay-color":"","overlay-opacity":"","overlay-gradient":""},"mobile":{"background-color":"","background-image":"","background-repeat":"repeat","background-position":"center center","background-size":"auto","background-attachment":"scroll","background-type":"","background-media":"","overlay-type":"","overlay-color":"","overlay-opacity":"","overlay-gradient":""}},"ast-content-background-meta":{"desktop":{"background-color":"var(--ast-global-color-5)","background-image":"","background-repeat":"repeat","background-position":"center center","background-size":"auto","background-attachment":"scroll","background-type":"","background-media":"","overlay-type":"","overlay-color":"","overlay-opacity":"","overlay-gradient":""},"tablet":{"background-color":"var(--ast-global-color-5)","background-image":"","background-repeat":"repeat","background-position":"center center","background-size":"auto","background-attachment":"scroll","background-type":"","background-media":"","overlay-type":"","overlay-color":"","overlay-opacity":"","overlay-gradient":""},"mobile":{"background-color":"var(--ast-global-color-5)","background-image":"","background-repeat":"repeat","background-position":"center center","background-size":"auto","background-attachment":"scroll","background-type":"","background-media":"","overlay-type":"","overlay-color":"","overlay-opacity":"","overlay-gradient":""}},"ngg_post_thumbnail":0,"footnotes":""},"class_list":["post-4971","page","type-page","status-publish","hentry"],"_links":{"self":[{"href":"https:\/\/www2.unifap.br\/matematica\/index.php?rest_route=\/wp\/v2\/pages\/4971","targetHints":{"allow":["GET"]}}],"collection":[{"href":"https:\/\/www2.unifap.br\/matematica\/index.php?rest_route=\/wp\/v2\/pages"}],"about":[{"href":"https:\/\/www2.unifap.br\/matematica\/index.php?rest_route=\/wp\/v2\/types\/page"}],"author":[{"embeddable":true,"href":"https:\/\/www2.unifap.br\/matematica\/index.php?rest_route=\/wp\/v2\/users\/2067"}],"replies":[{"embeddable":true,"href":"https:\/\/www2.unifap.br\/matematica\/index.php?rest_route=%2Fwp%2Fv2%2Fcomments&post=4971"}],"version-history":[{"count":6,"href":"https:\/\/www2.unifap.br\/matematica\/index.php?rest_route=\/wp\/v2\/pages\/4971\/revisions"}],"predecessor-version":[{"id":4988,"href":"https:\/\/www2.unifap.br\/matematica\/index.php?rest_route=\/wp\/v2\/pages\/4971\/revisions\/4988"}],"up":[{"embeddable":true,"href":"https:\/\/www2.unifap.br\/matematica\/index.php?rest_route=\/wp\/v2\/pages\/4974"}],"wp:attachment":[{"href":"https:\/\/www2.unifap.br\/matematica\/index.php?rest_route=%2Fwp%2Fv2%2Fmedia&parent=4971"}],"curies":[{"name":"wp","href":"https:\/\/api.w.org\/{rel}","templated":true}]}}