{"id":4974,"date":"2020-07-07T19:29:07","date_gmt":"2020-07-07T19:29:07","guid":{"rendered":"http:\/\/www2.unifap.br\/matematica\/?page_id=4974"},"modified":"2020-08-12T22:44:44","modified_gmt":"2020-08-12T22:44:44","slug":"editais","status":"publish","type":"page","link":"https:\/\/www2.unifap.br\/matematica\/?page_id=4974","title":{"rendered":"EDITAIS"},"content":{"rendered":"<ul>\n<li><a href=\"http:\/\/www2.unifap.br\/matematica\/?page_id=4971\"><strong>Edital para coordenador de vice coordenador do curso. 2020-2022<\/strong><\/a><\/li>\n<li><a href=\"http:\/\/www2.unifap.br\/matematica\/files\/2020\/07\/Homologa\u00e7\u00e3o-de-Chapa.docx\"><strong>Homologa\u00e7\u00e3o de Chapa<\/strong><\/a><\/li>\n<li><strong><a href=\"http:\/\/www2.unifap.br\/matematica\/files\/2020\/07\/Plano-de-Trabalho.Chapa_-GEST\u00c3O-DEMOCR\u00c1TICA-E-TRANSPAR\u00caNCIA-ATIVA.docx\">Plano de Trabalho.Chapa_ GEST\u00c3O DEMOCR\u00c1TICA E TRANSPAR\u00caNCIA ATIVA<\/a><\/strong><\/li>\n<li><strong><a href=\"http:\/\/www2.unifap.br\/matematica\/files\/2020\/08\/ATA-DE-INSTALA\u00c7\u00c3O-DA-MESA-RECEPTORA-DE-VOTOS-DA-ELEI\u00c7\u00c3O.pdf\">ATA DE INSTALA\u00c7\u00c3O DA MESA RECEPTORA DE VOTOS DA ELEI\u00c7\u00c3O<\/a><\/strong><\/li>\n<li><strong><a href=\"http:\/\/www2.unifap.br\/matematica\/files\/2020\/08\/Ata-de-apura\u00e7\u00e3o-de-votos.pdf\">Ata de apura\u00e7\u00e3o de votos<\/a><\/strong><\/li>\n<li><strong><a href=\"http:\/\/www2.unifap.br\/matematica\/files\/2020\/08\/ATA-HOMOLOGA\u00c7\u00c3O-OFICIAL-DO-RESULTADO.pdf\">ATA HOMOLOGA\u00c7\u00c3O OFICIAL DO RESULTADO<\/a><\/strong><\/li>\n<\/ul>\n","protected":false},"excerpt":{"rendered":"<p>Edital para coordenador de vice coordenador do curso. 2020-2022 Homologa\u00e7\u00e3o de Chapa Plano de Trabalho.Chapa_ GEST\u00c3O DEMOCR\u00c1TICA E TRANSPAR\u00caNCIA ATIVA ATA DE INSTALA\u00c7\u00c3O DA MESA RECEPTORA DE VOTOS DA ELEI\u00c7\u00c3O Ata de apura\u00e7\u00e3o de votos ATA HOMOLOGA\u00c7\u00c3O OFICIAL DO RESULTADO<\/p>\n","protected":false},"author":2067,"featured_media":0,"parent":0,"menu_order":0,"comment_status":"closed","ping_status":"closed","template":"","meta":{"inline_featured_image":false,"site-sidebar-layout":"default","site-content-layout":"","ast-site-content-layout":"default","site-content-style":"default","site-sidebar-style":"default","ast-global-header-display":"","ast-banner-title-visibility":"","ast-main-header-display":"","ast-hfb-above-header-display":"","ast-hfb-below-header-display":"","ast-hfb-mobile-header-display":"","site-post-title":"","ast-breadcrumbs-content":"","ast-featured-img":"","footer-sml-layout":"","theme-transparent-header-meta":"","adv-header-id-meta":"","stick-header-meta":"","header-above-stick-meta":"","header-main-stick-meta":"","header-below-stick-meta":"","astra-migrate-meta-layouts":"default","ast-page-background-enabled":"default","ast-page-background-meta":{"desktop":{"background-color":"var(--ast-global-color-4)","background-image":"","background-repeat":"repeat","background-position":"center center","background-size":"auto","background-attachment":"scroll","background-type":"","background-media":"","overlay-type":"","overlay-color":"","overlay-opacity":"","overlay-gradient":""},"tablet":{"background-color":"","background-image":"","background-repeat":"repeat","background-position":"center center","background-size":"auto","background-attachment":"scroll","background-type":"","background-media":"","overlay-type":"","overlay-color":"","overlay-opacity":"","overlay-gradient":""},"mobile":{"background-color":"","background-image":"","background-repeat":"repeat","background-position":"center center","background-size":"auto","background-attachment":"scroll","background-type":"","background-media":"","overlay-type":"","overlay-color":"","overlay-opacity":"","overlay-gradient":""}},"ast-content-background-meta":{"desktop":{"background-color":"var(--ast-global-color-5)","background-image":"","background-repeat":"repeat","background-position":"center center","background-size":"auto","background-attachment":"scroll","background-type":"","background-media":"","overlay-type":"","overlay-color":"","overlay-opacity":"","overlay-gradient":""},"tablet":{"background-color":"var(--ast-global-color-5)","background-image":"","background-repeat":"repeat","background-position":"center center","background-size":"auto","background-attachment":"scroll","background-type":"","background-media":"","overlay-type":"","overlay-color":"","overlay-opacity":"","overlay-gradient":""},"mobile":{"background-color":"var(--ast-global-color-5)","background-image":"","background-repeat":"repeat","background-position":"center center","background-size":"auto","background-attachment":"scroll","background-type":"","background-media":"","overlay-type":"","overlay-color":"","overlay-opacity":"","overlay-gradient":""}},"ngg_post_thumbnail":0,"footnotes":""},"class_list":["post-4974","page","type-page","status-publish","hentry"],"_links":{"self":[{"href":"https:\/\/www2.unifap.br\/matematica\/index.php?rest_route=\/wp\/v2\/pages\/4974","targetHints":{"allow":["GET"]}}],"collection":[{"href":"https:\/\/www2.unifap.br\/matematica\/index.php?rest_route=\/wp\/v2\/pages"}],"about":[{"href":"https:\/\/www2.unifap.br\/matematica\/index.php?rest_route=\/wp\/v2\/types\/page"}],"author":[{"embeddable":true,"href":"https:\/\/www2.unifap.br\/matematica\/index.php?rest_route=\/wp\/v2\/users\/2067"}],"replies":[{"embeddable":true,"href":"https:\/\/www2.unifap.br\/matematica\/index.php?rest_route=%2Fwp%2Fv2%2Fcomments&post=4974"}],"version-history":[{"count":16,"href":"https:\/\/www2.unifap.br\/matematica\/index.php?rest_route=\/wp\/v2\/pages\/4974\/revisions"}],"predecessor-version":[{"id":5060,"href":"https:\/\/www2.unifap.br\/matematica\/index.php?rest_route=\/wp\/v2\/pages\/4974\/revisions\/5060"}],"wp:attachment":[{"href":"https:\/\/www2.unifap.br\/matematica\/index.php?rest_route=%2Fwp%2Fv2%2Fmedia&parent=4974"}],"curies":[{"name":"wp","href":"https:\/\/api.w.org\/{rel}","templated":true}]}}