{"id":5676,"date":"2022-08-03T03:03:43","date_gmt":"2022-08-03T03:03:43","guid":{"rendered":"https:\/\/www2.unifap.br\/matematica\/?page_id=5676"},"modified":"2022-08-12T01:21:13","modified_gmt":"2022-08-12T01:21:13","slug":"comissao-eleitoral","status":"publish","type":"page","link":"https:\/\/www2.unifap.br\/matematica\/?page_id=5676","title":{"rendered":"Elei\u00e7\u00e3o para Coordenador e Vice coordenador do curso. 2022-2024"},"content":{"rendered":"<p><strong><a href=\"http:\/\/www2.unifap.br\/matematica\/files\/2022\/08\/Edital-de-Eleicao-de-Coordenacao-CCM-2022.pdf\">Edital de Elei\u00e7\u00e3o de Coordena\u00e7\u00e3o CCM 2022<\/a><\/strong><\/p>\n<p><strong><a href=\"http:\/\/www2.unifap.br\/matematica\/files\/2022\/08\/Retificacao-Edital-Coordenacao-de-Curso-Matematica.pdf\">Retifica\u00e7\u00e3o Edital Coordena\u00e7\u00e3o de Curso Matem\u00e1tica<\/a><\/strong><\/p>\n<p style=\"text-align: center\"><strong>Comunicado<\/strong><\/p>\n<p style=\"text-align: center\"><strong>A Comiss\u00e3o Eleitoral, gestora do pleito para a Coordena\u00e7\u00e3o de Curso, comunica que n\u00e3o houve chapas inscritas para concorrer ao cargo de Coordenador e Vice-Coordenador para o curso de Matem\u00e1tica.<\/strong><\/p>\n","protected":false},"excerpt":{"rendered":"<p>Edital de Elei\u00e7\u00e3o de Coordena\u00e7\u00e3o CCM 2022 Retifica\u00e7\u00e3o Edital Coordena\u00e7\u00e3o de Curso Matem\u00e1tica Comunicado A Comiss\u00e3o Eleitoral, gestora do pleito para a Coordena\u00e7\u00e3o de Curso, comunica que n\u00e3o houve chapas inscritas para concorrer ao cargo de Coordenador e Vice-Coordenador para o curso de Matem\u00e1tica.<\/p>\n","protected":false},"author":2067,"featured_media":0,"parent":4974,"menu_order":0,"comment_status":"closed","ping_status":"closed","template":"","meta":{"inline_featured_image":false,"site-sidebar-layout":"default","site-content-layout":"","ast-site-content-layout":"default","site-content-style":"default","site-sidebar-style":"default","ast-global-header-display":"","ast-banner-title-visibility":"","ast-main-header-display":"","ast-hfb-above-header-display":"","ast-hfb-below-header-display":"","ast-hfb-mobile-header-display":"","site-post-title":"","ast-breadcrumbs-content":"","ast-featured-img":"","footer-sml-layout":"","theme-transparent-header-meta":"","adv-header-id-meta":"","stick-header-meta":"","header-above-stick-meta":"","header-main-stick-meta":"","header-below-stick-meta":"","astra-migrate-meta-layouts":"default","ast-page-background-enabled":"default","ast-page-background-meta":{"desktop":{"background-color":"var(--ast-global-color-4)","background-image":"","background-repeat":"repeat","background-position":"center center","background-size":"auto","background-attachment":"scroll","background-type":"","background-media":"","overlay-type":"","overlay-color":"","overlay-opacity":"","overlay-gradient":""},"tablet":{"background-color":"","background-image":"","background-repeat":"repeat","background-position":"center center","background-size":"auto","background-attachment":"scroll","background-type":"","background-media":"","overlay-type":"","overlay-color":"","overlay-opacity":"","overlay-gradient":""},"mobile":{"background-color":"","background-image":"","background-repeat":"repeat","background-position":"center center","background-size":"auto","background-attachment":"scroll","background-type":"","background-media":"","overlay-type":"","overlay-color":"","overlay-opacity":"","overlay-gradient":""}},"ast-content-background-meta":{"desktop":{"background-color":"var(--ast-global-color-5)","background-image":"","background-repeat":"repeat","background-position":"center center","background-size":"auto","background-attachment":"scroll","background-type":"","background-media":"","overlay-type":"","overlay-color":"","overlay-opacity":"","overlay-gradient":""},"tablet":{"background-color":"var(--ast-global-color-5)","background-image":"","background-repeat":"repeat","background-position":"center center","background-size":"auto","background-attachment":"scroll","background-type":"","background-media":"","overlay-type":"","overlay-color":"","overlay-opacity":"","overlay-gradient":""},"mobile":{"background-color":"var(--ast-global-color-5)","background-image":"","background-repeat":"repeat","background-position":"center center","background-size":"auto","background-attachment":"scroll","background-type":"","background-media":"","overlay-type":"","overlay-color":"","overlay-opacity":"","overlay-gradient":""}},"ngg_post_thumbnail":0,"footnotes":""},"class_list":["post-5676","page","type-page","status-publish","hentry"],"_links":{"self":[{"href":"https:\/\/www2.unifap.br\/matematica\/index.php?rest_route=\/wp\/v2\/pages\/5676","targetHints":{"allow":["GET"]}}],"collection":[{"href":"https:\/\/www2.unifap.br\/matematica\/index.php?rest_route=\/wp\/v2\/pages"}],"about":[{"href":"https:\/\/www2.unifap.br\/matematica\/index.php?rest_route=\/wp\/v2\/types\/page"}],"author":[{"embeddable":true,"href":"https:\/\/www2.unifap.br\/matematica\/index.php?rest_route=\/wp\/v2\/users\/2067"}],"replies":[{"embeddable":true,"href":"https:\/\/www2.unifap.br\/matematica\/index.php?rest_route=%2Fwp%2Fv2%2Fcomments&post=5676"}],"version-history":[{"count":6,"href":"https:\/\/www2.unifap.br\/matematica\/index.php?rest_route=\/wp\/v2\/pages\/5676\/revisions"}],"predecessor-version":[{"id":5705,"href":"https:\/\/www2.unifap.br\/matematica\/index.php?rest_route=\/wp\/v2\/pages\/5676\/revisions\/5705"}],"up":[{"embeddable":true,"href":"https:\/\/www2.unifap.br\/matematica\/index.php?rest_route=\/wp\/v2\/pages\/4974"}],"wp:attachment":[{"href":"https:\/\/www2.unifap.br\/matematica\/index.php?rest_route=%2Fwp%2Fv2%2Fmedia&parent=5676"}],"curies":[{"name":"wp","href":"https:\/\/api.w.org\/{rel}","templated":true}]}}